{"id":115,"date":"2021-06-03T17:05:41","date_gmt":"2021-06-03T17:05:41","guid":{"rendered":"https:\/\/www.hatsoc.com\/?page_id=115"},"modified":"2025-07-15T07:20:33","modified_gmt":"2025-07-15T07:20:33","slug":"faq","status":"publish","type":"page","link":"https:\/\/customscomplete.com\/es\/faq\/","title":{"rendered":"Preguntas frecuentes sobre el despacho de aduanas"},"content":{"rendered":"<p><strong>\u00bfQu\u00e9 es el despacho de aduana?<\/strong><\/p>\n\n\n\n<p>El despacho de aduanas es el acto de declarar las mercanc\u00edas a la autoridad aduanera competente para que puedan entrar o salir del pa\u00eds. En el documento de despacho de aduanas se detalla toda la informaci\u00f3n pertinente para el movimiento de las mercanc\u00edas y se garantiza que se paga el IVA \/ derechos \/ impuestos especiales \/ aranceles correctos.<\/p>\n\n\n\n<p><strong>\u00bfCu\u00e1nto se tarda en pasar la aduana?<\/strong><\/p>\n\n\n\n<p>Siempre que se faciliten los documentos correctos, la preparaci\u00f3n de un documento de despacho de aduanas deber\u00eda llevar como m\u00e1ximo unas horas. Sin embargo, la informaci\u00f3n incorrecta o que falte puede causar retrasos en la correcta preparaci\u00f3n de los documentos aduaneros.<\/p>\n\n\n\n<p>Cuando las mercanc\u00edas llegan al Puerto \/ Aeropuerto, la Autoridad Aduanera local puede optar por inspeccionar las mercanc\u00edas o despacharlas inmediatamente. Si la Aduana opta por inspeccionar la mercanc\u00eda, dependiendo del tipo de mercanc\u00eda, el despacho suele tardar entre 30 minutos y unas horas. <\/p>\n\n\n\n<blockquote class=\"wp-block-quote is-layout-flow wp-block-quote-is-layout-flow\"><p><em><a href=\"https:\/\/customscomplete.com\/es\/contacto\/\" target=\"_blank\" rel=\"noreferrer noopener\"><mark style=\"background-color:rgba(0, 0, 0, 0)\" class=\"has-inline-color has-ast-global-color-0-color\">Customs Complete<\/mark><\/a> tiene como objetivo despachar sus mercanc\u00edas el mismo d\u00eda, 24\/7 - 365<\/em><\/p><\/blockquote>\n\n\n\n<p><strong>\u00bfQu\u00e9 documentos se necesitan para el despacho de aduanas?<\/strong><\/p>\n\n\n\n<p>Aunque no hay una f\u00f3rmula fija para los documentos de despacho de aduanas, algunos de los documentos clave que necesitar\u00e1 incluyen:<\/p>\n\n\n\n<ul class=\"wp-block-list\"><li>Factura comercial <\/li><li>Licencias de importaci\u00f3n y exportaci\u00f3n (si procede) <\/li><li>Declaraci\u00f3n de valor en aduana <\/li><li>Ficha de embalaje <\/li><li>Documentos de transporte \/ Informaci\u00f3n de env\u00edo<\/li><\/ul>\n\n\n\n<p>Seg\u00fan el origen y el tipo de mercanc\u00eda, tambi\u00e9n puede necesitar:<\/p>\n\n\n\n<ul class=\"wp-block-list\"><li>Certificado de origen <\/li><li><a href=\"https:\/\/customscomplete.com\/es\/certificado-atr\/\" target=\"_blank\" rel=\"noreferrer noopener\"><mark style=\"background-color:rgba(0, 0, 0, 0)\" class=\"has-inline-color has-ast-global-color-0-color\">Certificado ATR<\/mark><\/a> - Se utiliza en el comercio entre el Reino Unido \/ UE y Turqu\u00eda para beneficiarse de tipos de derechos reducidos. <\/li><li><a href=\"https:\/\/customscomplete.com\/es\/certificado-fitosanitario\/\"><mark style=\"background-color:rgba(0, 0, 0, 0)\" class=\"has-inline-color has-ast-global-color-0-color\">Certificado fitosanitario<\/mark><\/a> - para plantas o mercanc\u00edas de origen vegetal. <\/li><li>Certificado veterinario<\/li><li><a href=\"https:\/\/www.gov.uk\/guidance\/get-an-export-health-certificate\" target=\"_blank\" rel=\"noreferrer noopener\"><mark style=\"background-color:rgba(0, 0, 0, 0)\" class=\"has-inline-color has-ast-global-color-0-color\">Certificado sanitario para la exportaci\u00f3n<\/mark><\/a> - Para exportar animales vivos del Reino Unido a la UE, a pa\u00edses no pertenecientes a la UE y a Irlanda del Norte<\/li><\/ul>\n\n\n\n<p><strong>\u00bfQu\u00e9 es un agente de aduanas?<\/strong><\/p>\n\n\n\n<p>Un Agente de Aduanas, tambi\u00e9n conocido como Agente de Despacho, es un agente acreditado que asiste en el proceso de despacho aduanero de las mercanc\u00edas a importar y exportar. Se recomienda que un Agente de Aduanas le ayude a preparar su documentaci\u00f3n para garantizar una transici\u00f3n fluida de sus mercanc\u00edas.<\/p>\n\n\n\n<h4 class=\"wp-block-heading\">\u00bfC\u00f3mo puedo ponerme en contacto con un agente de aduanas para tramitar el despacho de aduanas?<\/h4>\n\n\n\n<p>Se recomienda ponerse en contacto con un Agente de Aduanas en cuanto tenga los datos de su env\u00edo. Hay muchos Agentes de Aduanas que ofrecen servicios similares, pero es importante elegir un Agente que tenga la experiencia y los conocimientos necesarios para despachar sus mercanc\u00edas. <\/p>\n\n\n\n<p><a href=\"https:\/\/customscomplete.com\/es\/pongase-en-contacto-con\/\" target=\"_blank\" rel=\"noreferrer noopener\"><mark style=\"background-color:rgba(0, 0, 0, 0)\" class=\"has-inline-color has-ast-global-color-0-color\">Para ponerse en contacto con Customs Complete y recibir un presupuesto gratuito, haga clic aqu\u00ed<\/mark><\/a> <\/p>\n\n\n\n<p><\/p>","protected":false},"excerpt":{"rendered":"<p>What is Customs Clearance? Customs Clearance is the act of declaring goods to the relevant customs authority so they can enter or leave the country. The Customs Clearance Document details all the relevant information for the movement of the goods and ensures that the correct VAT \/ Duty \/ Excise [&hellip;]<\/p>\n","protected":false},"author":1,"featured_media":0,"parent":0,"menu_order":0,"comment_status":"closed","ping_status":"closed","template":"","meta":{"om_disable_all_campaigns":false,"_monsterinsights_skip_tracking":false,"_monsterinsights_sitenote_active":false,"_monsterinsights_sitenote_note":"","_monsterinsights_sitenote_category":0,"site-sidebar-layout":"default","site-content-layout":"","ast-site-content-layout":"default","site-content-style":"default","site-sidebar-style":"default","ast-global-header-display":"","ast-banner-title-visibility":"","ast-main-header-display":"","ast-hfb-above-header-display":"","ast-hfb-below-header-display":"","ast-hfb-mobile-header-display":"","site-post-title":"","ast-breadcrumbs-content":"","ast-featured-img":"","footer-sml-layout":"","ast-disable-related-posts":"","theme-transparent-header-meta":"","adv-header-id-meta":"","stick-header-meta":"","header-above-stick-meta":"","header-main-stick-meta":"","header-below-stick-meta":"","astra-migrate-meta-layouts":"set","ast-page-background-enabled":"default","ast-page-background-meta":{"desktop":{"background-color":"","background-image":"","background-repeat":"repeat","background-position":"center center","background-size":"auto","background-attachment":"scroll","background-type":"","background-media":"","overlay-type":"","overlay-color":"","overlay-opacity":"","overlay-gradient":""},"tablet":{"background-color":"","background-image":"","background-repeat":"repeat","background-position":"center center","background-size":"auto","background-attachment":"scroll","background-type":"","background-media":"","overlay-type":"","overlay-color":"","overlay-opacity":"","overlay-gradient":""},"mobile":{"background-color":"","background-image":"","background-repeat":"repeat","background-position":"center center","background-size":"auto","background-attachment":"scroll","background-type":"","background-media":"","overlay-type":"","overlay-color":"","overlay-opacity":"","overlay-gradient":""}},"ast-content-background-meta":{"desktop":{"background-color":"var(--ast-global-color-5)","background-image":"","background-repeat":"repeat","background-position":"center center","background-size":"auto","background-attachment":"scroll","background-type":"","background-media":"","overlay-type":"","overlay-color":"","overlay-opacity":"","overlay-gradient":""},"tablet":{"background-color":"var(--ast-global-color-5)","background-image":"","background-repeat":"repeat","background-position":"center center","background-size":"auto","background-attachment":"scroll","background-type":"","background-media":"","overlay-type":"","overlay-color":"","overlay-opacity":"","overlay-gradient":""},"mobile":{"background-color":"var(--ast-global-color-5)","background-image":"","background-repeat":"repeat","background-position":"center center","background-size":"auto","background-attachment":"scroll","background-type":"","background-media":"","overlay-type":"","overlay-color":"","overlay-opacity":"","overlay-gradient":""}},"footnotes":""},"class_list":["post-115","page","type-page","status-publish","hentry"],"yoast_head":"<!-- This site is optimized with the Yoast SEO plugin v27.2 - https:\/\/yoast.com\/product\/yoast-seo-wordpress\/ -->\n<title>Customs Clearance FAQ - Customs Complete<\/title>\n<meta name=\"description\" content=\"Customs Clearance can be a confusing and time consuming part of business. These FAQs will help clarify your Import and Export queries.\" \/>\n<meta name=\"robots\" content=\"index, follow, max-snippet:-1, max-image-preview:large, max-video-preview:-1\" \/>\n<link rel=\"canonical\" href=\"https:\/\/customscomplete.com\/es\/faq\/\" \/>\n<meta property=\"og:locale\" content=\"es_ES\" \/>\n<meta property=\"og:type\" content=\"article\" \/>\n<meta property=\"og:title\" content=\"Customs Clearance FAQ - Customs Complete\" \/>\n<meta property=\"og:description\" content=\"Customs Clearance can be a confusing and time consuming part of business. These FAQs will help clarify your Import and Export queries.\" \/>\n<meta property=\"og:url\" content=\"https:\/\/customscomplete.com\/es\/faq\/\" \/>\n<meta property=\"og:site_name\" content=\"Customs Complete\" \/>\n<meta property=\"article:publisher\" content=\"https:\/\/www.facebook.com\/customscomplete\" \/>\n<meta property=\"article:modified_time\" content=\"2025-07-15T07:20:33+00:00\" \/>\n<meta property=\"og:image\" content=\"https:\/\/customscomplete.com\/wp-content\/uploads\/2021\/09\/Facebook-social-homepage.png\" \/>\n\t<meta property=\"og:image:width\" content=\"300\" \/>\n\t<meta property=\"og:image:height\" content=\"200\" \/>\n\t<meta property=\"og:image:type\" content=\"image\/png\" \/>\n<meta name=\"twitter:card\" content=\"summary_large_image\" \/>\n<meta name=\"twitter:label1\" content=\"Tiempo de lectura\" \/>\n\t<meta name=\"twitter:data1\" content=\"2 minutos\" \/>\n<script type=\"application\/ld+json\" class=\"yoast-schema-graph\">{\"@context\":\"https:\/\/schema.org\",\"@graph\":[{\"@type\":\"WebPage\",\"@id\":\"https:\/\/customscomplete.com\/faq\/\",\"url\":\"https:\/\/customscomplete.com\/es\/faq\/\",\"name\":\"Customs Clearance FAQ - Customs Complete\",\"isPartOf\":{\"@id\":\"https:\/\/customscomplete.com\/#website\"},\"datePublished\":\"2021-06-03T17:05:41+00:00\",\"dateModified\":\"2025-07-15T07:20:33+00:00\",\"description\":\"Customs Clearance can be a confusing and time consuming part of business. These FAQs will help clarify your Import and Export queries.\",\"breadcrumb\":{\"@id\":\"https:\/\/customscomplete.com\/es\/faq\/#breadcrumb\"},\"inLanguage\":\"es\",\"potentialAction\":[{\"@type\":\"ReadAction\",\"target\":[\"https:\/\/customscomplete.com\/es\/faq\/\"]}]},{\"@type\":\"BreadcrumbList\",\"@id\":\"https:\/\/customscomplete.com\/es\/faq\/#breadcrumb\",\"itemListElement\":[{\"@type\":\"ListItem\",\"position\":1,\"name\":\"Home\",\"item\":\"https:\/\/customscomplete.com\/\"},{\"@type\":\"ListItem\",\"position\":2,\"name\":\"Customs Clearance FAQ\"}]},{\"@type\":\"WebSite\",\"@id\":\"https:\/\/customscomplete.com\/#website\",\"url\":\"https:\/\/customscomplete.com\/\",\"name\":\"Customs Complete\",\"description\":\"Clearing The Way\",\"publisher\":{\"@id\":\"https:\/\/customscomplete.com\/#organization\"},\"potentialAction\":[{\"@type\":\"SearchAction\",\"target\":{\"@type\":\"EntryPoint\",\"urlTemplate\":\"https:\/\/customscomplete.com\/?s={search_term_string}\"},\"query-input\":{\"@type\":\"PropertyValueSpecification\",\"valueRequired\":true,\"valueName\":\"search_term_string\"}}],\"inLanguage\":\"es\"},{\"@type\":\"Organization\",\"@id\":\"https:\/\/customscomplete.com\/#organization\",\"name\":\"Customs Complete\",\"url\":\"https:\/\/customscomplete.com\/\",\"logo\":{\"@type\":\"ImageObject\",\"inLanguage\":\"es\",\"@id\":\"https:\/\/customscomplete.com\/#\/schema\/logo\/image\/\",\"url\":\"https:\/\/customscomplete.com\/wp-content\/uploads\/2021\/09\/Facebook-social-homepage.png\",\"contentUrl\":\"https:\/\/customscomplete.com\/wp-content\/uploads\/2021\/09\/Facebook-social-homepage.png\",\"width\":300,\"height\":200,\"caption\":\"Customs Complete\"},\"image\":{\"@id\":\"https:\/\/customscomplete.com\/#\/schema\/logo\/image\/\"},\"sameAs\":[\"https:\/\/www.facebook.com\/customscomplete\",\"https:\/\/www.linkedin.com\/company\/customs-complete\"]}]}<\/script>\n<!-- \/ Yoast SEO plugin. -->","yoast_head_json":{"title":"Preguntas frecuentes sobre el despacho de aduanas - Customs Complete","description":"El despacho de aduanas puede ser una parte confusa y lenta de los negocios. Estas preguntas frecuentes le ayudar\u00e1n a aclarar sus dudas sobre importaci\u00f3n y exportaci\u00f3n.","robots":{"index":"index","follow":"follow","max-snippet":"max-snippet:-1","max-image-preview":"max-image-preview:large","max-video-preview":"max-video-preview:-1"},"canonical":"https:\/\/customscomplete.com\/es\/faq\/","og_locale":"es_ES","og_type":"article","og_title":"Customs Clearance FAQ - Customs Complete","og_description":"Customs Clearance can be a confusing and time consuming part of business. These FAQs will help clarify your Import and Export queries.","og_url":"https:\/\/customscomplete.com\/es\/faq\/","og_site_name":"Customs Complete","article_publisher":"https:\/\/www.facebook.com\/customscomplete","article_modified_time":"2025-07-15T07:20:33+00:00","og_image":[{"width":300,"height":200,"url":"https:\/\/customscomplete.com\/wp-content\/uploads\/2021\/09\/Facebook-social-homepage.png","type":"image\/png"}],"twitter_card":"summary_large_image","twitter_misc":{"Tiempo de lectura":"2 minutos"},"schema":{"@context":"https:\/\/schema.org","@graph":[{"@type":"WebPage","@id":"https:\/\/customscomplete.com\/faq\/","url":"https:\/\/customscomplete.com\/es\/faq\/","name":"Preguntas frecuentes sobre el despacho de aduanas - Customs Complete","isPartOf":{"@id":"https:\/\/customscomplete.com\/#website"},"datePublished":"2021-06-03T17:05:41+00:00","dateModified":"2025-07-15T07:20:33+00:00","description":"El despacho de aduanas puede ser una parte confusa y lenta de los negocios. Estas preguntas frecuentes le ayudar\u00e1n a aclarar sus dudas sobre importaci\u00f3n y exportaci\u00f3n.","breadcrumb":{"@id":"https:\/\/customscomplete.com\/es\/faq\/#breadcrumb"},"inLanguage":"es","potentialAction":[{"@type":"ReadAction","target":["https:\/\/customscomplete.com\/es\/faq\/"]}]},{"@type":"BreadcrumbList","@id":"https:\/\/customscomplete.com\/es\/faq\/#breadcrumb","itemListElement":[{"@type":"ListItem","position":1,"name":"Home","item":"https:\/\/customscomplete.com\/"},{"@type":"ListItem","position":2,"name":"Customs Clearance FAQ"}]},{"@type":"WebSite","@id":"https:\/\/customscomplete.com\/#website","url":"https:\/\/customscomplete.com\/","name":"Customs Complete","description":"Despejando el camino","publisher":{"@id":"https:\/\/customscomplete.com\/#organization"},"potentialAction":[{"@type":"SearchAction","target":{"@type":"EntryPoint","urlTemplate":"https:\/\/customscomplete.com\/?s={search_term_string}"},"query-input":{"@type":"PropertyValueSpecification","valueRequired":true,"valueName":"search_term_string"}}],"inLanguage":"es"},{"@type":"Organization","@id":"https:\/\/customscomplete.com\/#organization","name":"Customs Complete","url":"https:\/\/customscomplete.com\/","logo":{"@type":"ImageObject","inLanguage":"es","@id":"https:\/\/customscomplete.com\/#\/schema\/logo\/image\/","url":"https:\/\/customscomplete.com\/wp-content\/uploads\/2021\/09\/Facebook-social-homepage.png","contentUrl":"https:\/\/customscomplete.com\/wp-content\/uploads\/2021\/09\/Facebook-social-homepage.png","width":300,"height":200,"caption":"Customs Complete"},"image":{"@id":"https:\/\/customscomplete.com\/#\/schema\/logo\/image\/"},"sameAs":["https:\/\/www.facebook.com\/customscomplete","https:\/\/www.linkedin.com\/company\/customs-complete"]}]}},"_links":{"self":[{"href":"https:\/\/customscomplete.com\/es\/wp-json\/wp\/v2\/pages\/115","targetHints":{"allow":["GET"]}}],"collection":[{"href":"https:\/\/customscomplete.com\/es\/wp-json\/wp\/v2\/pages"}],"about":[{"href":"https:\/\/customscomplete.com\/es\/wp-json\/wp\/v2\/types\/page"}],"author":[{"embeddable":true,"href":"https:\/\/customscomplete.com\/es\/wp-json\/wp\/v2\/users\/1"}],"replies":[{"embeddable":true,"href":"https:\/\/customscomplete.com\/es\/wp-json\/wp\/v2\/comments?post=115"}],"version-history":[{"count":12,"href":"https:\/\/customscomplete.com\/es\/wp-json\/wp\/v2\/pages\/115\/revisions"}],"predecessor-version":[{"id":5223,"href":"https:\/\/customscomplete.com\/es\/wp-json\/wp\/v2\/pages\/115\/revisions\/5223"}],"wp:attachment":[{"href":"https:\/\/customscomplete.com\/es\/wp-json\/wp\/v2\/media?parent=115"}],"curies":[{"name":"wp","href":"https:\/\/api.w.org\/{rel}","templated":true}]}}