{"id":1480,"date":"2023-11-15T15:21:48","date_gmt":"2023-11-15T15:21:48","guid":{"rendered":"https:\/\/customscomplete.com\/?page_id=1480"},"modified":"2024-03-08T12:13:14","modified_gmt":"2024-03-08T12:13:14","slug":"despacho-de-aduanas-holyhead","status":"publish","type":"page","link":"https:\/\/customscomplete.com\/es\/customs-clearance-holyhead\/","title":{"rendered":"Despacho de aduanas Holyhead"},"content":{"rendered":"\n<p>Nestled on the Welsh coast, Holyhead boasts a rich maritime history dating back centuries. Today, it serves as one of the primary points of exit and entry for goods travelling between the UK and the EU. Its strategic location, connecting the Island of Anglesey to Dublin, makes it an essential link in the land-bridge route between Ireland and mainland Europe. Read on to find out more about Customs Clearance in Holyhead Port.<\/p>\n\n\n\n<p>If you would like to learn more about Holyhead Port and all of the services it provides visit the website here: <a href=\"https:\/\/holyheadport.co.uk\/\"><mark style=\"background-color:rgba(0, 0, 0, 0)\" class=\"has-inline-color has-ast-global-color-0-color\">https:\/\/holyheadport.co.uk\/<\/mark><\/a><\/p>\n\n\n\n<p class=\"has-medium-font-size\"><strong>Customs Clearance<\/strong> <strong>Holyhead Port  <\/strong><\/p>\n\n\n\n<p>In the realm of international trade, efficient customs clearance is a pivotal factor that can make or break the flow of goods. One of the UK\u2019s most vital gateways for international trade is Holyhead Port. Holyhead holds a significant position in facilitating seamless trade between the EU and the UK. Therefore, customs clearance in Holyhead Port must be a smooth, efficient process in order to ensure goods are not delayed in transit. There are a number of customs clearance procedures that take place in Holyhead Port. These include:<\/p>\n\n\n\n<p><strong>Documentation: <\/strong>Shipments that pass through Holyhead Port must be accompanied by certain documents. These documents include commercial invoices, packing lists, bills of lading\/airway bills and import\/export declarations. Each of these documents have information that customs authorities in Holyhead Port need in order to allow goods to pass through. This information includes country of origin, weight, value, commodity codes and incoterms. If these are not produced to customs authorities, goods will not be allowed to be imported or exported through Holyhead Port. <\/p>\n\n\n\n<p><strong>Inspections &amp; Checks: <\/strong>Port authorities in Holyhead Port<strong> <\/strong>carry out routine checks of goods that are set to enter and leave the UK. Goods that travel through Holyhead Port are subject to physical and documentary checks. These inspections are in place to ensure all goods travel through Holyhead Port both efficiently and legally. Inspections and checks are about to become more frequent in the UK. this is due to the upcoming Border Target Operating Model (BTOM) regulations scheduled to take effect in January 2024. These regulations are set to affect mainly animal and plant products being brought into the UK. Importers of these products will need to prepare for an increase in necessary documentation and increased inspections. If you would like to learn more about the BTOM regulations click here,<mark style=\"background-color:rgba(0, 0, 0, 0)\" class=\"has-inline-color has-ast-global-color-0-color\"> <\/mark><a href=\"https:\/\/customscomplete.com\/border-target-operating-model-uk-import-control\/\"><mark style=\"background-color:rgba(0, 0, 0, 0)\" class=\"has-inline-color has-ast-global-color-0-color\">https:\/\/customscomplete.com\/border-target-operating-model-uk-import-control\/<\/mark><\/a><\/p>\n\n\n\n<p><strong>Taxes and Duties: <\/strong>Like all other international ports,importing and exporting goods through Holyhead Port involves the payment of taxes and duties. Goods being imported into the UK through Holyhead Port are subject to import duties and VAT. These taxes and duties are determined by a number of factors. As mentioned before, every consignment entering and leaving Holyhead Port must be accompanied by certain documents and these documents contain the information that determine the amount of import duty that is due. It is crucial that taxes and duties are paid for consignments being imported into Holyhead Port. Sanctions such as fines and seizure of goods can occur if the proper import duties are not paid. <\/p>\n\n\n\n<figure class=\"wp-block-gallery has-nested-images columns-default is-cropped wp-block-gallery-1 is-layout-flex wp-block-gallery-is-layout-flex\">\n<figure class=\"wp-block-image size-large\"><img fetchpriority=\"high\" decoding=\"async\" width=\"1024\" height=\"769\" data-id=\"1875\" src=\"https:\/\/customscomplete.com\/wp-content\/uploads\/2023\/11\/Holyhead-2-1024x769.jpg\" alt=\"Customs clearance in Holyhead Port\" class=\"wp-image-1875\" srcset=\"https:\/\/customscomplete.com\/wp-content\/uploads\/2023\/11\/Holyhead-2-1024x769.jpg 1024w, https:\/\/customscomplete.com\/wp-content\/uploads\/2023\/11\/Holyhead-2-300x225.jpg 300w, https:\/\/customscomplete.com\/wp-content\/uploads\/2023\/11\/Holyhead-2-768x577.jpg 768w, https:\/\/customscomplete.com\/wp-content\/uploads\/2023\/11\/Holyhead-2-1536x1153.jpg 1536w, https:\/\/customscomplete.com\/wp-content\/uploads\/2023\/11\/Holyhead-2-2048x1538.jpg 2048w\" sizes=\"(max-width: 1024px) 100vw, 1024px\" \/><\/figure>\n<\/figure>\n\n\n\n<p><\/p>\n\n\n\n<p>Many businesses that import and export goods through Holyhead Port partner with customs agents to aid in achieving customs clearance. These agents can use their extensive knowledge of the area to help clear goods through Holyhead Port with minimal fuss. These brokers ensure compliance at all stages of importing and exporting. They make sure goods travel with the correct documentation and declarations. Without a partnership with customs agents there is a higher risk of lack of compliance with customs rules and regulations. This can result in delyas, fines and in some cases permanent seizure of goods. Customs agents can reduce the likelihood of these happening. <\/p>\n\n\n\n<h4 class=\"wp-block-heading\">How To Find A Customs Agent to arrange Customs Clearance?<\/h4>\n\n\n\n<p>It is recommended to contact a Customs Agent as soon as you have the details for your shipment. There are many Clearance Agents who offer similar services but it is important to choose an Agent who has the experience and knowledge to clear your goods. <\/p>\n\n\n\n<p><a href=\"https:\/\/customscomplete.com\/faq\/\"><mark style=\"background-color:rgba(0, 0, 0, 0)\" class=\"has-inline-color has-ast-global-color-0-color\">For more FAQ\u00b4s about Customs Clearance please click here<\/mark><\/a><\/p>\n\n\n\n<h3 class=\"wp-block-heading\">Contact Customs Complete<\/h3>\n\n\n<div class=\"wpforms-container wpforms-block wpforms-block-b4de45db-0eee-43ca-8ad0-9c17f5ec262b\" id=\"wpforms-90\"><form id=\"wpforms-form-90\" class=\"wpforms-validate wpforms-form\" data-formid=\"90\" method=\"post\" enctype=\"multipart\/form-data\" action=\"\/es\/wp-json\/wp\/v2\/pages\/1480\" data-token=\"a8bb667dd513fe356f9d9e72adde7d1b\" data-token-time=\"1776413066\"><noscript class=\"wpforms-error-noscript\">Por favor, activa JavaScript en tu navegador para completar este formulario.<\/noscript><div class=\"wpforms-field-container\"><div id=\"wpforms-90-field_0-container\" class=\"wpforms-field wpforms-field-name\" data-field-id=\"0\"><label class=\"wpforms-field-label\" for=\"wpforms-90-field_0\">Name <span class=\"wpforms-required-label\">*<\/span><\/label><input type=\"text\" id=\"wpforms-90-field_0\" class=\"wpforms-field-medium wpforms-field-required\" name=\"wpforms[fields][0]\" required><div class=\"wpforms-field-description\">We do not process personal packages, small online orders, or consumer parcels.<\/div><\/div><div id=\"wpforms-90-field_4-container\" class=\"wpforms-field wpforms-field-text\" data-field-id=\"4\"><label class=\"wpforms-field-label\" for=\"wpforms-90-field_4\">Company <\/label><input type=\"text\" id=\"wpforms-90-field_4\" class=\"wpforms-field-medium\" name=\"wpforms[fields][4]\" ><\/div><div id=\"wpforms-90-field_1-container\" class=\"wpforms-field wpforms-field-email\" data-field-id=\"1\"><label class=\"wpforms-field-label\" for=\"wpforms-90-field_1\">Email <span class=\"wpforms-required-label\">*<\/span><\/label><input type=\"email\" id=\"wpforms-90-field_1\" class=\"wpforms-field-medium wpforms-field-required\" name=\"wpforms[fields][1]\" spellcheck=\"false\" required><\/div><div id=\"wpforms-90-field_5-container\" class=\"wpforms-field wpforms-field-text\" data-field-id=\"5\"><label class=\"wpforms-field-label\" for=\"wpforms-90-field_5\">Phone number<\/label><input type=\"text\" id=\"wpforms-90-field_5\" class=\"wpforms-field-medium\" name=\"wpforms[fields][5]\" ><\/div><div id=\"wpforms-90-field_7-container\" class=\"wpforms-field wpforms-field-checkbox\" data-field-id=\"7\"><label class=\"wpforms-field-label\">Which service(s) are you interested in:<\/label><ul id=\"wpforms-90-field_7\"><li class=\"choice-1 depth-1\"><input type=\"checkbox\" id=\"wpforms-90-field_7_1\" name=\"wpforms[fields][7][]\" value=\"Import Declaration\"  ><label class=\"wpforms-field-label-inline\" for=\"wpforms-90-field_7_1\">Import Declaration<\/label><\/li><li class=\"choice-2 depth-1\"><input type=\"checkbox\" id=\"wpforms-90-field_7_2\" name=\"wpforms[fields][7][]\" value=\"Export Declaration\"  ><label class=\"wpforms-field-label-inline\" for=\"wpforms-90-field_7_2\">Export Declaration<\/label><\/li><li class=\"choice-9 depth-1\"><input type=\"checkbox\" id=\"wpforms-90-field_7_9\" name=\"wpforms[fields][7][]\" value=\"CBAM\"  ><label class=\"wpforms-field-label-inline\" for=\"wpforms-90-field_7_9\">CBAM<\/label><\/li><li class=\"choice-3 depth-1\"><input type=\"checkbox\" id=\"wpforms-90-field_7_3\" name=\"wpforms[fields][7][]\" value=\"Transit Document\"  ><label class=\"wpforms-field-label-inline\" for=\"wpforms-90-field_7_3\">Transit Document<\/label><\/li><li class=\"choice-4 depth-1\"><input type=\"checkbox\" id=\"wpforms-90-field_7_4\" name=\"wpforms[fields][7][]\" value=\"Transfer of Residence (TOR)\"  ><label class=\"wpforms-field-label-inline\" for=\"wpforms-90-field_7_4\">Transfer of Residence (TOR)<\/label><\/li><li class=\"choice-5 depth-1\"><input type=\"checkbox\" id=\"wpforms-90-field_7_5\" name=\"wpforms[fields][7][]\" value=\"Security Declaration\"  ><label class=\"wpforms-field-label-inline\" for=\"wpforms-90-field_7_5\">Security Declaration<\/label><\/li><li class=\"choice-8 depth-1\"><input type=\"checkbox\" id=\"wpforms-90-field_7_8\" name=\"wpforms[fields][7][]\" value=\"Freight Shipping\"  ><label class=\"wpforms-field-label-inline\" for=\"wpforms-90-field_7_8\">Freight Shipping<\/label><\/li><li class=\"choice-6 depth-1\"><input type=\"checkbox\" id=\"wpforms-90-field_7_6\" name=\"wpforms[fields][7][]\" value=\"Logistics\"  ><label class=\"wpforms-field-label-inline\" for=\"wpforms-90-field_7_6\">Logistics<\/label><\/li><li class=\"choice-7 depth-1\"><input type=\"checkbox\" id=\"wpforms-90-field_7_7\" name=\"wpforms[fields][7][]\" value=\"Supply Chain\"  ><label class=\"wpforms-field-label-inline\" for=\"wpforms-90-field_7_7\">Supply Chain<\/label><\/li><\/ul><\/div><div id=\"wpforms-90-field_2-container\" class=\"wpforms-field wpforms-field-textarea\" data-field-id=\"2\"><label class=\"wpforms-field-label\" for=\"wpforms-90-field_2\">Additional Comments<\/label><textarea id=\"wpforms-90-field_2\" class=\"wpforms-field-medium\" name=\"wpforms[fields][2]\" ><\/textarea><\/div><\/div><!-- .wpforms-field-container --><div class=\"wpforms-recaptcha-container wpforms-is-recaptcha wpforms-is-recaptcha-type-invisible\" ><div class=\"g-recaptcha\" data-sitekey=\"6LdifI4fAAAAACNIvaJsAyYjc7SViYqtoKLgu6sY\" data-size=\"invisible\"><\/div><\/div><div class=\"wpforms-submit-container\" ><input type=\"hidden\" name=\"wpforms[id]\" value=\"90\"><input type=\"hidden\" name=\"page_title\" value=\"\"><input type=\"hidden\" name=\"page_url\" value=\"https:\/\/customscomplete.com\/es\/wp-json\/wp\/v2\/pages\/1480\"><input type=\"hidden\" name=\"url_referer\" value=\"\"><button type=\"submit\" name=\"wpforms[submit]\" id=\"wpforms-submit-90\" class=\"wpforms-submit\" data-alt-text=\"Sending...\" data-submit-text=\"Submit\" aria-live=\"assertive\" value=\"wpforms-submit\">Submit<\/button><\/div><\/form><\/div>  <!-- .wpforms-container -->","protected":false},"excerpt":{"rendered":"<p>Nestled on the Welsh coast, Holyhead boasts a rich maritime history dating back centuries. Today, it serves as one of the primary points of exit and entry for goods travelling between the UK and the EU. Its strategic location, connecting the Island of Anglesey to Dublin, makes it an essential [&hellip;]<\/p>\n","protected":false},"author":1,"featured_media":1848,"parent":0,"menu_order":0,"comment_status":"closed","ping_status":"closed","template":"","meta":{"om_disable_all_campaigns":false,"_monsterinsights_skip_tracking":false,"_monsterinsights_sitenote_active":false,"_monsterinsights_sitenote_note":"","_monsterinsights_sitenote_category":0,"site-sidebar-layout":"default","site-content-layout":"","ast-site-content-layout":"default","site-content-style":"default","site-sidebar-style":"default","ast-global-header-display":"","ast-banner-title-visibility":"","ast-main-header-display":"","ast-hfb-above-header-display":"","ast-hfb-below-header-display":"","ast-hfb-mobile-header-display":"","site-post-title":"","ast-breadcrumbs-content":"","ast-featured-img":"","footer-sml-layout":"","ast-disable-related-posts":"","theme-transparent-header-meta":"","adv-header-id-meta":"","stick-header-meta":"","header-above-stick-meta":"","header-main-stick-meta":"","header-below-stick-meta":"","astra-migrate-meta-layouts":"set","ast-page-background-enabled":"default","ast-page-background-meta":{"desktop":{"background-color":"","background-image":"","background-repeat":"repeat","background-position":"center center","background-size":"auto","background-attachment":"scroll","background-type":"","background-media":"","overlay-type":"","overlay-color":"","overlay-opacity":"","overlay-gradient":""},"tablet":{"background-color":"","background-image":"","background-repeat":"repeat","background-position":"center center","background-size":"auto","background-attachment":"scroll","background-type":"","background-media":"","overlay-type":"","overlay-color":"","overlay-opacity":"","overlay-gradient":""},"mobile":{"background-color":"","background-image":"","background-repeat":"repeat","background-position":"center center","background-size":"auto","background-attachment":"scroll","background-type":"","background-media":"","overlay-type":"","overlay-color":"","overlay-opacity":"","overlay-gradient":""}},"ast-content-background-meta":{"desktop":{"background-color":"var(--ast-global-color-5)","background-image":"","background-repeat":"repeat","background-position":"center center","background-size":"auto","background-attachment":"scroll","background-type":"","background-media":"","overlay-type":"","overlay-color":"","overlay-opacity":"","overlay-gradient":""},"tablet":{"background-color":"var(--ast-global-color-5)","background-image":"","background-repeat":"repeat","background-position":"center center","background-size":"auto","background-attachment":"scroll","background-type":"","background-media":"","overlay-type":"","overlay-color":"","overlay-opacity":"","overlay-gradient":""},"mobile":{"background-color":"var(--ast-global-color-5)","background-image":"","background-repeat":"repeat","background-position":"center center","background-size":"auto","background-attachment":"scroll","background-type":"","background-media":"","overlay-type":"","overlay-color":"","overlay-opacity":"","overlay-gradient":""}},"footnotes":""},"class_list":["post-1480","page","type-page","status-publish","has-post-thumbnail","hentry"],"yoast_head":"<!-- This site is optimized with the Yoast SEO plugin v27.2 - https:\/\/yoast.com\/product\/yoast-seo-wordpress\/ -->\n<title>Customs Clearance Holyhead - Customs Complete<\/title>\n<meta name=\"description\" content=\"Holyhead Port is one of the UK&#039;s busiest Roll-on Roll-off ports. Read here to learn more about customs clearance in Holyhead Port.\" \/>\n<meta name=\"robots\" content=\"index, follow, max-snippet:-1, max-image-preview:large, max-video-preview:-1\" \/>\n<link rel=\"canonical\" href=\"https:\/\/customscomplete.com\/es\/despacho-de-aduanas-holyhead\/\" \/>\n<meta property=\"og:locale\" content=\"es_ES\" \/>\n<meta property=\"og:type\" content=\"article\" \/>\n<meta property=\"og:title\" content=\"Customs Clearance Holyhead - Customs Complete\" \/>\n<meta property=\"og:description\" content=\"Holyhead Port is one of the UK&#039;s busiest Roll-on Roll-off ports. Read here to learn more about customs clearance in Holyhead Port.\" \/>\n<meta property=\"og:url\" content=\"https:\/\/customscomplete.com\/es\/despacho-de-aduanas-holyhead\/\" \/>\n<meta property=\"og:site_name\" content=\"Customs Complete\" \/>\n<meta property=\"article:publisher\" content=\"https:\/\/www.facebook.com\/customscomplete\" \/>\n<meta property=\"article:modified_time\" content=\"2024-03-08T12:13:14+00:00\" \/>\n<meta property=\"og:image\" content=\"https:\/\/customscomplete.com\/wp-content\/uploads\/2023\/10\/Holyhead-1-scaled.jpg\" \/>\n\t<meta property=\"og:image:width\" content=\"1920\" \/>\n\t<meta property=\"og:image:height\" content=\"2560\" \/>\n\t<meta property=\"og:image:type\" content=\"image\/jpeg\" \/>\n<meta name=\"twitter:card\" content=\"summary_large_image\" \/>\n<meta name=\"twitter:label1\" content=\"Tiempo de lectura\" \/>\n\t<meta name=\"twitter:data1\" content=\"3 minutos\" \/>\n<script type=\"application\/ld+json\" class=\"yoast-schema-graph\">{\"@context\":\"https:\/\/schema.org\",\"@graph\":[{\"@type\":\"WebPage\",\"@id\":\"https:\/\/customscomplete.com\/customs-clearance-holyhead\/\",\"url\":\"https:\/\/customscomplete.com\/customs-clearance-holyhead\/\",\"name\":\"Customs Clearance Holyhead - Customs Complete\",\"isPartOf\":{\"@id\":\"https:\/\/customscomplete.com\/#website\"},\"primaryImageOfPage\":{\"@id\":\"https:\/\/customscomplete.com\/customs-clearance-holyhead\/#primaryimage\"},\"image\":{\"@id\":\"https:\/\/customscomplete.com\/customs-clearance-holyhead\/#primaryimage\"},\"thumbnailUrl\":\"https:\/\/customscomplete.com\/wp-content\/uploads\/2023\/10\/Holyhead-1-scaled.jpg\",\"datePublished\":\"2023-11-15T15:21:48+00:00\",\"dateModified\":\"2024-03-08T12:13:14+00:00\",\"description\":\"Holyhead Port is one of the UK's busiest Roll-on Roll-off ports. Read here to learn more about customs clearance in Holyhead Port.\",\"breadcrumb\":{\"@id\":\"https:\/\/customscomplete.com\/customs-clearance-holyhead\/#breadcrumb\"},\"inLanguage\":\"es\",\"potentialAction\":[{\"@type\":\"ReadAction\",\"target\":[\"https:\/\/customscomplete.com\/customs-clearance-holyhead\/\"]}]},{\"@type\":\"ImageObject\",\"inLanguage\":\"es\",\"@id\":\"https:\/\/customscomplete.com\/customs-clearance-holyhead\/#primaryimage\",\"url\":\"https:\/\/customscomplete.com\/wp-content\/uploads\/2023\/10\/Holyhead-1-scaled.jpg\",\"contentUrl\":\"https:\/\/customscomplete.com\/wp-content\/uploads\/2023\/10\/Holyhead-1-scaled.jpg\",\"width\":1920,\"height\":2560,\"caption\":\"Customs clearance in Holyhead Port\"},{\"@type\":\"BreadcrumbList\",\"@id\":\"https:\/\/customscomplete.com\/customs-clearance-holyhead\/#breadcrumb\",\"itemListElement\":[{\"@type\":\"ListItem\",\"position\":1,\"name\":\"Home\",\"item\":\"https:\/\/customscomplete.com\/\"},{\"@type\":\"ListItem\",\"position\":2,\"name\":\"Customs Clearance Holyhead\"}]},{\"@type\":\"WebSite\",\"@id\":\"https:\/\/customscomplete.com\/#website\",\"url\":\"https:\/\/customscomplete.com\/\",\"name\":\"Customs Complete\",\"description\":\"Clearing The Way\",\"publisher\":{\"@id\":\"https:\/\/customscomplete.com\/#organization\"},\"potentialAction\":[{\"@type\":\"SearchAction\",\"target\":{\"@type\":\"EntryPoint\",\"urlTemplate\":\"https:\/\/customscomplete.com\/?s={search_term_string}\"},\"query-input\":{\"@type\":\"PropertyValueSpecification\",\"valueRequired\":true,\"valueName\":\"search_term_string\"}}],\"inLanguage\":\"es\"},{\"@type\":\"Organization\",\"@id\":\"https:\/\/customscomplete.com\/#organization\",\"name\":\"Customs Complete\",\"url\":\"https:\/\/customscomplete.com\/\",\"logo\":{\"@type\":\"ImageObject\",\"inLanguage\":\"es\",\"@id\":\"https:\/\/customscomplete.com\/#\/schema\/logo\/image\/\",\"url\":\"https:\/\/customscomplete.com\/wp-content\/uploads\/2021\/09\/Facebook-social-homepage.png\",\"contentUrl\":\"https:\/\/customscomplete.com\/wp-content\/uploads\/2021\/09\/Facebook-social-homepage.png\",\"width\":300,\"height\":200,\"caption\":\"Customs Complete\"},\"image\":{\"@id\":\"https:\/\/customscomplete.com\/#\/schema\/logo\/image\/\"},\"sameAs\":[\"https:\/\/www.facebook.com\/customscomplete\",\"https:\/\/www.linkedin.com\/company\/customs-complete\"]}]}<\/script>\n<!-- \/ Yoast SEO plugin. -->","yoast_head_json":{"title":"Despacho de aduanas Holyhead - Customs Complete","description":"El puerto de Holyhead es uno de los puertos de carga rodada m\u00e1s activos del Reino Unido. Lea aqu\u00ed m\u00e1s informaci\u00f3n sobre el despacho de aduanas en el puerto de Holyhead.","robots":{"index":"index","follow":"follow","max-snippet":"max-snippet:-1","max-image-preview":"max-image-preview:large","max-video-preview":"max-video-preview:-1"},"canonical":"https:\/\/customscomplete.com\/es\/despacho-de-aduanas-holyhead\/","og_locale":"es_ES","og_type":"article","og_title":"Customs Clearance Holyhead - Customs Complete","og_description":"Holyhead Port is one of the UK's busiest Roll-on Roll-off ports. Read here to learn more about customs clearance in Holyhead Port.","og_url":"https:\/\/customscomplete.com\/es\/despacho-de-aduanas-holyhead\/","og_site_name":"Customs Complete","article_publisher":"https:\/\/www.facebook.com\/customscomplete","article_modified_time":"2024-03-08T12:13:14+00:00","og_image":[{"width":1920,"height":2560,"url":"https:\/\/customscomplete.com\/wp-content\/uploads\/2023\/10\/Holyhead-1-scaled.jpg","type":"image\/jpeg"}],"twitter_card":"summary_large_image","twitter_misc":{"Tiempo de lectura":"3 minutos"},"schema":{"@context":"https:\/\/schema.org","@graph":[{"@type":"WebPage","@id":"https:\/\/customscomplete.com\/customs-clearance-holyhead\/","url":"https:\/\/customscomplete.com\/customs-clearance-holyhead\/","name":"Despacho de aduanas Holyhead - Customs Complete","isPartOf":{"@id":"https:\/\/customscomplete.com\/#website"},"primaryImageOfPage":{"@id":"https:\/\/customscomplete.com\/customs-clearance-holyhead\/#primaryimage"},"image":{"@id":"https:\/\/customscomplete.com\/customs-clearance-holyhead\/#primaryimage"},"thumbnailUrl":"https:\/\/customscomplete.com\/wp-content\/uploads\/2023\/10\/Holyhead-1-scaled.jpg","datePublished":"2023-11-15T15:21:48+00:00","dateModified":"2024-03-08T12:13:14+00:00","description":"El puerto de Holyhead es uno de los puertos de carga rodada m\u00e1s activos del Reino Unido. Lea aqu\u00ed m\u00e1s informaci\u00f3n sobre el despacho de aduanas en el puerto de Holyhead.","breadcrumb":{"@id":"https:\/\/customscomplete.com\/customs-clearance-holyhead\/#breadcrumb"},"inLanguage":"es","potentialAction":[{"@type":"ReadAction","target":["https:\/\/customscomplete.com\/customs-clearance-holyhead\/"]}]},{"@type":"ImageObject","inLanguage":"es","@id":"https:\/\/customscomplete.com\/customs-clearance-holyhead\/#primaryimage","url":"https:\/\/customscomplete.com\/wp-content\/uploads\/2023\/10\/Holyhead-1-scaled.jpg","contentUrl":"https:\/\/customscomplete.com\/wp-content\/uploads\/2023\/10\/Holyhead-1-scaled.jpg","width":1920,"height":2560,"caption":"Customs clearance in Holyhead Port"},{"@type":"BreadcrumbList","@id":"https:\/\/customscomplete.com\/customs-clearance-holyhead\/#breadcrumb","itemListElement":[{"@type":"ListItem","position":1,"name":"Home","item":"https:\/\/customscomplete.com\/"},{"@type":"ListItem","position":2,"name":"Customs Clearance Holyhead"}]},{"@type":"WebSite","@id":"https:\/\/customscomplete.com\/#website","url":"https:\/\/customscomplete.com\/","name":"Customs Complete","description":"Despejando el camino","publisher":{"@id":"https:\/\/customscomplete.com\/#organization"},"potentialAction":[{"@type":"SearchAction","target":{"@type":"EntryPoint","urlTemplate":"https:\/\/customscomplete.com\/?s={search_term_string}"},"query-input":{"@type":"PropertyValueSpecification","valueRequired":true,"valueName":"search_term_string"}}],"inLanguage":"es"},{"@type":"Organization","@id":"https:\/\/customscomplete.com\/#organization","name":"Customs Complete","url":"https:\/\/customscomplete.com\/","logo":{"@type":"ImageObject","inLanguage":"es","@id":"https:\/\/customscomplete.com\/#\/schema\/logo\/image\/","url":"https:\/\/customscomplete.com\/wp-content\/uploads\/2021\/09\/Facebook-social-homepage.png","contentUrl":"https:\/\/customscomplete.com\/wp-content\/uploads\/2021\/09\/Facebook-social-homepage.png","width":300,"height":200,"caption":"Customs Complete"},"image":{"@id":"https:\/\/customscomplete.com\/#\/schema\/logo\/image\/"},"sameAs":["https:\/\/www.facebook.com\/customscomplete","https:\/\/www.linkedin.com\/company\/customs-complete"]}]}},"_links":{"self":[{"href":"https:\/\/customscomplete.com\/es\/wp-json\/wp\/v2\/pages\/1480","targetHints":{"allow":["GET"]}}],"collection":[{"href":"https:\/\/customscomplete.com\/es\/wp-json\/wp\/v2\/pages"}],"about":[{"href":"https:\/\/customscomplete.com\/es\/wp-json\/wp\/v2\/types\/page"}],"author":[{"embeddable":true,"href":"https:\/\/customscomplete.com\/es\/wp-json\/wp\/v2\/users\/1"}],"replies":[{"embeddable":true,"href":"https:\/\/customscomplete.com\/es\/wp-json\/wp\/v2\/comments?post=1480"}],"version-history":[{"count":12,"href":"https:\/\/customscomplete.com\/es\/wp-json\/wp\/v2\/pages\/1480\/revisions"}],"predecessor-version":[{"id":2824,"href":"https:\/\/customscomplete.com\/es\/wp-json\/wp\/v2\/pages\/1480\/revisions\/2824"}],"wp:featuredmedia":[{"embeddable":true,"href":"https:\/\/customscomplete.com\/es\/wp-json\/wp\/v2\/media\/1848"}],"wp:attachment":[{"href":"https:\/\/customscomplete.com\/es\/wp-json\/wp\/v2\/media?parent=1480"}],"curies":[{"name":"wp","href":"https:\/\/api.w.org\/{rel}","templated":true}]}}