{"id":1496,"date":"2023-10-25T13:35:24","date_gmt":"2023-10-25T13:35:24","guid":{"rendered":"https:\/\/customscomplete.com\/?page_id=1496"},"modified":"2024-03-08T14:49:04","modified_gmt":"2024-03-08T14:49:04","slug":"despacho-de-aduanas-del-puerto-de-belfast","status":"publish","type":"page","link":"https:\/\/customscomplete.com\/es\/belfast-port-customs-clearance\/","title":{"rendered":"Despacho de aduanas en el puerto de Belfast"},"content":{"rendered":"<p class=\"has-medium-font-size\"><strong>Navegando entre olas: Una inmersi\u00f3n en el puerto de Belfast<\/strong><\/p>\n\n\n\n<p>El puerto de Belfast, cuyo origen se remonta a 1613, ha sido muy importante para la provincia del Ulster. Representa alrededor de 20% de la superficie de la ciudad de Belfast o 2000 acres y gestiona 70% de todo el comercio mar\u00edtimo que entra en Irlanda del Norte, el puerto de Belfast es el mayor puerto de carga de la regi\u00f3n. Adem\u00e1s, es el mayor puerto de pasajeros de Irlanda del Norte, con 1,5 millones de pasajeros al a\u00f1o.<\/p>\n\n\n\n<p>Con la manipulaci\u00f3n de 24,5 millones de toneladas de carga en 2022, el puerto de Belfast es el quinto puerto comercial m\u00e1s activo del Reino Unido. Situado en la costa oriental de Irlanda del Norte, el puerto de Belfast es un eslab\u00f3n fundamental en la cadena de suministro de muchas empresas norirlandesas, ya que conecta la regi\u00f3n con el Reino Unido y la Europa continental.<\/p>\n\n\n\n<figure class=\"wp-block-gallery has-nested-images columns-default is-cropped wp-block-gallery-1 is-layout-flex wp-block-gallery-is-layout-flex\">\n<figure class=\"wp-block-image size-large\"><img fetchpriority=\"high\" decoding=\"async\" width=\"1024\" height=\"768\" data-id=\"1826\" src=\"https:\/\/customscomplete.com\/wp-content\/uploads\/2023\/10\/belfast-2334010_1280-1024x768.jpg\" alt=\"Procedimientos de despacho de aduanas en el puerto de Belfast\" class=\"wp-image-1826\" srcset=\"https:\/\/customscomplete.com\/wp-content\/uploads\/2023\/10\/belfast-2334010_1280-1024x768.jpg 1024w, https:\/\/customscomplete.com\/wp-content\/uploads\/2023\/10\/belfast-2334010_1280-300x225.jpg 300w, https:\/\/customscomplete.com\/wp-content\/uploads\/2023\/10\/belfast-2334010_1280-768x576.jpg 768w, https:\/\/customscomplete.com\/wp-content\/uploads\/2023\/10\/belfast-2334010_1280.jpg 1280w\" sizes=\"(max-width: 1024px) 100vw, 1024px\" \/><\/figure>\n<\/figure>\n\n\n\n<p><\/p>\n\n\n\n<p class=\"has-medium-font-size\"><strong>Despacho de aduanas en el puerto de Belfast<\/strong><\/p>\n\n\n\n<p>Al formar parte del Reino Unido pero estar situado en la isla de Irlanda, el puerto de Belfast tiene un procedimiento de despacho de aduanas muy complejo. Adem\u00e1s, el puerto de Belfast puede manipular varios tipos de carga. Entre ellos, carga a granel, mercanc\u00edas en contenedores y carga general. Esta diversa capacidad de manipulaci\u00f3n de carga implica que las autoridades portuarias est\u00e1n muy implicadas en los procedimientos de despacho de aduanas. Las autoridades portuarias han invertido en sus procedimientos de despacho de aduanas. El objetivo es garantizar que las mercanc\u00edas pasen por el puerto de Belfast respetando las leyes y reglamentos aduaneros. <\/p>\n\n\n\n<ol class=\"wp-block-list\" type=\"1\">\n<li><strong>Documentaci\u00f3n: <\/strong>Al igual que en otros puertos de carga internacionales de todo el mundo, la documentaci\u00f3n es necesaria para importar y exportar mercanc\u00edas a trav\u00e9s del puerto de Belfast. La documentaci\u00f3n necesaria para el comercio a trav\u00e9s del puerto de Belfast incluye facturas comerciales y\/o listas de empaquetado de las mercanc\u00edas que se importan o exportan, declaraciones de importaci\u00f3n, declaraciones de exportaci\u00f3n y conocimientos a\u00e9reos\/conocimientos de embarque. Estos documentos contienen informaci\u00f3n vital necesaria para el despacho de aduanas. Los datos que deben figurar en estos documentos son: valor, peso, pa\u00eds de origen, c\u00f3digo de las mercanc\u00edas e incoterms. Si las autoridades aduaneras no reciben esta informaci\u00f3n, las mercanc\u00edas no podr\u00e1n pasar por el puerto de Belfast. <\/li>\n\n\n\n<li><strong>Cheques:<\/strong> Las mercanc\u00edas que entran y salen del puerto de Belfast pueden ser objeto de controles. Estos controles incluyen controles f\u00edsicos, controles de identidad y controles de documentaci\u00f3n. Estas inspecciones se realizan para garantizar que las mercanc\u00edas coinciden con la descripci\u00f3n que figura en la documentaci\u00f3n de acompa\u00f1amiento y para garantizar que todas las mercanc\u00edas viajan con las declaraciones adecuadas. Los controles ser\u00e1n m\u00e1s regulares en el futuro debido al nuevo Modelo Operativo Objetivo en Frontera (BTOM). Si desea saber m\u00e1s sobre esta normativa, consulte nuestro blog aqu\u00ed<mark style=\"background-color:rgba(0, 0, 0, 0)\" class=\"has-inline-color has-ast-global-color-0-color\">: <\/mark><a href=\"https:\/\/customscomplete.com\/es\/objetivo-fronterizo-modelo-operativo-control-de-las-importaciones-del-reino-unido\/\"><mark style=\"background-color:rgba(0, 0, 0, 0)\" class=\"has-inline-color has-ast-global-color-0-color\">https:\/\/customscomplete.com\/border-target-operating-model-uk-import-control\/<\/mark><\/a><\/li>\n\n\n\n<li><strong>Inscripci\u00f3n: <\/strong>Todo aquel que desee comerciar utilizando el puerto de Belfast debe disponer de un n\u00famero de Registro e Identificaci\u00f3n de Operadores Econ\u00f3micos (EORI). Este n\u00famero es necesario para realizar cualquier actividad aduanera. Esta identificaci\u00f3n \u00fanica se incluye en todas las declaraciones de aduanas y permite a las autoridades aduaneras controlar las actividades comerciales.<\/li>\n<\/ol>\n\n\n\n<p>Otros procedimientos de despacho de aduanas incluyen el pago de impuestos y aranceles por las mercanc\u00edas importadas. Es fundamental que las empresas que comercian a trav\u00e9s del puerto de Belfast se atengan a todos los procedimientos y procesos. La mayor\u00eda de las empresas que importan y exportan mercanc\u00edas a trav\u00e9s del puerto se asocian con agentes o intermediarios aduaneros. Estos especialistas pueden utilizar sus amplios conocimientos para ayudarle a navegar sin problemas por las turbulentas aguas de los procedimientos de despacho de aduanas en el puerto de Belfast. Reduciendo costes, retrasos y, lo que es m\u00e1s importante, \u00a1estr\u00e9s!<\/p>\n\n\n\n<p>Para m\u00e1s informaci\u00f3n sobre el puerto de Belfast, visite<a href=\" https:\/\/www.belfast-harbour.co.uk\"><mark style=\"background-color:rgba(0, 0, 0, 0);color:#000000\" class=\"has-inline-color\"> <\/mark><mark style=\"background-color:var(--ast-global-color-5);color:#006bb3\" class=\"has-inline-color\">https:\/\/www.belfast-harbour.co.uk<\/mark><\/a><a href=\"https:\/\/www.belfast-harbour.co.uk\/\"><mark style=\"background-color:var(--ast-global-color-5);color:#006bb3\" class=\"has-inline-color\">\/<\/mark><\/a> <\/p>\n\n\n\n<h4 class=\"wp-block-heading\">P\u00f3ngase en contacto con nosotros para una consulta gratuita<\/h4>","protected":false},"excerpt":{"rendered":"<p>Navigating the Waves: A Deep Dive into Belfast Port Dating all the way back to 1613, Belfast Port has been extremely important for the province of Ulster. Representing around 20% of Belfast\u2019s city area or 2000 acres and handling 70% of all seaborn trade that enters Northern Ireland, Belfast Port [&hellip;]<\/p>\n","protected":false},"author":1,"featured_media":1827,"parent":0,"menu_order":0,"comment_status":"closed","ping_status":"closed","template":"","meta":{"om_disable_all_campaigns":false,"_monsterinsights_skip_tracking":false,"_monsterinsights_sitenote_active":false,"_monsterinsights_sitenote_note":"","_monsterinsights_sitenote_category":0,"site-sidebar-layout":"default","site-content-layout":"","ast-site-content-layout":"default","site-content-style":"default","site-sidebar-style":"default","ast-global-header-display":"","ast-banner-title-visibility":"","ast-main-header-display":"","ast-hfb-above-header-display":"","ast-hfb-below-header-display":"","ast-hfb-mobile-header-display":"","site-post-title":"","ast-breadcrumbs-content":"","ast-featured-img":"","footer-sml-layout":"","ast-disable-related-posts":"","theme-transparent-header-meta":"","adv-header-id-meta":"","stick-header-meta":"","header-above-stick-meta":"","header-main-stick-meta":"","header-below-stick-meta":"","astra-migrate-meta-layouts":"set","ast-page-background-enabled":"default","ast-page-background-meta":{"desktop":{"background-color":"","background-image":"","background-repeat":"repeat","background-position":"center center","background-size":"auto","background-attachment":"scroll","background-type":"","background-media":"","overlay-type":"","overlay-color":"","overlay-opacity":"","overlay-gradient":""},"tablet":{"background-color":"","background-image":"","background-repeat":"repeat","background-position":"center center","background-size":"auto","background-attachment":"scroll","background-type":"","background-media":"","overlay-type":"","overlay-color":"","overlay-opacity":"","overlay-gradient":""},"mobile":{"background-color":"","background-image":"","background-repeat":"repeat","background-position":"center center","background-size":"auto","background-attachment":"scroll","background-type":"","background-media":"","overlay-type":"","overlay-color":"","overlay-opacity":"","overlay-gradient":""}},"ast-content-background-meta":{"desktop":{"background-color":"var(--ast-global-color-5)","background-image":"","background-repeat":"repeat","background-position":"center center","background-size":"auto","background-attachment":"scroll","background-type":"","background-media":"","overlay-type":"","overlay-color":"","overlay-opacity":"","overlay-gradient":""},"tablet":{"background-color":"var(--ast-global-color-5)","background-image":"","background-repeat":"repeat","background-position":"center center","background-size":"auto","background-attachment":"scroll","background-type":"","background-media":"","overlay-type":"","overlay-color":"","overlay-opacity":"","overlay-gradient":""},"mobile":{"background-color":"var(--ast-global-color-5)","background-image":"","background-repeat":"repeat","background-position":"center center","background-size":"auto","background-attachment":"scroll","background-type":"","background-media":"","overlay-type":"","overlay-color":"","overlay-opacity":"","overlay-gradient":""}},"footnotes":""},"class_list":["post-1496","page","type-page","status-publish","has-post-thumbnail","hentry"],"yoast_head":"<!-- This site is optimized with the Yoast SEO plugin v27.2 - https:\/\/yoast.com\/product\/yoast-seo-wordpress\/ -->\n<title>Customs Clearance Procedures in Belfast Port<\/title>\n<meta name=\"description\" content=\"Belfast Port is the largest cargo port in Northern Ireland. Read here to learn about the customs clearance procedures in Belfast Port.\" \/>\n<meta name=\"robots\" content=\"index, follow, max-snippet:-1, max-image-preview:large, max-video-preview:-1\" \/>\n<link rel=\"canonical\" href=\"https:\/\/customscomplete.com\/es\/despacho-de-aduanas-del-puerto-de-belfast\/\" \/>\n<meta property=\"og:locale\" content=\"es_ES\" \/>\n<meta property=\"og:type\" content=\"article\" \/>\n<meta property=\"og:title\" content=\"Customs Clearance Procedures in Belfast Port\" \/>\n<meta property=\"og:description\" content=\"Belfast Port is the largest cargo port in Northern Ireland. Read here to learn about the customs clearance procedures in Belfast Port.\" \/>\n<meta property=\"og:url\" content=\"https:\/\/customscomplete.com\/es\/despacho-de-aduanas-del-puerto-de-belfast\/\" \/>\n<meta property=\"og:site_name\" content=\"Customs Complete\" \/>\n<meta property=\"article:publisher\" content=\"https:\/\/www.facebook.com\/customscomplete\" \/>\n<meta property=\"article:modified_time\" content=\"2024-03-08T14:49:04+00:00\" \/>\n<meta property=\"og:image\" content=\"https:\/\/customscomplete.com\/wp-content\/uploads\/2023\/10\/Belfast-2.jpg\" \/>\n\t<meta property=\"og:image:width\" content=\"1280\" \/>\n\t<meta property=\"og:image:height\" content=\"886\" \/>\n\t<meta property=\"og:image:type\" content=\"image\/jpeg\" \/>\n<meta name=\"twitter:card\" content=\"summary_large_image\" \/>\n<meta name=\"twitter:label1\" content=\"Tiempo de lectura\" \/>\n\t<meta name=\"twitter:data1\" content=\"3 minutos\" \/>\n<script type=\"application\/ld+json\" class=\"yoast-schema-graph\">{\"@context\":\"https:\/\/schema.org\",\"@graph\":[{\"@type\":\"WebPage\",\"@id\":\"https:\/\/customscomplete.com\/belfast-port-customs-clearance\/\",\"url\":\"https:\/\/customscomplete.com\/belfast-port-customs-clearance\/\",\"name\":\"Customs Clearance Procedures in Belfast Port\",\"isPartOf\":{\"@id\":\"https:\/\/customscomplete.com\/#website\"},\"primaryImageOfPage\":{\"@id\":\"https:\/\/customscomplete.com\/belfast-port-customs-clearance\/#primaryimage\"},\"image\":{\"@id\":\"https:\/\/customscomplete.com\/belfast-port-customs-clearance\/#primaryimage\"},\"thumbnailUrl\":\"https:\/\/customscomplete.com\/wp-content\/uploads\/2023\/10\/Belfast-2.jpg\",\"datePublished\":\"2023-10-25T13:35:24+00:00\",\"dateModified\":\"2024-03-08T14:49:04+00:00\",\"description\":\"Belfast Port is the largest cargo port in Northern Ireland. Read here to learn about the customs clearance procedures in Belfast Port.\",\"breadcrumb\":{\"@id\":\"https:\/\/customscomplete.com\/belfast-port-customs-clearance\/#breadcrumb\"},\"inLanguage\":\"es\",\"potentialAction\":[{\"@type\":\"ReadAction\",\"target\":[\"https:\/\/customscomplete.com\/belfast-port-customs-clearance\/\"]}]},{\"@type\":\"ImageObject\",\"inLanguage\":\"es\",\"@id\":\"https:\/\/customscomplete.com\/belfast-port-customs-clearance\/#primaryimage\",\"url\":\"https:\/\/customscomplete.com\/wp-content\/uploads\/2023\/10\/Belfast-2.jpg\",\"contentUrl\":\"https:\/\/customscomplete.com\/wp-content\/uploads\/2023\/10\/Belfast-2.jpg\",\"width\":1280,\"height\":886,\"caption\":\"Belfast Port Customs Clearance Procedures\"},{\"@type\":\"BreadcrumbList\",\"@id\":\"https:\/\/customscomplete.com\/belfast-port-customs-clearance\/#breadcrumb\",\"itemListElement\":[{\"@type\":\"ListItem\",\"position\":1,\"name\":\"Home\",\"item\":\"https:\/\/customscomplete.com\/\"},{\"@type\":\"ListItem\",\"position\":2,\"name\":\"Customs Clearance in Belfast Port\"}]},{\"@type\":\"WebSite\",\"@id\":\"https:\/\/customscomplete.com\/#website\",\"url\":\"https:\/\/customscomplete.com\/\",\"name\":\"Customs Complete\",\"description\":\"Clearing The Way\",\"publisher\":{\"@id\":\"https:\/\/customscomplete.com\/#organization\"},\"potentialAction\":[{\"@type\":\"SearchAction\",\"target\":{\"@type\":\"EntryPoint\",\"urlTemplate\":\"https:\/\/customscomplete.com\/?s={search_term_string}\"},\"query-input\":{\"@type\":\"PropertyValueSpecification\",\"valueRequired\":true,\"valueName\":\"search_term_string\"}}],\"inLanguage\":\"es\"},{\"@type\":\"Organization\",\"@id\":\"https:\/\/customscomplete.com\/#organization\",\"name\":\"Customs Complete\",\"url\":\"https:\/\/customscomplete.com\/\",\"logo\":{\"@type\":\"ImageObject\",\"inLanguage\":\"es\",\"@id\":\"https:\/\/customscomplete.com\/#\/schema\/logo\/image\/\",\"url\":\"https:\/\/customscomplete.com\/wp-content\/uploads\/2021\/09\/Facebook-social-homepage.png\",\"contentUrl\":\"https:\/\/customscomplete.com\/wp-content\/uploads\/2021\/09\/Facebook-social-homepage.png\",\"width\":300,\"height\":200,\"caption\":\"Customs Complete\"},\"image\":{\"@id\":\"https:\/\/customscomplete.com\/#\/schema\/logo\/image\/\"},\"sameAs\":[\"https:\/\/www.facebook.com\/customscomplete\",\"https:\/\/www.linkedin.com\/company\/customs-complete\"]}]}<\/script>\n<!-- \/ Yoast SEO plugin. -->","yoast_head_json":{"title":"Tr\u00e1mites aduaneros en el puerto de Belfast","description":"El puerto de Belfast es el mayor puerto de carga de Irlanda del Norte. Lea aqu\u00ed para conocer los procedimientos de despacho de aduanas en el puerto de Belfast.","robots":{"index":"index","follow":"follow","max-snippet":"max-snippet:-1","max-image-preview":"max-image-preview:large","max-video-preview":"max-video-preview:-1"},"canonical":"https:\/\/customscomplete.com\/es\/despacho-de-aduanas-del-puerto-de-belfast\/","og_locale":"es_ES","og_type":"article","og_title":"Customs Clearance Procedures in Belfast Port","og_description":"Belfast Port is the largest cargo port in Northern Ireland. Read here to learn about the customs clearance procedures in Belfast Port.","og_url":"https:\/\/customscomplete.com\/es\/despacho-de-aduanas-del-puerto-de-belfast\/","og_site_name":"Customs Complete","article_publisher":"https:\/\/www.facebook.com\/customscomplete","article_modified_time":"2024-03-08T14:49:04+00:00","og_image":[{"width":1280,"height":886,"url":"https:\/\/customscomplete.com\/wp-content\/uploads\/2023\/10\/Belfast-2.jpg","type":"image\/jpeg"}],"twitter_card":"summary_large_image","twitter_misc":{"Tiempo de lectura":"3 minutos"},"schema":{"@context":"https:\/\/schema.org","@graph":[{"@type":"WebPage","@id":"https:\/\/customscomplete.com\/belfast-port-customs-clearance\/","url":"https:\/\/customscomplete.com\/belfast-port-customs-clearance\/","name":"Tr\u00e1mites aduaneros en el puerto de Belfast","isPartOf":{"@id":"https:\/\/customscomplete.com\/#website"},"primaryImageOfPage":{"@id":"https:\/\/customscomplete.com\/belfast-port-customs-clearance\/#primaryimage"},"image":{"@id":"https:\/\/customscomplete.com\/belfast-port-customs-clearance\/#primaryimage"},"thumbnailUrl":"https:\/\/customscomplete.com\/wp-content\/uploads\/2023\/10\/Belfast-2.jpg","datePublished":"2023-10-25T13:35:24+00:00","dateModified":"2024-03-08T14:49:04+00:00","description":"El puerto de Belfast es el mayor puerto de carga de Irlanda del Norte. Lea aqu\u00ed para conocer los procedimientos de despacho de aduanas en el puerto de Belfast.","breadcrumb":{"@id":"https:\/\/customscomplete.com\/belfast-port-customs-clearance\/#breadcrumb"},"inLanguage":"es","potentialAction":[{"@type":"ReadAction","target":["https:\/\/customscomplete.com\/belfast-port-customs-clearance\/"]}]},{"@type":"ImageObject","inLanguage":"es","@id":"https:\/\/customscomplete.com\/belfast-port-customs-clearance\/#primaryimage","url":"https:\/\/customscomplete.com\/wp-content\/uploads\/2023\/10\/Belfast-2.jpg","contentUrl":"https:\/\/customscomplete.com\/wp-content\/uploads\/2023\/10\/Belfast-2.jpg","width":1280,"height":886,"caption":"Belfast Port Customs Clearance Procedures"},{"@type":"BreadcrumbList","@id":"https:\/\/customscomplete.com\/belfast-port-customs-clearance\/#breadcrumb","itemListElement":[{"@type":"ListItem","position":1,"name":"Home","item":"https:\/\/customscomplete.com\/"},{"@type":"ListItem","position":2,"name":"Customs Clearance in Belfast Port"}]},{"@type":"WebSite","@id":"https:\/\/customscomplete.com\/#website","url":"https:\/\/customscomplete.com\/","name":"Customs Complete","description":"Despejando el camino","publisher":{"@id":"https:\/\/customscomplete.com\/#organization"},"potentialAction":[{"@type":"SearchAction","target":{"@type":"EntryPoint","urlTemplate":"https:\/\/customscomplete.com\/?s={search_term_string}"},"query-input":{"@type":"PropertyValueSpecification","valueRequired":true,"valueName":"search_term_string"}}],"inLanguage":"es"},{"@type":"Organization","@id":"https:\/\/customscomplete.com\/#organization","name":"Customs Complete","url":"https:\/\/customscomplete.com\/","logo":{"@type":"ImageObject","inLanguage":"es","@id":"https:\/\/customscomplete.com\/#\/schema\/logo\/image\/","url":"https:\/\/customscomplete.com\/wp-content\/uploads\/2021\/09\/Facebook-social-homepage.png","contentUrl":"https:\/\/customscomplete.com\/wp-content\/uploads\/2021\/09\/Facebook-social-homepage.png","width":300,"height":200,"caption":"Customs Complete"},"image":{"@id":"https:\/\/customscomplete.com\/#\/schema\/logo\/image\/"},"sameAs":["https:\/\/www.facebook.com\/customscomplete","https:\/\/www.linkedin.com\/company\/customs-complete"]}]}},"_links":{"self":[{"href":"https:\/\/customscomplete.com\/es\/wp-json\/wp\/v2\/pages\/1496","targetHints":{"allow":["GET"]}}],"collection":[{"href":"https:\/\/customscomplete.com\/es\/wp-json\/wp\/v2\/pages"}],"about":[{"href":"https:\/\/customscomplete.com\/es\/wp-json\/wp\/v2\/types\/page"}],"author":[{"embeddable":true,"href":"https:\/\/customscomplete.com\/es\/wp-json\/wp\/v2\/users\/1"}],"replies":[{"embeddable":true,"href":"https:\/\/customscomplete.com\/es\/wp-json\/wp\/v2\/comments?post=1496"}],"version-history":[{"count":14,"href":"https:\/\/customscomplete.com\/es\/wp-json\/wp\/v2\/pages\/1496\/revisions"}],"predecessor-version":[{"id":2706,"href":"https:\/\/customscomplete.com\/es\/wp-json\/wp\/v2\/pages\/1496\/revisions\/2706"}],"wp:featuredmedia":[{"embeddable":true,"href":"https:\/\/customscomplete.com\/es\/wp-json\/wp\/v2\/media\/1827"}],"wp:attachment":[{"href":"https:\/\/customscomplete.com\/es\/wp-json\/wp\/v2\/media?parent=1496"}],"curies":[{"name":"wp","href":"https:\/\/api.w.org\/{rel}","templated":true}]}}