{"id":15,"date":"2021-05-07T14:01:20","date_gmt":"2021-05-07T14:01:20","guid":{"rendered":"https:\/\/www.hatsoc.com\/services\/"},"modified":"2021-09-26T11:00:13","modified_gmt":"2021-09-26T11:00:13","slug":"servicios-5","status":"publish","type":"page","link":"https:\/\/customscomplete.com\/es\/services-5\/","title":{"rendered":"Servicios"},"content":{"rendered":"<p>Nos comprometemos a ofrecerle soluciones completas de despacho de aduanas que le ahorrar\u00e1n tiempo, dinero y estr\u00e9s. Nuestra experiencia le garantizar\u00e1 que evitar\u00e1 multas y retrasos no deseados.<\/p>\n\n\n\n<div class=\"wp-block-coblocks-accordion\">\n<div class=\"wp-block-coblocks-accordion-item\"><details><summary class=\"wp-block-coblocks-accordion-item__title\">Declaraciones de importaci\u00f3n<\/summary><div class=\"wp-block-coblocks-accordion-item__content\">\n<p>Las declaraciones de importaci\u00f3n son un requisito legal para todas las mercanc\u00edas que entran en Irlanda procedentes de fuera de la UE. Para garantizar que las mercanc\u00edas circulan libremente por la aduana, la declaraci\u00f3n debe presentarse antes de la salida de las mercanc\u00edas. De este modo, las aduanas tienen tiempo de sobra para identificar las mercanc\u00edas, asegurarse de que cumplen la normativa y evitar que el env\u00edo sea almacenado.<\/p>\n<p>Customs Complete le ayuda a preparar y presentar la documentaci\u00f3n de importaci\u00f3n necesaria que exigen las aduanas para que sus mercanc\u00edas entren en Irlanda sin problemas. Le guiamos en cada paso del proceso para garantizar la llegada r\u00e1pida y eficaz de sus mercanc\u00edas.&nbsp;<\/p>\n<p>Recopilamos la documentaci\u00f3n, nos aseguramos de que cumple los requisitos y la presentamos a la Agencia Tributaria irlandesa con suficiente antelaci\u00f3n antes de que las mercanc\u00edas salgan del Reino Unido. Nuestra prioridad es garantizar que sus mercanc\u00edas pasen r\u00e1pidamente por la aduana sin retrasos.&nbsp;<\/p>\n<\/div><\/details><\/div>\n<div class=\"wp-block-coblocks-accordion-item\"><details><summary class=\"wp-block-coblocks-accordion-item__title\">Declaraciones de exportaci\u00f3n<\/summary><div class=\"wp-block-coblocks-accordion-item__content\">\n<p>Las declaraciones de exportaci\u00f3n son un requisito para cualquier mercanc\u00eda que se exporte fuera de la UE. Se trata de un formulario que debe presentarse en la aduana del puerto de salida. Proporciona informaci\u00f3n sobre lo que se exporta y ayuda a las aduanas a identificar cualquier mercanc\u00eda prohibida o restringida que pueda estar sujeta a condiciones o requerir una licencia.&nbsp;<\/p>\n<p>Ofrecemos declaraciones de exportaci\u00f3n totalmente conformes para garantizar la r\u00e1pida salida de sus mercanc\u00edas de Irlanda. En Customs Complete, le ayudaremos a completar los procesos y pasos necesarios para completar las declaraciones de exportaci\u00f3n.&nbsp;<\/p>\n<p>Nuestro compromiso es conseguir que sus mercanc\u00edas pasen por la aduana lo m\u00e1s r\u00e1pidamente posible y asegurarnos de que evita cualquier coste oculto. Podemos ayudarle a declarar exportaciones con declaraciones electr\u00f3nicas, verbales y concluyentes.&nbsp;<\/p>\n<\/div><\/details><\/div>\n<div class=\"wp-block-coblocks-accordion-item\"><details><summary class=\"wp-block-coblocks-accordion-item__title\">Declaraci\u00f3n de Tr\u00e1nsito<\/summary><div class=\"wp-block-coblocks-accordion-item__content\">\n<p>En Customs Complete, nos enorgullecemos de garantizar que su comercio no sufra interrupciones ni retrasos. Por eso ofrecemos procedimientos de tr\u00e1nsito totalmente conformes para las mercanc\u00edas que deban trasladarse al Reino Unido o a trav\u00e9s de \u00e9l (incluido a trav\u00e9s del puente terrestre del Reino Unido) bajo control aduanero.&nbsp;<\/p>\n<p>El procedimiento de declaraci\u00f3n de tr\u00e1nsito facilita la circulaci\u00f3n de mercanc\u00edas a trav\u00e9s del Reino Unido como pa\u00eds de tr\u00e1nsito com\u00fan. Esto permite suspender los derechos y otros grav\u00e1menes sobre las mercanc\u00edas importadas y exportadas hasta que lleguen a su destino. <\/p>\n<p>Le ayudaremos a completar los procesos y pasos necesarios para cumplimentar una declaraci\u00f3n aduanera de tr\u00e1nsito que evitar\u00e1 cualquier coste oculto y conseguir\u00e1 que sus mercanc\u00edas pasen por el Reino Unido lo antes posible. Nuestro servicio incluye la creaci\u00f3n de sus declaraciones de tr\u00e1nsito, su presentaci\u00f3n al sistema aduanero de Irish Revenue y, una vez aprobadas, su env\u00edo al NCTS (Nuevo Sistema de Tr\u00e1nsito Informatizado).&nbsp;<\/p>\n<\/div><\/details><\/div>\n<div class=\"wp-block-coblocks-accordion-item\"><details><summary class=\"wp-block-coblocks-accordion-item__title\">Traslado de residencia (TOR)<\/summary><div class=\"wp-block-coblocks-accordion-item__content\">\n<p><\/p>\n<\/div><\/details><\/div>\n<div class=\"wp-block-coblocks-accordion-item\"><details><summary class=\"wp-block-coblocks-accordion-item__title\">Declaraci\u00f3n de Seguridad y Protecci\u00f3n (SSD &amp; ENS)<\/summary><div class=\"wp-block-coblocks-accordion-item__content\">\n<p>Debido a las nuevas regulaciones del Brexit, ahora es un requisito legal tener una Declaraci\u00f3n de Seguridad y Protecci\u00f3n (SSD) para todos los veh\u00edculos que entran en Europa por primera vez desde el Reino Unido. Es una obligaci\u00f3n independiente de las Declaraciones de Importaci\u00f3n y Exportaci\u00f3n y puede dar lugar a multas o acciones judiciales si no se cumplimenta correctamente.&nbsp;<\/p>\n<p>Las mercanc\u00edas importadas necesitan una ENS (Declaraci\u00f3n Sumaria de Entrada) y las mercanc\u00edas exportadas necesitar\u00e1n una EXS (Declaraci\u00f3n Sumaria de Salida). Estas declaraciones deben cumplimentarse antes de llegar al puerto. El despacho de aduanas cuenta con la experiencia necesaria para presentar las DSE al pa\u00eds correspondiente en su nombre.&nbsp;<\/p>\n<p>Le ayudaremos a reunir toda la documentaci\u00f3n necesaria y a presentarla ante el Sistema de Control de Importaciones (SCI) pertinente mucho antes de que sus mercanc\u00edas est\u00e9n listas para llegar o salir. Le damos la tranquilidad de saber que sus mercanc\u00edas llegar\u00e1n al destino elegido sin problemas.&nbsp;<\/p>\n<\/div><\/details><\/div>\n<\/div>\n\n\n\n<div class=\"wp-block-columns is-layout-flex wp-container-core-columns-is-layout-28f84493 wp-block-columns-is-layout-flex\">\n<div class=\"wp-block-column is-layout-flow wp-block-column-is-layout-flow\" style=\"flex-basis:100%\">\n<div class=\"wp-block-group is-layout-flow wp-block-group-is-layout-flow\"><div class=\"wp-block-group__inner-container\">\n<div class=\"wp-block-columns is-layout-flex wp-container-core-columns-is-layout-28f84493 wp-block-columns-is-layout-flex\">\n<div class=\"wp-block-column is-layout-flow wp-block-column-is-layout-flow\" style=\"flex-basis:100%\">\n<div class=\"wp-block-group is-layout-flow wp-block-group-is-layout-flow\"><div class=\"wp-block-group__inner-container\"><\/div><\/div>\n<\/div>\n<\/div>\n<\/div><\/div>\n<\/div>\n<\/div>\n\n\n\n<h3 class=\"wp-block-heading\"><\/h3>\n\n\n\n<p><\/p>\n\n\n\n<p><\/p>\n\n\n\n<p><\/p>\n\n\n\n<h3 class=\"wp-block-heading\"><\/h3>\n\n\n\n<p><\/p>\n\n\n\n<p><\/p>\n\n\n\n<p><\/p>\n\n\n\n<h3 class=\"wp-block-heading\"><\/h3>\n\n\n\n<p><\/p>\n\n\n\n<p><\/p>\n\n\n\n<p><\/p>\n\n\n\n<h3 class=\"wp-block-heading\"><\/h3>\n\n\n\n<p><\/p>\n\n\n\n<p><\/p>\n\n\n\n<p><\/p>","protected":false},"excerpt":{"rendered":"<p>We\u2019re committed to providing you with complete customs clearance solutions that will save you time, money and stress. Our expertise will ensure that you avoid unwanted fines and delays. Import Declarations Import Declarations are a legal requirement for all goods coming into Ireland from outside the EU. To ensure that [&hellip;]<\/p>\n","protected":false},"author":1,"featured_media":0,"parent":0,"menu_order":0,"comment_status":"closed","ping_status":"closed","template":"","meta":{"om_disable_all_campaigns":false,"_monsterinsights_skip_tracking":false,"_monsterinsights_sitenote_active":false,"_monsterinsights_sitenote_note":"","_monsterinsights_sitenote_category":0,"site-sidebar-layout":"default","site-content-layout":"default","ast-site-content-layout":"default","site-content-style":"default","site-sidebar-style":"default","ast-global-header-display":"","ast-banner-title-visibility":"","ast-main-header-display":"","ast-hfb-above-header-display":"","ast-hfb-below-header-display":"","ast-hfb-mobile-header-display":"","site-post-title":"","ast-breadcrumbs-content":"","ast-featured-img":"","footer-sml-layout":"","ast-disable-related-posts":"","theme-transparent-header-meta":"default","adv-header-id-meta":"","stick-header-meta":"","header-above-stick-meta":"","header-main-stick-meta":"","header-below-stick-meta":"","astra-migrate-meta-layouts":"default","ast-page-background-enabled":"default","ast-page-background-meta":{"desktop":{"background-color":"","background-image":"","background-repeat":"repeat","background-position":"center center","background-size":"auto","background-attachment":"scroll","background-type":"","background-media":"","overlay-type":"","overlay-color":"","overlay-opacity":"","overlay-gradient":""},"tablet":{"background-color":"","background-image":"","background-repeat":"repeat","background-position":"center center","background-size":"auto","background-attachment":"scroll","background-type":"","background-media":"","overlay-type":"","overlay-color":"","overlay-opacity":"","overlay-gradient":""},"mobile":{"background-color":"","background-image":"","background-repeat":"repeat","background-position":"center center","background-size":"auto","background-attachment":"scroll","background-type":"","background-media":"","overlay-type":"","overlay-color":"","overlay-opacity":"","overlay-gradient":""}},"ast-content-background-meta":{"desktop":{"background-color":"var(--ast-global-color-5)","background-image":"","background-repeat":"repeat","background-position":"center center","background-size":"auto","background-attachment":"scroll","background-type":"","background-media":"","overlay-type":"","overlay-color":"","overlay-opacity":"","overlay-gradient":""},"tablet":{"background-color":"var(--ast-global-color-5)","background-image":"","background-repeat":"repeat","background-position":"center center","background-size":"auto","background-attachment":"scroll","background-type":"","background-media":"","overlay-type":"","overlay-color":"","overlay-opacity":"","overlay-gradient":""},"mobile":{"background-color":"var(--ast-global-color-5)","background-image":"","background-repeat":"repeat","background-position":"center center","background-size":"auto","background-attachment":"scroll","background-type":"","background-media":"","overlay-type":"","overlay-color":"","overlay-opacity":"","overlay-gradient":""}},"footnotes":""},"class_list":["post-15","page","type-page","status-publish","hentry"],"yoast_head":"<!-- This site is optimized with the Yoast SEO plugin v27.5 - https:\/\/yoast.com\/product\/yoast-seo-wordpress\/ -->\n<title>Services - Customs Complete<\/title>\n<meta name=\"robots\" content=\"index, follow, max-snippet:-1, max-image-preview:large, max-video-preview:-1\" \/>\n<link rel=\"canonical\" href=\"https:\/\/customscomplete.com\/es\/servicios-5\/\" \/>\n<meta property=\"og:locale\" content=\"es_ES\" \/>\n<meta property=\"og:type\" content=\"article\" \/>\n<meta property=\"og:title\" content=\"Services - Customs Complete\" \/>\n<meta property=\"og:description\" content=\"We\u2019re committed to providing you with complete customs clearance solutions that will save you time, money and stress. Our expertise will ensure that you avoid unwanted fines and delays. Import Declarations Import Declarations are a legal requirement for all goods coming into Ireland from outside the EU. To ensure that [&hellip;]\" \/>\n<meta property=\"og:url\" content=\"https:\/\/customscomplete.com\/es\/servicios-5\/\" \/>\n<meta property=\"og:site_name\" content=\"Customs Complete\" \/>\n<meta property=\"article:publisher\" content=\"https:\/\/www.facebook.com\/customscomplete\" \/>\n<meta property=\"article:modified_time\" content=\"2021-09-26T11:00:13+00:00\" \/>\n<meta property=\"og:image\" content=\"https:\/\/customscomplete.com\/wp-content\/uploads\/2021\/09\/Facebook-social-homepage.png\" \/>\n\t<meta property=\"og:image:width\" content=\"300\" \/>\n\t<meta property=\"og:image:height\" content=\"200\" \/>\n\t<meta property=\"og:image:type\" content=\"image\/png\" \/>\n<meta name=\"twitter:card\" content=\"summary_large_image\" \/>\n<meta name=\"twitter:label1\" content=\"Tiempo de lectura\" \/>\n\t<meta name=\"twitter:data1\" content=\"3 minutos\" \/>\n<script type=\"application\/ld+json\" class=\"yoast-schema-graph\">{\"@context\":\"https:\\\/\\\/schema.org\",\"@graph\":[{\"@type\":\"WebPage\",\"@id\":\"https:\\\/\\\/customscomplete.com\\\/services-5\\\/\",\"url\":\"https:\\\/\\\/customscomplete.com\\\/services-5\\\/\",\"name\":\"Services - Customs Complete\",\"isPartOf\":{\"@id\":\"https:\\\/\\\/customscomplete.com\\\/#website\"},\"datePublished\":\"2021-05-07T14:01:20+00:00\",\"dateModified\":\"2021-09-26T11:00:13+00:00\",\"breadcrumb\":{\"@id\":\"https:\\\/\\\/customscomplete.com\\\/services-5\\\/#breadcrumb\"},\"inLanguage\":\"es\",\"potentialAction\":[{\"@type\":\"ReadAction\",\"target\":[\"https:\\\/\\\/customscomplete.com\\\/services-5\\\/\"]}]},{\"@type\":\"BreadcrumbList\",\"@id\":\"https:\\\/\\\/customscomplete.com\\\/services-5\\\/#breadcrumb\",\"itemListElement\":[{\"@type\":\"ListItem\",\"position\":1,\"name\":\"Home\",\"item\":\"https:\\\/\\\/customscomplete.com\\\/\"},{\"@type\":\"ListItem\",\"position\":2,\"name\":\"Services\"}]},{\"@type\":\"WebSite\",\"@id\":\"https:\\\/\\\/customscomplete.com\\\/#website\",\"url\":\"https:\\\/\\\/customscomplete.com\\\/\",\"name\":\"Customs Complete\",\"description\":\"Clearing The Way\",\"publisher\":{\"@id\":\"https:\\\/\\\/customscomplete.com\\\/#organization\"},\"potentialAction\":[{\"@type\":\"SearchAction\",\"target\":{\"@type\":\"EntryPoint\",\"urlTemplate\":\"https:\\\/\\\/customscomplete.com\\\/?s={search_term_string}\"},\"query-input\":{\"@type\":\"PropertyValueSpecification\",\"valueRequired\":true,\"valueName\":\"search_term_string\"}}],\"inLanguage\":\"es\"},{\"@type\":\"Organization\",\"@id\":\"https:\\\/\\\/customscomplete.com\\\/#organization\",\"name\":\"Customs Complete\",\"url\":\"https:\\\/\\\/customscomplete.com\\\/\",\"logo\":{\"@type\":\"ImageObject\",\"inLanguage\":\"es\",\"@id\":\"https:\\\/\\\/customscomplete.com\\\/#\\\/schema\\\/logo\\\/image\\\/\",\"url\":\"https:\\\/\\\/customscomplete.com\\\/wp-content\\\/uploads\\\/2021\\\/09\\\/Facebook-social-homepage.png\",\"contentUrl\":\"https:\\\/\\\/customscomplete.com\\\/wp-content\\\/uploads\\\/2021\\\/09\\\/Facebook-social-homepage.png\",\"width\":300,\"height\":200,\"caption\":\"Customs Complete\"},\"image\":{\"@id\":\"https:\\\/\\\/customscomplete.com\\\/#\\\/schema\\\/logo\\\/image\\\/\"},\"sameAs\":[\"https:\\\/\\\/www.facebook.com\\\/customscomplete\",\"https:\\\/\\\/www.linkedin.com\\\/company\\\/customs-complete\"]}]}<\/script>\n<!-- \/ Yoast SEO plugin. -->","yoast_head_json":{"title":"Servicios - Aduana completa","robots":{"index":"index","follow":"follow","max-snippet":"max-snippet:-1","max-image-preview":"max-image-preview:large","max-video-preview":"max-video-preview:-1"},"canonical":"https:\/\/customscomplete.com\/es\/servicios-5\/","og_locale":"es_ES","og_type":"article","og_title":"Services - Customs Complete","og_description":"We\u2019re committed to providing you with complete customs clearance solutions that will save you time, money and stress. Our expertise will ensure that you avoid unwanted fines and delays. Import Declarations Import Declarations are a legal requirement for all goods coming into Ireland from outside the EU. To ensure that [&hellip;]","og_url":"https:\/\/customscomplete.com\/es\/servicios-5\/","og_site_name":"Customs Complete","article_publisher":"https:\/\/www.facebook.com\/customscomplete","article_modified_time":"2021-09-26T11:00:13+00:00","og_image":[{"width":300,"height":200,"url":"https:\/\/customscomplete.com\/wp-content\/uploads\/2021\/09\/Facebook-social-homepage.png","type":"image\/png"}],"twitter_card":"summary_large_image","twitter_misc":{"Tiempo de lectura":"3 minutos"},"schema":{"@context":"https:\/\/schema.org","@graph":[{"@type":"WebPage","@id":"https:\/\/customscomplete.com\/services-5\/","url":"https:\/\/customscomplete.com\/services-5\/","name":"Servicios - Aduana completa","isPartOf":{"@id":"https:\/\/customscomplete.com\/#website"},"datePublished":"2021-05-07T14:01:20+00:00","dateModified":"2021-09-26T11:00:13+00:00","breadcrumb":{"@id":"https:\/\/customscomplete.com\/services-5\/#breadcrumb"},"inLanguage":"es","potentialAction":[{"@type":"ReadAction","target":["https:\/\/customscomplete.com\/services-5\/"]}]},{"@type":"BreadcrumbList","@id":"https:\/\/customscomplete.com\/services-5\/#breadcrumb","itemListElement":[{"@type":"ListItem","position":1,"name":"Home","item":"https:\/\/customscomplete.com\/"},{"@type":"ListItem","position":2,"name":"Services"}]},{"@type":"WebSite","@id":"https:\/\/customscomplete.com\/#website","url":"https:\/\/customscomplete.com\/","name":"Customs Complete","description":"Despejando el camino","publisher":{"@id":"https:\/\/customscomplete.com\/#organization"},"potentialAction":[{"@type":"SearchAction","target":{"@type":"EntryPoint","urlTemplate":"https:\/\/customscomplete.com\/?s={search_term_string}"},"query-input":{"@type":"PropertyValueSpecification","valueRequired":true,"valueName":"search_term_string"}}],"inLanguage":"es"},{"@type":"Organization","@id":"https:\/\/customscomplete.com\/#organization","name":"Customs Complete","url":"https:\/\/customscomplete.com\/","logo":{"@type":"ImageObject","inLanguage":"es","@id":"https:\/\/customscomplete.com\/#\/schema\/logo\/image\/","url":"https:\/\/customscomplete.com\/wp-content\/uploads\/2021\/09\/Facebook-social-homepage.png","contentUrl":"https:\/\/customscomplete.com\/wp-content\/uploads\/2021\/09\/Facebook-social-homepage.png","width":300,"height":200,"caption":"Customs Complete"},"image":{"@id":"https:\/\/customscomplete.com\/#\/schema\/logo\/image\/"},"sameAs":["https:\/\/www.facebook.com\/customscomplete","https:\/\/www.linkedin.com\/company\/customs-complete"]}]}},"_links":{"self":[{"href":"https:\/\/customscomplete.com\/es\/wp-json\/wp\/v2\/pages\/15","targetHints":{"allow":["GET"]}}],"collection":[{"href":"https:\/\/customscomplete.com\/es\/wp-json\/wp\/v2\/pages"}],"about":[{"href":"https:\/\/customscomplete.com\/es\/wp-json\/wp\/v2\/types\/page"}],"author":[{"embeddable":true,"href":"https:\/\/customscomplete.com\/es\/wp-json\/wp\/v2\/users\/1"}],"replies":[{"embeddable":true,"href":"https:\/\/customscomplete.com\/es\/wp-json\/wp\/v2\/comments?post=15"}],"version-history":[{"count":13,"href":"https:\/\/customscomplete.com\/es\/wp-json\/wp\/v2\/pages\/15\/revisions"}],"predecessor-version":[{"id":1205,"href":"https:\/\/customscomplete.com\/es\/wp-json\/wp\/v2\/pages\/15\/revisions\/1205"}],"wp:attachment":[{"href":"https:\/\/customscomplete.com\/es\/wp-json\/wp\/v2\/media?parent=15"}],"curies":[{"name":"wp","href":"https:\/\/api.w.org\/{rel}","templated":true}]}}