{"id":2140,"date":"2023-11-23T13:00:28","date_gmt":"2023-11-23T13:00:28","guid":{"rendered":"https:\/\/customscomplete.com\/?page_id=2140"},"modified":"2023-11-14T13:05:55","modified_gmt":"2023-11-14T13:05:55","slug":"despacho-de-aduanas-immingham","status":"publish","type":"page","link":"https:\/\/customscomplete.com\/es\/customs-clearance-immingham\/","title":{"rendered":"Despacho de aduanas en Immingham"},"content":{"rendered":"<p>El mayor puerto por tonelaje del Reino Unido es el de Immingham. El puerto manipula aproximadamente 46 millones de toneladas de carga al a\u00f1o. El puerto de Immingham forma parte del grupo Associated British Ports (ABP). Junto con sus compa\u00f1eros de ABP, Grimsby, Hull y Goole, el puerto de Immingham forma parte del principal complejo portuario del Reino Unido. Immingham es un nodo vital en la cadena de suministro, que facilita el comercio sin fisuras entre el Reino Unido, la UE y el resto del mundo. Siga leyendo para obtener m\u00e1s informaci\u00f3n sobre el despacho de aduanas en Immingham<\/p>\n\n\n\n<p>Debido al gran tama\u00f1o del puerto y al gran volumen de mercanc\u00edas que entran y salen a diario, hay muchas actividades de despacho de aduanas en la zona.<\/p>\n\n\n\n<p><strong>Despacho de aduanas en Immingham<\/strong><\/p>\n\n\n\n<p>Todos los puertos del mundo se ocupan a diario de los tr\u00e1mites aduaneros y el puerto de Immingham no es una excepci\u00f3n. Al estar situado en el Reino Unido, el puerto de Immingham tramita un gran n\u00famero de procedimientos aduaneros. Con las mercanc\u00edas procedentes de la UE, Irlanda y el resto del mundo, el puerto de Immingham ha tenido que invertir mucho en sus procedimientos de despacho de aduanas. De este modo se garantiza que las mercanc\u00edas entren y salgan del puerto sin problemas, lo que permite cadenas de suministro ininterrumpidas para empresas brit\u00e1nicas, irlandesas y europeas.<\/p>\n\n\n\n<figure class=\"wp-block-image size-large\"><img fetchpriority=\"high\" decoding=\"async\" width=\"1024\" height=\"686\" src=\"https:\/\/customscomplete.com\/wp-content\/uploads\/2023\/11\/dock-441989_1280-1024x686.jpg\" alt=\"Despacho de aduanas Immingham\" class=\"wp-image-2141\" srcset=\"https:\/\/customscomplete.com\/wp-content\/uploads\/2023\/11\/dock-441989_1280-1024x686.jpg 1024w, https:\/\/customscomplete.com\/wp-content\/uploads\/2023\/11\/dock-441989_1280-300x201.jpg 300w, https:\/\/customscomplete.com\/wp-content\/uploads\/2023\/11\/dock-441989_1280-768x514.jpg 768w, https:\/\/customscomplete.com\/wp-content\/uploads\/2023\/11\/dock-441989_1280.jpg 1280w\" sizes=\"(max-width: 1024px) 100vw, 1024px\" \/><\/figure>\n\n\n\n<ul class=\"wp-block-list\">\n<li><strong>Documentaci\u00f3n: <\/strong>La documentaci\u00f3n es quiz\u00e1s la parte m\u00e1s importante del despacho de aduanas en el puerto de Immingham. Cada mercanc\u00eda que se importa y exporta a trav\u00e9s del puerto de Immingham debe ir acompa\u00f1ada de la documentaci\u00f3n adecuada. Estos documentos incluyen facturas comerciales, listas de empaquetado, conocimientos de embarque o gu\u00edas a\u00e9reas. Estos documentos se utilizan para mostrar exactamente qu\u00e9 contiene cada env\u00edo que entra o sale del puerto, de d\u00f3nde procede la mercanc\u00eda, los c\u00f3digos de las mercanc\u00edas y el valor de las mismas.<\/li>\n\n\n\n<li><strong>Declaraciones:<\/strong> Junto con los documentos, las mercanc\u00edas deben ir acompa\u00f1adas de las declaraciones pertinentes. Las declaraciones de importaci\u00f3n y exportaci\u00f3n deben acompa\u00f1ar a todas las mercanc\u00edas que entren y salgan del puerto de Immingham. Las mercanc\u00edas no pueden circular por el puerto de Immingham sin estas declaraciones.<\/li>\n\n\n\n<li><strong>Inspecciones y controles:<\/strong> Las autoridades portuarias del puerto de Immingham realizan inspecciones peri\u00f3dicas de las mercanc\u00edas que circulan por el puerto. Estas inspecciones pueden ir desde controles f\u00edsicos hasta controles documentales y de identidad. Estas inspecciones se llevan a cabo para garantizar que todas las mercanc\u00edas van acompa\u00f1adas de las declaraciones adecuadas y coinciden con todos los documentos de acompa\u00f1amiento.<\/li>\n<\/ul>\n\n\n\n<p>Muchas empresas que importan y exportan mercanc\u00edas a y desde La <a href=\"https:\/\/www.abports.co.uk\/locations\/immingham\/\" target=\"_blank\" rel=\"noreferrer noopener\">Puerto de Immingham<\/a> se asocian con agentes de aduanas para que les ayuden a conseguir el despacho aduanero de sus productos. Estos expertos pueden ayudarle a navegar por los procedimientos de despacho de aduanas en el puerto de Immingham. Saben qu\u00e9 declaraciones son necesarias para cada producto y pueden ayudar a prepararlas para garantizar que las mercanc\u00edas lleguen y salgan del puerto a tiempo.<\/p>\n\n\n\n<p><\/p>","protected":false},"excerpt":{"rendered":"<p>The largest port by tonnage in the UK is the Port of Immingham. The port handles approximately 46 million tonnes of cargo every year. The Port of Immingham is part of the Associated British Ports (ABP) group. Together with its fellow ABP members, Grimsby, Hull, and Goole, Immingham Port is [&hellip;]<\/p>\n","protected":false},"author":1,"featured_media":2142,"parent":0,"menu_order":0,"comment_status":"closed","ping_status":"closed","template":"","meta":{"om_disable_all_campaigns":false,"_monsterinsights_skip_tracking":false,"_monsterinsights_sitenote_active":false,"_monsterinsights_sitenote_note":"","_monsterinsights_sitenote_category":0,"site-sidebar-layout":"default","site-content-layout":"","ast-site-content-layout":"default","site-content-style":"default","site-sidebar-style":"default","ast-global-header-display":"","ast-banner-title-visibility":"","ast-main-header-display":"","ast-hfb-above-header-display":"","ast-hfb-below-header-display":"","ast-hfb-mobile-header-display":"","site-post-title":"","ast-breadcrumbs-content":"","ast-featured-img":"","footer-sml-layout":"","ast-disable-related-posts":"","theme-transparent-header-meta":"","adv-header-id-meta":"","stick-header-meta":"","header-above-stick-meta":"","header-main-stick-meta":"","header-below-stick-meta":"","astra-migrate-meta-layouts":"set","ast-page-background-enabled":"default","ast-page-background-meta":{"desktop":{"background-color":"","background-image":"","background-repeat":"repeat","background-position":"center center","background-size":"auto","background-attachment":"scroll","background-type":"","background-media":"","overlay-type":"","overlay-color":"","overlay-opacity":"","overlay-gradient":""},"tablet":{"background-color":"","background-image":"","background-repeat":"repeat","background-position":"center center","background-size":"auto","background-attachment":"scroll","background-type":"","background-media":"","overlay-type":"","overlay-color":"","overlay-opacity":"","overlay-gradient":""},"mobile":{"background-color":"","background-image":"","background-repeat":"repeat","background-position":"center center","background-size":"auto","background-attachment":"scroll","background-type":"","background-media":"","overlay-type":"","overlay-color":"","overlay-opacity":"","overlay-gradient":""}},"ast-content-background-meta":{"desktop":{"background-color":"var(--ast-global-color-5)","background-image":"","background-repeat":"repeat","background-position":"center center","background-size":"auto","background-attachment":"scroll","background-type":"","background-media":"","overlay-type":"","overlay-color":"","overlay-opacity":"","overlay-gradient":""},"tablet":{"background-color":"var(--ast-global-color-5)","background-image":"","background-repeat":"repeat","background-position":"center center","background-size":"auto","background-attachment":"scroll","background-type":"","background-media":"","overlay-type":"","overlay-color":"","overlay-opacity":"","overlay-gradient":""},"mobile":{"background-color":"var(--ast-global-color-5)","background-image":"","background-repeat":"repeat","background-position":"center center","background-size":"auto","background-attachment":"scroll","background-type":"","background-media":"","overlay-type":"","overlay-color":"","overlay-opacity":"","overlay-gradient":""}},"footnotes":""},"class_list":["post-2140","page","type-page","status-publish","has-post-thumbnail","hentry"],"yoast_head":"<!-- This site is optimized with the Yoast SEO plugin v27.2 - https:\/\/yoast.com\/product\/yoast-seo-wordpress\/ -->\n<title>Customs Clearance In Immingham - Customs Complete<\/title>\n<meta name=\"description\" content=\"The largest port by tonnage in the UK is the Port of Immingham. Read on to find out more about Customs Clearance in Immingham\" \/>\n<meta name=\"robots\" content=\"index, follow, max-snippet:-1, max-image-preview:large, max-video-preview:-1\" \/>\n<link rel=\"canonical\" href=\"https:\/\/customscomplete.com\/es\/despacho-de-aduanas-immingham\/\" \/>\n<meta property=\"og:locale\" content=\"es_ES\" \/>\n<meta property=\"og:type\" content=\"article\" \/>\n<meta property=\"og:title\" content=\"Customs Clearance In Immingham - Customs Complete\" \/>\n<meta property=\"og:description\" content=\"The largest port by tonnage in the UK is the Port of Immingham. Read on to find out more about Customs Clearance in Immingham\" \/>\n<meta property=\"og:url\" content=\"https:\/\/customscomplete.com\/es\/despacho-de-aduanas-immingham\/\" \/>\n<meta property=\"og:site_name\" content=\"Customs Complete\" \/>\n<meta property=\"article:publisher\" content=\"https:\/\/www.facebook.com\/customscomplete\" \/>\n<meta property=\"og:image\" content=\"https:\/\/customscomplete.com\/wp-content\/uploads\/2023\/11\/dock-441990_1280.jpg\" \/>\n\t<meta property=\"og:image:width\" content=\"857\" \/>\n\t<meta property=\"og:image:height\" content=\"1280\" \/>\n\t<meta property=\"og:image:type\" content=\"image\/jpeg\" \/>\n<meta name=\"twitter:card\" content=\"summary_large_image\" \/>\n<meta name=\"twitter:label1\" content=\"Tiempo de lectura\" \/>\n\t<meta name=\"twitter:data1\" content=\"2 minutos\" \/>\n<script type=\"application\/ld+json\" class=\"yoast-schema-graph\">{\"@context\":\"https:\/\/schema.org\",\"@graph\":[{\"@type\":\"WebPage\",\"@id\":\"https:\/\/customscomplete.com\/customs-clearance-immingham\/\",\"url\":\"https:\/\/customscomplete.com\/customs-clearance-immingham\/\",\"name\":\"Customs Clearance In Immingham - Customs Complete\",\"isPartOf\":{\"@id\":\"https:\/\/customscomplete.com\/#website\"},\"primaryImageOfPage\":{\"@id\":\"https:\/\/customscomplete.com\/customs-clearance-immingham\/#primaryimage\"},\"image\":{\"@id\":\"https:\/\/customscomplete.com\/customs-clearance-immingham\/#primaryimage\"},\"thumbnailUrl\":\"https:\/\/customscomplete.com\/wp-content\/uploads\/2023\/11\/dock-441990_1280.jpg\",\"datePublished\":\"2023-11-23T13:00:28+00:00\",\"description\":\"The largest port by tonnage in the UK is the Port of Immingham. Read on to find out more about Customs Clearance in Immingham\",\"breadcrumb\":{\"@id\":\"https:\/\/customscomplete.com\/customs-clearance-immingham\/#breadcrumb\"},\"inLanguage\":\"es\",\"potentialAction\":[{\"@type\":\"ReadAction\",\"target\":[\"https:\/\/customscomplete.com\/customs-clearance-immingham\/\"]}]},{\"@type\":\"ImageObject\",\"inLanguage\":\"es\",\"@id\":\"https:\/\/customscomplete.com\/customs-clearance-immingham\/#primaryimage\",\"url\":\"https:\/\/customscomplete.com\/wp-content\/uploads\/2023\/11\/dock-441990_1280.jpg\",\"contentUrl\":\"https:\/\/customscomplete.com\/wp-content\/uploads\/2023\/11\/dock-441990_1280.jpg\",\"width\":857,\"height\":1280,\"caption\":\"Customs clearance Immingham\"},{\"@type\":\"BreadcrumbList\",\"@id\":\"https:\/\/customscomplete.com\/customs-clearance-immingham\/#breadcrumb\",\"itemListElement\":[{\"@type\":\"ListItem\",\"position\":1,\"name\":\"Home\",\"item\":\"https:\/\/customscomplete.com\/\"},{\"@type\":\"ListItem\",\"position\":2,\"name\":\"Customs Clearance In Immingham\"}]},{\"@type\":\"WebSite\",\"@id\":\"https:\/\/customscomplete.com\/#website\",\"url\":\"https:\/\/customscomplete.com\/\",\"name\":\"Customs Complete\",\"description\":\"Clearing The Way\",\"publisher\":{\"@id\":\"https:\/\/customscomplete.com\/#organization\"},\"potentialAction\":[{\"@type\":\"SearchAction\",\"target\":{\"@type\":\"EntryPoint\",\"urlTemplate\":\"https:\/\/customscomplete.com\/?s={search_term_string}\"},\"query-input\":{\"@type\":\"PropertyValueSpecification\",\"valueRequired\":true,\"valueName\":\"search_term_string\"}}],\"inLanguage\":\"es\"},{\"@type\":\"Organization\",\"@id\":\"https:\/\/customscomplete.com\/#organization\",\"name\":\"Customs Complete\",\"url\":\"https:\/\/customscomplete.com\/\",\"logo\":{\"@type\":\"ImageObject\",\"inLanguage\":\"es\",\"@id\":\"https:\/\/customscomplete.com\/#\/schema\/logo\/image\/\",\"url\":\"https:\/\/customscomplete.com\/wp-content\/uploads\/2021\/09\/Facebook-social-homepage.png\",\"contentUrl\":\"https:\/\/customscomplete.com\/wp-content\/uploads\/2021\/09\/Facebook-social-homepage.png\",\"width\":300,\"height\":200,\"caption\":\"Customs Complete\"},\"image\":{\"@id\":\"https:\/\/customscomplete.com\/#\/schema\/logo\/image\/\"},\"sameAs\":[\"https:\/\/www.facebook.com\/customscomplete\",\"https:\/\/www.linkedin.com\/company\/customs-complete\"]}]}<\/script>\n<!-- \/ Yoast SEO plugin. -->","yoast_head_json":{"title":"Despacho de aduanas en Immingham - Customs Complete","description":"El mayor puerto por tonelaje del Reino Unido es el puerto de Immingham. Siga leyendo para obtener m\u00e1s informaci\u00f3n sobre el despacho de aduanas en Immingham.","robots":{"index":"index","follow":"follow","max-snippet":"max-snippet:-1","max-image-preview":"max-image-preview:large","max-video-preview":"max-video-preview:-1"},"canonical":"https:\/\/customscomplete.com\/es\/despacho-de-aduanas-immingham\/","og_locale":"es_ES","og_type":"article","og_title":"Customs Clearance In Immingham - Customs Complete","og_description":"The largest port by tonnage in the UK is the Port of Immingham. Read on to find out more about Customs Clearance in Immingham","og_url":"https:\/\/customscomplete.com\/es\/despacho-de-aduanas-immingham\/","og_site_name":"Customs Complete","article_publisher":"https:\/\/www.facebook.com\/customscomplete","og_image":[{"width":857,"height":1280,"url":"https:\/\/customscomplete.com\/wp-content\/uploads\/2023\/11\/dock-441990_1280.jpg","type":"image\/jpeg"}],"twitter_card":"summary_large_image","twitter_misc":{"Tiempo de lectura":"2 minutos"},"schema":{"@context":"https:\/\/schema.org","@graph":[{"@type":"WebPage","@id":"https:\/\/customscomplete.com\/customs-clearance-immingham\/","url":"https:\/\/customscomplete.com\/customs-clearance-immingham\/","name":"Despacho de aduanas en Immingham - Customs Complete","isPartOf":{"@id":"https:\/\/customscomplete.com\/#website"},"primaryImageOfPage":{"@id":"https:\/\/customscomplete.com\/customs-clearance-immingham\/#primaryimage"},"image":{"@id":"https:\/\/customscomplete.com\/customs-clearance-immingham\/#primaryimage"},"thumbnailUrl":"https:\/\/customscomplete.com\/wp-content\/uploads\/2023\/11\/dock-441990_1280.jpg","datePublished":"2023-11-23T13:00:28+00:00","description":"El mayor puerto por tonelaje del Reino Unido es el puerto de Immingham. Siga leyendo para obtener m\u00e1s informaci\u00f3n sobre el despacho de aduanas en Immingham.","breadcrumb":{"@id":"https:\/\/customscomplete.com\/customs-clearance-immingham\/#breadcrumb"},"inLanguage":"es","potentialAction":[{"@type":"ReadAction","target":["https:\/\/customscomplete.com\/customs-clearance-immingham\/"]}]},{"@type":"ImageObject","inLanguage":"es","@id":"https:\/\/customscomplete.com\/customs-clearance-immingham\/#primaryimage","url":"https:\/\/customscomplete.com\/wp-content\/uploads\/2023\/11\/dock-441990_1280.jpg","contentUrl":"https:\/\/customscomplete.com\/wp-content\/uploads\/2023\/11\/dock-441990_1280.jpg","width":857,"height":1280,"caption":"Customs clearance Immingham"},{"@type":"BreadcrumbList","@id":"https:\/\/customscomplete.com\/customs-clearance-immingham\/#breadcrumb","itemListElement":[{"@type":"ListItem","position":1,"name":"Home","item":"https:\/\/customscomplete.com\/"},{"@type":"ListItem","position":2,"name":"Customs Clearance In Immingham"}]},{"@type":"WebSite","@id":"https:\/\/customscomplete.com\/#website","url":"https:\/\/customscomplete.com\/","name":"Customs Complete","description":"Despejando el camino","publisher":{"@id":"https:\/\/customscomplete.com\/#organization"},"potentialAction":[{"@type":"SearchAction","target":{"@type":"EntryPoint","urlTemplate":"https:\/\/customscomplete.com\/?s={search_term_string}"},"query-input":{"@type":"PropertyValueSpecification","valueRequired":true,"valueName":"search_term_string"}}],"inLanguage":"es"},{"@type":"Organization","@id":"https:\/\/customscomplete.com\/#organization","name":"Customs Complete","url":"https:\/\/customscomplete.com\/","logo":{"@type":"ImageObject","inLanguage":"es","@id":"https:\/\/customscomplete.com\/#\/schema\/logo\/image\/","url":"https:\/\/customscomplete.com\/wp-content\/uploads\/2021\/09\/Facebook-social-homepage.png","contentUrl":"https:\/\/customscomplete.com\/wp-content\/uploads\/2021\/09\/Facebook-social-homepage.png","width":300,"height":200,"caption":"Customs Complete"},"image":{"@id":"https:\/\/customscomplete.com\/#\/schema\/logo\/image\/"},"sameAs":["https:\/\/www.facebook.com\/customscomplete","https:\/\/www.linkedin.com\/company\/customs-complete"]}]}},"_links":{"self":[{"href":"https:\/\/customscomplete.com\/es\/wp-json\/wp\/v2\/pages\/2140","targetHints":{"allow":["GET"]}}],"collection":[{"href":"https:\/\/customscomplete.com\/es\/wp-json\/wp\/v2\/pages"}],"about":[{"href":"https:\/\/customscomplete.com\/es\/wp-json\/wp\/v2\/types\/page"}],"author":[{"embeddable":true,"href":"https:\/\/customscomplete.com\/es\/wp-json\/wp\/v2\/users\/1"}],"replies":[{"embeddable":true,"href":"https:\/\/customscomplete.com\/es\/wp-json\/wp\/v2\/comments?post=2140"}],"version-history":[{"count":2,"href":"https:\/\/customscomplete.com\/es\/wp-json\/wp\/v2\/pages\/2140\/revisions"}],"predecessor-version":[{"id":5038,"href":"https:\/\/customscomplete.com\/es\/wp-json\/wp\/v2\/pages\/2140\/revisions\/5038"}],"wp:featuredmedia":[{"embeddable":true,"href":"https:\/\/customscomplete.com\/es\/wp-json\/wp\/v2\/media\/2142"}],"wp:attachment":[{"href":"https:\/\/customscomplete.com\/es\/wp-json\/wp\/v2\/media?parent=2140"}],"curies":[{"name":"wp","href":"https:\/\/api.w.org\/{rel}","templated":true}]}}