{"id":2152,"date":"2023-11-28T13:08:49","date_gmt":"2023-11-28T13:08:49","guid":{"rendered":"https:\/\/customscomplete.com\/?page_id=2152"},"modified":"2023-11-14T15:52:03","modified_gmt":"2023-11-14T15:52:03","slug":"despacho-de-aduanas-en-heysham","status":"publish","type":"page","link":"https:\/\/customscomplete.com\/es\/customs-clearance-in-heysham\/","title":{"rendered":"Despacho de aduanas en Heysham"},"content":{"rendered":"\n<p>Perched on England\u2019s north-western coastline, Heysham Port is primarily used for shipping services to and from the Island of Ireland. The main destinations from Heysham include Warrenpoint and Belfast in Northern Ireland and Dublin Port in the Republic of Ireland. Other destinations include Douglas on the Isle of Man. In 2021 Heysham Port handled 4.9 million tonnes of freight, a new record for the Lancashire-based port. Strategically situated, Heysham Port provides access to several key destinations. It serves as a crucial trade conduit, fostering commerce between the UK and Ireland. Its geographical advantage positions it as a preferred choice for businesses seeking efficient customs clearance and delivery. Read on to find out more about Customs Clearance in Heysham.<\/p>\n\n\n\n<p><strong>Customs Clearance in Heysham Port<\/strong><\/p>\n\n\n\n<p>Customs clearance is the rigorous process through which goods undergo assessment, documentation and approval for import or export. It forms the backbone of international trade, guaranteeing that goods meet local regulations, safety criteria, and customs prerequisites. <a href=\"https:\/\/en.wikipedia.org\/wiki\/Heysham_Port\" target=\"_blank\" rel=\"noreferrer noopener\">Heysham Port<\/a> plays a big role in customs clearance, especially in trade between the UK and Ireland.<\/p>\n\n\n\n<ol class=\"wp-block-list\" type=\"1\">\n<li><strong>Customs Clearance Facilities: <\/strong>Heysham Port boasts state-of-the-art customs facilities. These facilities and inspection zones ensure that goods both leaving and entering the country adhere to customs regulations.<\/li>\n\n\n\n<li><strong>Ro-Ro Traffic Expertise: <\/strong>Similar to many UK ports, Heysham Port specialises in Roll-On\/Roll-Off traffic. In this system, vehicles and cargo can seamlessly embark and disembark ferries. This specialisation demands efficient customs clearance procedures to curtail delays and bottlenecks.<\/li>\n\n\n\n<li><strong>Digital Innovations: <\/strong>Heysham Port has seamlessly introduced digital systems in order to help with customs clearance. These systems help reduce lead times and administrative burden on importers and exporters.<\/li>\n\n\n\n<li><strong>Global Connectivity:<\/strong> The port\u2019s extensive roster of shipping routes makes it an international trade hub. This means the port is suited to process large amounts of diverse cargo from different regions.<\/li>\n<\/ol>\n\n\n\n<p>Despite the many accommodations Heysham Port offer to simplify customs clearance, the procedures can still be quite complicated. Delays can occur and fines and penalties can be issued if these procedures and regulations are not followed properly. Because of this, many businesses who handle large amounts cargo going through Heysham Port tend to partner with customs agents and brokers.<\/p>\n\n\n\n<p>These experts can help businesses navigate through Heysham\u2019s customs clearance procedures efficiently. This will result in reduced stress over delayed shipments as well as a much reduced likelihood of fines and penalties due to increased compliance with regulations.<\/p>\n\n\n\n<h4 class=\"wp-block-heading\">How Do I Contact a Customs Agent to arrange Customs Clearance in Heysham Port?<\/h4>\n\n\n\n<p>It is recommended to contact a Customs Agent as soon as you have the details for your shipment. There are many Clearance Agents who offer similar services but it is important to choose an Agent who has the experience and knowledge to clear your goods. <\/p>\n\n\n\n<p><a href=\"https:\/\/customscomplete.com\/faq\/\"><mark style=\"background-color:rgba(0, 0, 0, 0)\" class=\"has-inline-color has-ast-global-color-0-color\">For more FAQ\u00b4s about Customs Clearance please click here<\/mark><\/a><\/p>\n\n\n\n<h3 class=\"wp-block-heading\">Contact Customs Complete<\/h3>\n\n\n<div class=\"wpforms-container wpforms-block wpforms-block-b4de45db-0eee-43ca-8ad0-9c17f5ec262b\" id=\"wpforms-90\"><form id=\"wpforms-form-90\" class=\"wpforms-validate wpforms-form\" data-formid=\"90\" method=\"post\" enctype=\"multipart\/form-data\" action=\"\/es\/wp-json\/wp\/v2\/pages\/2152\" data-token=\"976e76844201ff2c6a0cce4864a55bcf\" data-token-time=\"1777649170\"><noscript class=\"wpforms-error-noscript\">Por favor, activa JavaScript en tu navegador para completar este formulario.<\/noscript><div class=\"wpforms-field-container\"><div id=\"wpforms-90-field_0-container\" class=\"wpforms-field wpforms-field-name\" data-field-id=\"0\"><label class=\"wpforms-field-label\" for=\"wpforms-90-field_0\">Name <span class=\"wpforms-required-label\">*<\/span><\/label><input type=\"text\" id=\"wpforms-90-field_0\" class=\"wpforms-field-medium wpforms-field-required\" name=\"wpforms[fields][0]\" required><div class=\"wpforms-field-description\">We do not process personal packages, small online orders, or consumer parcels.<\/div><\/div><div id=\"wpforms-90-field_4-container\" class=\"wpforms-field wpforms-field-text\" data-field-id=\"4\"><label class=\"wpforms-field-label\" for=\"wpforms-90-field_4\">Company <\/label><input type=\"text\" id=\"wpforms-90-field_4\" class=\"wpforms-field-medium\" name=\"wpforms[fields][4]\" ><\/div><div id=\"wpforms-90-field_1-container\" class=\"wpforms-field wpforms-field-email\" data-field-id=\"1\"><label class=\"wpforms-field-label\" for=\"wpforms-90-field_1\">Email <span class=\"wpforms-required-label\">*<\/span><\/label><input type=\"email\" id=\"wpforms-90-field_1\" class=\"wpforms-field-medium wpforms-field-required\" name=\"wpforms[fields][1]\" spellcheck=\"false\" required><\/div><div id=\"wpforms-90-field_5-container\" class=\"wpforms-field wpforms-field-text\" data-field-id=\"5\"><label class=\"wpforms-field-label\" for=\"wpforms-90-field_5\">Phone number<\/label><input type=\"text\" id=\"wpforms-90-field_5\" class=\"wpforms-field-medium\" name=\"wpforms[fields][5]\" ><\/div><div id=\"wpforms-90-field_7-container\" class=\"wpforms-field wpforms-field-checkbox\" data-field-id=\"7\"><label class=\"wpforms-field-label\">Which service(s) are you interested in:<\/label><ul id=\"wpforms-90-field_7\"><li class=\"choice-1 depth-1\"><input type=\"checkbox\" id=\"wpforms-90-field_7_1\" name=\"wpforms[fields][7][]\" value=\"Import Declaration\"  ><label class=\"wpforms-field-label-inline\" for=\"wpforms-90-field_7_1\">Import Declaration<\/label><\/li><li class=\"choice-2 depth-1\"><input type=\"checkbox\" id=\"wpforms-90-field_7_2\" name=\"wpforms[fields][7][]\" value=\"Export Declaration\"  ><label class=\"wpforms-field-label-inline\" for=\"wpforms-90-field_7_2\">Export Declaration<\/label><\/li><li class=\"choice-9 depth-1\"><input type=\"checkbox\" id=\"wpforms-90-field_7_9\" name=\"wpforms[fields][7][]\" value=\"CBAM\"  ><label class=\"wpforms-field-label-inline\" for=\"wpforms-90-field_7_9\">CBAM<\/label><\/li><li class=\"choice-3 depth-1\"><input type=\"checkbox\" id=\"wpforms-90-field_7_3\" name=\"wpforms[fields][7][]\" value=\"Transit Document\"  ><label class=\"wpforms-field-label-inline\" for=\"wpforms-90-field_7_3\">Transit Document<\/label><\/li><li class=\"choice-4 depth-1\"><input type=\"checkbox\" id=\"wpforms-90-field_7_4\" name=\"wpforms[fields][7][]\" value=\"Transfer of Residence (TOR)\"  ><label class=\"wpforms-field-label-inline\" for=\"wpforms-90-field_7_4\">Transfer of Residence (TOR)<\/label><\/li><li class=\"choice-5 depth-1\"><input type=\"checkbox\" id=\"wpforms-90-field_7_5\" name=\"wpforms[fields][7][]\" value=\"Security Declaration\"  ><label class=\"wpforms-field-label-inline\" for=\"wpforms-90-field_7_5\">Security Declaration<\/label><\/li><li class=\"choice-8 depth-1\"><input type=\"checkbox\" id=\"wpforms-90-field_7_8\" name=\"wpforms[fields][7][]\" value=\"Freight Shipping\"  ><label class=\"wpforms-field-label-inline\" for=\"wpforms-90-field_7_8\">Freight Shipping<\/label><\/li><li class=\"choice-6 depth-1\"><input type=\"checkbox\" id=\"wpforms-90-field_7_6\" name=\"wpforms[fields][7][]\" value=\"Logistics\"  ><label class=\"wpforms-field-label-inline\" for=\"wpforms-90-field_7_6\">Logistics<\/label><\/li><li class=\"choice-7 depth-1\"><input type=\"checkbox\" id=\"wpforms-90-field_7_7\" name=\"wpforms[fields][7][]\" value=\"Supply Chain\"  ><label class=\"wpforms-field-label-inline\" for=\"wpforms-90-field_7_7\">Supply Chain<\/label><\/li><\/ul><\/div><div id=\"wpforms-90-field_2-container\" class=\"wpforms-field wpforms-field-textarea\" data-field-id=\"2\"><label class=\"wpforms-field-label\" for=\"wpforms-90-field_2\">Additional Comments<\/label><textarea id=\"wpforms-90-field_2\" class=\"wpforms-field-medium\" name=\"wpforms[fields][2]\" ><\/textarea><\/div><\/div><!-- .wpforms-field-container --><div class=\"wpforms-recaptcha-container wpforms-is-recaptcha wpforms-is-recaptcha-type-invisible\" ><div class=\"g-recaptcha\" data-sitekey=\"6LdifI4fAAAAACNIvaJsAyYjc7SViYqtoKLgu6sY\" data-size=\"invisible\"><\/div><\/div><div class=\"wpforms-submit-container\" ><input type=\"hidden\" name=\"wpforms[id]\" value=\"90\"><input type=\"hidden\" name=\"page_title\" value=\"\"><input type=\"hidden\" name=\"page_url\" value=\"https:\/\/customscomplete.com\/es\/wp-json\/wp\/v2\/pages\/2152\"><input type=\"hidden\" name=\"url_referer\" value=\"\"><button type=\"submit\" name=\"wpforms[submit]\" id=\"wpforms-submit-90\" class=\"wpforms-submit\" data-alt-text=\"Sending...\" data-submit-text=\"Submit\" aria-live=\"assertive\" value=\"wpforms-submit\">Submit<\/button><\/div><\/form><\/div>  <!-- .wpforms-container -->","protected":false},"excerpt":{"rendered":"<p>Perched on England\u2019s north-western coastline, Heysham Port is primarily used for shipping services to and from the Island of Ireland. The main destinations from Heysham include Warrenpoint and Belfast in Northern Ireland and Dublin Port in the Republic of Ireland. Other destinations include Douglas on the Isle of Man. In [&hellip;]<\/p>\n","protected":false},"author":1,"featured_media":0,"parent":0,"menu_order":0,"comment_status":"closed","ping_status":"closed","template":"","meta":{"om_disable_all_campaigns":false,"_monsterinsights_skip_tracking":false,"_monsterinsights_sitenote_active":false,"_monsterinsights_sitenote_note":"","_monsterinsights_sitenote_category":0,"site-sidebar-layout":"default","site-content-layout":"","ast-site-content-layout":"default","site-content-style":"default","site-sidebar-style":"default","ast-global-header-display":"","ast-banner-title-visibility":"","ast-main-header-display":"","ast-hfb-above-header-display":"","ast-hfb-below-header-display":"","ast-hfb-mobile-header-display":"","site-post-title":"","ast-breadcrumbs-content":"","ast-featured-img":"","footer-sml-layout":"","ast-disable-related-posts":"","theme-transparent-header-meta":"","adv-header-id-meta":"","stick-header-meta":"","header-above-stick-meta":"","header-main-stick-meta":"","header-below-stick-meta":"","astra-migrate-meta-layouts":"set","ast-page-background-enabled":"default","ast-page-background-meta":{"desktop":{"background-color":"","background-image":"","background-repeat":"repeat","background-position":"center center","background-size":"auto","background-attachment":"scroll","background-type":"","background-media":"","overlay-type":"","overlay-color":"","overlay-opacity":"","overlay-gradient":""},"tablet":{"background-color":"","background-image":"","background-repeat":"repeat","background-position":"center center","background-size":"auto","background-attachment":"scroll","background-type":"","background-media":"","overlay-type":"","overlay-color":"","overlay-opacity":"","overlay-gradient":""},"mobile":{"background-color":"","background-image":"","background-repeat":"repeat","background-position":"center center","background-size":"auto","background-attachment":"scroll","background-type":"","background-media":"","overlay-type":"","overlay-color":"","overlay-opacity":"","overlay-gradient":""}},"ast-content-background-meta":{"desktop":{"background-color":"var(--ast-global-color-5)","background-image":"","background-repeat":"repeat","background-position":"center center","background-size":"auto","background-attachment":"scroll","background-type":"","background-media":"","overlay-type":"","overlay-color":"","overlay-opacity":"","overlay-gradient":""},"tablet":{"background-color":"var(--ast-global-color-5)","background-image":"","background-repeat":"repeat","background-position":"center center","background-size":"auto","background-attachment":"scroll","background-type":"","background-media":"","overlay-type":"","overlay-color":"","overlay-opacity":"","overlay-gradient":""},"mobile":{"background-color":"var(--ast-global-color-5)","background-image":"","background-repeat":"repeat","background-position":"center center","background-size":"auto","background-attachment":"scroll","background-type":"","background-media":"","overlay-type":"","overlay-color":"","overlay-opacity":"","overlay-gradient":""}},"footnotes":""},"class_list":["post-2152","page","type-page","status-publish","hentry"],"yoast_head":"<!-- This site is optimized with the Yoast SEO plugin v27.5 - https:\/\/yoast.com\/product\/yoast-seo-wordpress\/ -->\n<title>Customs Clearance In Heysham - Customs Complete<\/title>\n<meta name=\"description\" content=\"Heysham Port is primarily used for shipping to and from the Island of Ireland. Read on to find out more about Customs Clearance in Heysham.\" \/>\n<meta name=\"robots\" content=\"index, follow, max-snippet:-1, max-image-preview:large, max-video-preview:-1\" \/>\n<link rel=\"canonical\" href=\"https:\/\/customscomplete.com\/es\/despacho-de-aduanas-en-heysham\/\" \/>\n<meta property=\"og:locale\" content=\"es_ES\" \/>\n<meta property=\"og:type\" content=\"article\" \/>\n<meta property=\"og:title\" content=\"Customs Clearance In Heysham - Customs Complete\" \/>\n<meta property=\"og:description\" content=\"Heysham Port is primarily used for shipping to and from the Island of Ireland. Read on to find out more about Customs Clearance in Heysham.\" \/>\n<meta property=\"og:url\" content=\"https:\/\/customscomplete.com\/es\/despacho-de-aduanas-en-heysham\/\" \/>\n<meta property=\"og:site_name\" content=\"Customs Complete\" \/>\n<meta property=\"article:publisher\" content=\"https:\/\/www.facebook.com\/customscomplete\" \/>\n<meta property=\"og:image\" content=\"https:\/\/customscomplete.com\/wp-content\/uploads\/2021\/09\/Facebook-social-homepage.png\" \/>\n\t<meta property=\"og:image:width\" content=\"300\" \/>\n\t<meta property=\"og:image:height\" content=\"200\" \/>\n\t<meta property=\"og:image:type\" content=\"image\/png\" \/>\n<meta name=\"twitter:card\" content=\"summary_large_image\" \/>\n<meta name=\"twitter:label1\" content=\"Tiempo de lectura\" \/>\n\t<meta name=\"twitter:data1\" content=\"2 minutos\" \/>\n<script type=\"application\/ld+json\" class=\"yoast-schema-graph\">{\"@context\":\"https:\\\/\\\/schema.org\",\"@graph\":[{\"@type\":\"WebPage\",\"@id\":\"https:\\\/\\\/customscomplete.com\\\/customs-clearance-in-heysham\\\/\",\"url\":\"https:\\\/\\\/customscomplete.com\\\/customs-clearance-in-heysham\\\/\",\"name\":\"Customs Clearance In Heysham - Customs Complete\",\"isPartOf\":{\"@id\":\"https:\\\/\\\/customscomplete.com\\\/#website\"},\"datePublished\":\"2023-11-28T13:08:49+00:00\",\"description\":\"Heysham Port is primarily used for shipping to and from the Island of Ireland. Read on to find out more about Customs Clearance in Heysham.\",\"breadcrumb\":{\"@id\":\"https:\\\/\\\/customscomplete.com\\\/customs-clearance-in-heysham\\\/#breadcrumb\"},\"inLanguage\":\"es\",\"potentialAction\":[{\"@type\":\"ReadAction\",\"target\":[\"https:\\\/\\\/customscomplete.com\\\/customs-clearance-in-heysham\\\/\"]}]},{\"@type\":\"BreadcrumbList\",\"@id\":\"https:\\\/\\\/customscomplete.com\\\/customs-clearance-in-heysham\\\/#breadcrumb\",\"itemListElement\":[{\"@type\":\"ListItem\",\"position\":1,\"name\":\"Home\",\"item\":\"https:\\\/\\\/customscomplete.com\\\/\"},{\"@type\":\"ListItem\",\"position\":2,\"name\":\"Customs Clearance In Heysham\"}]},{\"@type\":\"WebSite\",\"@id\":\"https:\\\/\\\/customscomplete.com\\\/#website\",\"url\":\"https:\\\/\\\/customscomplete.com\\\/\",\"name\":\"Customs Complete\",\"description\":\"Clearing The Way\",\"publisher\":{\"@id\":\"https:\\\/\\\/customscomplete.com\\\/#organization\"},\"potentialAction\":[{\"@type\":\"SearchAction\",\"target\":{\"@type\":\"EntryPoint\",\"urlTemplate\":\"https:\\\/\\\/customscomplete.com\\\/?s={search_term_string}\"},\"query-input\":{\"@type\":\"PropertyValueSpecification\",\"valueRequired\":true,\"valueName\":\"search_term_string\"}}],\"inLanguage\":\"es\"},{\"@type\":\"Organization\",\"@id\":\"https:\\\/\\\/customscomplete.com\\\/#organization\",\"name\":\"Customs Complete\",\"url\":\"https:\\\/\\\/customscomplete.com\\\/\",\"logo\":{\"@type\":\"ImageObject\",\"inLanguage\":\"es\",\"@id\":\"https:\\\/\\\/customscomplete.com\\\/#\\\/schema\\\/logo\\\/image\\\/\",\"url\":\"https:\\\/\\\/customscomplete.com\\\/wp-content\\\/uploads\\\/2021\\\/09\\\/Facebook-social-homepage.png\",\"contentUrl\":\"https:\\\/\\\/customscomplete.com\\\/wp-content\\\/uploads\\\/2021\\\/09\\\/Facebook-social-homepage.png\",\"width\":300,\"height\":200,\"caption\":\"Customs Complete\"},\"image\":{\"@id\":\"https:\\\/\\\/customscomplete.com\\\/#\\\/schema\\\/logo\\\/image\\\/\"},\"sameAs\":[\"https:\\\/\\\/www.facebook.com\\\/customscomplete\",\"https:\\\/\\\/www.linkedin.com\\\/company\\\/customs-complete\"]}]}<\/script>\n<!-- \/ Yoast SEO plugin. -->","yoast_head_json":{"title":"Despacho de aduanas en Heysham - Customs Complete","description":"El puerto de Heysham se utiliza principalmente para el transporte mar\u00edtimo desde y hacia la isla de Irlanda. Siga leyendo para obtener m\u00e1s informaci\u00f3n sobre el despacho de aduanas en Heysham.","robots":{"index":"index","follow":"follow","max-snippet":"max-snippet:-1","max-image-preview":"max-image-preview:large","max-video-preview":"max-video-preview:-1"},"canonical":"https:\/\/customscomplete.com\/es\/despacho-de-aduanas-en-heysham\/","og_locale":"es_ES","og_type":"article","og_title":"Customs Clearance In Heysham - Customs Complete","og_description":"Heysham Port is primarily used for shipping to and from the Island of Ireland. Read on to find out more about Customs Clearance in Heysham.","og_url":"https:\/\/customscomplete.com\/es\/despacho-de-aduanas-en-heysham\/","og_site_name":"Customs Complete","article_publisher":"https:\/\/www.facebook.com\/customscomplete","og_image":[{"width":300,"height":200,"url":"https:\/\/customscomplete.com\/wp-content\/uploads\/2021\/09\/Facebook-social-homepage.png","type":"image\/png"}],"twitter_card":"summary_large_image","twitter_misc":{"Tiempo de lectura":"2 minutos"},"schema":{"@context":"https:\/\/schema.org","@graph":[{"@type":"WebPage","@id":"https:\/\/customscomplete.com\/customs-clearance-in-heysham\/","url":"https:\/\/customscomplete.com\/customs-clearance-in-heysham\/","name":"Despacho de aduanas en Heysham - Customs Complete","isPartOf":{"@id":"https:\/\/customscomplete.com\/#website"},"datePublished":"2023-11-28T13:08:49+00:00","description":"El puerto de Heysham se utiliza principalmente para el transporte mar\u00edtimo desde y hacia la isla de Irlanda. Siga leyendo para obtener m\u00e1s informaci\u00f3n sobre el despacho de aduanas en Heysham.","breadcrumb":{"@id":"https:\/\/customscomplete.com\/customs-clearance-in-heysham\/#breadcrumb"},"inLanguage":"es","potentialAction":[{"@type":"ReadAction","target":["https:\/\/customscomplete.com\/customs-clearance-in-heysham\/"]}]},{"@type":"BreadcrumbList","@id":"https:\/\/customscomplete.com\/customs-clearance-in-heysham\/#breadcrumb","itemListElement":[{"@type":"ListItem","position":1,"name":"Home","item":"https:\/\/customscomplete.com\/"},{"@type":"ListItem","position":2,"name":"Customs Clearance In Heysham"}]},{"@type":"WebSite","@id":"https:\/\/customscomplete.com\/#website","url":"https:\/\/customscomplete.com\/","name":"Customs Complete","description":"Despejando el camino","publisher":{"@id":"https:\/\/customscomplete.com\/#organization"},"potentialAction":[{"@type":"SearchAction","target":{"@type":"EntryPoint","urlTemplate":"https:\/\/customscomplete.com\/?s={search_term_string}"},"query-input":{"@type":"PropertyValueSpecification","valueRequired":true,"valueName":"search_term_string"}}],"inLanguage":"es"},{"@type":"Organization","@id":"https:\/\/customscomplete.com\/#organization","name":"Customs Complete","url":"https:\/\/customscomplete.com\/","logo":{"@type":"ImageObject","inLanguage":"es","@id":"https:\/\/customscomplete.com\/#\/schema\/logo\/image\/","url":"https:\/\/customscomplete.com\/wp-content\/uploads\/2021\/09\/Facebook-social-homepage.png","contentUrl":"https:\/\/customscomplete.com\/wp-content\/uploads\/2021\/09\/Facebook-social-homepage.png","width":300,"height":200,"caption":"Customs Complete"},"image":{"@id":"https:\/\/customscomplete.com\/#\/schema\/logo\/image\/"},"sameAs":["https:\/\/www.facebook.com\/customscomplete","https:\/\/www.linkedin.com\/company\/customs-complete"]}]}},"_links":{"self":[{"href":"https:\/\/customscomplete.com\/es\/wp-json\/wp\/v2\/pages\/2152","targetHints":{"allow":["GET"]}}],"collection":[{"href":"https:\/\/customscomplete.com\/es\/wp-json\/wp\/v2\/pages"}],"about":[{"href":"https:\/\/customscomplete.com\/es\/wp-json\/wp\/v2\/types\/page"}],"author":[{"embeddable":true,"href":"https:\/\/customscomplete.com\/es\/wp-json\/wp\/v2\/users\/1"}],"replies":[{"embeddable":true,"href":"https:\/\/customscomplete.com\/es\/wp-json\/wp\/v2\/comments?post=2152"}],"version-history":[{"count":3,"href":"https:\/\/customscomplete.com\/es\/wp-json\/wp\/v2\/pages\/2152\/revisions"}],"predecessor-version":[{"id":2808,"href":"https:\/\/customscomplete.com\/es\/wp-json\/wp\/v2\/pages\/2152\/revisions\/2808"}],"wp:attachment":[{"href":"https:\/\/customscomplete.com\/es\/wp-json\/wp\/v2\/media?parent=2152"}],"curies":[{"name":"wp","href":"https:\/\/api.w.org\/{rel}","templated":true}]}}