{"id":2154,"date":"2023-11-30T09:09:00","date_gmt":"2023-11-30T09:09:00","guid":{"rendered":"https:\/\/customscomplete.com\/?page_id=2154"},"modified":"2023-11-14T16:02:50","modified_gmt":"2023-11-14T16:02:50","slug":"despacho-de-aduanas-en-le-havre","status":"publish","type":"page","link":"https:\/\/customscomplete.com\/es\/customs-clearance-in-le-havre\/","title":{"rendered":"Despacho de aduanas en Le Havre"},"content":{"rendered":"\n<p>The Port of Le Harve is situated on the Normandy coastline in the north of France. Not only is it a charming maritime destination, but it is also one of the most prominent ports in Europe. The Port of Le Havre is the second busiest port in France, and the fifth biggest port in mainland Europe. Le Havre Port is a multi-purpose commercial port with several terminals which can process a diverse range of goods. The port\u2019s deep-water capabilities mean it can handle all sizes of vessels. Read on for more information about Customs Clearance in Le Havre.<\/p>\n\n\n\n<p><strong>Port of Le Havre and Customs Clearance<\/strong><\/p>\n\n\n\n<p>The <a href=\"https:\/\/en.wikipedia.org\/wiki\/Port_of_Le_Havre\" target=\"_blank\" rel=\"noreferrer noopener\">Port of Le Havre<\/a> is located along the English Channel. Its prominent position means it deals with a large volume of shipments. Some 10 container vessels travel in and out of the port every day. Due to this large volume, Le Havre is heavily concerned with customs clearance. The Port Authority of Le Havre is the state agency in charge of managing the port. They have introduced several measures in order to streamline the flow of goods. This has resulted in the smooth, efficient customs clearance process present at the Port of Le Havre. These measures include:<\/p>\n\n\n\n<ol class=\"wp-block-list\" type=\"1\">\n<li><strong>State of the Art Infrastructure: <\/strong>The Port of Le Havre boasts high-end customs clearance facilities, along with specialised inspection zones. These facilities are crucial in ensuring goods are accompanied by proper documentation and are compliant with all regulations.<\/li>\n\n\n\n<li><strong>Adaptable Cargo Management: <\/strong>Le Havre Port deals with several types of cargo. Bulk goods, containers, and roll-on\/roll-off traffic. This as well as its deep-water capabilities means it candle handle almost all types of cargo. This results in an extremely efficient customs clearance process as the port cannot afford to have delays and interruptions because of the high volume of freight passing through.<\/li>\n\n\n\n<li><strong>Technological Advancements:<\/strong> The Port Authority of Le Havre have invested heavily in technological advancements which help reduce human error and the amount of paperwork involved with clearance procedures.<\/li>\n<\/ol>\n\n\n\n<p>All of these measures were put in place in order to make the procedures in the Port of Le Havre much smoother and easier for all importers and exporters using the port. Many businesses partner with customs brokers\/agents in order to reduce the likelihood of non-compliance and penalties.<\/p>\n\n\n\n<figure class=\"wp-block-image size-large\"><img fetchpriority=\"high\" decoding=\"async\" width=\"1024\" height=\"682\" src=\"https:\/\/customscomplete.com\/wp-content\/uploads\/2023\/11\/Le-Havre-2-1024x682.jpg\" alt=\"customs clearance in le havre\" class=\"wp-image-2227\" srcset=\"https:\/\/customscomplete.com\/wp-content\/uploads\/2023\/11\/Le-Havre-2-1024x682.jpg 1024w, https:\/\/customscomplete.com\/wp-content\/uploads\/2023\/11\/Le-Havre-2-300x200.jpg 300w, https:\/\/customscomplete.com\/wp-content\/uploads\/2023\/11\/Le-Havre-2-768x512.jpg 768w, https:\/\/customscomplete.com\/wp-content\/uploads\/2023\/11\/Le-Havre-2.jpg 1280w\" sizes=\"(max-width: 1024px) 100vw, 1024px\" \/><\/figure>\n\n\n\n<h4 class=\"wp-block-heading\">How Do I Contact a Customs Agent to arrange Customs Clearance In Le Havre?<\/h4>\n\n\n\n<p>It is recommended to contact a Customs Agent as soon as you have the details for your shipment. There are many Clearance Agents who offer similar services but it is important to choose an Agent who has the experience and knowledge to clear your goods. <\/p>\n\n\n\n<p><a href=\"https:\/\/customscomplete.com\/faq\/\"><mark style=\"background-color:rgba(0, 0, 0, 0)\" class=\"has-inline-color has-ast-global-color-0-color\">For more FAQ\u00b4s about Customs Clearance please click here<\/mark><\/a><\/p>\n\n\n\n<h3 class=\"wp-block-heading\">Contact Customs Complete<\/h3>\n\n\n<div class=\"wpforms-container wpforms-block wpforms-block-b4de45db-0eee-43ca-8ad0-9c17f5ec262b\" id=\"wpforms-90\"><form id=\"wpforms-form-90\" class=\"wpforms-validate wpforms-form\" data-formid=\"90\" method=\"post\" enctype=\"multipart\/form-data\" action=\"\/es\/wp-json\/wp\/v2\/pages\/2154\" data-token=\"7cba8751539b8f63d627ce253a1a19ab\" data-token-time=\"1775290403\"><noscript class=\"wpforms-error-noscript\">Por favor, activa JavaScript en tu navegador para completar este formulario.<\/noscript><div class=\"wpforms-field-container\"><div id=\"wpforms-90-field_0-container\" class=\"wpforms-field wpforms-field-name\" data-field-id=\"0\"><label class=\"wpforms-field-label\" for=\"wpforms-90-field_0\">Name <span class=\"wpforms-required-label\">*<\/span><\/label><input type=\"text\" id=\"wpforms-90-field_0\" class=\"wpforms-field-medium wpforms-field-required\" name=\"wpforms[fields][0]\" required><div class=\"wpforms-field-description\">We do not process personal packages, small online orders, or consumer parcels.<\/div><\/div><div id=\"wpforms-90-field_4-container\" class=\"wpforms-field wpforms-field-text\" data-field-id=\"4\"><label class=\"wpforms-field-label\" for=\"wpforms-90-field_4\">Company <\/label><input type=\"text\" id=\"wpforms-90-field_4\" class=\"wpforms-field-medium\" name=\"wpforms[fields][4]\" ><\/div><div id=\"wpforms-90-field_1-container\" class=\"wpforms-field wpforms-field-email\" data-field-id=\"1\"><label class=\"wpforms-field-label\" for=\"wpforms-90-field_1\">Email <span class=\"wpforms-required-label\">*<\/span><\/label><input type=\"email\" id=\"wpforms-90-field_1\" class=\"wpforms-field-medium wpforms-field-required\" name=\"wpforms[fields][1]\" spellcheck=\"false\" required><\/div><div id=\"wpforms-90-field_5-container\" class=\"wpforms-field wpforms-field-text\" data-field-id=\"5\"><label class=\"wpforms-field-label\" for=\"wpforms-90-field_5\">Phone number<\/label><input type=\"text\" id=\"wpforms-90-field_5\" class=\"wpforms-field-medium\" name=\"wpforms[fields][5]\" ><\/div><div id=\"wpforms-90-field_7-container\" class=\"wpforms-field wpforms-field-checkbox\" data-field-id=\"7\"><label class=\"wpforms-field-label\">Which service(s) are you interested in:<\/label><ul id=\"wpforms-90-field_7\"><li class=\"choice-1 depth-1\"><input type=\"checkbox\" id=\"wpforms-90-field_7_1\" name=\"wpforms[fields][7][]\" value=\"Import Declaration\"  ><label class=\"wpforms-field-label-inline\" for=\"wpforms-90-field_7_1\">Import Declaration<\/label><\/li><li class=\"choice-2 depth-1\"><input type=\"checkbox\" id=\"wpforms-90-field_7_2\" name=\"wpforms[fields][7][]\" value=\"Export Declaration\"  ><label class=\"wpforms-field-label-inline\" for=\"wpforms-90-field_7_2\">Export Declaration<\/label><\/li><li class=\"choice-9 depth-1\"><input type=\"checkbox\" id=\"wpforms-90-field_7_9\" name=\"wpforms[fields][7][]\" value=\"CBAM\"  ><label class=\"wpforms-field-label-inline\" for=\"wpforms-90-field_7_9\">CBAM<\/label><\/li><li class=\"choice-3 depth-1\"><input type=\"checkbox\" id=\"wpforms-90-field_7_3\" name=\"wpforms[fields][7][]\" value=\"Transit Document\"  ><label class=\"wpforms-field-label-inline\" for=\"wpforms-90-field_7_3\">Transit Document<\/label><\/li><li class=\"choice-4 depth-1\"><input type=\"checkbox\" id=\"wpforms-90-field_7_4\" name=\"wpforms[fields][7][]\" value=\"Transfer of Residence (TOR)\"  ><label class=\"wpforms-field-label-inline\" for=\"wpforms-90-field_7_4\">Transfer of Residence (TOR)<\/label><\/li><li class=\"choice-5 depth-1\"><input type=\"checkbox\" id=\"wpforms-90-field_7_5\" name=\"wpforms[fields][7][]\" value=\"Security Declaration\"  ><label class=\"wpforms-field-label-inline\" for=\"wpforms-90-field_7_5\">Security Declaration<\/label><\/li><li class=\"choice-8 depth-1\"><input type=\"checkbox\" id=\"wpforms-90-field_7_8\" name=\"wpforms[fields][7][]\" value=\"Freight Shipping\"  ><label class=\"wpforms-field-label-inline\" for=\"wpforms-90-field_7_8\">Freight Shipping<\/label><\/li><li class=\"choice-6 depth-1\"><input type=\"checkbox\" id=\"wpforms-90-field_7_6\" name=\"wpforms[fields][7][]\" value=\"Logistics\"  ><label class=\"wpforms-field-label-inline\" for=\"wpforms-90-field_7_6\">Logistics<\/label><\/li><li class=\"choice-7 depth-1\"><input type=\"checkbox\" id=\"wpforms-90-field_7_7\" name=\"wpforms[fields][7][]\" value=\"Supply Chain\"  ><label class=\"wpforms-field-label-inline\" for=\"wpforms-90-field_7_7\">Supply Chain<\/label><\/li><\/ul><\/div><div id=\"wpforms-90-field_2-container\" class=\"wpforms-field wpforms-field-textarea\" data-field-id=\"2\"><label class=\"wpforms-field-label\" for=\"wpforms-90-field_2\">Additional Comments<\/label><textarea id=\"wpforms-90-field_2\" class=\"wpforms-field-medium\" name=\"wpforms[fields][2]\" ><\/textarea><\/div><\/div><!-- .wpforms-field-container --><div class=\"wpforms-recaptcha-container wpforms-is-recaptcha wpforms-is-recaptcha-type-invisible\" ><div class=\"g-recaptcha\" data-sitekey=\"6LdifI4fAAAAACNIvaJsAyYjc7SViYqtoKLgu6sY\" data-size=\"invisible\"><\/div><\/div><div class=\"wpforms-submit-container\" ><input type=\"hidden\" name=\"wpforms[id]\" value=\"90\"><input type=\"hidden\" name=\"page_title\" value=\"\"><input type=\"hidden\" name=\"page_url\" value=\"https:\/\/customscomplete.com\/es\/wp-json\/wp\/v2\/pages\/2154\"><input type=\"hidden\" name=\"url_referer\" value=\"\"><button type=\"submit\" name=\"wpforms[submit]\" id=\"wpforms-submit-90\" class=\"wpforms-submit\" data-alt-text=\"Sending...\" data-submit-text=\"Submit\" aria-live=\"assertive\" value=\"wpforms-submit\">Submit<\/button><\/div><\/form><\/div>  <!-- .wpforms-container -->","protected":false},"excerpt":{"rendered":"<p>The Port of Le Harve is situated on the Normandy coastline in the north of France. Not only is it a charming maritime destination, but it is also one of the most prominent ports in Europe. The Port of Le Havre is the second busiest port in France, and the [&hellip;]<\/p>\n","protected":false},"author":1,"featured_media":2226,"parent":0,"menu_order":0,"comment_status":"closed","ping_status":"closed","template":"","meta":{"om_disable_all_campaigns":false,"_monsterinsights_skip_tracking":false,"_monsterinsights_sitenote_active":false,"_monsterinsights_sitenote_note":"","_monsterinsights_sitenote_category":0,"site-sidebar-layout":"default","site-content-layout":"","ast-site-content-layout":"default","site-content-style":"default","site-sidebar-style":"default","ast-global-header-display":"","ast-banner-title-visibility":"","ast-main-header-display":"","ast-hfb-above-header-display":"","ast-hfb-below-header-display":"","ast-hfb-mobile-header-display":"","site-post-title":"","ast-breadcrumbs-content":"","ast-featured-img":"","footer-sml-layout":"","ast-disable-related-posts":"","theme-transparent-header-meta":"","adv-header-id-meta":"","stick-header-meta":"","header-above-stick-meta":"","header-main-stick-meta":"","header-below-stick-meta":"","astra-migrate-meta-layouts":"set","ast-page-background-enabled":"default","ast-page-background-meta":{"desktop":{"background-color":"","background-image":"","background-repeat":"repeat","background-position":"center center","background-size":"auto","background-attachment":"scroll","background-type":"","background-media":"","overlay-type":"","overlay-color":"","overlay-opacity":"","overlay-gradient":""},"tablet":{"background-color":"","background-image":"","background-repeat":"repeat","background-position":"center center","background-size":"auto","background-attachment":"scroll","background-type":"","background-media":"","overlay-type":"","overlay-color":"","overlay-opacity":"","overlay-gradient":""},"mobile":{"background-color":"","background-image":"","background-repeat":"repeat","background-position":"center center","background-size":"auto","background-attachment":"scroll","background-type":"","background-media":"","overlay-type":"","overlay-color":"","overlay-opacity":"","overlay-gradient":""}},"ast-content-background-meta":{"desktop":{"background-color":"var(--ast-global-color-5)","background-image":"","background-repeat":"repeat","background-position":"center center","background-size":"auto","background-attachment":"scroll","background-type":"","background-media":"","overlay-type":"","overlay-color":"","overlay-opacity":"","overlay-gradient":""},"tablet":{"background-color":"var(--ast-global-color-5)","background-image":"","background-repeat":"repeat","background-position":"center center","background-size":"auto","background-attachment":"scroll","background-type":"","background-media":"","overlay-type":"","overlay-color":"","overlay-opacity":"","overlay-gradient":""},"mobile":{"background-color":"var(--ast-global-color-5)","background-image":"","background-repeat":"repeat","background-position":"center center","background-size":"auto","background-attachment":"scroll","background-type":"","background-media":"","overlay-type":"","overlay-color":"","overlay-opacity":"","overlay-gradient":""}},"footnotes":""},"class_list":["post-2154","page","type-page","status-publish","has-post-thumbnail","hentry"],"yoast_head":"<!-- This site is optimized with the Yoast SEO plugin v27.2 - https:\/\/yoast.com\/product\/yoast-seo-wordpress\/ -->\n<title>Customs Clearance In Le Havre - Customs Complete<\/title>\n<meta name=\"description\" content=\"The Port of Le Harve is situated on the Normandy coastline in France. Read on for more information about Customs Clearance in Le Havre.\" \/>\n<meta name=\"robots\" content=\"index, follow, max-snippet:-1, max-image-preview:large, max-video-preview:-1\" \/>\n<link rel=\"canonical\" href=\"https:\/\/customscomplete.com\/es\/despacho-de-aduanas-en-le-havre\/\" \/>\n<meta property=\"og:locale\" content=\"es_ES\" \/>\n<meta property=\"og:type\" content=\"article\" \/>\n<meta property=\"og:title\" content=\"Customs Clearance In Le Havre - Customs Complete\" \/>\n<meta property=\"og:description\" content=\"The Port of Le Harve is situated on the Normandy coastline in France. Read on for more information about Customs Clearance in Le Havre.\" \/>\n<meta property=\"og:url\" content=\"https:\/\/customscomplete.com\/es\/despacho-de-aduanas-en-le-havre\/\" \/>\n<meta property=\"og:site_name\" content=\"Customs Complete\" \/>\n<meta property=\"article:publisher\" content=\"https:\/\/www.facebook.com\/customscomplete\" \/>\n<meta property=\"og:image\" content=\"https:\/\/customscomplete.com\/wp-content\/uploads\/2023\/11\/Le-Havre-1.jpg\" \/>\n\t<meta property=\"og:image:width\" content=\"1280\" \/>\n\t<meta property=\"og:image:height\" content=\"853\" \/>\n\t<meta property=\"og:image:type\" content=\"image\/jpeg\" \/>\n<meta name=\"twitter:card\" content=\"summary_large_image\" \/>\n<meta name=\"twitter:label1\" content=\"Tiempo de lectura\" \/>\n\t<meta name=\"twitter:data1\" content=\"2 minutos\" \/>\n<script type=\"application\/ld+json\" class=\"yoast-schema-graph\">{\"@context\":\"https:\/\/schema.org\",\"@graph\":[{\"@type\":\"WebPage\",\"@id\":\"https:\/\/customscomplete.com\/customs-clearance-in-le-havre\/\",\"url\":\"https:\/\/customscomplete.com\/customs-clearance-in-le-havre\/\",\"name\":\"Customs Clearance In Le Havre - Customs Complete\",\"isPartOf\":{\"@id\":\"https:\/\/customscomplete.com\/#website\"},\"primaryImageOfPage\":{\"@id\":\"https:\/\/customscomplete.com\/customs-clearance-in-le-havre\/#primaryimage\"},\"image\":{\"@id\":\"https:\/\/customscomplete.com\/customs-clearance-in-le-havre\/#primaryimage\"},\"thumbnailUrl\":\"https:\/\/customscomplete.com\/wp-content\/uploads\/2023\/11\/Le-Havre-1.jpg\",\"datePublished\":\"2023-11-30T09:09:00+00:00\",\"description\":\"The Port of Le Harve is situated on the Normandy coastline in France. Read on for more information about Customs Clearance in Le Havre.\",\"breadcrumb\":{\"@id\":\"https:\/\/customscomplete.com\/customs-clearance-in-le-havre\/#breadcrumb\"},\"inLanguage\":\"es\",\"potentialAction\":[{\"@type\":\"ReadAction\",\"target\":[\"https:\/\/customscomplete.com\/customs-clearance-in-le-havre\/\"]}]},{\"@type\":\"ImageObject\",\"inLanguage\":\"es\",\"@id\":\"https:\/\/customscomplete.com\/customs-clearance-in-le-havre\/#primaryimage\",\"url\":\"https:\/\/customscomplete.com\/wp-content\/uploads\/2023\/11\/Le-Havre-1.jpg\",\"contentUrl\":\"https:\/\/customscomplete.com\/wp-content\/uploads\/2023\/11\/Le-Havre-1.jpg\",\"width\":1280,\"height\":853,\"caption\":\"customs clearance in le havre\"},{\"@type\":\"BreadcrumbList\",\"@id\":\"https:\/\/customscomplete.com\/customs-clearance-in-le-havre\/#breadcrumb\",\"itemListElement\":[{\"@type\":\"ListItem\",\"position\":1,\"name\":\"Home\",\"item\":\"https:\/\/customscomplete.com\/\"},{\"@type\":\"ListItem\",\"position\":2,\"name\":\"Customs Clearance In Le Havre\"}]},{\"@type\":\"WebSite\",\"@id\":\"https:\/\/customscomplete.com\/#website\",\"url\":\"https:\/\/customscomplete.com\/\",\"name\":\"Customs Complete\",\"description\":\"Clearing The Way\",\"publisher\":{\"@id\":\"https:\/\/customscomplete.com\/#organization\"},\"potentialAction\":[{\"@type\":\"SearchAction\",\"target\":{\"@type\":\"EntryPoint\",\"urlTemplate\":\"https:\/\/customscomplete.com\/?s={search_term_string}\"},\"query-input\":{\"@type\":\"PropertyValueSpecification\",\"valueRequired\":true,\"valueName\":\"search_term_string\"}}],\"inLanguage\":\"es\"},{\"@type\":\"Organization\",\"@id\":\"https:\/\/customscomplete.com\/#organization\",\"name\":\"Customs Complete\",\"url\":\"https:\/\/customscomplete.com\/\",\"logo\":{\"@type\":\"ImageObject\",\"inLanguage\":\"es\",\"@id\":\"https:\/\/customscomplete.com\/#\/schema\/logo\/image\/\",\"url\":\"https:\/\/customscomplete.com\/wp-content\/uploads\/2021\/09\/Facebook-social-homepage.png\",\"contentUrl\":\"https:\/\/customscomplete.com\/wp-content\/uploads\/2021\/09\/Facebook-social-homepage.png\",\"width\":300,\"height\":200,\"caption\":\"Customs Complete\"},\"image\":{\"@id\":\"https:\/\/customscomplete.com\/#\/schema\/logo\/image\/\"},\"sameAs\":[\"https:\/\/www.facebook.com\/customscomplete\",\"https:\/\/www.linkedin.com\/company\/customs-complete\"]}]}<\/script>\n<!-- \/ Yoast SEO plugin. -->","yoast_head_json":{"title":"Despacho de aduanas en Le Havre - Customs Complete","description":"El puerto de Le Harve est\u00e1 situado en la costa de Normand\u00eda, en Francia. Siga leyendo para obtener m\u00e1s informaci\u00f3n sobre el despacho de aduanas en Le Havre.","robots":{"index":"index","follow":"follow","max-snippet":"max-snippet:-1","max-image-preview":"max-image-preview:large","max-video-preview":"max-video-preview:-1"},"canonical":"https:\/\/customscomplete.com\/es\/despacho-de-aduanas-en-le-havre\/","og_locale":"es_ES","og_type":"article","og_title":"Customs Clearance In Le Havre - Customs Complete","og_description":"The Port of Le Harve is situated on the Normandy coastline in France. Read on for more information about Customs Clearance in Le Havre.","og_url":"https:\/\/customscomplete.com\/es\/despacho-de-aduanas-en-le-havre\/","og_site_name":"Customs Complete","article_publisher":"https:\/\/www.facebook.com\/customscomplete","og_image":[{"width":1280,"height":853,"url":"https:\/\/customscomplete.com\/wp-content\/uploads\/2023\/11\/Le-Havre-1.jpg","type":"image\/jpeg"}],"twitter_card":"summary_large_image","twitter_misc":{"Tiempo de lectura":"2 minutos"},"schema":{"@context":"https:\/\/schema.org","@graph":[{"@type":"WebPage","@id":"https:\/\/customscomplete.com\/customs-clearance-in-le-havre\/","url":"https:\/\/customscomplete.com\/customs-clearance-in-le-havre\/","name":"Despacho de aduanas en Le Havre - Customs Complete","isPartOf":{"@id":"https:\/\/customscomplete.com\/#website"},"primaryImageOfPage":{"@id":"https:\/\/customscomplete.com\/customs-clearance-in-le-havre\/#primaryimage"},"image":{"@id":"https:\/\/customscomplete.com\/customs-clearance-in-le-havre\/#primaryimage"},"thumbnailUrl":"https:\/\/customscomplete.com\/wp-content\/uploads\/2023\/11\/Le-Havre-1.jpg","datePublished":"2023-11-30T09:09:00+00:00","description":"El puerto de Le Harve est\u00e1 situado en la costa de Normand\u00eda, en Francia. Siga leyendo para obtener m\u00e1s informaci\u00f3n sobre el despacho de aduanas en Le Havre.","breadcrumb":{"@id":"https:\/\/customscomplete.com\/customs-clearance-in-le-havre\/#breadcrumb"},"inLanguage":"es","potentialAction":[{"@type":"ReadAction","target":["https:\/\/customscomplete.com\/customs-clearance-in-le-havre\/"]}]},{"@type":"ImageObject","inLanguage":"es","@id":"https:\/\/customscomplete.com\/customs-clearance-in-le-havre\/#primaryimage","url":"https:\/\/customscomplete.com\/wp-content\/uploads\/2023\/11\/Le-Havre-1.jpg","contentUrl":"https:\/\/customscomplete.com\/wp-content\/uploads\/2023\/11\/Le-Havre-1.jpg","width":1280,"height":853,"caption":"customs clearance in le havre"},{"@type":"BreadcrumbList","@id":"https:\/\/customscomplete.com\/customs-clearance-in-le-havre\/#breadcrumb","itemListElement":[{"@type":"ListItem","position":1,"name":"Home","item":"https:\/\/customscomplete.com\/"},{"@type":"ListItem","position":2,"name":"Customs Clearance In Le Havre"}]},{"@type":"WebSite","@id":"https:\/\/customscomplete.com\/#website","url":"https:\/\/customscomplete.com\/","name":"Customs Complete","description":"Despejando el camino","publisher":{"@id":"https:\/\/customscomplete.com\/#organization"},"potentialAction":[{"@type":"SearchAction","target":{"@type":"EntryPoint","urlTemplate":"https:\/\/customscomplete.com\/?s={search_term_string}"},"query-input":{"@type":"PropertyValueSpecification","valueRequired":true,"valueName":"search_term_string"}}],"inLanguage":"es"},{"@type":"Organization","@id":"https:\/\/customscomplete.com\/#organization","name":"Customs Complete","url":"https:\/\/customscomplete.com\/","logo":{"@type":"ImageObject","inLanguage":"es","@id":"https:\/\/customscomplete.com\/#\/schema\/logo\/image\/","url":"https:\/\/customscomplete.com\/wp-content\/uploads\/2021\/09\/Facebook-social-homepage.png","contentUrl":"https:\/\/customscomplete.com\/wp-content\/uploads\/2021\/09\/Facebook-social-homepage.png","width":300,"height":200,"caption":"Customs Complete"},"image":{"@id":"https:\/\/customscomplete.com\/#\/schema\/logo\/image\/"},"sameAs":["https:\/\/www.facebook.com\/customscomplete","https:\/\/www.linkedin.com\/company\/customs-complete"]}]}},"_links":{"self":[{"href":"https:\/\/customscomplete.com\/es\/wp-json\/wp\/v2\/pages\/2154","targetHints":{"allow":["GET"]}}],"collection":[{"href":"https:\/\/customscomplete.com\/es\/wp-json\/wp\/v2\/pages"}],"about":[{"href":"https:\/\/customscomplete.com\/es\/wp-json\/wp\/v2\/types\/page"}],"author":[{"embeddable":true,"href":"https:\/\/customscomplete.com\/es\/wp-json\/wp\/v2\/users\/1"}],"replies":[{"embeddable":true,"href":"https:\/\/customscomplete.com\/es\/wp-json\/wp\/v2\/comments?post=2154"}],"version-history":[{"count":3,"href":"https:\/\/customscomplete.com\/es\/wp-json\/wp\/v2\/pages\/2154\/revisions"}],"predecessor-version":[{"id":2838,"href":"https:\/\/customscomplete.com\/es\/wp-json\/wp\/v2\/pages\/2154\/revisions\/2838"}],"wp:featuredmedia":[{"embeddable":true,"href":"https:\/\/customscomplete.com\/es\/wp-json\/wp\/v2\/media\/2226"}],"wp:attachment":[{"href":"https:\/\/customscomplete.com\/es\/wp-json\/wp\/v2\/media?parent=2154"}],"curies":[{"name":"wp","href":"https:\/\/api.w.org\/{rel}","templated":true}]}}