{"id":2160,"date":"2023-11-14T16:17:03","date_gmt":"2023-11-14T16:17:03","guid":{"rendered":"https:\/\/customscomplete.com\/?page_id=2160"},"modified":"2023-11-14T16:17:04","modified_gmt":"2023-11-14T16:17:04","slug":"despacho-de-aduanas-en-southampton","status":"publish","type":"page","link":"https:\/\/customscomplete.com\/es\/customs-clearance-in-southampton\/","title":{"rendered":"Despacho de aduanas en Southampton"},"content":{"rendered":"<p>Situado en la costa sur de Inglaterra, el puerto de Southampton es uno de los m\u00e1s activos y estrat\u00e9gicos del pa\u00eds. Su rica historia, sus modernas instalaciones y sus eficaces procedimientos de despacho de aduanas lo convierten en una puerta crucial para el comercio, as\u00ed como en un punto de partida para muchos viajeros que exploran el Reino Unido. En este blog, exploraremos el puerto de Southampton y profundizaremos en sus procedimientos de despacho de aduanas, que permiten que las mercanc\u00edas circulen sin problemas. Siga leyendo para obtener m\u00e1s informaci\u00f3n sobre el despacho de aduanas en Southampton.<\/p>\n\n\n\n<p>La ventaja geogr\u00e1fica del puerto de Southampton es clave para su \u00e9xito. Situado en la costa sur de Inglaterra, goza de una gran proximidad al Canal de la Mancha, lo que lo convierte en una conexi\u00f3n ideal para las mercanc\u00edas que viajan entre el Reino Unido y Europa continental. La accesibilidad del puerto a las principales redes de transporte, incluidas la carretera y el ferrocarril, refuerza a\u00fan m\u00e1s su importancia en la cadena de suministro mundial.<\/p>\n\n\n\n<figure class=\"wp-block-image size-large\"><img fetchpriority=\"high\" decoding=\"async\" width=\"1024\" height=\"768\" src=\"https:\/\/customscomplete.com\/wp-content\/uploads\/2023\/11\/Southampton-2-1024x768.jpg\" alt=\"despacho de aduanas en southampton\" class=\"wp-image-2237\" srcset=\"https:\/\/customscomplete.com\/wp-content\/uploads\/2023\/11\/Southampton-2-1024x768.jpg 1024w, https:\/\/customscomplete.com\/wp-content\/uploads\/2023\/11\/Southampton-2-300x225.jpg 300w, https:\/\/customscomplete.com\/wp-content\/uploads\/2023\/11\/Southampton-2-768x576.jpg 768w, https:\/\/customscomplete.com\/wp-content\/uploads\/2023\/11\/Southampton-2.jpg 1280w\" sizes=\"(max-width: 1024px) 100vw, 1024px\" \/><\/figure>\n\n\n\n<p><strong>Despacho de aduanas en el puerto de Southampton<\/strong><\/p>\n\n\n\n<p>Despacho de aduanas en <a href=\"https:\/\/www.southamptonvts.co.uk\/\" target=\"_blank\" rel=\"noreferrer noopener\">Puerto de Southampton<\/a> es un proceso meticulosamente regulado que garantiza la entrada y salida legal de mercanc\u00edas en el Reino Unido. Hay varios procesos de despacho de aduanas que tienen lugar en el puerto de Southampton.<\/p>\n\n\n\n<p>Las mercanc\u00edas que viajan a trav\u00e9s del puerto de Southampton deben ir acompa\u00f1adas de la documentaci\u00f3n adecuada. Estos documentos pueden ser facturas comerciales, listas de empaquetado, conocimientos de embarque\/cartas de porte a\u00e9reo y declaraciones de importaci\u00f3n\/exportaci\u00f3n. Estos documentos contienen informaci\u00f3n necesaria para el despacho de aduanas. Valor de las mercanc\u00edas, peso, pa\u00eds de origen, c\u00f3digos de mercanc\u00edas e incoterms. \u00a0<\/p>\n\n\n\n<p>Las inspecciones y los controles son tambi\u00e9n una caracter\u00edstica muy destacada del despacho de aduanas en el puerto de Southampton. Las autoridades portuarias realizan controles para garantizar que las mercanc\u00edas se importan y exportan legalmente a trav\u00e9s del puerto. Estas inspecciones incluyen controles f\u00edsicos, documentales y de identificaci\u00f3n. El cumplimiento de las autoridades portuarias es crucial en el proceso, ya que su incumplimiento puede dar lugar a retrasos y, en algunos casos, a cuantiosas multas.<\/p>\n\n\n\n<p>Para evitar estas complicaciones, muchas empresas que importan y exportan mercanc\u00edas a trav\u00e9s del puerto de Southampton recurren a agentes de aduanas. Estos agentes pueden utilizar su experiencia para garantizar una navegaci\u00f3n fluida por el puerto de Southampton.<\/p>\n\n\n\n<h4 class=\"wp-block-heading\">\u00bfC\u00f3mo puedo ponerme en contacto con un agente de aduanas para tramitar el despacho de aduanas en el puerto de Southampton?<\/h4>\n\n\n\n<p>Se recomienda ponerse en contacto con un Agente de Aduanas en cuanto tenga los datos de su env\u00edo. Hay muchos Agentes de Aduanas que ofrecen servicios similares, pero es importante elegir un Agente que tenga la experiencia y los conocimientos necesarios para despachar sus mercanc\u00edas. <\/p>\n\n\n\n<p><a href=\"https:\/\/customscomplete.com\/es\/faq\/\"><mark style=\"background-color:rgba(0, 0, 0, 0)\" class=\"has-inline-color has-ast-global-color-0-color\">Para m\u00e1s preguntas frecuentes sobre el despacho de aduanas, haga clic aqu\u00ed<\/mark><\/a><\/p>\n\n\n\n<h3 class=\"wp-block-heading\">Contacto Aduanas Completas<\/h3>","protected":false},"excerpt":{"rendered":"<p>Situated on the south coast of England, Southampton Port is one of the country&#8217;s busiest and most strategically located ports. Its rich history, state-of-the-art facilities, and efficient customs clearance procedures make it a crucial gateway for trade and commerce, as well as a starting point for many travellers exploring the [&hellip;]<\/p>\n","protected":false},"author":1,"featured_media":2236,"parent":0,"menu_order":0,"comment_status":"closed","ping_status":"closed","template":"","meta":{"om_disable_all_campaigns":false,"_monsterinsights_skip_tracking":false,"_monsterinsights_sitenote_active":false,"_monsterinsights_sitenote_note":"","_monsterinsights_sitenote_category":0,"site-sidebar-layout":"default","site-content-layout":"","ast-site-content-layout":"default","site-content-style":"default","site-sidebar-style":"default","ast-global-header-display":"","ast-banner-title-visibility":"","ast-main-header-display":"","ast-hfb-above-header-display":"","ast-hfb-below-header-display":"","ast-hfb-mobile-header-display":"","site-post-title":"","ast-breadcrumbs-content":"","ast-featured-img":"","footer-sml-layout":"","ast-disable-related-posts":"","theme-transparent-header-meta":"","adv-header-id-meta":"","stick-header-meta":"","header-above-stick-meta":"","header-main-stick-meta":"","header-below-stick-meta":"","astra-migrate-meta-layouts":"set","ast-page-background-enabled":"default","ast-page-background-meta":{"desktop":{"background-color":"","background-image":"","background-repeat":"repeat","background-position":"center center","background-size":"auto","background-attachment":"scroll","background-type":"","background-media":"","overlay-type":"","overlay-color":"","overlay-opacity":"","overlay-gradient":""},"tablet":{"background-color":"","background-image":"","background-repeat":"repeat","background-position":"center center","background-size":"auto","background-attachment":"scroll","background-type":"","background-media":"","overlay-type":"","overlay-color":"","overlay-opacity":"","overlay-gradient":""},"mobile":{"background-color":"","background-image":"","background-repeat":"repeat","background-position":"center center","background-size":"auto","background-attachment":"scroll","background-type":"","background-media":"","overlay-type":"","overlay-color":"","overlay-opacity":"","overlay-gradient":""}},"ast-content-background-meta":{"desktop":{"background-color":"var(--ast-global-color-5)","background-image":"","background-repeat":"repeat","background-position":"center center","background-size":"auto","background-attachment":"scroll","background-type":"","background-media":"","overlay-type":"","overlay-color":"","overlay-opacity":"","overlay-gradient":""},"tablet":{"background-color":"var(--ast-global-color-5)","background-image":"","background-repeat":"repeat","background-position":"center center","background-size":"auto","background-attachment":"scroll","background-type":"","background-media":"","overlay-type":"","overlay-color":"","overlay-opacity":"","overlay-gradient":""},"mobile":{"background-color":"var(--ast-global-color-5)","background-image":"","background-repeat":"repeat","background-position":"center center","background-size":"auto","background-attachment":"scroll","background-type":"","background-media":"","overlay-type":"","overlay-color":"","overlay-opacity":"","overlay-gradient":""}},"footnotes":""},"class_list":["post-2160","page","type-page","status-publish","has-post-thumbnail","hentry"],"yoast_head":"<!-- This site is optimized with the Yoast SEO plugin v27.5 - https:\/\/yoast.com\/product\/yoast-seo-wordpress\/ -->\n<title>Customs Clearance In Southampton - Customs Complete<\/title>\n<meta name=\"description\" content=\"Southampton Port is one of the country&#039;s most strategically located ports. Click to find out more about Customs Clearance in Southampton.\" \/>\n<meta name=\"robots\" content=\"index, follow, max-snippet:-1, max-image-preview:large, max-video-preview:-1\" \/>\n<link rel=\"canonical\" href=\"https:\/\/customscomplete.com\/es\/despacho-de-aduanas-en-southampton\/\" \/>\n<meta property=\"og:locale\" content=\"es_ES\" \/>\n<meta property=\"og:type\" content=\"article\" \/>\n<meta property=\"og:title\" content=\"Customs Clearance In Southampton - Customs Complete\" \/>\n<meta property=\"og:description\" content=\"Southampton Port is one of the country&#039;s most strategically located ports. Click to find out more about Customs Clearance in Southampton.\" \/>\n<meta property=\"og:url\" content=\"https:\/\/customscomplete.com\/es\/despacho-de-aduanas-en-southampton\/\" \/>\n<meta property=\"og:site_name\" content=\"Customs Complete\" \/>\n<meta property=\"article:publisher\" content=\"https:\/\/www.facebook.com\/customscomplete\" \/>\n<meta property=\"article:modified_time\" content=\"2023-11-14T16:17:04+00:00\" \/>\n<meta property=\"og:image\" content=\"https:\/\/customscomplete.com\/wp-content\/uploads\/2023\/11\/Southampton-1.jpg\" \/>\n\t<meta property=\"og:image:width\" content=\"1280\" \/>\n\t<meta property=\"og:image:height\" content=\"854\" \/>\n\t<meta property=\"og:image:type\" content=\"image\/jpeg\" \/>\n<meta name=\"twitter:card\" content=\"summary_large_image\" \/>\n<meta name=\"twitter:label1\" content=\"Tiempo de lectura\" \/>\n\t<meta name=\"twitter:data1\" content=\"2 minutos\" \/>\n<script type=\"application\/ld+json\" class=\"yoast-schema-graph\">{\"@context\":\"https:\\\/\\\/schema.org\",\"@graph\":[{\"@type\":\"WebPage\",\"@id\":\"https:\\\/\\\/customscomplete.com\\\/customs-clearance-in-southampton\\\/\",\"url\":\"https:\\\/\\\/customscomplete.com\\\/customs-clearance-in-southampton\\\/\",\"name\":\"Customs Clearance In Southampton - Customs Complete\",\"isPartOf\":{\"@id\":\"https:\\\/\\\/customscomplete.com\\\/#website\"},\"primaryImageOfPage\":{\"@id\":\"https:\\\/\\\/customscomplete.com\\\/customs-clearance-in-southampton\\\/#primaryimage\"},\"image\":{\"@id\":\"https:\\\/\\\/customscomplete.com\\\/customs-clearance-in-southampton\\\/#primaryimage\"},\"thumbnailUrl\":\"https:\\\/\\\/customscomplete.com\\\/wp-content\\\/uploads\\\/2023\\\/11\\\/Southampton-1.jpg\",\"datePublished\":\"2023-11-14T16:17:03+00:00\",\"dateModified\":\"2023-11-14T16:17:04+00:00\",\"description\":\"Southampton Port is one of the country's most strategically located ports. Click to find out more about Customs Clearance in Southampton.\",\"breadcrumb\":{\"@id\":\"https:\\\/\\\/customscomplete.com\\\/customs-clearance-in-southampton\\\/#breadcrumb\"},\"inLanguage\":\"es\",\"potentialAction\":[{\"@type\":\"ReadAction\",\"target\":[\"https:\\\/\\\/customscomplete.com\\\/customs-clearance-in-southampton\\\/\"]}]},{\"@type\":\"ImageObject\",\"inLanguage\":\"es\",\"@id\":\"https:\\\/\\\/customscomplete.com\\\/customs-clearance-in-southampton\\\/#primaryimage\",\"url\":\"https:\\\/\\\/customscomplete.com\\\/wp-content\\\/uploads\\\/2023\\\/11\\\/Southampton-1.jpg\",\"contentUrl\":\"https:\\\/\\\/customscomplete.com\\\/wp-content\\\/uploads\\\/2023\\\/11\\\/Southampton-1.jpg\",\"width\":1280,\"height\":854,\"caption\":\"Customs clearance in southampton port\"},{\"@type\":\"BreadcrumbList\",\"@id\":\"https:\\\/\\\/customscomplete.com\\\/customs-clearance-in-southampton\\\/#breadcrumb\",\"itemListElement\":[{\"@type\":\"ListItem\",\"position\":1,\"name\":\"Home\",\"item\":\"https:\\\/\\\/customscomplete.com\\\/\"},{\"@type\":\"ListItem\",\"position\":2,\"name\":\"Customs Clearance In Southampton\"}]},{\"@type\":\"WebSite\",\"@id\":\"https:\\\/\\\/customscomplete.com\\\/#website\",\"url\":\"https:\\\/\\\/customscomplete.com\\\/\",\"name\":\"Customs Complete\",\"description\":\"Clearing The Way\",\"publisher\":{\"@id\":\"https:\\\/\\\/customscomplete.com\\\/#organization\"},\"potentialAction\":[{\"@type\":\"SearchAction\",\"target\":{\"@type\":\"EntryPoint\",\"urlTemplate\":\"https:\\\/\\\/customscomplete.com\\\/?s={search_term_string}\"},\"query-input\":{\"@type\":\"PropertyValueSpecification\",\"valueRequired\":true,\"valueName\":\"search_term_string\"}}],\"inLanguage\":\"es\"},{\"@type\":\"Organization\",\"@id\":\"https:\\\/\\\/customscomplete.com\\\/#organization\",\"name\":\"Customs Complete\",\"url\":\"https:\\\/\\\/customscomplete.com\\\/\",\"logo\":{\"@type\":\"ImageObject\",\"inLanguage\":\"es\",\"@id\":\"https:\\\/\\\/customscomplete.com\\\/#\\\/schema\\\/logo\\\/image\\\/\",\"url\":\"https:\\\/\\\/customscomplete.com\\\/wp-content\\\/uploads\\\/2021\\\/09\\\/Facebook-social-homepage.png\",\"contentUrl\":\"https:\\\/\\\/customscomplete.com\\\/wp-content\\\/uploads\\\/2021\\\/09\\\/Facebook-social-homepage.png\",\"width\":300,\"height\":200,\"caption\":\"Customs Complete\"},\"image\":{\"@id\":\"https:\\\/\\\/customscomplete.com\\\/#\\\/schema\\\/logo\\\/image\\\/\"},\"sameAs\":[\"https:\\\/\\\/www.facebook.com\\\/customscomplete\",\"https:\\\/\\\/www.linkedin.com\\\/company\\\/customs-complete\"]}]}<\/script>\n<!-- \/ Yoast SEO plugin. -->","yoast_head_json":{"title":"Despacho de aduanas en Southampton - Customs Complete","description":"El puerto de Southampton es uno de los m\u00e1s estrat\u00e9gicos del pa\u00eds. Haga clic para obtener m\u00e1s informaci\u00f3n sobre el despacho de aduanas en Southampton.","robots":{"index":"index","follow":"follow","max-snippet":"max-snippet:-1","max-image-preview":"max-image-preview:large","max-video-preview":"max-video-preview:-1"},"canonical":"https:\/\/customscomplete.com\/es\/despacho-de-aduanas-en-southampton\/","og_locale":"es_ES","og_type":"article","og_title":"Customs Clearance In Southampton - Customs Complete","og_description":"Southampton Port is one of the country's most strategically located ports. Click to find out more about Customs Clearance in Southampton.","og_url":"https:\/\/customscomplete.com\/es\/despacho-de-aduanas-en-southampton\/","og_site_name":"Customs Complete","article_publisher":"https:\/\/www.facebook.com\/customscomplete","article_modified_time":"2023-11-14T16:17:04+00:00","og_image":[{"width":1280,"height":854,"url":"https:\/\/customscomplete.com\/wp-content\/uploads\/2023\/11\/Southampton-1.jpg","type":"image\/jpeg"}],"twitter_card":"summary_large_image","twitter_misc":{"Tiempo de lectura":"2 minutos"},"schema":{"@context":"https:\/\/schema.org","@graph":[{"@type":"WebPage","@id":"https:\/\/customscomplete.com\/customs-clearance-in-southampton\/","url":"https:\/\/customscomplete.com\/customs-clearance-in-southampton\/","name":"Despacho de aduanas en Southampton - Customs Complete","isPartOf":{"@id":"https:\/\/customscomplete.com\/#website"},"primaryImageOfPage":{"@id":"https:\/\/customscomplete.com\/customs-clearance-in-southampton\/#primaryimage"},"image":{"@id":"https:\/\/customscomplete.com\/customs-clearance-in-southampton\/#primaryimage"},"thumbnailUrl":"https:\/\/customscomplete.com\/wp-content\/uploads\/2023\/11\/Southampton-1.jpg","datePublished":"2023-11-14T16:17:03+00:00","dateModified":"2023-11-14T16:17:04+00:00","description":"El puerto de Southampton es uno de los m\u00e1s estrat\u00e9gicos del pa\u00eds. Haga clic para obtener m\u00e1s informaci\u00f3n sobre el despacho de aduanas en Southampton.","breadcrumb":{"@id":"https:\/\/customscomplete.com\/customs-clearance-in-southampton\/#breadcrumb"},"inLanguage":"es","potentialAction":[{"@type":"ReadAction","target":["https:\/\/customscomplete.com\/customs-clearance-in-southampton\/"]}]},{"@type":"ImageObject","inLanguage":"es","@id":"https:\/\/customscomplete.com\/customs-clearance-in-southampton\/#primaryimage","url":"https:\/\/customscomplete.com\/wp-content\/uploads\/2023\/11\/Southampton-1.jpg","contentUrl":"https:\/\/customscomplete.com\/wp-content\/uploads\/2023\/11\/Southampton-1.jpg","width":1280,"height":854,"caption":"Customs clearance in southampton port"},{"@type":"BreadcrumbList","@id":"https:\/\/customscomplete.com\/customs-clearance-in-southampton\/#breadcrumb","itemListElement":[{"@type":"ListItem","position":1,"name":"Home","item":"https:\/\/customscomplete.com\/"},{"@type":"ListItem","position":2,"name":"Customs Clearance In Southampton"}]},{"@type":"WebSite","@id":"https:\/\/customscomplete.com\/#website","url":"https:\/\/customscomplete.com\/","name":"Customs Complete","description":"Despejando el camino","publisher":{"@id":"https:\/\/customscomplete.com\/#organization"},"potentialAction":[{"@type":"SearchAction","target":{"@type":"EntryPoint","urlTemplate":"https:\/\/customscomplete.com\/?s={search_term_string}"},"query-input":{"@type":"PropertyValueSpecification","valueRequired":true,"valueName":"search_term_string"}}],"inLanguage":"es"},{"@type":"Organization","@id":"https:\/\/customscomplete.com\/#organization","name":"Customs Complete","url":"https:\/\/customscomplete.com\/","logo":{"@type":"ImageObject","inLanguage":"es","@id":"https:\/\/customscomplete.com\/#\/schema\/logo\/image\/","url":"https:\/\/customscomplete.com\/wp-content\/uploads\/2021\/09\/Facebook-social-homepage.png","contentUrl":"https:\/\/customscomplete.com\/wp-content\/uploads\/2021\/09\/Facebook-social-homepage.png","width":300,"height":200,"caption":"Customs Complete"},"image":{"@id":"https:\/\/customscomplete.com\/#\/schema\/logo\/image\/"},"sameAs":["https:\/\/www.facebook.com\/customscomplete","https:\/\/www.linkedin.com\/company\/customs-complete"]}]}},"_links":{"self":[{"href":"https:\/\/customscomplete.com\/es\/wp-json\/wp\/v2\/pages\/2160","targetHints":{"allow":["GET"]}}],"collection":[{"href":"https:\/\/customscomplete.com\/es\/wp-json\/wp\/v2\/pages"}],"about":[{"href":"https:\/\/customscomplete.com\/es\/wp-json\/wp\/v2\/types\/page"}],"author":[{"embeddable":true,"href":"https:\/\/customscomplete.com\/es\/wp-json\/wp\/v2\/users\/1"}],"replies":[{"embeddable":true,"href":"https:\/\/customscomplete.com\/es\/wp-json\/wp\/v2\/comments?post=2160"}],"version-history":[{"count":3,"href":"https:\/\/customscomplete.com\/es\/wp-json\/wp\/v2\/pages\/2160\/revisions"}],"predecessor-version":[{"id":2884,"href":"https:\/\/customscomplete.com\/es\/wp-json\/wp\/v2\/pages\/2160\/revisions\/2884"}],"wp:featuredmedia":[{"embeddable":true,"href":"https:\/\/customscomplete.com\/es\/wp-json\/wp\/v2\/media\/2236"}],"wp:attachment":[{"href":"https:\/\/customscomplete.com\/es\/wp-json\/wp\/v2\/media?parent=2160"}],"curies":[{"name":"wp","href":"https:\/\/api.w.org\/{rel}","templated":true}]}}