{"id":898,"date":"2021-09-14T15:06:37","date_gmt":"2021-09-14T15:06:37","guid":{"rendered":"https:\/\/customscomplete.com\/?page_id=898"},"modified":"2026-03-25T14:24:05","modified_gmt":"2026-03-25T14:24:05","slug":"recibir-un-presupuesto","status":"publish","type":"page","link":"https:\/\/customscomplete.com\/es\/receive-a-quote\/","title":{"rendered":"Presupuesto de despacho de aduanas"},"content":{"rendered":"\t\t<div data-elementor-type=\"wp-page\" data-elementor-id=\"898\" class=\"elementor elementor-898\" data-elementor-post-type=\"page\">\n\t\t\t\t\t\t<section class=\"elementor-section elementor-top-section elementor-element elementor-element-5nl8r88 elementor-section-content-middle elementor-section-height-min-height elementor-section-boxed elementor-section-height-default elementor-section-items-middle\" data-id=\"5nl8r88\" data-element_type=\"section\" data-e-type=\"section\" data-settings=\"{&quot;background_background&quot;:&quot;classic&quot;}\">\n\t\t\t\t\t\t<div class=\"elementor-container elementor-column-gap-default\">\n\t\t\t\t\t<div class=\"elementor-column elementor-col-50 elementor-top-column elementor-element elementor-element-b9a68d1\" data-id=\"b9a68d1\" data-element_type=\"column\" data-e-type=\"column\" data-settings=\"{&quot;background_background&quot;:&quot;classic&quot;}\">\n\t\t\t<div class=\"elementor-widget-wrap elementor-element-populated\">\n\t\t\t\t\t\t<div class=\"elementor-element elementor-element-d64dc80 elementor-widget elementor-widget-heading\" data-id=\"d64dc80\" data-element_type=\"widget\" data-e-type=\"widget\" data-widget_type=\"heading.default\">\n\t\t\t\t<div class=\"elementor-widget-container\">\n\t\t\t\t\t<h1 class=\"elementor-heading-title elementor-size-default\">Request A Quote<\/h1>\t\t\t\t<\/div>\n\t\t\t\t<\/div>\n\t\t\t\t<div class=\"elementor-element elementor-element-2fcfdd0 elementor-widget elementor-widget-text-editor\" data-id=\"2fcfdd0\" data-element_type=\"widget\" data-e-type=\"widget\" data-widget_type=\"text-editor.default\">\n\t\t\t\t<div class=\"elementor-widget-container\">\n\t\t\t\t\t\t\t\t\t<p data-start=\"178\" data-end=\"249\">Fill out the form, and our team will respond as soon as possible<\/p>\t\t\t\t\t\t\t\t<\/div>\n\t\t\t\t<\/div>\n\t\t<div class=\"elementor-element elementor-element-024465d elementor-hidden-mobile elementor-hidden-tablet e-flex e-con-boxed e-con e-parent\" data-id=\"024465d\" data-element_type=\"container\" data-e-type=\"container\">\n\t\t\t\t\t<div class=\"e-con-inner\">\n\t\t<div class=\"elementor-element elementor-element-c4dd92c e-con-full e-flex e-con e-child\" data-id=\"c4dd92c\" data-element_type=\"container\" data-e-type=\"container\" data-settings=\"{&quot;background_background&quot;:&quot;classic&quot;}\">\n\t\t\t\t<div class=\"elementor-element elementor-element-70aa4d6 elementor-hidden-mobile elementor-view-default elementor-widget elementor-widget-icon\" data-id=\"70aa4d6\" data-element_type=\"widget\" data-e-type=\"widget\" data-widget_type=\"icon.default\">\n\t\t\t\t<div class=\"elementor-widget-container\">\n\t\t\t\t\t\t\t<div class=\"elementor-icon-wrapper\">\n\t\t\t<div class=\"elementor-icon\">\n\t\t\t<i aria-hidden=\"true\" class=\"fas fa-phone\"><\/i>\t\t\t<\/div>\n\t\t<\/div>\n\t\t\t\t\t\t<\/div>\n\t\t\t\t<\/div>\n\t\t\t\t<div class=\"elementor-element elementor-element-0f38c75 elementor-hidden-mobile elementor-view-default elementor-widget elementor-widget-icon\" data-id=\"0f38c75\" data-element_type=\"widget\" data-e-type=\"widget\" data-widget_type=\"icon.default\">\n\t\t\t\t<div class=\"elementor-widget-container\">\n\t\t\t\t\t\t\t<div class=\"elementor-icon-wrapper\">\n\t\t\t<div class=\"elementor-icon\">\n\t\t\t<i aria-hidden=\"true\" class=\"fas fa-envelope\"><\/i>\t\t\t<\/div>\n\t\t<\/div>\n\t\t\t\t\t\t<\/div>\n\t\t\t\t<\/div>\n\t\t\t\t<div class=\"elementor-element elementor-element-4d1a930 elementor-hidden-mobile elementor-view-default elementor-widget elementor-widget-icon\" data-id=\"4d1a930\" data-element_type=\"widget\" data-e-type=\"widget\" data-widget_type=\"icon.default\">\n\t\t\t\t<div class=\"elementor-widget-container\">\n\t\t\t\t\t\t\t<div class=\"elementor-icon-wrapper\">\n\t\t\t<div class=\"elementor-icon\">\n\t\t\t<i aria-hidden=\"true\" class=\"fas fa-map-marker-alt\"><\/i>\t\t\t<\/div>\n\t\t<\/div>\n\t\t\t\t\t\t<\/div>\n\t\t\t\t<\/div>\n\t\t\t\t<\/div>\n\t\t\t\t<div class=\"elementor-element elementor-element-8615fce elementor-widget elementor-widget-text-editor\" data-id=\"8615fce\" data-element_type=\"widget\" data-e-type=\"widget\" data-widget_type=\"text-editor.default\">\n\t\t\t\t<div class=\"elementor-widget-container\">\n\t\t\t\t\t\t\t\t\t<p><strong>Galway<\/strong>\u00a0+353 91 429 737<br \/><strong>London<\/strong>\u00a0+44 2038 307 780<br \/><strong>Le Havre<\/strong>\u00a0+33 2 59 60 03 98<\/p><p>\u00a0<\/p><p><a href=\"mailto:info@customscomplete.com\" target=\"_blank\" rel=\"noopener\">info@customscomplete.com<\/a>\u00a0<\/p><p>\u00a0<\/p><p>Old Dublin Road, Galway, H91 DCH9 , <strong>Ireland<\/strong><\/p><p>71-75 Shelton Street, London,\u00a0<span style=\"font-style: inherit;\">WC2H 9JQ <strong>United Kingdom<\/strong><\/span><\/p><p>5 Pl. L\u00e9on Meyer, 76600 Le Havre,\u2028<strong>France<\/strong><\/p>\t\t\t\t\t\t\t\t<\/div>\n\t\t\t\t<\/div>\n\t\t\t\t\t<\/div>\n\t\t\t\t<\/div>\n\t\t\t\t<div class=\"elementor-element elementor-element-8f4a37b elementor-hidden-tablet elementor-shape-rounded elementor-grid-0 e-grid-align-center elementor-widget elementor-widget-social-icons\" data-id=\"8f4a37b\" data-element_type=\"widget\" data-e-type=\"widget\" data-widget_type=\"social-icons.default\">\n\t\t\t\t<div class=\"elementor-widget-container\">\n\t\t\t\t\t\t\t<div class=\"elementor-social-icons-wrapper elementor-grid\" role=\"list\">\n\t\t\t\t\t\t\t<span class=\"elementor-grid-item\" role=\"listitem\">\n\t\t\t\t\t<a class=\"elementor-icon elementor-social-icon elementor-social-icon-twitter elementor-repeater-item-a845e3f\" target=\"_blank\">\n\t\t\t\t\t\t<span class=\"elementor-screen-only\">Twitter<\/span>\n\t\t\t\t\t\t<i aria-hidden=\"true\" class=\"fab fa-twitter\"><\/i>\t\t\t\t\t<\/a>\n\t\t\t\t<\/span>\n\t\t\t\t\t\t\t<span class=\"elementor-grid-item\" role=\"listitem\">\n\t\t\t\t\t<a class=\"elementor-icon elementor-social-icon elementor-social-icon-facebook elementor-repeater-item-d99ed7b\" target=\"_blank\">\n\t\t\t\t\t\t<span class=\"elementor-screen-only\">Facebook<\/span>\n\t\t\t\t\t\t<i aria-hidden=\"true\" class=\"fab fa-facebook\"><\/i>\t\t\t\t\t<\/a>\n\t\t\t\t<\/span>\n\t\t\t\t\t<\/div>\n\t\t\t\t\t\t<\/div>\n\t\t\t\t<\/div>\n\t\t\t\t\t<\/div>\n\t\t<\/div>\n\t\t\t\t<div class=\"elementor-column elementor-col-50 elementor-top-column elementor-element elementor-element-7a8cc74\" data-id=\"7a8cc74\" data-element_type=\"column\" data-e-type=\"column\" data-settings=\"{&quot;background_background&quot;:&quot;classic&quot;}\">\n\t\t\t<div class=\"elementor-widget-wrap elementor-element-populated\">\n\t\t\t\t\t\t<div class=\"elementor-element elementor-element-6941453 elementor-widget elementor-widget-wp-widget-wpforms-widget\" data-id=\"6941453\" data-element_type=\"widget\" data-e-type=\"widget\" data-widget_type=\"wp-widget-wpforms-widget.default\">\n\t\t\t\t<div class=\"elementor-widget-container\">\n\t\t\t\t\t<div class=\"wpforms-container \" id=\"wpforms-90\"><form id=\"wpforms-form-90\" class=\"wpforms-validate wpforms-form\" data-formid=\"90\" method=\"post\" enctype=\"multipart\/form-data\" action=\"\/es\/wp-json\/wp\/v2\/pages\/898\" data-token=\"eae7071cf3f4d70908db12f254420591\" data-token-time=\"1775672710\"><noscript class=\"wpforms-error-noscript\">Por favor, activa JavaScript en tu navegador para completar este formulario.<\/noscript><div class=\"wpforms-field-container\"><div id=\"wpforms-90-field_0-container\" class=\"wpforms-field wpforms-field-name\" data-field-id=\"0\"><label class=\"wpforms-field-label\" for=\"wpforms-90-field_0\">Name <span class=\"wpforms-required-label\">*<\/span><\/label><input type=\"text\" id=\"wpforms-90-field_0\" class=\"wpforms-field-medium wpforms-field-required\" name=\"wpforms[fields][0]\" required><div class=\"wpforms-field-description\">We do not process personal packages, small online orders, or consumer parcels.<\/div><\/div><div id=\"wpforms-90-field_4-container\" class=\"wpforms-field wpforms-field-text\" data-field-id=\"4\"><label class=\"wpforms-field-label\" for=\"wpforms-90-field_4\">Company <\/label><input type=\"text\" id=\"wpforms-90-field_4\" class=\"wpforms-field-medium\" name=\"wpforms[fields][4]\" ><\/div><div id=\"wpforms-90-field_1-container\" class=\"wpforms-field wpforms-field-email\" data-field-id=\"1\"><label class=\"wpforms-field-label\" for=\"wpforms-90-field_1\">Email <span class=\"wpforms-required-label\">*<\/span><\/label><input type=\"email\" id=\"wpforms-90-field_1\" class=\"wpforms-field-medium wpforms-field-required\" name=\"wpforms[fields][1]\" spellcheck=\"false\" required><\/div><div id=\"wpforms-90-field_5-container\" class=\"wpforms-field wpforms-field-text\" data-field-id=\"5\"><label class=\"wpforms-field-label\" for=\"wpforms-90-field_5\">Phone number<\/label><input type=\"text\" id=\"wpforms-90-field_5\" class=\"wpforms-field-medium\" name=\"wpforms[fields][5]\" ><\/div><div id=\"wpforms-90-field_7-container\" class=\"wpforms-field wpforms-field-checkbox\" data-field-id=\"7\"><label class=\"wpforms-field-label\">Which service(s) are you interested in:<\/label><ul id=\"wpforms-90-field_7\"><li class=\"choice-1 depth-1\"><input type=\"checkbox\" id=\"wpforms-90-field_7_1\" name=\"wpforms[fields][7][]\" value=\"Import Declaration\"  ><label class=\"wpforms-field-label-inline\" for=\"wpforms-90-field_7_1\">Import Declaration<\/label><\/li><li class=\"choice-2 depth-1\"><input type=\"checkbox\" id=\"wpforms-90-field_7_2\" name=\"wpforms[fields][7][]\" value=\"Export Declaration\"  ><label class=\"wpforms-field-label-inline\" for=\"wpforms-90-field_7_2\">Export Declaration<\/label><\/li><li class=\"choice-9 depth-1\"><input type=\"checkbox\" id=\"wpforms-90-field_7_9\" name=\"wpforms[fields][7][]\" value=\"CBAM\"  ><label class=\"wpforms-field-label-inline\" for=\"wpforms-90-field_7_9\">CBAM<\/label><\/li><li class=\"choice-3 depth-1\"><input type=\"checkbox\" id=\"wpforms-90-field_7_3\" name=\"wpforms[fields][7][]\" value=\"Transit Document\"  ><label class=\"wpforms-field-label-inline\" for=\"wpforms-90-field_7_3\">Transit Document<\/label><\/li><li class=\"choice-4 depth-1\"><input type=\"checkbox\" id=\"wpforms-90-field_7_4\" name=\"wpforms[fields][7][]\" value=\"Transfer of Residence (TOR)\"  ><label class=\"wpforms-field-label-inline\" for=\"wpforms-90-field_7_4\">Transfer of Residence (TOR)<\/label><\/li><li class=\"choice-5 depth-1\"><input type=\"checkbox\" id=\"wpforms-90-field_7_5\" name=\"wpforms[fields][7][]\" value=\"Security Declaration\"  ><label class=\"wpforms-field-label-inline\" for=\"wpforms-90-field_7_5\">Security Declaration<\/label><\/li><li class=\"choice-8 depth-1\"><input type=\"checkbox\" id=\"wpforms-90-field_7_8\" name=\"wpforms[fields][7][]\" value=\"Freight Shipping\"  ><label class=\"wpforms-field-label-inline\" for=\"wpforms-90-field_7_8\">Freight Shipping<\/label><\/li><li class=\"choice-6 depth-1\"><input type=\"checkbox\" id=\"wpforms-90-field_7_6\" name=\"wpforms[fields][7][]\" value=\"Logistics\"  ><label class=\"wpforms-field-label-inline\" for=\"wpforms-90-field_7_6\">Logistics<\/label><\/li><li class=\"choice-7 depth-1\"><input type=\"checkbox\" id=\"wpforms-90-field_7_7\" name=\"wpforms[fields][7][]\" value=\"Supply Chain\"  ><label class=\"wpforms-field-label-inline\" for=\"wpforms-90-field_7_7\">Supply Chain<\/label><\/li><\/ul><\/div><div id=\"wpforms-90-field_2-container\" class=\"wpforms-field wpforms-field-textarea\" data-field-id=\"2\"><label class=\"wpforms-field-label\" for=\"wpforms-90-field_2\">Additional Comments<\/label><textarea id=\"wpforms-90-field_2\" class=\"wpforms-field-medium\" name=\"wpforms[fields][2]\" ><\/textarea><\/div><\/div><!-- .wpforms-field-container --><div class=\"wpforms-recaptcha-container wpforms-is-recaptcha wpforms-is-recaptcha-type-invisible\" ><div class=\"g-recaptcha\" data-sitekey=\"6LdifI4fAAAAACNIvaJsAyYjc7SViYqtoKLgu6sY\" data-size=\"invisible\"><\/div><\/div><div class=\"wpforms-submit-container\" ><input type=\"hidden\" name=\"wpforms[id]\" value=\"90\"><input type=\"hidden\" name=\"page_title\" value=\"\"><input type=\"hidden\" name=\"page_url\" value=\"https:\/\/customscomplete.com\/es\/wp-json\/wp\/v2\/pages\/898\"><input type=\"hidden\" name=\"url_referer\" value=\"\"><button type=\"submit\" name=\"wpforms[submit]\" id=\"wpforms-submit-90\" class=\"wpforms-submit\" data-alt-text=\"Sending...\" data-submit-text=\"Submit\" aria-live=\"assertive\" value=\"wpforms-submit\">Submit<\/button><\/div><\/form><\/div>  <!-- .wpforms-container -->\t\t\t\t<\/div>\n\t\t\t\t<\/div>\n\t\t\t\t\t<\/div>\n\t\t<\/div>\n\t\t\t\t\t<\/div>\n\t\t<\/section>\n\t\t\t\t<\/div>\n\t\t","protected":false},"excerpt":{"rendered":"<p>Request A Quote Fill out the form, and our team will respond as soon as possible Galway\u00a0+353 91 429 737London\u00a0+44 2038 307 780Le Havre\u00a0+33 2 59 60 03 98 \u00a0 info@customscomplete.com\u00a0 \u00a0 Old Dublin Road, Galway, H91 DCH9 , Ireland 71-75 Shelton Street, London,\u00a0WC2H 9JQ United Kingdom 5 Pl. L\u00e9on [&hellip;]<\/p>\n","protected":false},"author":2,"featured_media":145,"parent":0,"menu_order":0,"comment_status":"closed","ping_status":"closed","template":"","meta":{"om_disable_all_campaigns":false,"_monsterinsights_skip_tracking":false,"_monsterinsights_sitenote_active":false,"_monsterinsights_sitenote_note":"","_monsterinsights_sitenote_category":0,"site-sidebar-layout":"no-sidebar","site-content-layout":"page-builder","ast-site-content-layout":"full-width-container","site-content-style":"unboxed","site-sidebar-style":"unboxed","ast-global-header-display":"","ast-banner-title-visibility":"","ast-main-header-display":"","ast-hfb-above-header-display":"","ast-hfb-below-header-display":"","ast-hfb-mobile-header-display":"","site-post-title":"disabled","ast-breadcrumbs-content":"","ast-featured-img":"disabled","footer-sml-layout":"","ast-disable-related-posts":"","theme-transparent-header-meta":"default","adv-header-id-meta":"","stick-header-meta":"","header-above-stick-meta":"","header-main-stick-meta":"","header-below-stick-meta":"","astra-migrate-meta-layouts":"set","ast-page-background-enabled":"default","ast-page-background-meta":{"desktop":{"background-color":"","background-image":"","background-repeat":"repeat","background-position":"center center","background-size":"auto","background-attachment":"scroll","background-type":"","background-media":"","overlay-type":"","overlay-color":"","overlay-opacity":"","overlay-gradient":""},"tablet":{"background-color":"","background-image":"","background-repeat":"repeat","background-position":"center center","background-size":"auto","background-attachment":"scroll","background-type":"","background-media":"","overlay-type":"","overlay-color":"","overlay-opacity":"","overlay-gradient":""},"mobile":{"background-color":"","background-image":"","background-repeat":"repeat","background-position":"center center","background-size":"auto","background-attachment":"scroll","background-type":"","background-media":"","overlay-type":"","overlay-color":"","overlay-opacity":"","overlay-gradient":""}},"ast-content-background-meta":{"desktop":{"background-color":"var(--ast-global-color-5)","background-image":"","background-repeat":"repeat","background-position":"center center","background-size":"auto","background-attachment":"scroll","background-type":"","background-media":"","overlay-type":"","overlay-color":"","overlay-opacity":"","overlay-gradient":""},"tablet":{"background-color":"var(--ast-global-color-5)","background-image":"","background-repeat":"repeat","background-position":"center center","background-size":"auto","background-attachment":"scroll","background-type":"","background-media":"","overlay-type":"","overlay-color":"","overlay-opacity":"","overlay-gradient":""},"mobile":{"background-color":"var(--ast-global-color-5)","background-image":"","background-repeat":"repeat","background-position":"center center","background-size":"auto","background-attachment":"scroll","background-type":"","background-media":"","overlay-type":"","overlay-color":"","overlay-opacity":"","overlay-gradient":""}},"footnotes":""},"class_list":["post-898","page","type-page","status-publish","has-post-thumbnail","hentry"],"yoast_head":"<!-- This site is optimized with the Yoast SEO plugin v27.2 - https:\/\/yoast.com\/product\/yoast-seo-wordpress\/ -->\n<title>Customs Clearance Quote - Customs Complete<\/title>\n<meta name=\"description\" content=\"Customs Complete will provide you with a Customs Clearance Quote. Click here for all Import, Export, Transit, and Logistics or Freight quotes\" \/>\n<meta name=\"robots\" content=\"index, follow, max-snippet:-1, max-image-preview:large, max-video-preview:-1\" \/>\n<link rel=\"canonical\" href=\"https:\/\/customscomplete.com\/es\/recibir-un-presupuesto\/\" \/>\n<meta property=\"og:locale\" content=\"es_ES\" \/>\n<meta property=\"og:type\" content=\"article\" \/>\n<meta property=\"og:title\" content=\"Customs Clearance Quote - Customs Complete\" \/>\n<meta property=\"og:description\" content=\"Customs Complete will provide you with a Customs Clearance Quote. Click here for all Import, Export, Transit, and Logistics or Freight quotes\" \/>\n<meta property=\"og:url\" content=\"https:\/\/customscomplete.com\/es\/recibir-un-presupuesto\/\" \/>\n<meta property=\"og:site_name\" content=\"Customs Complete\" \/>\n<meta property=\"article:publisher\" content=\"https:\/\/www.facebook.com\/customscomplete\" \/>\n<meta property=\"article:modified_time\" content=\"2026-03-25T14:24:05+00:00\" \/>\n<meta property=\"og:image\" content=\"https:\/\/customscomplete.com\/wp-content\/uploads\/2021\/07\/logo-300x300-new.jpg-1.png\" \/>\n\t<meta property=\"og:image:width\" content=\"300\" \/>\n\t<meta property=\"og:image:height\" content=\"300\" \/>\n\t<meta property=\"og:image:type\" content=\"image\/png\" \/>\n<meta name=\"twitter:card\" content=\"summary_large_image\" \/>\n<script type=\"application\/ld+json\" class=\"yoast-schema-graph\">{\"@context\":\"https:\/\/schema.org\",\"@graph\":[{\"@type\":\"WebPage\",\"@id\":\"https:\/\/customscomplete.com\/receive-a-quote\/\",\"url\":\"https:\/\/customscomplete.com\/es\/recibir-un-presupuesto\/\",\"name\":\"Customs Clearance Quote - Customs Complete\",\"isPartOf\":{\"@id\":\"https:\/\/customscomplete.com\/#website\"},\"primaryImageOfPage\":{\"@id\":\"https:\/\/customscomplete.com\/es\/recibir-un-presupuesto\/#primaryimage\"},\"image\":{\"@id\":\"https:\/\/customscomplete.com\/es\/recibir-un-presupuesto\/#primaryimage\"},\"thumbnailUrl\":\"https:\/\/customscomplete.com\/wp-content\/uploads\/2021\/07\/logo-300x300-new.jpg-1.png\",\"datePublished\":\"2021-09-14T15:06:37+00:00\",\"dateModified\":\"2026-03-25T14:24:05+00:00\",\"description\":\"Customs Complete will provide you with a Customs Clearance Quote. Click here for all Import, Export, Transit, and Logistics or Freight quotes\",\"breadcrumb\":{\"@id\":\"https:\/\/customscomplete.com\/es\/recibir-un-presupuesto\/#breadcrumb\"},\"inLanguage\":\"es\",\"potentialAction\":[{\"@type\":\"ReadAction\",\"target\":[\"https:\/\/customscomplete.com\/es\/recibir-un-presupuesto\/\"]}]},{\"@type\":\"ImageObject\",\"inLanguage\":\"es\",\"@id\":\"https:\/\/customscomplete.com\/es\/recibir-un-presupuesto\/#primaryimage\",\"url\":\"https:\/\/customscomplete.com\/wp-content\/uploads\/2021\/07\/logo-300x300-new.jpg-1.png\",\"contentUrl\":\"https:\/\/customscomplete.com\/wp-content\/uploads\/2021\/07\/logo-300x300-new.jpg-1.png\",\"width\":300,\"height\":300},{\"@type\":\"BreadcrumbList\",\"@id\":\"https:\/\/customscomplete.com\/es\/recibir-un-presupuesto\/#breadcrumb\",\"itemListElement\":[{\"@type\":\"ListItem\",\"position\":1,\"name\":\"Home\",\"item\":\"https:\/\/customscomplete.com\/\"},{\"@type\":\"ListItem\",\"position\":2,\"name\":\"Customs Clearance Quote\"}]},{\"@type\":\"WebSite\",\"@id\":\"https:\/\/customscomplete.com\/#website\",\"url\":\"https:\/\/customscomplete.com\/\",\"name\":\"Customs Complete\",\"description\":\"Clearing The Way\",\"publisher\":{\"@id\":\"https:\/\/customscomplete.com\/#organization\"},\"potentialAction\":[{\"@type\":\"SearchAction\",\"target\":{\"@type\":\"EntryPoint\",\"urlTemplate\":\"https:\/\/customscomplete.com\/?s={search_term_string}\"},\"query-input\":{\"@type\":\"PropertyValueSpecification\",\"valueRequired\":true,\"valueName\":\"search_term_string\"}}],\"inLanguage\":\"es\"},{\"@type\":\"Organization\",\"@id\":\"https:\/\/customscomplete.com\/#organization\",\"name\":\"Customs Complete\",\"url\":\"https:\/\/customscomplete.com\/\",\"logo\":{\"@type\":\"ImageObject\",\"inLanguage\":\"es\",\"@id\":\"https:\/\/customscomplete.com\/#\/schema\/logo\/image\/\",\"url\":\"https:\/\/customscomplete.com\/wp-content\/uploads\/2021\/09\/Facebook-social-homepage.png\",\"contentUrl\":\"https:\/\/customscomplete.com\/wp-content\/uploads\/2021\/09\/Facebook-social-homepage.png\",\"width\":300,\"height\":200,\"caption\":\"Customs Complete\"},\"image\":{\"@id\":\"https:\/\/customscomplete.com\/#\/schema\/logo\/image\/\"},\"sameAs\":[\"https:\/\/www.facebook.com\/customscomplete\",\"https:\/\/www.linkedin.com\/company\/customs-complete\"]}]}<\/script>\n<!-- \/ Yoast SEO plugin. -->","yoast_head_json":{"title":"Presupuesto de despacho de aduanas - Customs Complete","description":"Customs Complete le proporcionar\u00e1 un presupuesto de despacho de aduanas. Haga clic aqu\u00ed para todas las cotizaciones de Importaci\u00f3n, Exportaci\u00f3n, Tr\u00e1nsito y Log\u00edstica o Flete.","robots":{"index":"index","follow":"follow","max-snippet":"max-snippet:-1","max-image-preview":"max-image-preview:large","max-video-preview":"max-video-preview:-1"},"canonical":"https:\/\/customscomplete.com\/es\/recibir-un-presupuesto\/","og_locale":"es_ES","og_type":"article","og_title":"Customs Clearance Quote - Customs Complete","og_description":"Customs Complete will provide you with a Customs Clearance Quote. Click here for all Import, Export, Transit, and Logistics or Freight quotes","og_url":"https:\/\/customscomplete.com\/es\/recibir-un-presupuesto\/","og_site_name":"Customs Complete","article_publisher":"https:\/\/www.facebook.com\/customscomplete","article_modified_time":"2026-03-25T14:24:05+00:00","og_image":[{"width":300,"height":300,"url":"https:\/\/customscomplete.com\/wp-content\/uploads\/2021\/07\/logo-300x300-new.jpg-1.png","type":"image\/png"}],"twitter_card":"summary_large_image","schema":{"@context":"https:\/\/schema.org","@graph":[{"@type":"WebPage","@id":"https:\/\/customscomplete.com\/receive-a-quote\/","url":"https:\/\/customscomplete.com\/es\/recibir-un-presupuesto\/","name":"Presupuesto de despacho de aduanas - Customs Complete","isPartOf":{"@id":"https:\/\/customscomplete.com\/#website"},"primaryImageOfPage":{"@id":"https:\/\/customscomplete.com\/es\/recibir-un-presupuesto\/#primaryimage"},"image":{"@id":"https:\/\/customscomplete.com\/es\/recibir-un-presupuesto\/#primaryimage"},"thumbnailUrl":"https:\/\/customscomplete.com\/wp-content\/uploads\/2021\/07\/logo-300x300-new.jpg-1.png","datePublished":"2021-09-14T15:06:37+00:00","dateModified":"2026-03-25T14:24:05+00:00","description":"Customs Complete le proporcionar\u00e1 un presupuesto de despacho de aduanas. Haga clic aqu\u00ed para todas las cotizaciones de Importaci\u00f3n, Exportaci\u00f3n, Tr\u00e1nsito y Log\u00edstica o Flete.","breadcrumb":{"@id":"https:\/\/customscomplete.com\/es\/recibir-un-presupuesto\/#breadcrumb"},"inLanguage":"es","potentialAction":[{"@type":"ReadAction","target":["https:\/\/customscomplete.com\/es\/recibir-un-presupuesto\/"]}]},{"@type":"ImageObject","inLanguage":"es","@id":"https:\/\/customscomplete.com\/es\/recibir-un-presupuesto\/#primaryimage","url":"https:\/\/customscomplete.com\/wp-content\/uploads\/2021\/07\/logo-300x300-new.jpg-1.png","contentUrl":"https:\/\/customscomplete.com\/wp-content\/uploads\/2021\/07\/logo-300x300-new.jpg-1.png","width":300,"height":300},{"@type":"BreadcrumbList","@id":"https:\/\/customscomplete.com\/es\/recibir-un-presupuesto\/#breadcrumb","itemListElement":[{"@type":"ListItem","position":1,"name":"Home","item":"https:\/\/customscomplete.com\/"},{"@type":"ListItem","position":2,"name":"Customs Clearance Quote"}]},{"@type":"WebSite","@id":"https:\/\/customscomplete.com\/#website","url":"https:\/\/customscomplete.com\/","name":"Customs Complete","description":"Despejando el camino","publisher":{"@id":"https:\/\/customscomplete.com\/#organization"},"potentialAction":[{"@type":"SearchAction","target":{"@type":"EntryPoint","urlTemplate":"https:\/\/customscomplete.com\/?s={search_term_string}"},"query-input":{"@type":"PropertyValueSpecification","valueRequired":true,"valueName":"search_term_string"}}],"inLanguage":"es"},{"@type":"Organization","@id":"https:\/\/customscomplete.com\/#organization","name":"Customs Complete","url":"https:\/\/customscomplete.com\/","logo":{"@type":"ImageObject","inLanguage":"es","@id":"https:\/\/customscomplete.com\/#\/schema\/logo\/image\/","url":"https:\/\/customscomplete.com\/wp-content\/uploads\/2021\/09\/Facebook-social-homepage.png","contentUrl":"https:\/\/customscomplete.com\/wp-content\/uploads\/2021\/09\/Facebook-social-homepage.png","width":300,"height":200,"caption":"Customs Complete"},"image":{"@id":"https:\/\/customscomplete.com\/#\/schema\/logo\/image\/"},"sameAs":["https:\/\/www.facebook.com\/customscomplete","https:\/\/www.linkedin.com\/company\/customs-complete"]}]}},"_links":{"self":[{"href":"https:\/\/customscomplete.com\/es\/wp-json\/wp\/v2\/pages\/898","targetHints":{"allow":["GET"]}}],"collection":[{"href":"https:\/\/customscomplete.com\/es\/wp-json\/wp\/v2\/pages"}],"about":[{"href":"https:\/\/customscomplete.com\/es\/wp-json\/wp\/v2\/types\/page"}],"author":[{"embeddable":true,"href":"https:\/\/customscomplete.com\/es\/wp-json\/wp\/v2\/users\/2"}],"replies":[{"embeddable":true,"href":"https:\/\/customscomplete.com\/es\/wp-json\/wp\/v2\/comments?post=898"}],"version-history":[{"count":63,"href":"https:\/\/customscomplete.com\/es\/wp-json\/wp\/v2\/pages\/898\/revisions"}],"predecessor-version":[{"id":7851,"href":"https:\/\/customscomplete.com\/es\/wp-json\/wp\/v2\/pages\/898\/revisions\/7851"}],"wp:featuredmedia":[{"embeddable":true,"href":"https:\/\/customscomplete.com\/es\/wp-json\/wp\/v2\/media\/145"}],"wp:attachment":[{"href":"https:\/\/customscomplete.com\/es\/wp-json\/wp\/v2\/media?parent=898"}],"curies":[{"name":"wp","href":"https:\/\/api.w.org\/{rel}","templated":true}]}}