{"id":115,"date":"2021-06-03T17:05:41","date_gmt":"2021-06-03T17:05:41","guid":{"rendered":"https:\/\/www.hatsoc.com\/?page_id=115"},"modified":"2025-07-15T07:20:33","modified_gmt":"2025-07-15T07:20:33","slug":"faq","status":"publish","type":"page","link":"https:\/\/customscomplete.com\/fr\/faq\/","title":{"rendered":"FAQ sur le d\u00e9douanement"},"content":{"rendered":"<p><strong>Qu'est-ce que le d\u00e9douanement ?<\/strong><\/p>\n\n\n\n<p>Le d\u00e9douanement consiste \u00e0 d\u00e9clarer les marchandises aux autorit\u00e9s douani\u00e8res comp\u00e9tentes afin qu'elles puissent entrer ou sortir du pays. Le document de d\u00e9douanement contient toutes les informations n\u00e9cessaires \u00e0 la circulation des marchandises et garantit le paiement de la TVA, des droits de douane, des accises et des tarifs douaniers.<\/p>\n\n\n\n<p><strong>Quel est le d\u00e9lai de d\u00e9douanement ?<\/strong><\/p>\n\n\n\n<p>Si les documents fournis sont corrects, la pr\u00e9paration d'un document de d\u00e9douanement ne devrait pas prendre plus de quelques heures. Toutefois, des informations incorrectes ou manquantes peuvent entra\u00eener des retards dans la pr\u00e9paration des documents douaniers.<\/p>\n\n\n\n<p>Lorsque les marchandises arrivent au port ou \u00e0 l'a\u00e9roport, l'autorit\u00e9 douani\u00e8re locale peut choisir d'inspecter les marchandises ou de les d\u00e9douaner imm\u00e9diatement. Si le bureau de douane choisit d'inspecter les marchandises, le d\u00e9douanement prend g\u00e9n\u00e9ralement de 30 minutes \u00e0 quelques heures, selon le type de marchandises. <\/p>\n\n\n\n<blockquote class=\"wp-block-quote is-layout-flow wp-block-quote-is-layout-flow\"><p><em><a href=\"https:\/\/customscomplete.com\/fr\/nous-contacter\/\" target=\"_blank\" rel=\"noreferrer noopener\"><mark style=\"background-color:rgba(0, 0, 0, 0)\" class=\"has-inline-color has-ast-global-color-0-color\">Customs Complete<\/mark><\/a> vise \u00e0 faire d\u00e9douaner vos marchandises le jour m\u00eame, 24 heures sur 24, 7 jours sur 7, 365 jours par an.<\/em><\/p><\/blockquote>\n\n\n\n<p><strong>Quels sont les documents requis pour le d\u00e9douanement ?<\/strong><\/p>\n\n\n\n<p>Bien qu'il n'y ait pas de formule toute faite pour les documents de d\u00e9douanement, voici quelques-uns des principaux documents dont vous aurez besoin :<\/p>\n\n\n\n<ul class=\"wp-block-list\"><li>Facture commerciale <\/li><li>Licences d'importation et d'exportation (le cas \u00e9ch\u00e9ant) <\/li><li>D\u00e9claration de valeur en douane <\/li><li>Bordereau d'emballage <\/li><li>Documents de fret \/ Informations sur l'exp\u00e9dition<\/li><\/ul>\n\n\n\n<p>En fonction de l'origine et du type de marchandises, vous pouvez \u00e9galement avoir besoin de.. :<\/p>\n\n\n\n<ul class=\"wp-block-list\"><li>Certificat d'origine <\/li><li><a href=\"https:\/\/customscomplete.com\/fr\/certificat-atr\/\" target=\"_blank\" rel=\"noreferrer noopener\"><mark style=\"background-color:rgba(0, 0, 0, 0)\" class=\"has-inline-color has-ast-global-color-0-color\">Certificat ATR<\/mark><\/a> - Utilis\u00e9 dans les \u00e9changes entre le Royaume-Uni\/l'UE et la Turquie pour b\u00e9n\u00e9ficier de droits de douane r\u00e9duits. <\/li><li><a href=\"https:\/\/customscomplete.com\/fr\/certificat-phytosanitaire\/\"><mark style=\"background-color:rgba(0, 0, 0, 0)\" class=\"has-inline-color has-ast-global-color-0-color\">Certificat phytosanitaire<\/mark><\/a> - pour les plantes ou les produits d'origine v\u00e9g\u00e9tale. <\/li><li>Certificat v\u00e9t\u00e9rinaire<\/li><li><a href=\"https:\/\/www.gov.uk\/guidance\/get-an-export-health-certificate\" target=\"_blank\" rel=\"noreferrer noopener\"><mark style=\"background-color:rgba(0, 0, 0, 0)\" class=\"has-inline-color has-ast-global-color-0-color\">Certificat sanitaire d'exportation<\/mark><\/a> - Pour l'exportation d'animaux vivants du Royaume-Uni vers l'UE, les pays tiers et l'Irlande du Nord<\/li><\/ul>\n\n\n\n<p><strong>Qu'est-ce qu'un courtier en douane ?<\/strong><\/p>\n\n\n\n<p>Un courtier en douane, \u00e9galement connu sous le nom d'agent en douane ou d'agent de d\u00e9douanement, est un agent accr\u00e9dit\u00e9 qui aide \u00e0 d\u00e9douaner les marchandises import\u00e9es et export\u00e9es. Il est recommand\u00e9 de demander \u00e0 un courtier en douane de vous aider \u00e0 pr\u00e9parer vos documents afin d'assurer une transition en douceur de vos marchandises.<\/p>\n\n\n\n<h4 class=\"wp-block-heading\">Comment contacter un agent en douane pour organiser le d\u00e9douanement ?<\/h4>\n\n\n\n<p>Il est recommand\u00e9 de prendre contact avec un agent en douane d\u00e8s que vous disposez des d\u00e9tails de votre exp\u00e9dition. Il existe de nombreux agents de d\u00e9douanement qui offrent des services similaires, mais il est important de choisir un agent qui poss\u00e8de l'exp\u00e9rience et les connaissances n\u00e9cessaires pour d\u00e9douaner vos marchandises. <\/p>\n\n\n\n<p><a href=\"https:\/\/customscomplete.com\/fr\/contact\/\" target=\"_blank\" rel=\"noreferrer noopener\"><mark style=\"background-color:rgba(0, 0, 0, 0)\" class=\"has-inline-color has-ast-global-color-0-color\">Pour contacter Customs Complete et recevoir un devis gratuit, cliquez ici.<\/mark><\/a> <\/p>\n\n\n\n<p><\/p>","protected":false},"excerpt":{"rendered":"<p>What is Customs Clearance? Customs Clearance is the act of declaring goods to the relevant customs authority so they can enter or leave the country. The Customs Clearance Document details all the relevant information for the movement of the goods and ensures that the correct VAT \/ Duty \/ Excise [&hellip;]<\/p>\n","protected":false},"author":1,"featured_media":0,"parent":0,"menu_order":0,"comment_status":"closed","ping_status":"closed","template":"","meta":{"om_disable_all_campaigns":false,"_monsterinsights_skip_tracking":false,"_monsterinsights_sitenote_active":false,"_monsterinsights_sitenote_note":"","_monsterinsights_sitenote_category":0,"site-sidebar-layout":"default","site-content-layout":"","ast-site-content-layout":"default","site-content-style":"default","site-sidebar-style":"default","ast-global-header-display":"","ast-banner-title-visibility":"","ast-main-header-display":"","ast-hfb-above-header-display":"","ast-hfb-below-header-display":"","ast-hfb-mobile-header-display":"","site-post-title":"","ast-breadcrumbs-content":"","ast-featured-img":"","footer-sml-layout":"","ast-disable-related-posts":"","theme-transparent-header-meta":"","adv-header-id-meta":"","stick-header-meta":"","header-above-stick-meta":"","header-main-stick-meta":"","header-below-stick-meta":"","astra-migrate-meta-layouts":"set","ast-page-background-enabled":"default","ast-page-background-meta":{"desktop":{"background-color":"","background-image":"","background-repeat":"repeat","background-position":"center center","background-size":"auto","background-attachment":"scroll","background-type":"","background-media":"","overlay-type":"","overlay-color":"","overlay-opacity":"","overlay-gradient":""},"tablet":{"background-color":"","background-image":"","background-repeat":"repeat","background-position":"center center","background-size":"auto","background-attachment":"scroll","background-type":"","background-media":"","overlay-type":"","overlay-color":"","overlay-opacity":"","overlay-gradient":""},"mobile":{"background-color":"","background-image":"","background-repeat":"repeat","background-position":"center center","background-size":"auto","background-attachment":"scroll","background-type":"","background-media":"","overlay-type":"","overlay-color":"","overlay-opacity":"","overlay-gradient":""}},"ast-content-background-meta":{"desktop":{"background-color":"var(--ast-global-color-5)","background-image":"","background-repeat":"repeat","background-position":"center center","background-size":"auto","background-attachment":"scroll","background-type":"","background-media":"","overlay-type":"","overlay-color":"","overlay-opacity":"","overlay-gradient":""},"tablet":{"background-color":"var(--ast-global-color-5)","background-image":"","background-repeat":"repeat","background-position":"center center","background-size":"auto","background-attachment":"scroll","background-type":"","background-media":"","overlay-type":"","overlay-color":"","overlay-opacity":"","overlay-gradient":""},"mobile":{"background-color":"var(--ast-global-color-5)","background-image":"","background-repeat":"repeat","background-position":"center center","background-size":"auto","background-attachment":"scroll","background-type":"","background-media":"","overlay-type":"","overlay-color":"","overlay-opacity":"","overlay-gradient":""}},"footnotes":""},"class_list":["post-115","page","type-page","status-publish","hentry"],"yoast_head":"<!-- This site is optimized with the Yoast SEO plugin v27.2 - https:\/\/yoast.com\/product\/yoast-seo-wordpress\/ -->\n<title>Customs Clearance FAQ - Customs Complete<\/title>\n<meta name=\"description\" content=\"Customs Clearance can be a confusing and time consuming part of business. These FAQs will help clarify your Import and Export queries.\" \/>\n<meta name=\"robots\" content=\"index, follow, max-snippet:-1, max-image-preview:large, max-video-preview:-1\" \/>\n<link rel=\"canonical\" href=\"https:\/\/customscomplete.com\/fr\/faq\/\" \/>\n<meta property=\"og:locale\" content=\"fr_FR\" \/>\n<meta property=\"og:type\" content=\"article\" \/>\n<meta property=\"og:title\" content=\"Customs Clearance FAQ - Customs Complete\" \/>\n<meta property=\"og:description\" content=\"Customs Clearance can be a confusing and time consuming part of business. These FAQs will help clarify your Import and Export queries.\" \/>\n<meta property=\"og:url\" content=\"https:\/\/customscomplete.com\/fr\/faq\/\" \/>\n<meta property=\"og:site_name\" content=\"Customs Complete\" \/>\n<meta property=\"article:publisher\" content=\"https:\/\/www.facebook.com\/customscomplete\" \/>\n<meta property=\"article:modified_time\" content=\"2025-07-15T07:20:33+00:00\" \/>\n<meta property=\"og:image\" content=\"https:\/\/customscomplete.com\/wp-content\/uploads\/2021\/09\/Facebook-social-homepage.png\" \/>\n\t<meta property=\"og:image:width\" content=\"300\" \/>\n\t<meta property=\"og:image:height\" content=\"200\" \/>\n\t<meta property=\"og:image:type\" content=\"image\/png\" \/>\n<meta name=\"twitter:card\" content=\"summary_large_image\" \/>\n<meta name=\"twitter:label1\" content=\"Dur\u00e9e de lecture estim\u00e9e\" \/>\n\t<meta name=\"twitter:data1\" content=\"2 minutes\" \/>\n<script type=\"application\/ld+json\" class=\"yoast-schema-graph\">{\"@context\":\"https:\/\/schema.org\",\"@graph\":[{\"@type\":\"WebPage\",\"@id\":\"https:\/\/customscomplete.com\/faq\/\",\"url\":\"https:\/\/customscomplete.com\/es\/faq\/\",\"name\":\"Customs Clearance FAQ - Customs Complete\",\"isPartOf\":{\"@id\":\"https:\/\/customscomplete.com\/#website\"},\"datePublished\":\"2021-06-03T17:05:41+00:00\",\"dateModified\":\"2025-07-15T07:20:33+00:00\",\"description\":\"Customs Clearance can be a confusing and time consuming part of business. These FAQs will help clarify your Import and Export queries.\",\"breadcrumb\":{\"@id\":\"https:\/\/customscomplete.com\/es\/faq\/#breadcrumb\"},\"inLanguage\":\"fr-FR\",\"potentialAction\":[{\"@type\":\"ReadAction\",\"target\":[\"https:\/\/customscomplete.com\/es\/faq\/\"]}]},{\"@type\":\"BreadcrumbList\",\"@id\":\"https:\/\/customscomplete.com\/es\/faq\/#breadcrumb\",\"itemListElement\":[{\"@type\":\"ListItem\",\"position\":1,\"name\":\"Home\",\"item\":\"https:\/\/customscomplete.com\/\"},{\"@type\":\"ListItem\",\"position\":2,\"name\":\"Customs Clearance FAQ\"}]},{\"@type\":\"WebSite\",\"@id\":\"https:\/\/customscomplete.com\/#website\",\"url\":\"https:\/\/customscomplete.com\/\",\"name\":\"Customs Complete\",\"description\":\"Clearing The Way\",\"publisher\":{\"@id\":\"https:\/\/customscomplete.com\/#organization\"},\"potentialAction\":[{\"@type\":\"SearchAction\",\"target\":{\"@type\":\"EntryPoint\",\"urlTemplate\":\"https:\/\/customscomplete.com\/?s={search_term_string}\"},\"query-input\":{\"@type\":\"PropertyValueSpecification\",\"valueRequired\":true,\"valueName\":\"search_term_string\"}}],\"inLanguage\":\"fr-FR\"},{\"@type\":\"Organization\",\"@id\":\"https:\/\/customscomplete.com\/#organization\",\"name\":\"Customs Complete\",\"url\":\"https:\/\/customscomplete.com\/\",\"logo\":{\"@type\":\"ImageObject\",\"inLanguage\":\"fr-FR\",\"@id\":\"https:\/\/customscomplete.com\/#\/schema\/logo\/image\/\",\"url\":\"https:\/\/customscomplete.com\/wp-content\/uploads\/2021\/09\/Facebook-social-homepage.png\",\"contentUrl\":\"https:\/\/customscomplete.com\/wp-content\/uploads\/2021\/09\/Facebook-social-homepage.png\",\"width\":300,\"height\":200,\"caption\":\"Customs Complete\"},\"image\":{\"@id\":\"https:\/\/customscomplete.com\/#\/schema\/logo\/image\/\"},\"sameAs\":[\"https:\/\/www.facebook.com\/customscomplete\",\"https:\/\/www.linkedin.com\/company\/customs-complete\"]}]}<\/script>\n<!-- \/ Yoast SEO plugin. -->","yoast_head_json":{"title":"FAQ sur le d\u00e9douanement - Customs Complete","description":"Le d\u00e9douanement peut \u00eatre un aspect d\u00e9routant et fastidieux de l'activit\u00e9 commerciale. Ces FAQ vous aideront \u00e0 clarifier vos questions sur l'importation et l'exportation.","robots":{"index":"index","follow":"follow","max-snippet":"max-snippet:-1","max-image-preview":"max-image-preview:large","max-video-preview":"max-video-preview:-1"},"canonical":"https:\/\/customscomplete.com\/fr\/faq\/","og_locale":"fr_FR","og_type":"article","og_title":"Customs Clearance FAQ - Customs Complete","og_description":"Customs Clearance can be a confusing and time consuming part of business. These FAQs will help clarify your Import and Export queries.","og_url":"https:\/\/customscomplete.com\/fr\/faq\/","og_site_name":"Customs Complete","article_publisher":"https:\/\/www.facebook.com\/customscomplete","article_modified_time":"2025-07-15T07:20:33+00:00","og_image":[{"width":300,"height":200,"url":"https:\/\/customscomplete.com\/wp-content\/uploads\/2021\/09\/Facebook-social-homepage.png","type":"image\/png"}],"twitter_card":"summary_large_image","twitter_misc":{"Dur\u00e9e de lecture estim\u00e9e":"2 minutes"},"schema":{"@context":"https:\/\/schema.org","@graph":[{"@type":"WebPage","@id":"https:\/\/customscomplete.com\/faq\/","url":"https:\/\/customscomplete.com\/es\/faq\/","name":"FAQ sur le d\u00e9douanement - Customs Complete","isPartOf":{"@id":"https:\/\/customscomplete.com\/#website"},"datePublished":"2021-06-03T17:05:41+00:00","dateModified":"2025-07-15T07:20:33+00:00","description":"Le d\u00e9douanement peut \u00eatre un aspect d\u00e9routant et fastidieux de l'activit\u00e9 commerciale. Ces FAQ vous aideront \u00e0 clarifier vos questions sur l'importation et l'exportation.","breadcrumb":{"@id":"https:\/\/customscomplete.com\/es\/faq\/#breadcrumb"},"inLanguage":"fr-FR","potentialAction":[{"@type":"ReadAction","target":["https:\/\/customscomplete.com\/es\/faq\/"]}]},{"@type":"BreadcrumbList","@id":"https:\/\/customscomplete.com\/es\/faq\/#breadcrumb","itemListElement":[{"@type":"ListItem","position":1,"name":"Home","item":"https:\/\/customscomplete.com\/"},{"@type":"ListItem","position":2,"name":"Customs Clearance FAQ"}]},{"@type":"WebSite","@id":"https:\/\/customscomplete.com\/#website","url":"https:\/\/customscomplete.com\/","name":"Customs Complete","description":"Ouvrir la voie","publisher":{"@id":"https:\/\/customscomplete.com\/#organization"},"potentialAction":[{"@type":"SearchAction","target":{"@type":"EntryPoint","urlTemplate":"https:\/\/customscomplete.com\/?s={search_term_string}"},"query-input":{"@type":"PropertyValueSpecification","valueRequired":true,"valueName":"search_term_string"}}],"inLanguage":"fr-FR"},{"@type":"Organization","@id":"https:\/\/customscomplete.com\/#organization","name":"Customs Complete","url":"https:\/\/customscomplete.com\/","logo":{"@type":"ImageObject","inLanguage":"fr-FR","@id":"https:\/\/customscomplete.com\/#\/schema\/logo\/image\/","url":"https:\/\/customscomplete.com\/wp-content\/uploads\/2021\/09\/Facebook-social-homepage.png","contentUrl":"https:\/\/customscomplete.com\/wp-content\/uploads\/2021\/09\/Facebook-social-homepage.png","width":300,"height":200,"caption":"Customs Complete"},"image":{"@id":"https:\/\/customscomplete.com\/#\/schema\/logo\/image\/"},"sameAs":["https:\/\/www.facebook.com\/customscomplete","https:\/\/www.linkedin.com\/company\/customs-complete"]}]}},"_links":{"self":[{"href":"https:\/\/customscomplete.com\/fr\/wp-json\/wp\/v2\/pages\/115","targetHints":{"allow":["GET"]}}],"collection":[{"href":"https:\/\/customscomplete.com\/fr\/wp-json\/wp\/v2\/pages"}],"about":[{"href":"https:\/\/customscomplete.com\/fr\/wp-json\/wp\/v2\/types\/page"}],"author":[{"embeddable":true,"href":"https:\/\/customscomplete.com\/fr\/wp-json\/wp\/v2\/users\/1"}],"replies":[{"embeddable":true,"href":"https:\/\/customscomplete.com\/fr\/wp-json\/wp\/v2\/comments?post=115"}],"version-history":[{"count":12,"href":"https:\/\/customscomplete.com\/fr\/wp-json\/wp\/v2\/pages\/115\/revisions"}],"predecessor-version":[{"id":5223,"href":"https:\/\/customscomplete.com\/fr\/wp-json\/wp\/v2\/pages\/115\/revisions\/5223"}],"wp:attachment":[{"href":"https:\/\/customscomplete.com\/fr\/wp-json\/wp\/v2\/media?parent=115"}],"curies":[{"name":"wp","href":"https:\/\/api.w.org\/{rel}","templated":true}]}}