{"id":1478,"date":"2023-11-17T10:44:46","date_gmt":"2023-11-17T10:44:46","guid":{"rendered":"https:\/\/customscomplete.com\/?page_id=1478"},"modified":"2023-11-14T12:32:18","modified_gmt":"2023-11-14T12:32:18","slug":"dedouanement-dans-le-port-de-liverpool","status":"publish","type":"page","link":"https:\/\/customscomplete.com\/fr\/customs-clearance-in-liverpool-port\/","title":{"rendered":"D\u00e9douanement dans le port de Liverpool"},"content":{"rendered":"\n<p>Liverpool Port, steeped in maritime history, stands as a cornerstone of the UK\u2019s international trade infrastructure. Liverpool Port is the Irish Sea\u2019s second biggest port. In 2022 Liverpool Port handled 34.5 million tonnes of cargo making it the 3<sup>rd<\/sup> busiest port in the UK in 2022. Liverpool Port reportedly handles 60 vessels every month. The port&#8217;s extensive shipping routes include routes to Ireland, mainland Europe, and North America, this makes the port a global trade nexus. Read on to learn more about Customs Clearance in Liverpool Port. <\/p>\n\n\n\n<p><strong>Liverpool Port: A Gateway to Global Trade Success<\/strong><\/p>\n\n\n\n<p> Liverpool&#8217;s world-class facilities such as its container depot and 10 lane AutoGate managing system are the reason why so many businesses import and export goods through Liverpool Port. Its advantageous location, deep water and diverse cargo handling capabilities, efficient customs clearance procedures and its immediate access to major road and rail networks make it a very popular port for importers and exporters across the UK. <\/p>\n\n\n\n<p><strong>Liverpool Port&#8217;s Customs Clearance Procedures<\/strong><\/p>\n\n\n\n<p>Customs clearance in Liverpool Port is a highly efficient process. The port authorities in Liverpool have invested heavily in infrastructure to ensure goods are cleared through the port seamlessly. A lot of the investment went into digital technologies which help streamline the entire process. The main advantage of the new technology is that certain goods can be pre-cleared before their ship even arrives in the port. This allows for some goods to travel through the port without having to be checked at all. These technologies can also help reduce administrative burden and human error, which result in a more efficient customs process.<\/p>\n\n\n\n<p>Like in every international cargo port in the world, documentation is needed when importing and exporting goods through Liverpool Port. All goods travelling through the port must be accompanied by proper documentation. The documentation needed for trade in Liverpool include commercial invoices, packing lists, bills of lading and airway bills. These documents contain information needed by port authorities to clear goods. This information includes value and weight of the goods being moved, their country of origin, their commodity code and the incoterms the goods are being traded under. All of these determine how much, if any, import duties need to be paid. <\/p>\n\n\n\n<figure class=\"wp-block-image size-large is-resized\"><img fetchpriority=\"high\" decoding=\"async\" width=\"1024\" height=\"682\" src=\"https:\/\/customscomplete.com\/wp-content\/uploads\/2023\/10\/Liverpool-1-1-1024x682.jpg\" alt=\"Customs Clearance in Liverpool Port\" class=\"wp-image-1849\" style=\"aspect-ratio:1.501466275659824;width:1036px;height:auto\" srcset=\"https:\/\/customscomplete.com\/wp-content\/uploads\/2023\/10\/Liverpool-1-1-1024x682.jpg 1024w, https:\/\/customscomplete.com\/wp-content\/uploads\/2023\/10\/Liverpool-1-1-300x200.jpg 300w, https:\/\/customscomplete.com\/wp-content\/uploads\/2023\/10\/Liverpool-1-1-768x512.jpg 768w, https:\/\/customscomplete.com\/wp-content\/uploads\/2023\/10\/Liverpool-1-1.jpg 1280w\" sizes=\"(max-width: 1024px) 100vw, 1024px\" \/><\/figure>\n\n\n\n<p><\/p>\n\n\n\n<p>Customs authorities in Liverpool Port have the ability to check any consignment that travels through the port. These checks can be physical inspections of the goods and\/or documentary checks in order to ensure the goods match their attached documents. These checks are set to become more regular due to the upcoming Border Target Operating Model (BTOM) regulations. These regulations are set to come into effect on the 31st of January 2024. They will mainly affect animal and plant products being imported into the UK. If you would like to learn more about these upcoming regulations <a href=\"https:\/\/customscomplete.com\/border-target-operating-model-uk-import-control\/.\"><mark style=\"background-color:rgba(0, 0, 0, 0)\" class=\"has-inline-color has-ast-global-color-0-color\">click here<\/mark><\/a>,<\/p>\n\n\n\n<p>All of the above measures are put in place in order to ensure customs clearance in Liverpool Port is a smooth, streamlined process. Port authorities want all goods to move through the port quickly and legally. Many businesses that trade through Liverpool Port partner with customs brokers. These brokers use their extensive knowledge of customs procedures to ensure their clients&#8217; supply chains do not get disturbed. <\/p>\n\n\n\n<p><a href=\"https:\/\/en.wikipedia.org\/wiki\/Port_of_Liverpool\"><mark style=\"background-color:rgba(0, 0, 0, 0)\" class=\"has-inline-color has-ast-global-color-0-color\">If you would like to learn more about this historic port of Liverpool you can click the link here<\/mark><\/a><\/p>\n\n\n\n<h4 class=\"wp-block-heading\">How Do I Contact a Customs Agent to arrange Customs Clearance?<\/h4>\n\n\n\n<p>It is recommended to contact a Customs Agent as soon as you have the details for your shipment. There are many Clearance Agents who offer similar services but it is important to choose an Agent who has the experience and knowledge to clear your goods. <\/p>\n\n\n\n<p><a href=\"https:\/\/customscomplete.com\/faq\/\"><mark style=\"background-color:rgba(0, 0, 0, 0)\" class=\"has-inline-color has-ast-global-color-0-color\">For more FAQ\u00b4s about Customs Clearance please click here<\/mark><\/a><\/p>\n\n\n\n<h3 class=\"wp-block-heading\">Contact Customs Complete<\/h3>\n\n\n<div class=\"wpforms-container wpforms-block wpforms-block-b4de45db-0eee-43ca-8ad0-9c17f5ec262b\" id=\"wpforms-90\"><form id=\"wpforms-form-90\" class=\"wpforms-validate wpforms-form\" data-formid=\"90\" method=\"post\" enctype=\"multipart\/form-data\" action=\"\/fr\/wp-json\/wp\/v2\/pages\/1478\" data-token=\"a8bb667dd513fe356f9d9e72adde7d1b\" data-token-time=\"1776414724\"><noscript class=\"wpforms-error-noscript\">Veuillez activer JavaScript dans votre navigateur pour remplir ce formulaire.<\/noscript><div class=\"wpforms-field-container\"><div id=\"wpforms-90-field_0-container\" class=\"wpforms-field wpforms-field-name\" data-field-id=\"0\"><label class=\"wpforms-field-label\" for=\"wpforms-90-field_0\">Name <span class=\"wpforms-required-label\">*<\/span><\/label><input type=\"text\" id=\"wpforms-90-field_0\" class=\"wpforms-field-medium wpforms-field-required\" name=\"wpforms[fields][0]\" required><div class=\"wpforms-field-description\">We do not process personal packages, small online orders, or consumer parcels.<\/div><\/div><div id=\"wpforms-90-field_4-container\" class=\"wpforms-field wpforms-field-text\" data-field-id=\"4\"><label class=\"wpforms-field-label\" for=\"wpforms-90-field_4\">Company <\/label><input type=\"text\" id=\"wpforms-90-field_4\" class=\"wpforms-field-medium\" name=\"wpforms[fields][4]\" ><\/div><div id=\"wpforms-90-field_1-container\" class=\"wpforms-field wpforms-field-email\" data-field-id=\"1\"><label class=\"wpforms-field-label\" for=\"wpforms-90-field_1\">Email <span class=\"wpforms-required-label\">*<\/span><\/label><input type=\"email\" id=\"wpforms-90-field_1\" class=\"wpforms-field-medium wpforms-field-required\" name=\"wpforms[fields][1]\" spellcheck=\"false\" required><\/div><div id=\"wpforms-90-field_5-container\" class=\"wpforms-field wpforms-field-text\" data-field-id=\"5\"><label class=\"wpforms-field-label\" for=\"wpforms-90-field_5\">Phone number<\/label><input type=\"text\" id=\"wpforms-90-field_5\" class=\"wpforms-field-medium\" name=\"wpforms[fields][5]\" ><\/div><div id=\"wpforms-90-field_7-container\" class=\"wpforms-field wpforms-field-checkbox\" data-field-id=\"7\"><label class=\"wpforms-field-label\">Which service(s) are you interested in:<\/label><ul id=\"wpforms-90-field_7\"><li class=\"choice-1 depth-1\"><input type=\"checkbox\" id=\"wpforms-90-field_7_1\" name=\"wpforms[fields][7][]\" value=\"Import Declaration\"  ><label class=\"wpforms-field-label-inline\" for=\"wpforms-90-field_7_1\">Import Declaration<\/label><\/li><li class=\"choice-2 depth-1\"><input type=\"checkbox\" id=\"wpforms-90-field_7_2\" name=\"wpforms[fields][7][]\" value=\"Export Declaration\"  ><label class=\"wpforms-field-label-inline\" for=\"wpforms-90-field_7_2\">Export Declaration<\/label><\/li><li class=\"choice-9 depth-1\"><input type=\"checkbox\" id=\"wpforms-90-field_7_9\" name=\"wpforms[fields][7][]\" value=\"CBAM\"  ><label class=\"wpforms-field-label-inline\" for=\"wpforms-90-field_7_9\">CBAM<\/label><\/li><li class=\"choice-3 depth-1\"><input type=\"checkbox\" id=\"wpforms-90-field_7_3\" name=\"wpforms[fields][7][]\" value=\"Transit Document\"  ><label class=\"wpforms-field-label-inline\" for=\"wpforms-90-field_7_3\">Transit Document<\/label><\/li><li class=\"choice-4 depth-1\"><input type=\"checkbox\" id=\"wpforms-90-field_7_4\" name=\"wpforms[fields][7][]\" value=\"Transfer of Residence (TOR)\"  ><label class=\"wpforms-field-label-inline\" for=\"wpforms-90-field_7_4\">Transfer of Residence (TOR)<\/label><\/li><li class=\"choice-5 depth-1\"><input type=\"checkbox\" id=\"wpforms-90-field_7_5\" name=\"wpforms[fields][7][]\" value=\"Security Declaration\"  ><label class=\"wpforms-field-label-inline\" for=\"wpforms-90-field_7_5\">Security Declaration<\/label><\/li><li class=\"choice-8 depth-1\"><input type=\"checkbox\" id=\"wpforms-90-field_7_8\" name=\"wpforms[fields][7][]\" value=\"Freight Shipping\"  ><label class=\"wpforms-field-label-inline\" for=\"wpforms-90-field_7_8\">Freight Shipping<\/label><\/li><li class=\"choice-6 depth-1\"><input type=\"checkbox\" id=\"wpforms-90-field_7_6\" name=\"wpforms[fields][7][]\" value=\"Logistics\"  ><label class=\"wpforms-field-label-inline\" for=\"wpforms-90-field_7_6\">Logistics<\/label><\/li><li class=\"choice-7 depth-1\"><input type=\"checkbox\" id=\"wpforms-90-field_7_7\" name=\"wpforms[fields][7][]\" value=\"Supply Chain\"  ><label class=\"wpforms-field-label-inline\" for=\"wpforms-90-field_7_7\">Supply Chain<\/label><\/li><\/ul><\/div><div id=\"wpforms-90-field_2-container\" class=\"wpforms-field wpforms-field-textarea\" data-field-id=\"2\"><label class=\"wpforms-field-label\" for=\"wpforms-90-field_2\">Additional Comments<\/label><textarea id=\"wpforms-90-field_2\" class=\"wpforms-field-medium\" name=\"wpforms[fields][2]\" ><\/textarea><\/div><\/div><!-- .wpforms-field-container --><div class=\"wpforms-recaptcha-container wpforms-is-recaptcha wpforms-is-recaptcha-type-invisible\" ><div class=\"g-recaptcha\" data-sitekey=\"6LdifI4fAAAAACNIvaJsAyYjc7SViYqtoKLgu6sY\" data-size=\"invisible\"><\/div><\/div><div class=\"wpforms-submit-container\" ><input type=\"hidden\" name=\"wpforms[id]\" value=\"90\"><input type=\"hidden\" name=\"page_title\" value=\"\"><input type=\"hidden\" name=\"page_url\" value=\"https:\/\/customscomplete.com\/fr\/wp-json\/wp\/v2\/pages\/1478\"><input type=\"hidden\" name=\"url_referer\" value=\"\"><button type=\"submit\" name=\"wpforms[submit]\" id=\"wpforms-submit-90\" class=\"wpforms-submit\" data-alt-text=\"Sending...\" data-submit-text=\"Submit\" aria-live=\"assertive\" value=\"wpforms-submit\">Submit<\/button><\/div><\/form><\/div>  <!-- .wpforms-container -->","protected":false},"excerpt":{"rendered":"<p>Liverpool Port, steeped in maritime history, stands as a cornerstone of the UK\u2019s international trade infrastructure. Liverpool Port is the Irish Sea\u2019s second biggest port. In 2022 Liverpool Port handled 34.5 million tonnes of cargo making it the 3rd busiest port in the UK in 2022. Liverpool Port reportedly handles [&hellip;]<\/p>\n","protected":false},"author":1,"featured_media":1850,"parent":0,"menu_order":0,"comment_status":"closed","ping_status":"closed","template":"","meta":{"om_disable_all_campaigns":false,"_monsterinsights_skip_tracking":false,"_monsterinsights_sitenote_active":false,"_monsterinsights_sitenote_note":"","_monsterinsights_sitenote_category":0,"site-sidebar-layout":"default","site-content-layout":"","ast-site-content-layout":"default","site-content-style":"default","site-sidebar-style":"default","ast-global-header-display":"","ast-banner-title-visibility":"","ast-main-header-display":"","ast-hfb-above-header-display":"","ast-hfb-below-header-display":"","ast-hfb-mobile-header-display":"","site-post-title":"","ast-breadcrumbs-content":"","ast-featured-img":"","footer-sml-layout":"","ast-disable-related-posts":"","theme-transparent-header-meta":"","adv-header-id-meta":"","stick-header-meta":"","header-above-stick-meta":"","header-main-stick-meta":"","header-below-stick-meta":"","astra-migrate-meta-layouts":"set","ast-page-background-enabled":"default","ast-page-background-meta":{"desktop":{"background-color":"","background-image":"","background-repeat":"repeat","background-position":"center center","background-size":"auto","background-attachment":"scroll","background-type":"","background-media":"","overlay-type":"","overlay-color":"","overlay-opacity":"","overlay-gradient":""},"tablet":{"background-color":"","background-image":"","background-repeat":"repeat","background-position":"center center","background-size":"auto","background-attachment":"scroll","background-type":"","background-media":"","overlay-type":"","overlay-color":"","overlay-opacity":"","overlay-gradient":""},"mobile":{"background-color":"","background-image":"","background-repeat":"repeat","background-position":"center center","background-size":"auto","background-attachment":"scroll","background-type":"","background-media":"","overlay-type":"","overlay-color":"","overlay-opacity":"","overlay-gradient":""}},"ast-content-background-meta":{"desktop":{"background-color":"var(--ast-global-color-5)","background-image":"","background-repeat":"repeat","background-position":"center center","background-size":"auto","background-attachment":"scroll","background-type":"","background-media":"","overlay-type":"","overlay-color":"","overlay-opacity":"","overlay-gradient":""},"tablet":{"background-color":"var(--ast-global-color-5)","background-image":"","background-repeat":"repeat","background-position":"center center","background-size":"auto","background-attachment":"scroll","background-type":"","background-media":"","overlay-type":"","overlay-color":"","overlay-opacity":"","overlay-gradient":""},"mobile":{"background-color":"var(--ast-global-color-5)","background-image":"","background-repeat":"repeat","background-position":"center center","background-size":"auto","background-attachment":"scroll","background-type":"","background-media":"","overlay-type":"","overlay-color":"","overlay-opacity":"","overlay-gradient":""}},"footnotes":""},"class_list":["post-1478","page","type-page","status-publish","has-post-thumbnail","hentry"],"yoast_head":"<!-- This site is optimized with the Yoast SEO plugin v27.2 - https:\/\/yoast.com\/product\/yoast-seo-wordpress\/ -->\n<title>Customs Clearance in Liverpool Port - Customs Complete<\/title>\n<meta name=\"description\" content=\"Due to Brexit, trade with the UK has become increasingly more complex. read here to learn more about customs clearance in Liverpool Port\" \/>\n<meta name=\"robots\" content=\"index, follow, max-snippet:-1, max-image-preview:large, max-video-preview:-1\" \/>\n<link rel=\"canonical\" href=\"https:\/\/customscomplete.com\/fr\/dedouanement-dans-le-port-de-liverpool\/\" \/>\n<meta property=\"og:locale\" content=\"fr_FR\" \/>\n<meta property=\"og:type\" content=\"article\" \/>\n<meta property=\"og:title\" content=\"Customs Clearance in Liverpool Port - Customs Complete\" \/>\n<meta property=\"og:description\" content=\"Due to Brexit, trade with the UK has become increasingly more complex. read here to learn more about customs clearance in Liverpool Port\" \/>\n<meta property=\"og:url\" content=\"https:\/\/customscomplete.com\/fr\/dedouanement-dans-le-port-de-liverpool\/\" \/>\n<meta property=\"og:site_name\" content=\"Customs Complete\" \/>\n<meta property=\"article:publisher\" content=\"https:\/\/www.facebook.com\/customscomplete\" \/>\n<meta property=\"og:image\" content=\"https:\/\/customscomplete.com\/wp-content\/uploads\/2023\/10\/Liverpool-2.jpg\" \/>\n\t<meta property=\"og:image:width\" content=\"1280\" \/>\n\t<meta property=\"og:image:height\" content=\"808\" \/>\n\t<meta property=\"og:image:type\" content=\"image\/jpeg\" \/>\n<meta name=\"twitter:card\" content=\"summary_large_image\" \/>\n<meta name=\"twitter:label1\" content=\"Dur\u00e9e de lecture estim\u00e9e\" \/>\n\t<meta name=\"twitter:data1\" content=\"3 minutes\" \/>\n<script type=\"application\/ld+json\" class=\"yoast-schema-graph\">{\"@context\":\"https:\/\/schema.org\",\"@graph\":[{\"@type\":\"WebPage\",\"@id\":\"https:\/\/customscomplete.com\/customs-clearance-in-liverpool-port\/\",\"url\":\"https:\/\/customscomplete.com\/customs-clearance-in-liverpool-port\/\",\"name\":\"Customs Clearance in Liverpool Port - Customs Complete\",\"isPartOf\":{\"@id\":\"https:\/\/customscomplete.com\/#website\"},\"primaryImageOfPage\":{\"@id\":\"https:\/\/customscomplete.com\/customs-clearance-in-liverpool-port\/#primaryimage\"},\"image\":{\"@id\":\"https:\/\/customscomplete.com\/customs-clearance-in-liverpool-port\/#primaryimage\"},\"thumbnailUrl\":\"https:\/\/customscomplete.com\/wp-content\/uploads\/2023\/10\/Liverpool-2.jpg\",\"datePublished\":\"2023-11-17T10:44:46+00:00\",\"description\":\"Due to Brexit, trade with the UK has become increasingly more complex. read here to learn more about customs clearance in Liverpool Port\",\"breadcrumb\":{\"@id\":\"https:\/\/customscomplete.com\/customs-clearance-in-liverpool-port\/#breadcrumb\"},\"inLanguage\":\"fr-FR\",\"potentialAction\":[{\"@type\":\"ReadAction\",\"target\":[\"https:\/\/customscomplete.com\/customs-clearance-in-liverpool-port\/\"]}]},{\"@type\":\"ImageObject\",\"inLanguage\":\"fr-FR\",\"@id\":\"https:\/\/customscomplete.com\/customs-clearance-in-liverpool-port\/#primaryimage\",\"url\":\"https:\/\/customscomplete.com\/wp-content\/uploads\/2023\/10\/Liverpool-2.jpg\",\"contentUrl\":\"https:\/\/customscomplete.com\/wp-content\/uploads\/2023\/10\/Liverpool-2.jpg\",\"width\":1280,\"height\":808,\"caption\":\"Customs Clearance in Liverpool Port\"},{\"@type\":\"BreadcrumbList\",\"@id\":\"https:\/\/customscomplete.com\/customs-clearance-in-liverpool-port\/#breadcrumb\",\"itemListElement\":[{\"@type\":\"ListItem\",\"position\":1,\"name\":\"Home\",\"item\":\"https:\/\/customscomplete.com\/\"},{\"@type\":\"ListItem\",\"position\":2,\"name\":\"Customs Clearance in Liverpool Port\"}]},{\"@type\":\"WebSite\",\"@id\":\"https:\/\/customscomplete.com\/#website\",\"url\":\"https:\/\/customscomplete.com\/\",\"name\":\"Customs Complete\",\"description\":\"Clearing The Way\",\"publisher\":{\"@id\":\"https:\/\/customscomplete.com\/#organization\"},\"potentialAction\":[{\"@type\":\"SearchAction\",\"target\":{\"@type\":\"EntryPoint\",\"urlTemplate\":\"https:\/\/customscomplete.com\/?s={search_term_string}\"},\"query-input\":{\"@type\":\"PropertyValueSpecification\",\"valueRequired\":true,\"valueName\":\"search_term_string\"}}],\"inLanguage\":\"fr-FR\"},{\"@type\":\"Organization\",\"@id\":\"https:\/\/customscomplete.com\/#organization\",\"name\":\"Customs Complete\",\"url\":\"https:\/\/customscomplete.com\/\",\"logo\":{\"@type\":\"ImageObject\",\"inLanguage\":\"fr-FR\",\"@id\":\"https:\/\/customscomplete.com\/#\/schema\/logo\/image\/\",\"url\":\"https:\/\/customscomplete.com\/wp-content\/uploads\/2021\/09\/Facebook-social-homepage.png\",\"contentUrl\":\"https:\/\/customscomplete.com\/wp-content\/uploads\/2021\/09\/Facebook-social-homepage.png\",\"width\":300,\"height\":200,\"caption\":\"Customs Complete\"},\"image\":{\"@id\":\"https:\/\/customscomplete.com\/#\/schema\/logo\/image\/\"},\"sameAs\":[\"https:\/\/www.facebook.com\/customscomplete\",\"https:\/\/www.linkedin.com\/company\/customs-complete\"]}]}<\/script>\n<!-- \/ Yoast SEO plugin. -->","yoast_head_json":{"title":"D\u00e9douanement dans le port de Liverpool - Customs Complete","description":"En raison du Brexit, les \u00e9changes commerciaux avec le Royaume-Uni sont devenus de plus en plus complexes. Lisez ici pour en savoir plus sur le d\u00e9douanement dans le port de Liverpool.","robots":{"index":"index","follow":"follow","max-snippet":"max-snippet:-1","max-image-preview":"max-image-preview:large","max-video-preview":"max-video-preview:-1"},"canonical":"https:\/\/customscomplete.com\/fr\/dedouanement-dans-le-port-de-liverpool\/","og_locale":"fr_FR","og_type":"article","og_title":"Customs Clearance in Liverpool Port - Customs Complete","og_description":"Due to Brexit, trade with the UK has become increasingly more complex. read here to learn more about customs clearance in Liverpool Port","og_url":"https:\/\/customscomplete.com\/fr\/dedouanement-dans-le-port-de-liverpool\/","og_site_name":"Customs Complete","article_publisher":"https:\/\/www.facebook.com\/customscomplete","og_image":[{"width":1280,"height":808,"url":"https:\/\/customscomplete.com\/wp-content\/uploads\/2023\/10\/Liverpool-2.jpg","type":"image\/jpeg"}],"twitter_card":"summary_large_image","twitter_misc":{"Dur\u00e9e de lecture estim\u00e9e":"3 minutes"},"schema":{"@context":"https:\/\/schema.org","@graph":[{"@type":"WebPage","@id":"https:\/\/customscomplete.com\/customs-clearance-in-liverpool-port\/","url":"https:\/\/customscomplete.com\/customs-clearance-in-liverpool-port\/","name":"D\u00e9douanement dans le port de Liverpool - Customs Complete","isPartOf":{"@id":"https:\/\/customscomplete.com\/#website"},"primaryImageOfPage":{"@id":"https:\/\/customscomplete.com\/customs-clearance-in-liverpool-port\/#primaryimage"},"image":{"@id":"https:\/\/customscomplete.com\/customs-clearance-in-liverpool-port\/#primaryimage"},"thumbnailUrl":"https:\/\/customscomplete.com\/wp-content\/uploads\/2023\/10\/Liverpool-2.jpg","datePublished":"2023-11-17T10:44:46+00:00","description":"En raison du Brexit, les \u00e9changes commerciaux avec le Royaume-Uni sont devenus de plus en plus complexes. Lisez ici pour en savoir plus sur le d\u00e9douanement dans le port de Liverpool.","breadcrumb":{"@id":"https:\/\/customscomplete.com\/customs-clearance-in-liverpool-port\/#breadcrumb"},"inLanguage":"fr-FR","potentialAction":[{"@type":"ReadAction","target":["https:\/\/customscomplete.com\/customs-clearance-in-liverpool-port\/"]}]},{"@type":"ImageObject","inLanguage":"fr-FR","@id":"https:\/\/customscomplete.com\/customs-clearance-in-liverpool-port\/#primaryimage","url":"https:\/\/customscomplete.com\/wp-content\/uploads\/2023\/10\/Liverpool-2.jpg","contentUrl":"https:\/\/customscomplete.com\/wp-content\/uploads\/2023\/10\/Liverpool-2.jpg","width":1280,"height":808,"caption":"Customs Clearance in Liverpool Port"},{"@type":"BreadcrumbList","@id":"https:\/\/customscomplete.com\/customs-clearance-in-liverpool-port\/#breadcrumb","itemListElement":[{"@type":"ListItem","position":1,"name":"Home","item":"https:\/\/customscomplete.com\/"},{"@type":"ListItem","position":2,"name":"Customs Clearance in Liverpool Port"}]},{"@type":"WebSite","@id":"https:\/\/customscomplete.com\/#website","url":"https:\/\/customscomplete.com\/","name":"Customs Complete","description":"Ouvrir la voie","publisher":{"@id":"https:\/\/customscomplete.com\/#organization"},"potentialAction":[{"@type":"SearchAction","target":{"@type":"EntryPoint","urlTemplate":"https:\/\/customscomplete.com\/?s={search_term_string}"},"query-input":{"@type":"PropertyValueSpecification","valueRequired":true,"valueName":"search_term_string"}}],"inLanguage":"fr-FR"},{"@type":"Organization","@id":"https:\/\/customscomplete.com\/#organization","name":"Customs Complete","url":"https:\/\/customscomplete.com\/","logo":{"@type":"ImageObject","inLanguage":"fr-FR","@id":"https:\/\/customscomplete.com\/#\/schema\/logo\/image\/","url":"https:\/\/customscomplete.com\/wp-content\/uploads\/2021\/09\/Facebook-social-homepage.png","contentUrl":"https:\/\/customscomplete.com\/wp-content\/uploads\/2021\/09\/Facebook-social-homepage.png","width":300,"height":200,"caption":"Customs Complete"},"image":{"@id":"https:\/\/customscomplete.com\/#\/schema\/logo\/image\/"},"sameAs":["https:\/\/www.facebook.com\/customscomplete","https:\/\/www.linkedin.com\/company\/customs-complete"]}]}},"_links":{"self":[{"href":"https:\/\/customscomplete.com\/fr\/wp-json\/wp\/v2\/pages\/1478","targetHints":{"allow":["GET"]}}],"collection":[{"href":"https:\/\/customscomplete.com\/fr\/wp-json\/wp\/v2\/pages"}],"about":[{"href":"https:\/\/customscomplete.com\/fr\/wp-json\/wp\/v2\/types\/page"}],"author":[{"embeddable":true,"href":"https:\/\/customscomplete.com\/fr\/wp-json\/wp\/v2\/users\/1"}],"replies":[{"embeddable":true,"href":"https:\/\/customscomplete.com\/fr\/wp-json\/wp\/v2\/comments?post=1478"}],"version-history":[{"count":8,"href":"https:\/\/customscomplete.com\/fr\/wp-json\/wp\/v2\/pages\/1478\/revisions"}],"predecessor-version":[{"id":2843,"href":"https:\/\/customscomplete.com\/fr\/wp-json\/wp\/v2\/pages\/1478\/revisions\/2843"}],"wp:featuredmedia":[{"embeddable":true,"href":"https:\/\/customscomplete.com\/fr\/wp-json\/wp\/v2\/media\/1850"}],"wp:attachment":[{"href":"https:\/\/customscomplete.com\/fr\/wp-json\/wp\/v2\/media?parent=1478"}],"curies":[{"name":"wp","href":"https:\/\/api.w.org\/{rel}","templated":true}]}}