{"id":1496,"date":"2023-10-25T13:35:24","date_gmt":"2023-10-25T13:35:24","guid":{"rendered":"https:\/\/customscomplete.com\/?page_id=1496"},"modified":"2024-03-08T14:49:04","modified_gmt":"2024-03-08T14:49:04","slug":"dedouanement-au-port-de-belfast","status":"publish","type":"page","link":"https:\/\/customscomplete.com\/fr\/belfast-port-customs-clearance\/","title":{"rendered":"D\u00e9douanement dans le port de Belfast"},"content":{"rendered":"<p class=\"has-medium-font-size\"><strong>Naviguer sur les vagues : Une plong\u00e9e dans le port de Belfast<\/strong><\/p>\n\n\n\n<p>Datant de 1613, le port de Belfast a \u00e9t\u00e9 extr\u00eamement important pour la province d'Ulster. Repr\u00e9sentant environ 20% de la zone urbaine de Belfast ou 2000 acres et traitant 70% de tout le commerce maritime entrant en Irlande du Nord, le port de Belfast est le plus grand port de marchandises de la r\u00e9gion. En outre, le port de Belfast est le plus grand port de passagers d'Irlande du Nord, accueillant 1,5 million de passagers de ferry chaque ann\u00e9e.<\/p>\n\n\n\n<p>Avec la manutention de 24,5 millions de tonnes de marchandises en 2022, le port de Belfast est le cinqui\u00e8me port commercial le plus actif du Royaume-Uni. Situ\u00e9 sur la c\u00f4te est de l'Irlande du Nord, le port de Belfast est un maillon essentiel de la cha\u00eene d'approvisionnement de nombreuses entreprises nord-irlandaises, reliant la r\u00e9gion au Royaume-Uni et \u00e0 l'Europe continentale.<\/p>\n\n\n\n<figure class=\"wp-block-gallery has-nested-images columns-default is-cropped wp-block-gallery-1 is-layout-flex wp-block-gallery-is-layout-flex\">\n<figure class=\"wp-block-image size-large\"><img fetchpriority=\"high\" decoding=\"async\" width=\"1024\" height=\"768\" data-id=\"1826\" src=\"https:\/\/customscomplete.com\/wp-content\/uploads\/2023\/10\/belfast-2334010_1280-1024x768.jpg\" alt=\"Proc\u00e9dures de d\u00e9douanement au port de Belfast\" class=\"wp-image-1826\" srcset=\"https:\/\/customscomplete.com\/wp-content\/uploads\/2023\/10\/belfast-2334010_1280-1024x768.jpg 1024w, https:\/\/customscomplete.com\/wp-content\/uploads\/2023\/10\/belfast-2334010_1280-300x225.jpg 300w, https:\/\/customscomplete.com\/wp-content\/uploads\/2023\/10\/belfast-2334010_1280-768x576.jpg 768w, https:\/\/customscomplete.com\/wp-content\/uploads\/2023\/10\/belfast-2334010_1280.jpg 1280w\" sizes=\"(max-width: 1024px) 100vw, 1024px\" \/><\/figure>\n<\/figure>\n\n\n\n<p><\/p>\n\n\n\n<p class=\"has-medium-font-size\"><strong>D\u00e9douanement dans le port de Belfast<\/strong><\/p>\n\n\n\n<p>Comme il fait partie du Royaume-Uni mais qu'il est situ\u00e9 sur l'\u00eele d'Irlande, le port de Belfast a une proc\u00e9dure de d\u00e9douanement tr\u00e8s complexe. En outre, le port de Belfast est capable de traiter diff\u00e9rents types de marchandises. Il s'agit notamment de marchandises en vrac, de marchandises conteneuris\u00e9es et de marchandises g\u00e9n\u00e9rales. Cette capacit\u00e9 de manutention diversifi\u00e9e signifie que les autorit\u00e9s portuaires sont fortement impliqu\u00e9es dans les proc\u00e9dures de d\u00e9douanement. Les autorit\u00e9s portuaires ont investi dans leurs proc\u00e9dures de d\u00e9douanement. Cela permet de s'assurer que les marchandises passent par le port de Belfast tout en respectant les lois et r\u00e9glementations douani\u00e8res. <\/p>\n\n\n\n<ol class=\"wp-block-list\" type=\"1\">\n<li><strong>Documentation : <\/strong>Comme dans les autres ports de fret internationaux du monde, il est n\u00e9cessaire de fournir des documents pour importer et exporter des marchandises via le port de Belfast. Les documents n\u00e9cessaires au commerce via le port de Belfast comprennent les factures commerciales et\/ou les listes de colisage des marchandises import\u00e9es ou export\u00e9es, les d\u00e9clarations d'importation, les d\u00e9clarations d'exportation et les lettres de transport a\u00e9rien\/les connaissements. Ces documents contiennent des informations essentielles pour le d\u00e9douanement. Les informations qui doivent figurer dans ces documents sont la valeur, le poids, le pays d'origine, le code des marchandises et les incoterms. Si les autorit\u00e9s douani\u00e8res ne re\u00e7oivent pas ces informations, les marchandises ne seront pas autoris\u00e9es \u00e0 passer par le port de Belfast. <\/li>\n\n\n\n<li><strong>Ch\u00e8ques :<\/strong> Les marchandises entrant et sortant du port de Belfast peuvent faire l'objet de contr\u00f4les. Ces contr\u00f4les comprennent des contr\u00f4les physiques, des contr\u00f4les d'identit\u00e9 et des contr\u00f4les documentaires. Ces inspections sont mises en place afin de s'assurer que les marchandises correspondent \u00e0 la description des documents d'accompagnement et que toutes les marchandises voyagent avec les d\u00e9clarations appropri\u00e9es. Les contr\u00f4les deviendront plus r\u00e9guliers \u00e0 l'avenir en raison du nouveau mod\u00e8le d'exploitation des objectifs frontaliers (Border Target Operating Model - BTOM). Si vous souhaitez en savoir plus sur ces r\u00e9glementations, consultez notre blog ici.<mark style=\"background-color:rgba(0, 0, 0, 0)\" class=\"has-inline-color has-ast-global-color-0-color\">: <\/mark><a href=\"https:\/\/customscomplete.com\/fr\/modele-operationnel-de-lobjectif-frontalier-controle-des-importations-au-royaume-uni\/\"><mark style=\"background-color:rgba(0, 0, 0, 0)\" class=\"has-inline-color has-ast-global-color-0-color\">https:\/\/customscomplete.com\/border-target-operating-model-uk-import-control\/<\/mark><\/a><\/li>\n\n\n\n<li><strong>Inscription : <\/strong>Toute personne souhaitant faire du commerce dans le port de Belfast doit poss\u00e9der un num\u00e9ro d'enregistrement et d'identification des op\u00e9rateurs \u00e9conomiques (Economic Operators Registration and Identification - EORI). Ce num\u00e9ro est n\u00e9cessaire pour s'engager dans toute activit\u00e9 douani\u00e8re. Cette identification unique est incluse dans toutes les d\u00e9clarations en douane et permet aux autorit\u00e9s douani\u00e8res de contr\u00f4ler les activit\u00e9s commerciales.<\/li>\n<\/ol>\n\n\n\n<p>Les autres proc\u00e9dures de d\u00e9douanement comprennent le paiement des taxes et des droits pour les marchandises import\u00e9es. Il est essentiel que les entreprises qui passent par le port de Belfast respectent toutes les proc\u00e9dures et tous les processus. La plupart des entreprises qui importent et exportent des marchandises par le port travaillent en partenariat avec des agents ou des courtiers en douane. Ces sp\u00e9cialistes peuvent mettre \u00e0 profit leurs connaissances approfondies pour vous aider \u00e0 naviguer sans encombre dans les eaux troubles des proc\u00e9dures de d\u00e9douanement dans le port de Belfast. Vous r\u00e9duirez ainsi les co\u00fbts, les retards et, surtout, le stress !<\/p>\n\n\n\n<p>Pour plus d'informations sur le port de Belfast, consulter le site<a href=\" https:\/\/www.belfast-harbour.co.uk\"><mark style=\"background-color:rgba(0, 0, 0, 0);color:#000000\" class=\"has-inline-color\"> <\/mark><mark style=\"background-color:var(--ast-global-color-5);color:#006bb3\" class=\"has-inline-color\">https:\/\/www.belfast-harbour.co.uk<\/mark><\/a><a href=\"https:\/\/www.belfast-harbour.co.uk\/\"><mark style=\"background-color:var(--ast-global-color-5);color:#006bb3\" class=\"has-inline-color\">\/<\/mark><\/a> <\/p>\n\n\n\n<h4 class=\"wp-block-heading\">Prenez contact avec nous pour une consultation gratuite<\/h4>","protected":false},"excerpt":{"rendered":"<p>Navigating the Waves: A Deep Dive into Belfast Port Dating all the way back to 1613, Belfast Port has been extremely important for the province of Ulster. Representing around 20% of Belfast\u2019s city area or 2000 acres and handling 70% of all seaborn trade that enters Northern Ireland, Belfast Port [&hellip;]<\/p>\n","protected":false},"author":1,"featured_media":1827,"parent":0,"menu_order":0,"comment_status":"closed","ping_status":"closed","template":"","meta":{"om_disable_all_campaigns":false,"_monsterinsights_skip_tracking":false,"_monsterinsights_sitenote_active":false,"_monsterinsights_sitenote_note":"","_monsterinsights_sitenote_category":0,"site-sidebar-layout":"default","site-content-layout":"","ast-site-content-layout":"default","site-content-style":"default","site-sidebar-style":"default","ast-global-header-display":"","ast-banner-title-visibility":"","ast-main-header-display":"","ast-hfb-above-header-display":"","ast-hfb-below-header-display":"","ast-hfb-mobile-header-display":"","site-post-title":"","ast-breadcrumbs-content":"","ast-featured-img":"","footer-sml-layout":"","ast-disable-related-posts":"","theme-transparent-header-meta":"","adv-header-id-meta":"","stick-header-meta":"","header-above-stick-meta":"","header-main-stick-meta":"","header-below-stick-meta":"","astra-migrate-meta-layouts":"set","ast-page-background-enabled":"default","ast-page-background-meta":{"desktop":{"background-color":"","background-image":"","background-repeat":"repeat","background-position":"center center","background-size":"auto","background-attachment":"scroll","background-type":"","background-media":"","overlay-type":"","overlay-color":"","overlay-opacity":"","overlay-gradient":""},"tablet":{"background-color":"","background-image":"","background-repeat":"repeat","background-position":"center center","background-size":"auto","background-attachment":"scroll","background-type":"","background-media":"","overlay-type":"","overlay-color":"","overlay-opacity":"","overlay-gradient":""},"mobile":{"background-color":"","background-image":"","background-repeat":"repeat","background-position":"center center","background-size":"auto","background-attachment":"scroll","background-type":"","background-media":"","overlay-type":"","overlay-color":"","overlay-opacity":"","overlay-gradient":""}},"ast-content-background-meta":{"desktop":{"background-color":"var(--ast-global-color-5)","background-image":"","background-repeat":"repeat","background-position":"center center","background-size":"auto","background-attachment":"scroll","background-type":"","background-media":"","overlay-type":"","overlay-color":"","overlay-opacity":"","overlay-gradient":""},"tablet":{"background-color":"var(--ast-global-color-5)","background-image":"","background-repeat":"repeat","background-position":"center center","background-size":"auto","background-attachment":"scroll","background-type":"","background-media":"","overlay-type":"","overlay-color":"","overlay-opacity":"","overlay-gradient":""},"mobile":{"background-color":"var(--ast-global-color-5)","background-image":"","background-repeat":"repeat","background-position":"center center","background-size":"auto","background-attachment":"scroll","background-type":"","background-media":"","overlay-type":"","overlay-color":"","overlay-opacity":"","overlay-gradient":""}},"footnotes":""},"class_list":["post-1496","page","type-page","status-publish","has-post-thumbnail","hentry"],"yoast_head":"<!-- This site is optimized with the Yoast SEO plugin v27.2 - https:\/\/yoast.com\/product\/yoast-seo-wordpress\/ -->\n<title>Customs Clearance Procedures in Belfast Port<\/title>\n<meta name=\"description\" content=\"Belfast Port is the largest cargo port in Northern Ireland. Read here to learn about the customs clearance procedures in Belfast Port.\" \/>\n<meta name=\"robots\" content=\"index, follow, max-snippet:-1, max-image-preview:large, max-video-preview:-1\" \/>\n<link rel=\"canonical\" href=\"https:\/\/customscomplete.com\/fr\/dedouanement-au-port-de-belfast\/\" \/>\n<meta property=\"og:locale\" content=\"fr_FR\" \/>\n<meta property=\"og:type\" content=\"article\" \/>\n<meta property=\"og:title\" content=\"Customs Clearance Procedures in Belfast Port\" \/>\n<meta property=\"og:description\" content=\"Belfast Port is the largest cargo port in Northern Ireland. Read here to learn about the customs clearance procedures in Belfast Port.\" \/>\n<meta property=\"og:url\" content=\"https:\/\/customscomplete.com\/fr\/dedouanement-au-port-de-belfast\/\" \/>\n<meta property=\"og:site_name\" content=\"Customs Complete\" \/>\n<meta property=\"article:publisher\" content=\"https:\/\/www.facebook.com\/customscomplete\" \/>\n<meta property=\"article:modified_time\" content=\"2024-03-08T14:49:04+00:00\" \/>\n<meta property=\"og:image\" content=\"https:\/\/customscomplete.com\/wp-content\/uploads\/2023\/10\/Belfast-2.jpg\" \/>\n\t<meta property=\"og:image:width\" content=\"1280\" \/>\n\t<meta property=\"og:image:height\" content=\"886\" \/>\n\t<meta property=\"og:image:type\" content=\"image\/jpeg\" \/>\n<meta name=\"twitter:card\" content=\"summary_large_image\" \/>\n<meta name=\"twitter:label1\" content=\"Dur\u00e9e de lecture estim\u00e9e\" \/>\n\t<meta name=\"twitter:data1\" content=\"3 minutes\" \/>\n<script type=\"application\/ld+json\" class=\"yoast-schema-graph\">{\"@context\":\"https:\/\/schema.org\",\"@graph\":[{\"@type\":\"WebPage\",\"@id\":\"https:\/\/customscomplete.com\/belfast-port-customs-clearance\/\",\"url\":\"https:\/\/customscomplete.com\/belfast-port-customs-clearance\/\",\"name\":\"Customs Clearance Procedures in Belfast Port\",\"isPartOf\":{\"@id\":\"https:\/\/customscomplete.com\/#website\"},\"primaryImageOfPage\":{\"@id\":\"https:\/\/customscomplete.com\/belfast-port-customs-clearance\/#primaryimage\"},\"image\":{\"@id\":\"https:\/\/customscomplete.com\/belfast-port-customs-clearance\/#primaryimage\"},\"thumbnailUrl\":\"https:\/\/customscomplete.com\/wp-content\/uploads\/2023\/10\/Belfast-2.jpg\",\"datePublished\":\"2023-10-25T13:35:24+00:00\",\"dateModified\":\"2024-03-08T14:49:04+00:00\",\"description\":\"Belfast Port is the largest cargo port in Northern Ireland. Read here to learn about the customs clearance procedures in Belfast Port.\",\"breadcrumb\":{\"@id\":\"https:\/\/customscomplete.com\/belfast-port-customs-clearance\/#breadcrumb\"},\"inLanguage\":\"fr-FR\",\"potentialAction\":[{\"@type\":\"ReadAction\",\"target\":[\"https:\/\/customscomplete.com\/belfast-port-customs-clearance\/\"]}]},{\"@type\":\"ImageObject\",\"inLanguage\":\"fr-FR\",\"@id\":\"https:\/\/customscomplete.com\/belfast-port-customs-clearance\/#primaryimage\",\"url\":\"https:\/\/customscomplete.com\/wp-content\/uploads\/2023\/10\/Belfast-2.jpg\",\"contentUrl\":\"https:\/\/customscomplete.com\/wp-content\/uploads\/2023\/10\/Belfast-2.jpg\",\"width\":1280,\"height\":886,\"caption\":\"Belfast Port Customs Clearance Procedures\"},{\"@type\":\"BreadcrumbList\",\"@id\":\"https:\/\/customscomplete.com\/belfast-port-customs-clearance\/#breadcrumb\",\"itemListElement\":[{\"@type\":\"ListItem\",\"position\":1,\"name\":\"Home\",\"item\":\"https:\/\/customscomplete.com\/\"},{\"@type\":\"ListItem\",\"position\":2,\"name\":\"Customs Clearance in Belfast Port\"}]},{\"@type\":\"WebSite\",\"@id\":\"https:\/\/customscomplete.com\/#website\",\"url\":\"https:\/\/customscomplete.com\/\",\"name\":\"Customs Complete\",\"description\":\"Clearing The Way\",\"publisher\":{\"@id\":\"https:\/\/customscomplete.com\/#organization\"},\"potentialAction\":[{\"@type\":\"SearchAction\",\"target\":{\"@type\":\"EntryPoint\",\"urlTemplate\":\"https:\/\/customscomplete.com\/?s={search_term_string}\"},\"query-input\":{\"@type\":\"PropertyValueSpecification\",\"valueRequired\":true,\"valueName\":\"search_term_string\"}}],\"inLanguage\":\"fr-FR\"},{\"@type\":\"Organization\",\"@id\":\"https:\/\/customscomplete.com\/#organization\",\"name\":\"Customs Complete\",\"url\":\"https:\/\/customscomplete.com\/\",\"logo\":{\"@type\":\"ImageObject\",\"inLanguage\":\"fr-FR\",\"@id\":\"https:\/\/customscomplete.com\/#\/schema\/logo\/image\/\",\"url\":\"https:\/\/customscomplete.com\/wp-content\/uploads\/2021\/09\/Facebook-social-homepage.png\",\"contentUrl\":\"https:\/\/customscomplete.com\/wp-content\/uploads\/2021\/09\/Facebook-social-homepage.png\",\"width\":300,\"height\":200,\"caption\":\"Customs Complete\"},\"image\":{\"@id\":\"https:\/\/customscomplete.com\/#\/schema\/logo\/image\/\"},\"sameAs\":[\"https:\/\/www.facebook.com\/customscomplete\",\"https:\/\/www.linkedin.com\/company\/customs-complete\"]}]}<\/script>\n<!-- \/ Yoast SEO plugin. -->","yoast_head_json":{"title":"Proc\u00e9dures de d\u00e9douanement dans le port de Belfast","description":"Le port de Belfast est le plus grand port de marchandises d'Irlande du Nord. Cliquez ici pour en savoir plus sur les proc\u00e9dures de d\u00e9douanement dans le port de Belfast.","robots":{"index":"index","follow":"follow","max-snippet":"max-snippet:-1","max-image-preview":"max-image-preview:large","max-video-preview":"max-video-preview:-1"},"canonical":"https:\/\/customscomplete.com\/fr\/dedouanement-au-port-de-belfast\/","og_locale":"fr_FR","og_type":"article","og_title":"Customs Clearance Procedures in Belfast Port","og_description":"Belfast Port is the largest cargo port in Northern Ireland. Read here to learn about the customs clearance procedures in Belfast Port.","og_url":"https:\/\/customscomplete.com\/fr\/dedouanement-au-port-de-belfast\/","og_site_name":"Customs Complete","article_publisher":"https:\/\/www.facebook.com\/customscomplete","article_modified_time":"2024-03-08T14:49:04+00:00","og_image":[{"width":1280,"height":886,"url":"https:\/\/customscomplete.com\/wp-content\/uploads\/2023\/10\/Belfast-2.jpg","type":"image\/jpeg"}],"twitter_card":"summary_large_image","twitter_misc":{"Dur\u00e9e de lecture estim\u00e9e":"3 minutes"},"schema":{"@context":"https:\/\/schema.org","@graph":[{"@type":"WebPage","@id":"https:\/\/customscomplete.com\/belfast-port-customs-clearance\/","url":"https:\/\/customscomplete.com\/belfast-port-customs-clearance\/","name":"Proc\u00e9dures de d\u00e9douanement dans le port de Belfast","isPartOf":{"@id":"https:\/\/customscomplete.com\/#website"},"primaryImageOfPage":{"@id":"https:\/\/customscomplete.com\/belfast-port-customs-clearance\/#primaryimage"},"image":{"@id":"https:\/\/customscomplete.com\/belfast-port-customs-clearance\/#primaryimage"},"thumbnailUrl":"https:\/\/customscomplete.com\/wp-content\/uploads\/2023\/10\/Belfast-2.jpg","datePublished":"2023-10-25T13:35:24+00:00","dateModified":"2024-03-08T14:49:04+00:00","description":"Le port de Belfast est le plus grand port de marchandises d'Irlande du Nord. Cliquez ici pour en savoir plus sur les proc\u00e9dures de d\u00e9douanement dans le port de Belfast.","breadcrumb":{"@id":"https:\/\/customscomplete.com\/belfast-port-customs-clearance\/#breadcrumb"},"inLanguage":"fr-FR","potentialAction":[{"@type":"ReadAction","target":["https:\/\/customscomplete.com\/belfast-port-customs-clearance\/"]}]},{"@type":"ImageObject","inLanguage":"fr-FR","@id":"https:\/\/customscomplete.com\/belfast-port-customs-clearance\/#primaryimage","url":"https:\/\/customscomplete.com\/wp-content\/uploads\/2023\/10\/Belfast-2.jpg","contentUrl":"https:\/\/customscomplete.com\/wp-content\/uploads\/2023\/10\/Belfast-2.jpg","width":1280,"height":886,"caption":"Belfast Port Customs Clearance Procedures"},{"@type":"BreadcrumbList","@id":"https:\/\/customscomplete.com\/belfast-port-customs-clearance\/#breadcrumb","itemListElement":[{"@type":"ListItem","position":1,"name":"Home","item":"https:\/\/customscomplete.com\/"},{"@type":"ListItem","position":2,"name":"Customs Clearance in Belfast Port"}]},{"@type":"WebSite","@id":"https:\/\/customscomplete.com\/#website","url":"https:\/\/customscomplete.com\/","name":"Customs Complete","description":"Ouvrir la voie","publisher":{"@id":"https:\/\/customscomplete.com\/#organization"},"potentialAction":[{"@type":"SearchAction","target":{"@type":"EntryPoint","urlTemplate":"https:\/\/customscomplete.com\/?s={search_term_string}"},"query-input":{"@type":"PropertyValueSpecification","valueRequired":true,"valueName":"search_term_string"}}],"inLanguage":"fr-FR"},{"@type":"Organization","@id":"https:\/\/customscomplete.com\/#organization","name":"Customs Complete","url":"https:\/\/customscomplete.com\/","logo":{"@type":"ImageObject","inLanguage":"fr-FR","@id":"https:\/\/customscomplete.com\/#\/schema\/logo\/image\/","url":"https:\/\/customscomplete.com\/wp-content\/uploads\/2021\/09\/Facebook-social-homepage.png","contentUrl":"https:\/\/customscomplete.com\/wp-content\/uploads\/2021\/09\/Facebook-social-homepage.png","width":300,"height":200,"caption":"Customs Complete"},"image":{"@id":"https:\/\/customscomplete.com\/#\/schema\/logo\/image\/"},"sameAs":["https:\/\/www.facebook.com\/customscomplete","https:\/\/www.linkedin.com\/company\/customs-complete"]}]}},"_links":{"self":[{"href":"https:\/\/customscomplete.com\/fr\/wp-json\/wp\/v2\/pages\/1496","targetHints":{"allow":["GET"]}}],"collection":[{"href":"https:\/\/customscomplete.com\/fr\/wp-json\/wp\/v2\/pages"}],"about":[{"href":"https:\/\/customscomplete.com\/fr\/wp-json\/wp\/v2\/types\/page"}],"author":[{"embeddable":true,"href":"https:\/\/customscomplete.com\/fr\/wp-json\/wp\/v2\/users\/1"}],"replies":[{"embeddable":true,"href":"https:\/\/customscomplete.com\/fr\/wp-json\/wp\/v2\/comments?post=1496"}],"version-history":[{"count":14,"href":"https:\/\/customscomplete.com\/fr\/wp-json\/wp\/v2\/pages\/1496\/revisions"}],"predecessor-version":[{"id":2706,"href":"https:\/\/customscomplete.com\/fr\/wp-json\/wp\/v2\/pages\/1496\/revisions\/2706"}],"wp:featuredmedia":[{"embeddable":true,"href":"https:\/\/customscomplete.com\/fr\/wp-json\/wp\/v2\/media\/1827"}],"wp:attachment":[{"href":"https:\/\/customscomplete.com\/fr\/wp-json\/wp\/v2\/media?parent=1496"}],"curies":[{"name":"wp","href":"https:\/\/api.w.org\/{rel}","templated":true}]}}