{"id":15,"date":"2021-05-07T14:01:20","date_gmt":"2021-05-07T14:01:20","guid":{"rendered":"https:\/\/www.hatsoc.com\/services\/"},"modified":"2021-09-26T11:00:13","modified_gmt":"2021-09-26T11:00:13","slug":"services-5","status":"publish","type":"page","link":"https:\/\/customscomplete.com\/fr\/services-5\/","title":{"rendered":"Services"},"content":{"rendered":"<p>Nous nous engageons \u00e0 vous fournir des solutions compl\u00e8tes de d\u00e9douanement qui vous feront gagner du temps, de l'argent et du stress. Notre expertise vous permettra d'\u00e9viter les amendes et les retards ind\u00e9sirables.<\/p>\n\n\n\n<div class=\"wp-block-coblocks-accordion\">\n<div class=\"wp-block-coblocks-accordion-item\"><details><summary class=\"wp-block-coblocks-accordion-item__title\">D\u00e9clarations d'importation<\/summary><div class=\"wp-block-coblocks-accordion-item__content\">\n<p>Les d\u00e9clarations d'importation sont une obligation l\u00e9gale pour tous les biens entrant en Irlande en provenance de l'ext\u00e9rieur de l'UE. Pour garantir le libre passage des marchandises \u00e0 la douane, la d\u00e9claration doit \u00eatre soumise avant le d\u00e9part des marchandises. Les douanes disposent ainsi de suffisamment de temps pour identifier les marchandises, s'assurer qu'elles sont conformes et \u00e9viter que les marchandises ne soient stock\u00e9es.<\/p>\n<p>Customs Complete vous aide \u00e0 pr\u00e9parer et \u00e0 pr\u00e9senter les documents d'importation requis par les douanes pour faire entrer vos marchandises en Irlande sans probl\u00e8me. Nous vous guidons \u00e0 chaque \u00e9tape du processus afin de garantir l'arriv\u00e9e rapide et efficace de vos marchandises.&nbsp;<\/p>\n<p>Nous rassemblons les documents, nous nous assurons qu'ils sont conformes et nous les soumettons \u00e0 l'administration fiscale irlandaise bien avant que les marchandises ne quittent le Royaume-Uni. Notre priorit\u00e9 est d'assurer le passage rapide de vos marchandises \u00e0 la douane, sans retard.&nbsp;<\/p>\n<\/div><\/details><\/div>\n<div class=\"wp-block-coblocks-accordion-item\"><details><summary class=\"wp-block-coblocks-accordion-item__title\">D\u00e9clarations d'exportation<\/summary><div class=\"wp-block-coblocks-accordion-item__content\">\n<p>Les d\u00e9clarations d'exportation sont obligatoires pour toutes les marchandises export\u00e9es en dehors de l'UE. Elle se pr\u00e9sente sous la forme d'un formulaire qui doit \u00eatre soumis \u00e0 la douane au port de d\u00e9part. Elle fournit des informations sur les marchandises export\u00e9es et aide les douanes \u00e0 identifier les marchandises interdites ou soumises \u00e0 des restrictions, qui pourraient \u00eatre soumises \u00e0 des conditions ou n\u00e9cessiter une licence.&nbsp;<\/p>\n<p>Nous proposons des d\u00e9clarations d'exportation enti\u00e8rement conformes pour garantir le d\u00e9part rapide de vos marchandises hors d'Irlande. Chez Customs Complete, nous vous aiderons \u00e0 compl\u00e9ter les processus et les \u00e9tapes n\u00e9cessaires \u00e0 l'\u00e9tablissement des d\u00e9clarations d'exportation.&nbsp;<\/p>\n<p>Nous nous engageons \u00e0 ce que vos marchandises soient d\u00e9douan\u00e9es le plus rapidement possible et \u00e0 ce que vous \u00e9vitiez tout co\u00fbt cach\u00e9. Nous pouvons vous aider \u00e0 d\u00e9clarer vos exportations au moyen de d\u00e9clarations \u00e9lectroniques, verbales et concluantes.&nbsp;<\/p>\n<\/div><\/details><\/div>\n<div class=\"wp-block-coblocks-accordion-item\"><details><summary class=\"wp-block-coblocks-accordion-item__title\">D\u00e9claration de transit<\/summary><div class=\"wp-block-coblocks-accordion-item__content\">\n<p>Chez Customs Complete, nous sommes fiers de nous assurer que vos \u00e9changes commerciaux restent ininterrompus et sans retard. C'est pourquoi nous proposons des proc\u00e9dures de transit enti\u00e8rement conformes pour les marchandises qui doivent \u00eatre achemin\u00e9es vers ou via le Royaume-Uni (y compris par le pont terrestre britannique) sous contr\u00f4le douanier.&nbsp;<\/p>\n<p>La proc\u00e9dure de d\u00e9claration de transit facilite la circulation des marchandises \u00e0 travers le Royaume-Uni en tant que pays de transit commun. Elle permet de suspendre les droits et autres taxes sur les marchandises import\u00e9es et export\u00e9es jusqu'\u00e0 leur arriv\u00e9e \u00e0 destination. <\/p>\n<p>Nous vous aiderons \u00e0 accomplir les processus et les \u00e9tapes n\u00e9cessaires pour remplir une d\u00e9claration de transit douanier qui \u00e9vitera tout co\u00fbt cach\u00e9 et permettra \u00e0 vos marchandises de traverser le Royaume-Uni le plus rapidement possible. Notre service comprend la cr\u00e9ation de vos d\u00e9clarations de transit, leur soumission au syst\u00e8me douanier de l'Irish Revenue et, une fois approuv\u00e9es, leur envoi au NCTS (New Computerized Transit System).&nbsp;<\/p>\n<\/div><\/details><\/div>\n<div class=\"wp-block-coblocks-accordion-item\"><details><summary class=\"wp-block-coblocks-accordion-item__title\">Transfert de r\u00e9sidence (TOR)<\/summary><div class=\"wp-block-coblocks-accordion-item__content\">\n<p><\/p>\n<\/div><\/details><\/div>\n<div class=\"wp-block-coblocks-accordion-item\"><details><summary class=\"wp-block-coblocks-accordion-item__title\">D\u00e9claration de s\u00fbret\u00e9 et de s\u00e9curit\u00e9 (SSD &amp; ENS)<\/summary><div class=\"wp-block-coblocks-accordion-item__content\">\n<p>En raison des nouvelles r\u00e9glementations du Brexit, il est d\u00e9sormais l\u00e9galement obligatoire de disposer d'une d\u00e9claration de s\u00fbret\u00e9 et de s\u00e9curit\u00e9 (DSS) pour tous les v\u00e9hicules entrant en Europe pour la premi\u00e8re fois depuis le Royaume-Uni. Il s'agit d'une obligation distincte des d\u00e9clarations d'importation et d'exportation, qui peut donner lieu \u00e0 des amendes ou \u00e0 des poursuites si elle n'est pas remplie correctement.&nbsp;<\/p>\n<p>Les marchandises import\u00e9es doivent faire l'objet d'une ENS (Entry Summary Declaration) et les marchandises export\u00e9es d'une EXS (Exit Summary Declaration). Ces d\u00e9clarations doivent \u00eatre remplies avant l'arriv\u00e9e au port. Le service de d\u00e9douanement poss\u00e8de l'expertise n\u00e9cessaire pour soumettre les ENS au pays concern\u00e9 en votre nom.&nbsp;<\/p>\n<p>Nous vous aidons \u00e0 rassembler tous les documents n\u00e9cessaires et \u00e0 les soumettre au syst\u00e8me de contr\u00f4le des importations (SCI) comp\u00e9tent bien avant l'arriv\u00e9e ou le d\u00e9part de vos marchandises. Vous avez ainsi la certitude que vos marchandises arriveront \u00e0 destination sans encombre.&nbsp;<\/p>\n<\/div><\/details><\/div>\n<\/div>\n\n\n\n<div class=\"wp-block-columns is-layout-flex wp-container-core-columns-is-layout-28f84493 wp-block-columns-is-layout-flex\">\n<div class=\"wp-block-column is-layout-flow wp-block-column-is-layout-flow\" style=\"flex-basis:100%\">\n<div class=\"wp-block-group is-layout-flow wp-block-group-is-layout-flow\"><div class=\"wp-block-group__inner-container\">\n<div class=\"wp-block-columns is-layout-flex wp-container-core-columns-is-layout-28f84493 wp-block-columns-is-layout-flex\">\n<div class=\"wp-block-column is-layout-flow wp-block-column-is-layout-flow\" style=\"flex-basis:100%\">\n<div class=\"wp-block-group is-layout-flow wp-block-group-is-layout-flow\"><div class=\"wp-block-group__inner-container\"><\/div><\/div>\n<\/div>\n<\/div>\n<\/div><\/div>\n<\/div>\n<\/div>\n\n\n\n<h3 class=\"wp-block-heading\"><\/h3>\n\n\n\n<p><\/p>\n\n\n\n<p><\/p>\n\n\n\n<p><\/p>\n\n\n\n<h3 class=\"wp-block-heading\"><\/h3>\n\n\n\n<p><\/p>\n\n\n\n<p><\/p>\n\n\n\n<p><\/p>\n\n\n\n<h3 class=\"wp-block-heading\"><\/h3>\n\n\n\n<p><\/p>\n\n\n\n<p><\/p>\n\n\n\n<p><\/p>\n\n\n\n<h3 class=\"wp-block-heading\"><\/h3>\n\n\n\n<p><\/p>\n\n\n\n<p><\/p>\n\n\n\n<p><\/p>","protected":false},"excerpt":{"rendered":"<p>We\u2019re committed to providing you with complete customs clearance solutions that will save you time, money and stress. Our expertise will ensure that you avoid unwanted fines and delays. Import Declarations Import Declarations are a legal requirement for all goods coming into Ireland from outside the EU. To ensure that [&hellip;]<\/p>\n","protected":false},"author":1,"featured_media":0,"parent":0,"menu_order":0,"comment_status":"closed","ping_status":"closed","template":"","meta":{"om_disable_all_campaigns":false,"_monsterinsights_skip_tracking":false,"_monsterinsights_sitenote_active":false,"_monsterinsights_sitenote_note":"","_monsterinsights_sitenote_category":0,"site-sidebar-layout":"default","site-content-layout":"default","ast-site-content-layout":"default","site-content-style":"default","site-sidebar-style":"default","ast-global-header-display":"","ast-banner-title-visibility":"","ast-main-header-display":"","ast-hfb-above-header-display":"","ast-hfb-below-header-display":"","ast-hfb-mobile-header-display":"","site-post-title":"","ast-breadcrumbs-content":"","ast-featured-img":"","footer-sml-layout":"","ast-disable-related-posts":"","theme-transparent-header-meta":"default","adv-header-id-meta":"","stick-header-meta":"","header-above-stick-meta":"","header-main-stick-meta":"","header-below-stick-meta":"","astra-migrate-meta-layouts":"default","ast-page-background-enabled":"default","ast-page-background-meta":{"desktop":{"background-color":"","background-image":"","background-repeat":"repeat","background-position":"center center","background-size":"auto","background-attachment":"scroll","background-type":"","background-media":"","overlay-type":"","overlay-color":"","overlay-opacity":"","overlay-gradient":""},"tablet":{"background-color":"","background-image":"","background-repeat":"repeat","background-position":"center center","background-size":"auto","background-attachment":"scroll","background-type":"","background-media":"","overlay-type":"","overlay-color":"","overlay-opacity":"","overlay-gradient":""},"mobile":{"background-color":"","background-image":"","background-repeat":"repeat","background-position":"center center","background-size":"auto","background-attachment":"scroll","background-type":"","background-media":"","overlay-type":"","overlay-color":"","overlay-opacity":"","overlay-gradient":""}},"ast-content-background-meta":{"desktop":{"background-color":"var(--ast-global-color-5)","background-image":"","background-repeat":"repeat","background-position":"center center","background-size":"auto","background-attachment":"scroll","background-type":"","background-media":"","overlay-type":"","overlay-color":"","overlay-opacity":"","overlay-gradient":""},"tablet":{"background-color":"var(--ast-global-color-5)","background-image":"","background-repeat":"repeat","background-position":"center center","background-size":"auto","background-attachment":"scroll","background-type":"","background-media":"","overlay-type":"","overlay-color":"","overlay-opacity":"","overlay-gradient":""},"mobile":{"background-color":"var(--ast-global-color-5)","background-image":"","background-repeat":"repeat","background-position":"center center","background-size":"auto","background-attachment":"scroll","background-type":"","background-media":"","overlay-type":"","overlay-color":"","overlay-opacity":"","overlay-gradient":""}},"footnotes":""},"class_list":["post-15","page","type-page","status-publish","hentry"],"yoast_head":"<!-- This site is optimized with the Yoast SEO plugin v27.5 - https:\/\/yoast.com\/product\/yoast-seo-wordpress\/ -->\n<title>Services - Customs Complete<\/title>\n<meta name=\"robots\" content=\"index, follow, max-snippet:-1, max-image-preview:large, max-video-preview:-1\" \/>\n<link rel=\"canonical\" href=\"https:\/\/customscomplete.com\/fr\/services-5\/\" \/>\n<meta property=\"og:locale\" content=\"fr_FR\" \/>\n<meta property=\"og:type\" content=\"article\" \/>\n<meta property=\"og:title\" content=\"Services - Customs Complete\" \/>\n<meta property=\"og:description\" content=\"We\u2019re committed to providing you with complete customs clearance solutions that will save you time, money and stress. Our expertise will ensure that you avoid unwanted fines and delays. Import Declarations Import Declarations are a legal requirement for all goods coming into Ireland from outside the EU. To ensure that [&hellip;]\" \/>\n<meta property=\"og:url\" content=\"https:\/\/customscomplete.com\/fr\/services-5\/\" \/>\n<meta property=\"og:site_name\" content=\"Customs Complete\" \/>\n<meta property=\"article:publisher\" content=\"https:\/\/www.facebook.com\/customscomplete\" \/>\n<meta property=\"article:modified_time\" content=\"2021-09-26T11:00:13+00:00\" \/>\n<meta property=\"og:image\" content=\"https:\/\/customscomplete.com\/wp-content\/uploads\/2021\/09\/Facebook-social-homepage.png\" \/>\n\t<meta property=\"og:image:width\" content=\"300\" \/>\n\t<meta property=\"og:image:height\" content=\"200\" \/>\n\t<meta property=\"og:image:type\" content=\"image\/png\" \/>\n<meta name=\"twitter:card\" content=\"summary_large_image\" \/>\n<meta name=\"twitter:label1\" content=\"Dur\u00e9e de lecture estim\u00e9e\" \/>\n\t<meta name=\"twitter:data1\" content=\"3 minutes\" \/>\n<script type=\"application\/ld+json\" class=\"yoast-schema-graph\">{\"@context\":\"https:\\\/\\\/schema.org\",\"@graph\":[{\"@type\":\"WebPage\",\"@id\":\"https:\\\/\\\/customscomplete.com\\\/services-5\\\/\",\"url\":\"https:\\\/\\\/customscomplete.com\\\/services-5\\\/\",\"name\":\"Services - Customs Complete\",\"isPartOf\":{\"@id\":\"https:\\\/\\\/customscomplete.com\\\/#website\"},\"datePublished\":\"2021-05-07T14:01:20+00:00\",\"dateModified\":\"2021-09-26T11:00:13+00:00\",\"breadcrumb\":{\"@id\":\"https:\\\/\\\/customscomplete.com\\\/services-5\\\/#breadcrumb\"},\"inLanguage\":\"fr-FR\",\"potentialAction\":[{\"@type\":\"ReadAction\",\"target\":[\"https:\\\/\\\/customscomplete.com\\\/services-5\\\/\"]}]},{\"@type\":\"BreadcrumbList\",\"@id\":\"https:\\\/\\\/customscomplete.com\\\/services-5\\\/#breadcrumb\",\"itemListElement\":[{\"@type\":\"ListItem\",\"position\":1,\"name\":\"Home\",\"item\":\"https:\\\/\\\/customscomplete.com\\\/\"},{\"@type\":\"ListItem\",\"position\":2,\"name\":\"Services\"}]},{\"@type\":\"WebSite\",\"@id\":\"https:\\\/\\\/customscomplete.com\\\/#website\",\"url\":\"https:\\\/\\\/customscomplete.com\\\/\",\"name\":\"Customs Complete\",\"description\":\"Clearing The Way\",\"publisher\":{\"@id\":\"https:\\\/\\\/customscomplete.com\\\/#organization\"},\"potentialAction\":[{\"@type\":\"SearchAction\",\"target\":{\"@type\":\"EntryPoint\",\"urlTemplate\":\"https:\\\/\\\/customscomplete.com\\\/?s={search_term_string}\"},\"query-input\":{\"@type\":\"PropertyValueSpecification\",\"valueRequired\":true,\"valueName\":\"search_term_string\"}}],\"inLanguage\":\"fr-FR\"},{\"@type\":\"Organization\",\"@id\":\"https:\\\/\\\/customscomplete.com\\\/#organization\",\"name\":\"Customs Complete\",\"url\":\"https:\\\/\\\/customscomplete.com\\\/\",\"logo\":{\"@type\":\"ImageObject\",\"inLanguage\":\"fr-FR\",\"@id\":\"https:\\\/\\\/customscomplete.com\\\/#\\\/schema\\\/logo\\\/image\\\/\",\"url\":\"https:\\\/\\\/customscomplete.com\\\/wp-content\\\/uploads\\\/2021\\\/09\\\/Facebook-social-homepage.png\",\"contentUrl\":\"https:\\\/\\\/customscomplete.com\\\/wp-content\\\/uploads\\\/2021\\\/09\\\/Facebook-social-homepage.png\",\"width\":300,\"height\":200,\"caption\":\"Customs Complete\"},\"image\":{\"@id\":\"https:\\\/\\\/customscomplete.com\\\/#\\\/schema\\\/logo\\\/image\\\/\"},\"sameAs\":[\"https:\\\/\\\/www.facebook.com\\\/customscomplete\",\"https:\\\/\\\/www.linkedin.com\\\/company\\\/customs-complete\"]}]}<\/script>\n<!-- \/ Yoast SEO plugin. -->","yoast_head_json":{"title":"Services - Douane compl\u00e8te","robots":{"index":"index","follow":"follow","max-snippet":"max-snippet:-1","max-image-preview":"max-image-preview:large","max-video-preview":"max-video-preview:-1"},"canonical":"https:\/\/customscomplete.com\/fr\/services-5\/","og_locale":"fr_FR","og_type":"article","og_title":"Services - Customs Complete","og_description":"We\u2019re committed to providing you with complete customs clearance solutions that will save you time, money and stress. Our expertise will ensure that you avoid unwanted fines and delays. Import Declarations Import Declarations are a legal requirement for all goods coming into Ireland from outside the EU. To ensure that [&hellip;]","og_url":"https:\/\/customscomplete.com\/fr\/services-5\/","og_site_name":"Customs Complete","article_publisher":"https:\/\/www.facebook.com\/customscomplete","article_modified_time":"2021-09-26T11:00:13+00:00","og_image":[{"width":300,"height":200,"url":"https:\/\/customscomplete.com\/wp-content\/uploads\/2021\/09\/Facebook-social-homepage.png","type":"image\/png"}],"twitter_card":"summary_large_image","twitter_misc":{"Dur\u00e9e de lecture estim\u00e9e":"3 minutes"},"schema":{"@context":"https:\/\/schema.org","@graph":[{"@type":"WebPage","@id":"https:\/\/customscomplete.com\/services-5\/","url":"https:\/\/customscomplete.com\/services-5\/","name":"Services - Douane compl\u00e8te","isPartOf":{"@id":"https:\/\/customscomplete.com\/#website"},"datePublished":"2021-05-07T14:01:20+00:00","dateModified":"2021-09-26T11:00:13+00:00","breadcrumb":{"@id":"https:\/\/customscomplete.com\/services-5\/#breadcrumb"},"inLanguage":"fr-FR","potentialAction":[{"@type":"ReadAction","target":["https:\/\/customscomplete.com\/services-5\/"]}]},{"@type":"BreadcrumbList","@id":"https:\/\/customscomplete.com\/services-5\/#breadcrumb","itemListElement":[{"@type":"ListItem","position":1,"name":"Home","item":"https:\/\/customscomplete.com\/"},{"@type":"ListItem","position":2,"name":"Services"}]},{"@type":"WebSite","@id":"https:\/\/customscomplete.com\/#website","url":"https:\/\/customscomplete.com\/","name":"Customs Complete","description":"Ouvrir la voie","publisher":{"@id":"https:\/\/customscomplete.com\/#organization"},"potentialAction":[{"@type":"SearchAction","target":{"@type":"EntryPoint","urlTemplate":"https:\/\/customscomplete.com\/?s={search_term_string}"},"query-input":{"@type":"PropertyValueSpecification","valueRequired":true,"valueName":"search_term_string"}}],"inLanguage":"fr-FR"},{"@type":"Organization","@id":"https:\/\/customscomplete.com\/#organization","name":"Customs Complete","url":"https:\/\/customscomplete.com\/","logo":{"@type":"ImageObject","inLanguage":"fr-FR","@id":"https:\/\/customscomplete.com\/#\/schema\/logo\/image\/","url":"https:\/\/customscomplete.com\/wp-content\/uploads\/2021\/09\/Facebook-social-homepage.png","contentUrl":"https:\/\/customscomplete.com\/wp-content\/uploads\/2021\/09\/Facebook-social-homepage.png","width":300,"height":200,"caption":"Customs Complete"},"image":{"@id":"https:\/\/customscomplete.com\/#\/schema\/logo\/image\/"},"sameAs":["https:\/\/www.facebook.com\/customscomplete","https:\/\/www.linkedin.com\/company\/customs-complete"]}]}},"_links":{"self":[{"href":"https:\/\/customscomplete.com\/fr\/wp-json\/wp\/v2\/pages\/15","targetHints":{"allow":["GET"]}}],"collection":[{"href":"https:\/\/customscomplete.com\/fr\/wp-json\/wp\/v2\/pages"}],"about":[{"href":"https:\/\/customscomplete.com\/fr\/wp-json\/wp\/v2\/types\/page"}],"author":[{"embeddable":true,"href":"https:\/\/customscomplete.com\/fr\/wp-json\/wp\/v2\/users\/1"}],"replies":[{"embeddable":true,"href":"https:\/\/customscomplete.com\/fr\/wp-json\/wp\/v2\/comments?post=15"}],"version-history":[{"count":13,"href":"https:\/\/customscomplete.com\/fr\/wp-json\/wp\/v2\/pages\/15\/revisions"}],"predecessor-version":[{"id":1205,"href":"https:\/\/customscomplete.com\/fr\/wp-json\/wp\/v2\/pages\/15\/revisions\/1205"}],"wp:attachment":[{"href":"https:\/\/customscomplete.com\/fr\/wp-json\/wp\/v2\/media?parent=15"}],"curies":[{"name":"wp","href":"https:\/\/api.w.org\/{rel}","templated":true}]}}