{"id":1523,"date":"2022-10-19T15:37:56","date_gmt":"2022-10-19T15:37:56","guid":{"rendered":"https:\/\/customscomplete.com\/?page_id=1523"},"modified":"2024-11-21T10:48:33","modified_gmt":"2024-11-21T10:48:33","slug":"certificat-phytosanitaire","status":"publish","type":"page","link":"https:\/\/customscomplete.com\/fr\/phytosanitary-certificate\/","title":{"rendered":"Certificat phytosanitaire"},"content":{"rendered":"\n<h4 class=\"wp-block-heading\">Do I Need a Phytosanitary Certificate? <\/h4>\n\n\n\n<p>A Phytosanitary Certificate is a legal requirement when exporting plants or plant based products. These documents must be submitted alongside the Customs Export Declaration. The PS certificate ensures that the goods fulfil the export requirements and state that the goods are free from disease and potential hazards, including pests.<\/p>\n\n\n\n<p><a href=\"https:\/\/customscomplete.com\/contact-us\/\" target=\"_blank\" rel=\"noreferrer noopener\"><mark style=\"background-color:rgba(0, 0, 0, 0)\" class=\"has-inline-color has-ast-global-color-0-color\">For advice on Customs Export declarations or Phytosanitary certificates please contact us<\/mark><\/a><\/p>\n\n\n\n<figure class=\"wp-block-image size-large is-style-default\"><img fetchpriority=\"high\" decoding=\"async\" width=\"1024\" height=\"683\" src=\"https:\/\/customscomplete.com\/wp-content\/uploads\/2022\/10\/Plants-francesco-gallarotti--1024x683.jpg\" alt=\"Phytosanitary certificate\" class=\"wp-image-1526\" srcset=\"https:\/\/customscomplete.com\/wp-content\/uploads\/2022\/10\/Plants-francesco-gallarotti--1024x683.jpg 1024w, https:\/\/customscomplete.com\/wp-content\/uploads\/2022\/10\/Plants-francesco-gallarotti--300x200.jpg 300w, https:\/\/customscomplete.com\/wp-content\/uploads\/2022\/10\/Plants-francesco-gallarotti--768x512.jpg 768w, https:\/\/customscomplete.com\/wp-content\/uploads\/2022\/10\/Plants-francesco-gallarotti--1536x1024.jpg 1536w, https:\/\/customscomplete.com\/wp-content\/uploads\/2022\/10\/Plants-francesco-gallarotti--2048x1365.jpg 2048w\" sizes=\"(max-width: 1024px) 100vw, 1024px\" \/><\/figure>\n\n\n\n<h4 class=\"wp-block-heading\">What Products Require a Phytosanitary Certificate?<\/h4>\n\n\n\n<p>To check whether you need a Phytosanitary Certificate when exporting you can contact the <a href=\"https:\/\/www.ippc.int\/en\/countries\/all\/list-countries\/\" target=\"_blank\" rel=\"noreferrer noopener\"><mark style=\"background-color:rgba(0, 0, 0, 0)\" class=\"has-inline-color has-ast-global-color-0-color\">Plant Health department in the country<\/mark> <mark style=\"background-color:rgba(0, 0, 0, 0)\" class=\"has-inline-color has-ast-global-color-0-color\">of import. <\/mark><\/a>If you are not clear about the requirements for the PS certificate you can also contact your local plant health authority. &#8211; listed below:<mark style=\"background-color:rgba(0, 0, 0, 0)\" class=\"has-inline-color has-ast-global-color-0-color\"> <\/mark><\/p>\n\n\n\n<h4 class=\"wp-block-heading\">How Do I Get a UK Phytosanitary Certificate<\/h4>\n\n\n\n<h6 class=\"wp-block-heading\">England and Wales <\/h6>\n\n\n\n<p>The local body governing Plant Health matters in England and Wales is known as Animal Plant Health Agency (APHA). You can <a href=\"https:\/\/www.gov.uk\/guidance\/contact-apha#exports-plants-and-seeds\" target=\"_blank\" rel=\"noreferrer noopener\"><mark style=\"background-color:rgba(0, 0, 0, 0)\" class=\"has-inline-color has-ast-global-color-0-color\">contact your local APHA plant health and seeds inspector<\/mark> <\/a>or call 0300 1000 313 (option 2)<\/p>\n\n\n\n<p><a href=\"mailto:planthealth.info@apha.gov.uk\"><mark style=\"background-color:rgba(0, 0, 0, 0)\" class=\"has-inline-color has-ast-global-color-0-color\">planthealth.info@apha.gov.uk<\/mark><\/a><\/p>\n\n\n\n<h6 class=\"wp-block-heading\">Scotland<\/h6>\n\n\n\n<p>For exporting plant products from Scotland you will need to contact <a href=\"https:\/\/www.sasa.gov.uk\/plant-health\" target=\"_blank\" rel=\"noreferrer noopener\"><mark style=\"background-color:rgba(0, 0, 0, 0)\" class=\"has-inline-color has-ast-global-color-0-color\">SASA (plant health)<\/mark><\/a> which is a department within the Scottish Government Agriculture and Rural Economy Directorate. The SASA will be able to assist you will all matters regarding the Scottish Phytosanitary certificates<\/p>\n\n\n\n<p><a><mark style=\"background-color:rgba(0, 0, 0, 0)\" class=\"has-inline-color has-ast-global-color-0-color\">0131 244 8890<\/mark><\/a><\/p>\n\n\n\n<p><a href=\"mailto:info@sasa.gov.scot\" target=\"_blank\" rel=\"noreferrer noopener\"><mark style=\"background-color:rgba(0, 0, 0, 0)\" class=\"has-inline-color has-ast-global-color-0-color\">info@sasa.gov.scot<\/mark><\/a><\/p>\n\n\n\n<h6 class=\"wp-block-heading\">Northern Ireland<\/h6>\n\n\n\n<p>To export phytosanitary goods from Northern Ireland you will need to contact the <a href=\"http:\/\/www.daera-ni.gov.uk\/topics\/plant-and-tree-health\" target=\"_blank\" rel=\"noreferrer noopener\"><mark style=\"background-color:rgba(0, 0, 0, 0)\" class=\"has-inline-color has-ast-global-color-0-color\">Plant and Tree health Department<\/mark><\/a><mark style=\"background-color:rgba(0, 0, 0, 0)\" class=\"has-inline-color has-ast-global-color-0-color\"> <\/mark>within DAERA &#8211; Department of Agriculture, Environment and Rural Affairs.<\/p>\n\n\n\n<p>0300 200 7847<\/p>\n\n\n\n<p><a href=\"mailto:planthealth@daera.ni.gov.uk\" target=\"_blank\" rel=\"noreferrer noopener\"><mark style=\"background-color:rgba(0, 0, 0, 0)\" class=\"has-inline-color has-ast-global-color-0-color\">planthealth@daera.ni.gov.uk<\/mark><\/a><\/p>\n\n\n\n<h4 class=\"wp-block-heading\">How Do I Get an Irish Phytosanitary Certificate?<\/h4>\n\n\n\n<h6 class=\"wp-block-heading\">Republic of Ireland<\/h6>\n\n\n\n<p>For plant \/ agricultural exports from Ireland you will need to contact the Department of Agriculture Forestry and the Marine (DAFM). DAFM will be able to help you get an Irish Phytosanitary Certificate.<\/p>\n\n\n\n<p>+353 1 607 2000<\/p>\n\n\n\n<p><a href=\"http:\/\/info@agriculture.gov.ie.\" target=\"_blank\" rel=\"noreferrer noopener\"><mark style=\"background-color:rgba(0, 0, 0, 0)\" class=\"has-inline-color has-ast-global-color-0-color\">info@agriculture.gov.ie <\/mark><\/a><\/p>\n\n\n\n<p><\/p>\n\n\n\n<h4 class=\"wp-block-heading\">  Contact a Customs Clearance Agent<\/h4>\n\n\n\n<p>If you have any questions you can<mark style=\"background-color:rgba(0, 0, 0, 0)\" class=\"has-inline-color has-ast-global-color-0-color\"> Contact Us<\/mark> on <mark style=\"background-color:rgba(0, 0, 0, 0)\" class=\"has-inline-color has-ast-global-color-0-color\">+44 2038 307 780<\/mark> (UK) or <a><mark style=\"background-color:rgba(0, 0, 0, 0)\" class=\"has-inline-color has-ast-global-color-0-color\">+353 91 429 737<\/mark><\/a> (Ireland).<\/p>\n\n\n\n<p>Alternatively you can email us on <a href=\"mailto:info@customscomplete.com\" target=\"_blank\" rel=\"noreferrer noopener\"><mark style=\"background-color:rgba(0, 0, 0, 0)\" class=\"has-inline-color has-ast-global-color-0-color\">info@customscomplete.com<\/mark><\/a> or contact us via Social Media below:<\/p>\n\n\n\n<ul class=\"wp-block-social-links is-layout-flex wp-block-social-links-is-layout-flex\"><li class=\"wp-social-link wp-social-link-facebook  wp-block-social-link\"><a href=\"https:\/\/www.facebook.com\/customscomplete\" class=\"wp-block-social-link-anchor\"><svg width=\"24\" height=\"24\" viewBox=\"0 0 24 24\" version=\"1.1\" xmlns=\"http:\/\/www.w3.org\/2000\/svg\" aria-hidden=\"true\" focusable=\"false\"><path d=\"M12 2C6.5 2 2 6.5 2 12c0 5 3.7 9.1 8.4 9.9v-7H7.9V12h2.5V9.8c0-2.5 1.5-3.9 3.8-3.9 1.1 0 2.2.2 2.2.2v2.5h-1.3c-1.2 0-1.6.8-1.6 1.6V12h2.8l-.4 2.9h-2.3v7C18.3 21.1 22 17 22 12c0-5.5-4.5-10-10-10z\"><\/path><\/svg><span class=\"wp-block-social-link-label screen-reader-text\">Facebook<\/span><\/a><\/li>\n\n<li class=\"wp-social-link wp-social-link-linkedin  wp-block-social-link\"><a href=\"https:\/\/www.linkedin.com\/company\/customs-complete\" class=\"wp-block-social-link-anchor\"><svg width=\"24\" height=\"24\" viewBox=\"0 0 24 24\" version=\"1.1\" xmlns=\"http:\/\/www.w3.org\/2000\/svg\" aria-hidden=\"true\" focusable=\"false\"><path d=\"M19.7,3H4.3C3.582,3,3,3.582,3,4.3v15.4C3,20.418,3.582,21,4.3,21h15.4c0.718,0,1.3-0.582,1.3-1.3V4.3 C21,3.582,20.418,3,19.7,3z M8.339,18.338H5.667v-8.59h2.672V18.338z M7.004,8.574c-0.857,0-1.549-0.694-1.549-1.548 c0-0.855,0.691-1.548,1.549-1.548c0.854,0,1.547,0.694,1.547,1.548C8.551,7.881,7.858,8.574,7.004,8.574z M18.339,18.338h-2.669 v-4.177c0-0.996-0.017-2.278-1.387-2.278c-1.389,0-1.601,1.086-1.601,2.206v4.249h-2.667v-8.59h2.559v1.174h0.037 c0.356-0.675,1.227-1.387,2.526-1.387c2.703,0,3.203,1.779,3.203,4.092V18.338z\"><\/path><\/svg><span class=\"wp-block-social-link-label screen-reader-text\">LinkedIn<\/span><\/a><\/li><\/ul>\n\n\n\n<h4 class=\"wp-block-heading\">Contact Us<\/h4>\n\n\n<div class=\"wpforms-container wpforms-block wpforms-block-db6938dc-2972-4730-b271-7164a76495b4\" id=\"wpforms-198\"><form id=\"wpforms-form-198\" class=\"wpforms-validate wpforms-form\" data-formid=\"198\" method=\"post\" enctype=\"multipart\/form-data\" action=\"\/fr\/wp-json\/wp\/v2\/pages\/1523\" data-token=\"0d70a62fe6822ca3a9dd2e196f51854e\" data-token-time=\"1776679551\"><noscript class=\"wpforms-error-noscript\">Veuillez activer JavaScript dans votre navigateur pour remplir ce formulaire.<\/noscript><div class=\"wpforms-field-container\"><div id=\"wpforms-198-field_0-container\" class=\"wpforms-field wpforms-field-name\" data-field-id=\"0\"><label class=\"wpforms-field-label\" for=\"wpforms-198-field_0\">Name  <span class=\"wpforms-required-label\">*<\/span><\/label><input type=\"text\" id=\"wpforms-198-field_0\" class=\"wpforms-field-medium wpforms-field-required\" name=\"wpforms[fields][0]\" required><div class=\"wpforms-field-description\">We do not process personal packages, small online orders, or consumer parcels.<\/div><\/div><div id=\"wpforms-198-field_7-container\" class=\"wpforms-field wpforms-field-name\" data-field-id=\"7\"><label class=\"wpforms-field-label\" for=\"wpforms-198-field_7\">Company <span class=\"wpforms-required-label\">*<\/span><\/label><input type=\"text\" id=\"wpforms-198-field_7\" class=\"wpforms-field-medium wpforms-field-required\" name=\"wpforms[fields][7]\" required><\/div><div id=\"wpforms-198-field_1-container\" class=\"wpforms-field wpforms-field-email\" data-field-id=\"1\"><label class=\"wpforms-field-label\" for=\"wpforms-198-field_1\">Email <span class=\"wpforms-required-label\">*<\/span><\/label><input type=\"email\" id=\"wpforms-198-field_1\" class=\"wpforms-field-medium wpforms-field-required\" name=\"wpforms[fields][1]\" spellcheck=\"false\" required><\/div><div id=\"wpforms-198-field_6-container\" class=\"wpforms-field wpforms-field-text\" data-field-id=\"6\"><label class=\"wpforms-field-label\" for=\"wpforms-198-field_6\">Phone Number<\/label><input type=\"text\" id=\"wpforms-198-field_6\" class=\"wpforms-field-medium\" name=\"wpforms[fields][6]\" ><\/div><div id=\"wpforms-198-field_10-container\" class=\"wpforms-field wpforms-field-select wpforms-field-select-style-classic\" data-field-id=\"10\"><label class=\"wpforms-field-label\" for=\"wpforms-198-field_10\">Which service(s) are you interested in:<\/label><select id=\"wpforms-198-field_10\" class=\"wpforms-field-medium\" name=\"wpforms[fields][10]\"><option value=\"Import Declaration\"  class=\"choice-1 depth-1\"  >Import Declaration<\/option><option value=\"Export Declaration\"  class=\"choice-2 depth-1\"  >Export Declaration<\/option><option value=\"CBAM\"  class=\"choice-10 depth-1\"  >CBAM<\/option><option value=\"Transit Document\"  class=\"choice-3 depth-1\"  >Transit Document<\/option><option value=\"Transfer of Residence (TOR)\"  class=\"choice-5 depth-1\"  >Transfer of Residence (TOR)<\/option><option value=\"Security Declaration\"  class=\"choice-4 depth-1\"  >Security Declaration<\/option><option value=\"Freight Shipping\"  class=\"choice-6 depth-1\"  >Freight Shipping<\/option><option value=\"Logistics\"  class=\"choice-7 depth-1\"  >Logistics<\/option><option value=\"Supply Chain\"  class=\"choice-8 depth-1\"  >Supply Chain<\/option><\/select><\/div><div id=\"wpforms-198-field_2-container\" class=\"wpforms-field wpforms-field-textarea\" data-field-id=\"2\"><label class=\"wpforms-field-label\" for=\"wpforms-198-field_2\">Additional Comments<\/label><textarea id=\"wpforms-198-field_2\" class=\"wpforms-field-small\" name=\"wpforms[fields][2]\" ><\/textarea><\/div><\/div><!-- .wpforms-field-container --><div class=\"wpforms-field wpforms-field-hp\"><label for=\"wpforms-198-field-hp\" class=\"wpforms-field-label\">Email<\/label><input type=\"text\" name=\"wpforms[hp]\" id=\"wpforms-198-field-hp\" class=\"wpforms-field-medium\"><\/div><div class=\"wpforms-recaptcha-container wpforms-is-recaptcha wpforms-is-recaptcha-type-invisible\" ><div class=\"g-recaptcha\" data-sitekey=\"6LdifI4fAAAAACNIvaJsAyYjc7SViYqtoKLgu6sY\" data-size=\"invisible\"><\/div><\/div><div class=\"wpforms-submit-container\" ><input type=\"hidden\" name=\"wpforms[id]\" value=\"198\"><input type=\"hidden\" name=\"page_title\" value=\"\"><input type=\"hidden\" name=\"page_url\" value=\"https:\/\/customscomplete.com\/fr\/wp-json\/wp\/v2\/pages\/1523\"><input type=\"hidden\" name=\"url_referer\" value=\"\"><button type=\"submit\" name=\"wpforms[submit]\" id=\"wpforms-submit-198\" class=\"wpforms-submit\" data-alt-text=\"Sending...\" data-submit-text=\"SEND MESSAGE\" aria-live=\"assertive\" value=\"wpforms-submit\">SEND MESSAGE<\/button><\/div><\/form><\/div>  <!-- .wpforms-container -->\n\n\n<p><\/p>\n\n\n\n<p><\/p>\n\n\n\n<p><\/p>\n","protected":false},"excerpt":{"rendered":"<p>Do I Need a Phytosanitary Certificate? A Phytosanitary Certificate is a legal requirement when exporting plants or plant based products. These documents must be submitted alongside the Customs Export Declaration. The PS certificate ensures that the goods fulfil the export requirements and state that the goods are free from disease [&hellip;]<\/p>\n","protected":false},"author":1,"featured_media":0,"parent":0,"menu_order":0,"comment_status":"closed","ping_status":"closed","template":"","meta":{"om_disable_all_campaigns":false,"_monsterinsights_skip_tracking":false,"_monsterinsights_sitenote_active":false,"_monsterinsights_sitenote_note":"","_monsterinsights_sitenote_category":0,"site-sidebar-layout":"default","site-content-layout":"","ast-site-content-layout":"default","site-content-style":"default","site-sidebar-style":"default","ast-global-header-display":"","ast-banner-title-visibility":"","ast-main-header-display":"","ast-hfb-above-header-display":"","ast-hfb-below-header-display":"","ast-hfb-mobile-header-display":"","site-post-title":"","ast-breadcrumbs-content":"","ast-featured-img":"","footer-sml-layout":"","ast-disable-related-posts":"","theme-transparent-header-meta":"","adv-header-id-meta":"","stick-header-meta":"","header-above-stick-meta":"","header-main-stick-meta":"","header-below-stick-meta":"","astra-migrate-meta-layouts":"set","ast-page-background-enabled":"default","ast-page-background-meta":{"desktop":{"background-color":"","background-image":"","background-repeat":"repeat","background-position":"center center","background-size":"auto","background-attachment":"scroll","background-type":"","background-media":"","overlay-type":"","overlay-color":"","overlay-opacity":"","overlay-gradient":""},"tablet":{"background-color":"","background-image":"","background-repeat":"repeat","background-position":"center center","background-size":"auto","background-attachment":"scroll","background-type":"","background-media":"","overlay-type":"","overlay-color":"","overlay-opacity":"","overlay-gradient":""},"mobile":{"background-color":"","background-image":"","background-repeat":"repeat","background-position":"center center","background-size":"auto","background-attachment":"scroll","background-type":"","background-media":"","overlay-type":"","overlay-color":"","overlay-opacity":"","overlay-gradient":""}},"ast-content-background-meta":{"desktop":{"background-color":"var(--ast-global-color-5)","background-image":"","background-repeat":"repeat","background-position":"center center","background-size":"auto","background-attachment":"scroll","background-type":"","background-media":"","overlay-type":"","overlay-color":"","overlay-opacity":"","overlay-gradient":""},"tablet":{"background-color":"var(--ast-global-color-5)","background-image":"","background-repeat":"repeat","background-position":"center center","background-size":"auto","background-attachment":"scroll","background-type":"","background-media":"","overlay-type":"","overlay-color":"","overlay-opacity":"","overlay-gradient":""},"mobile":{"background-color":"var(--ast-global-color-5)","background-image":"","background-repeat":"repeat","background-position":"center center","background-size":"auto","background-attachment":"scroll","background-type":"","background-media":"","overlay-type":"","overlay-color":"","overlay-opacity":"","overlay-gradient":""}},"footnotes":""},"class_list":["post-1523","page","type-page","status-publish","hentry"],"yoast_head":"<!-- This site is optimized with the Yoast SEO plugin v27.2 - https:\/\/yoast.com\/product\/yoast-seo-wordpress\/ -->\n<title>Phytosanitary Certificate - Customs Complete<\/title>\n<meta name=\"description\" content=\"A Phytosanitary Certificate must be submitted with the export declaration when exporting plant based products. Contact us for more info.\" \/>\n<meta name=\"robots\" content=\"index, follow, max-snippet:-1, max-image-preview:large, max-video-preview:-1\" \/>\n<link rel=\"canonical\" href=\"https:\/\/customscomplete.com\/fr\/certificat-phytosanitaire\/\" \/>\n<meta property=\"og:locale\" content=\"fr_FR\" \/>\n<meta property=\"og:type\" content=\"article\" \/>\n<meta property=\"og:title\" content=\"Phytosanitary Certificate - Customs Complete\" \/>\n<meta property=\"og:description\" content=\"A Phytosanitary Certificate must be submitted with the export declaration when exporting plant based products. Contact us for more info.\" \/>\n<meta property=\"og:url\" content=\"https:\/\/customscomplete.com\/fr\/certificat-phytosanitaire\/\" \/>\n<meta property=\"og:site_name\" content=\"Customs Complete\" \/>\n<meta property=\"article:publisher\" content=\"https:\/\/www.facebook.com\/customscomplete\" \/>\n<meta property=\"article:modified_time\" content=\"2024-11-21T10:48:33+00:00\" \/>\n<meta property=\"og:image\" content=\"https:\/\/customscomplete.com\/wp-content\/uploads\/2022\/10\/Plants-francesco-gallarotti--1024x683.jpg\" \/>\n<meta name=\"twitter:card\" content=\"summary_large_image\" \/>\n<meta name=\"twitter:label1\" content=\"Dur\u00e9e de lecture estim\u00e9e\" \/>\n\t<meta name=\"twitter:data1\" content=\"2 minutes\" \/>\n<script type=\"application\/ld+json\" class=\"yoast-schema-graph\">{\"@context\":\"https:\/\/schema.org\",\"@graph\":[{\"@type\":\"WebPage\",\"@id\":\"https:\/\/customscomplete.com\/phytosanitary-certificate\/\",\"url\":\"https:\/\/customscomplete.com\/fr\/certificat-phytosanitaire\/\",\"name\":\"Phytosanitary Certificate - Customs Complete\",\"isPartOf\":{\"@id\":\"https:\/\/customscomplete.com\/#website\"},\"primaryImageOfPage\":{\"@id\":\"https:\/\/customscomplete.com\/fr\/certificat-phytosanitaire\/#primaryimage\"},\"image\":{\"@id\":\"https:\/\/customscomplete.com\/fr\/certificat-phytosanitaire\/#primaryimage\"},\"thumbnailUrl\":\"https:\/\/customscomplete.com\/wp-content\/uploads\/2022\/10\/Plants-francesco-gallarotti--1024x683.jpg\",\"datePublished\":\"2022-10-19T15:37:56+00:00\",\"dateModified\":\"2024-11-21T10:48:33+00:00\",\"description\":\"A Phytosanitary Certificate must be submitted with the export declaration when exporting plant based products. Contact us for more info.\",\"breadcrumb\":{\"@id\":\"https:\/\/customscomplete.com\/fr\/certificat-phytosanitaire\/#breadcrumb\"},\"inLanguage\":\"fr-FR\",\"potentialAction\":[{\"@type\":\"ReadAction\",\"target\":[\"https:\/\/customscomplete.com\/fr\/certificat-phytosanitaire\/\"]}]},{\"@type\":\"ImageObject\",\"inLanguage\":\"fr-FR\",\"@id\":\"https:\/\/customscomplete.com\/fr\/certificat-phytosanitaire\/#primaryimage\",\"url\":\"https:\/\/customscomplete.com\/wp-content\/uploads\/2022\/10\/Plants-francesco-gallarotti--1024x683.jpg\",\"contentUrl\":\"https:\/\/customscomplete.com\/wp-content\/uploads\/2022\/10\/Plants-francesco-gallarotti--1024x683.jpg\"},{\"@type\":\"BreadcrumbList\",\"@id\":\"https:\/\/customscomplete.com\/fr\/certificat-phytosanitaire\/#breadcrumb\",\"itemListElement\":[{\"@type\":\"ListItem\",\"position\":1,\"name\":\"Home\",\"item\":\"https:\/\/customscomplete.com\/\"},{\"@type\":\"ListItem\",\"position\":2,\"name\":\"Phytosanitary Certificate\"}]},{\"@type\":\"WebSite\",\"@id\":\"https:\/\/customscomplete.com\/#website\",\"url\":\"https:\/\/customscomplete.com\/\",\"name\":\"Customs Complete\",\"description\":\"Clearing The Way\",\"publisher\":{\"@id\":\"https:\/\/customscomplete.com\/#organization\"},\"potentialAction\":[{\"@type\":\"SearchAction\",\"target\":{\"@type\":\"EntryPoint\",\"urlTemplate\":\"https:\/\/customscomplete.com\/?s={search_term_string}\"},\"query-input\":{\"@type\":\"PropertyValueSpecification\",\"valueRequired\":true,\"valueName\":\"search_term_string\"}}],\"inLanguage\":\"fr-FR\"},{\"@type\":\"Organization\",\"@id\":\"https:\/\/customscomplete.com\/#organization\",\"name\":\"Customs Complete\",\"url\":\"https:\/\/customscomplete.com\/\",\"logo\":{\"@type\":\"ImageObject\",\"inLanguage\":\"fr-FR\",\"@id\":\"https:\/\/customscomplete.com\/#\/schema\/logo\/image\/\",\"url\":\"https:\/\/customscomplete.com\/wp-content\/uploads\/2021\/09\/Facebook-social-homepage.png\",\"contentUrl\":\"https:\/\/customscomplete.com\/wp-content\/uploads\/2021\/09\/Facebook-social-homepage.png\",\"width\":300,\"height\":200,\"caption\":\"Customs Complete\"},\"image\":{\"@id\":\"https:\/\/customscomplete.com\/#\/schema\/logo\/image\/\"},\"sameAs\":[\"https:\/\/www.facebook.com\/customscomplete\",\"https:\/\/www.linkedin.com\/company\/customs-complete\"]}]}<\/script>\n<!-- \/ Yoast SEO plugin. -->","yoast_head_json":{"title":"Certificat phytosanitaire - Customs Complete","description":"Un certificat phytosanitaire doit \u00eatre joint \u00e0 la d\u00e9claration d'exportation lors de l'exportation de produits \u00e0 base de plantes. Contactez-nous pour plus d'informations.","robots":{"index":"index","follow":"follow","max-snippet":"max-snippet:-1","max-image-preview":"max-image-preview:large","max-video-preview":"max-video-preview:-1"},"canonical":"https:\/\/customscomplete.com\/fr\/certificat-phytosanitaire\/","og_locale":"fr_FR","og_type":"article","og_title":"Phytosanitary Certificate - Customs Complete","og_description":"A Phytosanitary Certificate must be submitted with the export declaration when exporting plant based products. Contact us for more info.","og_url":"https:\/\/customscomplete.com\/fr\/certificat-phytosanitaire\/","og_site_name":"Customs Complete","article_publisher":"https:\/\/www.facebook.com\/customscomplete","article_modified_time":"2024-11-21T10:48:33+00:00","og_image":[{"url":"https:\/\/customscomplete.com\/wp-content\/uploads\/2022\/10\/Plants-francesco-gallarotti--1024x683.jpg","type":"","width":"","height":""}],"twitter_card":"summary_large_image","twitter_misc":{"Dur\u00e9e de lecture estim\u00e9e":"2 minutes"},"schema":{"@context":"https:\/\/schema.org","@graph":[{"@type":"WebPage","@id":"https:\/\/customscomplete.com\/phytosanitary-certificate\/","url":"https:\/\/customscomplete.com\/fr\/certificat-phytosanitaire\/","name":"Certificat phytosanitaire - Customs Complete","isPartOf":{"@id":"https:\/\/customscomplete.com\/#website"},"primaryImageOfPage":{"@id":"https:\/\/customscomplete.com\/fr\/certificat-phytosanitaire\/#primaryimage"},"image":{"@id":"https:\/\/customscomplete.com\/fr\/certificat-phytosanitaire\/#primaryimage"},"thumbnailUrl":"https:\/\/customscomplete.com\/wp-content\/uploads\/2022\/10\/Plants-francesco-gallarotti--1024x683.jpg","datePublished":"2022-10-19T15:37:56+00:00","dateModified":"2024-11-21T10:48:33+00:00","description":"Un certificat phytosanitaire doit \u00eatre joint \u00e0 la d\u00e9claration d'exportation lors de l'exportation de produits \u00e0 base de plantes. Contactez-nous pour plus d'informations.","breadcrumb":{"@id":"https:\/\/customscomplete.com\/fr\/certificat-phytosanitaire\/#breadcrumb"},"inLanguage":"fr-FR","potentialAction":[{"@type":"ReadAction","target":["https:\/\/customscomplete.com\/fr\/certificat-phytosanitaire\/"]}]},{"@type":"ImageObject","inLanguage":"fr-FR","@id":"https:\/\/customscomplete.com\/fr\/certificat-phytosanitaire\/#primaryimage","url":"https:\/\/customscomplete.com\/wp-content\/uploads\/2022\/10\/Plants-francesco-gallarotti--1024x683.jpg","contentUrl":"https:\/\/customscomplete.com\/wp-content\/uploads\/2022\/10\/Plants-francesco-gallarotti--1024x683.jpg"},{"@type":"BreadcrumbList","@id":"https:\/\/customscomplete.com\/fr\/certificat-phytosanitaire\/#breadcrumb","itemListElement":[{"@type":"ListItem","position":1,"name":"Home","item":"https:\/\/customscomplete.com\/"},{"@type":"ListItem","position":2,"name":"Phytosanitary Certificate"}]},{"@type":"WebSite","@id":"https:\/\/customscomplete.com\/#website","url":"https:\/\/customscomplete.com\/","name":"Customs Complete","description":"Ouvrir la voie","publisher":{"@id":"https:\/\/customscomplete.com\/#organization"},"potentialAction":[{"@type":"SearchAction","target":{"@type":"EntryPoint","urlTemplate":"https:\/\/customscomplete.com\/?s={search_term_string}"},"query-input":{"@type":"PropertyValueSpecification","valueRequired":true,"valueName":"search_term_string"}}],"inLanguage":"fr-FR"},{"@type":"Organization","@id":"https:\/\/customscomplete.com\/#organization","name":"Customs Complete","url":"https:\/\/customscomplete.com\/","logo":{"@type":"ImageObject","inLanguage":"fr-FR","@id":"https:\/\/customscomplete.com\/#\/schema\/logo\/image\/","url":"https:\/\/customscomplete.com\/wp-content\/uploads\/2021\/09\/Facebook-social-homepage.png","contentUrl":"https:\/\/customscomplete.com\/wp-content\/uploads\/2021\/09\/Facebook-social-homepage.png","width":300,"height":200,"caption":"Customs Complete"},"image":{"@id":"https:\/\/customscomplete.com\/#\/schema\/logo\/image\/"},"sameAs":["https:\/\/www.facebook.com\/customscomplete","https:\/\/www.linkedin.com\/company\/customs-complete"]}]}},"_links":{"self":[{"href":"https:\/\/customscomplete.com\/fr\/wp-json\/wp\/v2\/pages\/1523","targetHints":{"allow":["GET"]}}],"collection":[{"href":"https:\/\/customscomplete.com\/fr\/wp-json\/wp\/v2\/pages"}],"about":[{"href":"https:\/\/customscomplete.com\/fr\/wp-json\/wp\/v2\/types\/page"}],"author":[{"embeddable":true,"href":"https:\/\/customscomplete.com\/fr\/wp-json\/wp\/v2\/users\/1"}],"replies":[{"embeddable":true,"href":"https:\/\/customscomplete.com\/fr\/wp-json\/wp\/v2\/comments?post=1523"}],"version-history":[{"count":6,"href":"https:\/\/customscomplete.com\/fr\/wp-json\/wp\/v2\/pages\/1523\/revisions"}],"predecessor-version":[{"id":5228,"href":"https:\/\/customscomplete.com\/fr\/wp-json\/wp\/v2\/pages\/1523\/revisions\/5228"}],"wp:attachment":[{"href":"https:\/\/customscomplete.com\/fr\/wp-json\/wp\/v2\/media?parent=1523"}],"curies":[{"name":"wp","href":"https:\/\/api.w.org\/{rel}","templated":true}]}}