{"id":1762,"date":"2023-05-29T14:36:26","date_gmt":"2023-05-29T14:36:26","guid":{"rendered":"https:\/\/customscomplete.com\/?page_id=1762"},"modified":"2023-05-29T14:36:27","modified_gmt":"2023-05-29T14:36:27","slug":"transfert-du-titre-de-sejour","status":"publish","type":"page","link":"https:\/\/customscomplete.com\/fr\/transfer-of-residence-tor\/","title":{"rendered":"Transfert de r\u00e9sidence (TOR)"},"content":{"rendered":"\n<h5 class=\"wp-block-heading\">For information or to request a quote for shipping your personal goods to Ireland or the UK please fill out the form below<\/h5>\n\n\n<div class=\"wpforms-container wpforms-block wpforms-block-768c6a21-2203-4463-88ce-b2f2ae7afb8c\" id=\"wpforms-89\"><form id=\"wpforms-form-89\" class=\"wpforms-validate wpforms-form\" data-formid=\"89\" method=\"post\" enctype=\"multipart\/form-data\" action=\"\/fr\/wp-json\/wp\/v2\/pages\/1762\" data-token=\"71db73fa0da4614b1f6c180335201533\" data-token-time=\"1776424819\"><noscript class=\"wpforms-error-noscript\">Veuillez activer JavaScript dans votre navigateur pour remplir ce formulaire.<\/noscript><div class=\"wpforms-field-container\"><div id=\"wpforms-89-field_0-container\" class=\"wpforms-field wpforms-field-name wpforms-one-half wpforms-first\" data-field-id=\"0\"><label class=\"wpforms-field-label wpforms-label-hide\" for=\"wpforms-89-field_0\">Name <span class=\"wpforms-required-label\">*<\/span><\/label><input type=\"text\" id=\"wpforms-89-field_0\" class=\"wpforms-field-large wpforms-field-required\" name=\"wpforms[fields][0]\" placeholder=\"Your Name\" required><div class=\"wpforms-field-description\">We do not process personal packages, small online orders, or consumer parcels.<\/div><\/div><div id=\"wpforms-89-field_3-container\" class=\"wpforms-field wpforms-field-email wpforms-one-half\" data-field-id=\"3\"><label class=\"wpforms-field-label wpforms-label-hide\" for=\"wpforms-89-field_3\">Email <span class=\"wpforms-required-label\">*<\/span><\/label><input type=\"email\" id=\"wpforms-89-field_3\" class=\"wpforms-field-large wpforms-field-required\" name=\"wpforms[fields][3]\" placeholder=\"Your Email\" spellcheck=\"false\" required><\/div><div id=\"wpforms-89-field_2-container\" class=\"wpforms-field wpforms-field-textarea\" data-field-id=\"2\"><label class=\"wpforms-field-label wpforms-label-hide\" for=\"wpforms-89-field_2\">Message <span class=\"wpforms-required-label\">*<\/span><\/label><textarea id=\"wpforms-89-field_2\" class=\"wpforms-field-medium wpforms-field-required\" name=\"wpforms[fields][2]\" placeholder=\"Your Message\" required><\/textarea><\/div><\/div><!-- .wpforms-field-container --><div class=\"wpforms-recaptcha-container wpforms-is-recaptcha wpforms-is-recaptcha-type-invisible\" ><div class=\"g-recaptcha\" data-sitekey=\"6LdifI4fAAAAACNIvaJsAyYjc7SViYqtoKLgu6sY\" data-size=\"invisible\"><\/div><\/div><div class=\"wpforms-submit-container\" ><input type=\"hidden\" name=\"wpforms[id]\" value=\"89\"><input type=\"hidden\" name=\"page_title\" value=\"\"><input type=\"hidden\" name=\"page_url\" value=\"https:\/\/customscomplete.com\/fr\/wp-json\/wp\/v2\/pages\/1762\"><input type=\"hidden\" name=\"url_referer\" value=\"\"><button type=\"submit\" name=\"wpforms[submit]\" id=\"wpforms-submit-89\" class=\"wpforms-submit\" data-alt-text=\"Sending...\" data-submit-text=\"Send message\" aria-live=\"assertive\" value=\"wpforms-submit\">Send message<\/button><\/div><\/form><\/div>  <!-- .wpforms-container -->\n\n\n<p><a href=\"http:\/\/customscomplete.com\/transfer-of-residence-relief-tor\/\" target=\"_blank\" rel=\"noreferrer noopener\"><mark style=\"background-color:rgba(0, 0, 0, 0)\" class=\"has-inline-color has-ast-global-color-0-color\">To read a guide about Transfer of Residence UK click here<\/mark><\/a><\/p>\n\n\n\n<h5 class=\"wp-block-heading\">Transfer of Residence Checklist<\/h5>\n\n\n\n<p>It will be necessary for us to upload PDF or JPG images with the application form as evidence.<\/p>\n\n\n\n<p>Please ensure that before starting the TOR process you have:<\/p>\n\n\n\n<ul class=\"wp-block-list\">\n<li>A complete list of all the goods you\u2019re moving \u2013 you must be specific, for example, you should write \u2018microwave\u2019 or \u2018washing machine\u2019 rather than \u2018kitchen appliances\u2019; you do not need to:\n<ul class=\"wp-block-list\">\n<li>List individual books or clothing items<\/li>\n\n\n\n<li>Provide values or brands for items<\/li>\n\n\n\n<li>Format the list in a special way<\/li>\n<\/ul>\n<\/li>\n\n\n\n<li>Your passport photo page \u2013 if you\u2019re in the military and do not have a passport, you\u2019ll need to provide a picture of your NATO (North Atlantic Treaty Organization) orders or moving orders<\/li>\n\n\n\n<li>An animal health certificate or passport code for any animals you will be travelling with\u2013 if you do not have these yet you can still submit an application, but you must provide the evidence once it is available.<\/li>\n\n\n\n<li>Proof of the address you will be moving to in the UK or Ireland, such as a utility bill (dated within the last 3 months) or a mortgage or rental agreement \u2013 if you do not have a fixed address yet, provide either:\n<ul class=\"wp-block-list\">\n<li>A statement from the person you\u2019ll be living with and proof of their address<\/li>\n\n\n\n<li>Evidence of temporary accommodation, such as a hotel booking<\/li>\n<\/ul>\n<\/li>\n\n\n\n<li>Proof of your current address that you\u2019re moving from (or moved from previously), such as a utility bill (dated within the last 3 months) or a mortgage or rental agreement; this should be for your usual address \u2013 you do not need to tell us about any short stays while on your way to the UK, for example, in a hotel, or with friends<\/li>\n\n\n\n<li>Details of any vehicle you\u2019re bringing with you*, including the:\n<ul class=\"wp-block-list\">\n<li>Year of manufacture<\/li>\n\n\n\n<li>Model<\/li>\n\n\n\n<li>Brand<\/li>\n\n\n\n<li>VIN or chassis number<\/li>\n\n\n\n<li>Registration number<\/li>\n\n\n\n<li>Date the ID number or registration certificate was issued and the country of issue<\/li>\n\n\n\n<li>Purchase date<\/li>\n<\/ul>\n<\/li>\n<\/ul>\n","protected":false},"excerpt":{"rendered":"<p>For information or to request a quote for shipping your personal goods to Ireland or the UK please fill out the form below To read a guide about Transfer of Residence UK click here Transfer of Residence Checklist It will be necessary for us to upload PDF or JPG images [&hellip;]<\/p>\n","protected":false},"author":1,"featured_media":1769,"parent":0,"menu_order":0,"comment_status":"closed","ping_status":"closed","template":"","meta":{"om_disable_all_campaigns":false,"_monsterinsights_skip_tracking":false,"_monsterinsights_sitenote_active":false,"_monsterinsights_sitenote_note":"","_monsterinsights_sitenote_category":0,"site-sidebar-layout":"default","site-content-layout":"","ast-site-content-layout":"default","site-content-style":"default","site-sidebar-style":"default","ast-global-header-display":"","ast-banner-title-visibility":"","ast-main-header-display":"","ast-hfb-above-header-display":"","ast-hfb-below-header-display":"","ast-hfb-mobile-header-display":"","site-post-title":"","ast-breadcrumbs-content":"","ast-featured-img":"disabled","footer-sml-layout":"","ast-disable-related-posts":"","theme-transparent-header-meta":"","adv-header-id-meta":"","stick-header-meta":"","header-above-stick-meta":"","header-main-stick-meta":"","header-below-stick-meta":"","astra-migrate-meta-layouts":"default","ast-page-background-enabled":"default","ast-page-background-meta":{"desktop":{"background-color":"","background-image":"","background-repeat":"repeat","background-position":"center center","background-size":"auto","background-attachment":"scroll","background-type":"","background-media":"","overlay-type":"","overlay-color":"","overlay-opacity":"","overlay-gradient":""},"tablet":{"background-color":"","background-image":"","background-repeat":"repeat","background-position":"center center","background-size":"auto","background-attachment":"scroll","background-type":"","background-media":"","overlay-type":"","overlay-color":"","overlay-opacity":"","overlay-gradient":""},"mobile":{"background-color":"","background-image":"","background-repeat":"repeat","background-position":"center center","background-size":"auto","background-attachment":"scroll","background-type":"","background-media":"","overlay-type":"","overlay-color":"","overlay-opacity":"","overlay-gradient":""}},"ast-content-background-meta":{"desktop":{"background-color":"var(--ast-global-color-5)","background-image":"","background-repeat":"repeat","background-position":"center center","background-size":"auto","background-attachment":"scroll","background-type":"","background-media":"","overlay-type":"","overlay-color":"","overlay-opacity":"","overlay-gradient":""},"tablet":{"background-color":"var(--ast-global-color-5)","background-image":"","background-repeat":"repeat","background-position":"center center","background-size":"auto","background-attachment":"scroll","background-type":"","background-media":"","overlay-type":"","overlay-color":"","overlay-opacity":"","overlay-gradient":""},"mobile":{"background-color":"var(--ast-global-color-5)","background-image":"","background-repeat":"repeat","background-position":"center center","background-size":"auto","background-attachment":"scroll","background-type":"","background-media":"","overlay-type":"","overlay-color":"","overlay-opacity":"","overlay-gradient":""}},"footnotes":""},"class_list":["post-1762","page","type-page","status-publish","has-post-thumbnail","hentry"],"yoast_head":"<!-- This site is optimized with the Yoast SEO plugin v27.2 - https:\/\/yoast.com\/product\/yoast-seo-wordpress\/ -->\n<title>Transfer of Residence (TOR) - Customs Complete<\/title>\n<meta name=\"description\" content=\"For information on Transfer of Residence or to request a quote for shipping your goods to Ireland or the UK please fill out the form below\" \/>\n<meta name=\"robots\" content=\"index, follow, max-snippet:-1, max-image-preview:large, max-video-preview:-1\" \/>\n<link rel=\"canonical\" href=\"https:\/\/customscomplete.com\/fr\/transfert-du-titre-de-sejour\/\" \/>\n<meta property=\"og:locale\" content=\"fr_FR\" \/>\n<meta property=\"og:type\" content=\"article\" \/>\n<meta property=\"og:title\" content=\"Transfer of Residence (TOR) - Customs Complete\" \/>\n<meta property=\"og:description\" content=\"For information on Transfer of Residence or to request a quote for shipping your goods to Ireland or the UK please fill out the form below\" \/>\n<meta property=\"og:url\" content=\"https:\/\/customscomplete.com\/fr\/transfert-du-titre-de-sejour\/\" \/>\n<meta property=\"og:site_name\" content=\"Customs Complete\" \/>\n<meta property=\"article:publisher\" content=\"https:\/\/www.facebook.com\/customscomplete\" \/>\n<meta property=\"article:modified_time\" content=\"2023-05-29T14:36:27+00:00\" \/>\n<meta property=\"og:image\" content=\"https:\/\/customscomplete.com\/wp-content\/uploads\/2023\/05\/Boxes-for-packaging-scaled.jpg\" \/>\n\t<meta property=\"og:image:width\" content=\"1706\" \/>\n\t<meta property=\"og:image:height\" content=\"2560\" \/>\n\t<meta property=\"og:image:type\" content=\"image\/jpeg\" \/>\n<meta name=\"twitter:card\" content=\"summary_large_image\" \/>\n<meta name=\"twitter:label1\" content=\"Dur\u00e9e de lecture estim\u00e9e\" \/>\n\t<meta name=\"twitter:data1\" content=\"2 minutes\" \/>\n<script type=\"application\/ld+json\" class=\"yoast-schema-graph\">{\"@context\":\"https:\/\/schema.org\",\"@graph\":[{\"@type\":\"WebPage\",\"@id\":\"https:\/\/customscomplete.com\/transfer-of-residence-tor\/\",\"url\":\"https:\/\/customscomplete.com\/transfer-of-residence-tor\/\",\"name\":\"Transfer of Residence (TOR) - Customs Complete\",\"isPartOf\":{\"@id\":\"https:\/\/customscomplete.com\/#website\"},\"primaryImageOfPage\":{\"@id\":\"https:\/\/customscomplete.com\/transfer-of-residence-tor\/#primaryimage\"},\"image\":{\"@id\":\"https:\/\/customscomplete.com\/transfer-of-residence-tor\/#primaryimage\"},\"thumbnailUrl\":\"https:\/\/customscomplete.com\/wp-content\/uploads\/2023\/05\/Boxes-for-packaging-scaled.jpg\",\"datePublished\":\"2023-05-29T14:36:26+00:00\",\"dateModified\":\"2023-05-29T14:36:27+00:00\",\"description\":\"For information on Transfer of Residence or to request a quote for shipping your goods to Ireland or the UK please fill out the form below\",\"breadcrumb\":{\"@id\":\"https:\/\/customscomplete.com\/transfer-of-residence-tor\/#breadcrumb\"},\"inLanguage\":\"fr-FR\",\"potentialAction\":[{\"@type\":\"ReadAction\",\"target\":[\"https:\/\/customscomplete.com\/transfer-of-residence-tor\/\"]}]},{\"@type\":\"ImageObject\",\"inLanguage\":\"fr-FR\",\"@id\":\"https:\/\/customscomplete.com\/transfer-of-residence-tor\/#primaryimage\",\"url\":\"https:\/\/customscomplete.com\/wp-content\/uploads\/2023\/05\/Boxes-for-packaging-scaled.jpg\",\"contentUrl\":\"https:\/\/customscomplete.com\/wp-content\/uploads\/2023\/05\/Boxes-for-packaging-scaled.jpg\",\"width\":1706,\"height\":2560,\"caption\":\"transfer of residence\"},{\"@type\":\"BreadcrumbList\",\"@id\":\"https:\/\/customscomplete.com\/transfer-of-residence-tor\/#breadcrumb\",\"itemListElement\":[{\"@type\":\"ListItem\",\"position\":1,\"name\":\"Home\",\"item\":\"https:\/\/customscomplete.com\/\"},{\"@type\":\"ListItem\",\"position\":2,\"name\":\"Transfer of Residence (TOR)\"}]},{\"@type\":\"WebSite\",\"@id\":\"https:\/\/customscomplete.com\/#website\",\"url\":\"https:\/\/customscomplete.com\/\",\"name\":\"Customs Complete\",\"description\":\"Clearing The Way\",\"publisher\":{\"@id\":\"https:\/\/customscomplete.com\/#organization\"},\"potentialAction\":[{\"@type\":\"SearchAction\",\"target\":{\"@type\":\"EntryPoint\",\"urlTemplate\":\"https:\/\/customscomplete.com\/?s={search_term_string}\"},\"query-input\":{\"@type\":\"PropertyValueSpecification\",\"valueRequired\":true,\"valueName\":\"search_term_string\"}}],\"inLanguage\":\"fr-FR\"},{\"@type\":\"Organization\",\"@id\":\"https:\/\/customscomplete.com\/#organization\",\"name\":\"Customs Complete\",\"url\":\"https:\/\/customscomplete.com\/\",\"logo\":{\"@type\":\"ImageObject\",\"inLanguage\":\"fr-FR\",\"@id\":\"https:\/\/customscomplete.com\/#\/schema\/logo\/image\/\",\"url\":\"https:\/\/customscomplete.com\/wp-content\/uploads\/2021\/09\/Facebook-social-homepage.png\",\"contentUrl\":\"https:\/\/customscomplete.com\/wp-content\/uploads\/2021\/09\/Facebook-social-homepage.png\",\"width\":300,\"height\":200,\"caption\":\"Customs Complete\"},\"image\":{\"@id\":\"https:\/\/customscomplete.com\/#\/schema\/logo\/image\/\"},\"sameAs\":[\"https:\/\/www.facebook.com\/customscomplete\",\"https:\/\/www.linkedin.com\/company\/customs-complete\"]}]}<\/script>\n<!-- \/ Yoast SEO plugin. -->","yoast_head_json":{"title":"Transfert de r\u00e9sidence (TOR) - Customs Complete","description":"Pour obtenir des informations sur le transfert de r\u00e9sidence ou demander un devis pour l'exp\u00e9dition de vos biens vers l'Irlande ou le Royaume-Uni, veuillez remplir le formulaire ci-dessous.","robots":{"index":"index","follow":"follow","max-snippet":"max-snippet:-1","max-image-preview":"max-image-preview:large","max-video-preview":"max-video-preview:-1"},"canonical":"https:\/\/customscomplete.com\/fr\/transfert-du-titre-de-sejour\/","og_locale":"fr_FR","og_type":"article","og_title":"Transfer of Residence (TOR) - Customs Complete","og_description":"For information on Transfer of Residence or to request a quote for shipping your goods to Ireland or the UK please fill out the form below","og_url":"https:\/\/customscomplete.com\/fr\/transfert-du-titre-de-sejour\/","og_site_name":"Customs Complete","article_publisher":"https:\/\/www.facebook.com\/customscomplete","article_modified_time":"2023-05-29T14:36:27+00:00","og_image":[{"width":1706,"height":2560,"url":"https:\/\/customscomplete.com\/wp-content\/uploads\/2023\/05\/Boxes-for-packaging-scaled.jpg","type":"image\/jpeg"}],"twitter_card":"summary_large_image","twitter_misc":{"Dur\u00e9e de lecture estim\u00e9e":"2 minutes"},"schema":{"@context":"https:\/\/schema.org","@graph":[{"@type":"WebPage","@id":"https:\/\/customscomplete.com\/transfer-of-residence-tor\/","url":"https:\/\/customscomplete.com\/transfer-of-residence-tor\/","name":"Transfert de r\u00e9sidence (TOR) - Customs Complete","isPartOf":{"@id":"https:\/\/customscomplete.com\/#website"},"primaryImageOfPage":{"@id":"https:\/\/customscomplete.com\/transfer-of-residence-tor\/#primaryimage"},"image":{"@id":"https:\/\/customscomplete.com\/transfer-of-residence-tor\/#primaryimage"},"thumbnailUrl":"https:\/\/customscomplete.com\/wp-content\/uploads\/2023\/05\/Boxes-for-packaging-scaled.jpg","datePublished":"2023-05-29T14:36:26+00:00","dateModified":"2023-05-29T14:36:27+00:00","description":"Pour obtenir des informations sur le transfert de r\u00e9sidence ou demander un devis pour l'exp\u00e9dition de vos biens vers l'Irlande ou le Royaume-Uni, veuillez remplir le formulaire ci-dessous.","breadcrumb":{"@id":"https:\/\/customscomplete.com\/transfer-of-residence-tor\/#breadcrumb"},"inLanguage":"fr-FR","potentialAction":[{"@type":"ReadAction","target":["https:\/\/customscomplete.com\/transfer-of-residence-tor\/"]}]},{"@type":"ImageObject","inLanguage":"fr-FR","@id":"https:\/\/customscomplete.com\/transfer-of-residence-tor\/#primaryimage","url":"https:\/\/customscomplete.com\/wp-content\/uploads\/2023\/05\/Boxes-for-packaging-scaled.jpg","contentUrl":"https:\/\/customscomplete.com\/wp-content\/uploads\/2023\/05\/Boxes-for-packaging-scaled.jpg","width":1706,"height":2560,"caption":"transfer of residence"},{"@type":"BreadcrumbList","@id":"https:\/\/customscomplete.com\/transfer-of-residence-tor\/#breadcrumb","itemListElement":[{"@type":"ListItem","position":1,"name":"Home","item":"https:\/\/customscomplete.com\/"},{"@type":"ListItem","position":2,"name":"Transfer of Residence (TOR)"}]},{"@type":"WebSite","@id":"https:\/\/customscomplete.com\/#website","url":"https:\/\/customscomplete.com\/","name":"Customs Complete","description":"Ouvrir la voie","publisher":{"@id":"https:\/\/customscomplete.com\/#organization"},"potentialAction":[{"@type":"SearchAction","target":{"@type":"EntryPoint","urlTemplate":"https:\/\/customscomplete.com\/?s={search_term_string}"},"query-input":{"@type":"PropertyValueSpecification","valueRequired":true,"valueName":"search_term_string"}}],"inLanguage":"fr-FR"},{"@type":"Organization","@id":"https:\/\/customscomplete.com\/#organization","name":"Customs Complete","url":"https:\/\/customscomplete.com\/","logo":{"@type":"ImageObject","inLanguage":"fr-FR","@id":"https:\/\/customscomplete.com\/#\/schema\/logo\/image\/","url":"https:\/\/customscomplete.com\/wp-content\/uploads\/2021\/09\/Facebook-social-homepage.png","contentUrl":"https:\/\/customscomplete.com\/wp-content\/uploads\/2021\/09\/Facebook-social-homepage.png","width":300,"height":200,"caption":"Customs Complete"},"image":{"@id":"https:\/\/customscomplete.com\/#\/schema\/logo\/image\/"},"sameAs":["https:\/\/www.facebook.com\/customscomplete","https:\/\/www.linkedin.com\/company\/customs-complete"]}]}},"_links":{"self":[{"href":"https:\/\/customscomplete.com\/fr\/wp-json\/wp\/v2\/pages\/1762","targetHints":{"allow":["GET"]}}],"collection":[{"href":"https:\/\/customscomplete.com\/fr\/wp-json\/wp\/v2\/pages"}],"about":[{"href":"https:\/\/customscomplete.com\/fr\/wp-json\/wp\/v2\/types\/page"}],"author":[{"embeddable":true,"href":"https:\/\/customscomplete.com\/fr\/wp-json\/wp\/v2\/users\/1"}],"replies":[{"embeddable":true,"href":"https:\/\/customscomplete.com\/fr\/wp-json\/wp\/v2\/comments?post=1762"}],"version-history":[{"count":5,"href":"https:\/\/customscomplete.com\/fr\/wp-json\/wp\/v2\/pages\/1762\/revisions"}],"predecessor-version":[{"id":1771,"href":"https:\/\/customscomplete.com\/fr\/wp-json\/wp\/v2\/pages\/1762\/revisions\/1771"}],"wp:featuredmedia":[{"embeddable":true,"href":"https:\/\/customscomplete.com\/fr\/wp-json\/wp\/v2\/media\/1769"}],"wp:attachment":[{"href":"https:\/\/customscomplete.com\/fr\/wp-json\/wp\/v2\/media?parent=1762"}],"curies":[{"name":"wp","href":"https:\/\/api.w.org\/{rel}","templated":true}]}}