{"id":2140,"date":"2023-11-23T13:00:28","date_gmt":"2023-11-23T13:00:28","guid":{"rendered":"https:\/\/customscomplete.com\/?page_id=2140"},"modified":"2023-11-14T13:05:55","modified_gmt":"2023-11-14T13:05:55","slug":"dedouanement-immingham","status":"publish","type":"page","link":"https:\/\/customscomplete.com\/fr\/customs-clearance-immingham\/","title":{"rendered":"D\u00e9douanement \u00e0 Immingham"},"content":{"rendered":"<p>Le plus grand port du Royaume-Uni en termes de tonnage est le port d'Immingham. Il traite environ 46 millions de tonnes de marchandises par an. Le port d'Immingham fait partie du groupe Associated British Ports (ABP). Avec ses confr\u00e8res Grimsby, Hull et Goole, le port d'Immingham fait partie du principal complexe portuaire du Royaume-Uni. Immingham est un n\u0153ud vital dans la cha\u00eene d'approvisionnement, facilitant le commerce sans faille entre le Royaume-Uni, l'Union europ\u00e9enne et le reste du monde. Pour en savoir plus sur le d\u00e9douanement \u00e0 Immingham, cliquez ici.<\/p>\n\n\n\n<p>En raison de la taille du port et du volume important de marchandises qui entrent et sortent chaque jour, les activit\u00e9s de d\u00e9douanement sont nombreuses dans la r\u00e9gion.<\/p>\n\n\n\n<p><strong>D\u00e9douanement \u00e0 Immingham<\/strong><\/p>\n\n\n\n<p>Tous les ports du monde sont confront\u00e9s quotidiennement au d\u00e9douanement et le port d'Immingham ne fait pas exception \u00e0 la r\u00e8gle. Le port d'Immingham \u00e9tant situ\u00e9 au Royaume-Uni, il est soumis \u00e0 un grand nombre de proc\u00e9dures douani\u00e8res. Avec l'arriv\u00e9e de marchandises en provenance de l'UE, de l'Irlande et du reste du monde, le port d'Immingham a d\u00fb investir massivement dans ses proc\u00e9dures de d\u00e9douanement. Il s'agit de s'assurer que les marchandises entrent et sortent du port en toute transparence, ce qui permet aux entreprises britanniques, irlandaises et europ\u00e9ennes d'avoir des cha\u00eenes d'approvisionnement ininterrompues.<\/p>\n\n\n\n<figure class=\"wp-block-image size-large\"><img fetchpriority=\"high\" decoding=\"async\" width=\"1024\" height=\"686\" src=\"https:\/\/customscomplete.com\/wp-content\/uploads\/2023\/11\/dock-441989_1280-1024x686.jpg\" alt=\"D\u00e9douanement Immingham\" class=\"wp-image-2141\" srcset=\"https:\/\/customscomplete.com\/wp-content\/uploads\/2023\/11\/dock-441989_1280-1024x686.jpg 1024w, https:\/\/customscomplete.com\/wp-content\/uploads\/2023\/11\/dock-441989_1280-300x201.jpg 300w, https:\/\/customscomplete.com\/wp-content\/uploads\/2023\/11\/dock-441989_1280-768x514.jpg 768w, https:\/\/customscomplete.com\/wp-content\/uploads\/2023\/11\/dock-441989_1280.jpg 1280w\" sizes=\"(max-width: 1024px) 100vw, 1024px\" \/><\/figure>\n\n\n\n<ul class=\"wp-block-list\">\n<li><strong>Documentation : <\/strong>La documentation est peut-\u00eatre la partie la plus importante du d\u00e9douanement dans le port d'Immingham. Chaque marchandise import\u00e9e ou export\u00e9e par le port d'Immingham doit \u00eatre accompagn\u00e9e des documents appropri\u00e9s. Ces documents comprennent les factures commerciales, les listes de colisage, les connaissements ou les lettres de transport a\u00e9rien. Ces documents sont utilis\u00e9s pour indiquer exactement le contenu de chaque exp\u00e9dition qui entre ou sort du port, la forme de la marchandise, les codes des marchandises et la valeur des marchandises.<\/li>\n\n\n\n<li><strong>D\u00e9clarations :<\/strong> Outre les documents, les marchandises doivent \u00eatre accompagn\u00e9es des d\u00e9clarations correspondantes. Les d\u00e9clarations d'importation et d'exportation doivent \u00eatre accompagn\u00e9es de toutes les marchandises entrant et sortant du port d'Immingham. Les marchandises ne peuvent pas passer par le port d'Immingham sans ces d\u00e9clarations.<\/li>\n\n\n\n<li><strong>Inspections et contr\u00f4les :<\/strong> Les autorit\u00e9s portuaires du port d'Immingham effectuent des contr\u00f4les r\u00e9guliers sur les marchandises qui transitent par le port. Ces contr\u00f4les vont des contr\u00f4les physiques aux contr\u00f4les documentaires en passant par les contr\u00f4les d'identit\u00e9. Ces inspections sont mises en place pour s'assurer que toutes les marchandises sont accompagn\u00e9es des d\u00e9clarations appropri\u00e9es et correspondent \u00e0 tous les documents d'accompagnement.<\/li>\n<\/ul>\n\n\n\n<p>De nombreuses entreprises qui importent et exportent des marchandises \u00e0 destination et en provenance de l'Union europ\u00e9enne ont besoin d'une aide financi\u00e8re. <a href=\"https:\/\/www.abports.co.uk\/locations\/immingham\/\" target=\"_blank\" rel=\"noreferrer noopener\">Port d'Immingham<\/a> s'associent \u00e0 des agents en douane pour les aider \u00e0 obtenir le d\u00e9douanement de leurs produits. Ces experts peuvent vous aider \u00e0 vous y retrouver dans les proc\u00e9dures de d\u00e9douanement dans le port d'Immingham. Ils savent quelles d\u00e9clarations sont n\u00e9cessaires pour chaque produit et ils peuvent vous aider \u00e0 les pr\u00e9parer pour que les marchandises arrivent et quittent le port \u00e0 temps.<\/p>\n\n\n\n<p><\/p>","protected":false},"excerpt":{"rendered":"<p>The largest port by tonnage in the UK is the Port of Immingham. The port handles approximately 46 million tonnes of cargo every year. The Port of Immingham is part of the Associated British Ports (ABP) group. Together with its fellow ABP members, Grimsby, Hull, and Goole, Immingham Port is [&hellip;]<\/p>\n","protected":false},"author":1,"featured_media":2142,"parent":0,"menu_order":0,"comment_status":"closed","ping_status":"closed","template":"","meta":{"om_disable_all_campaigns":false,"_monsterinsights_skip_tracking":false,"_monsterinsights_sitenote_active":false,"_monsterinsights_sitenote_note":"","_monsterinsights_sitenote_category":0,"site-sidebar-layout":"default","site-content-layout":"","ast-site-content-layout":"default","site-content-style":"default","site-sidebar-style":"default","ast-global-header-display":"","ast-banner-title-visibility":"","ast-main-header-display":"","ast-hfb-above-header-display":"","ast-hfb-below-header-display":"","ast-hfb-mobile-header-display":"","site-post-title":"","ast-breadcrumbs-content":"","ast-featured-img":"","footer-sml-layout":"","ast-disable-related-posts":"","theme-transparent-header-meta":"","adv-header-id-meta":"","stick-header-meta":"","header-above-stick-meta":"","header-main-stick-meta":"","header-below-stick-meta":"","astra-migrate-meta-layouts":"set","ast-page-background-enabled":"default","ast-page-background-meta":{"desktop":{"background-color":"","background-image":"","background-repeat":"repeat","background-position":"center center","background-size":"auto","background-attachment":"scroll","background-type":"","background-media":"","overlay-type":"","overlay-color":"","overlay-opacity":"","overlay-gradient":""},"tablet":{"background-color":"","background-image":"","background-repeat":"repeat","background-position":"center center","background-size":"auto","background-attachment":"scroll","background-type":"","background-media":"","overlay-type":"","overlay-color":"","overlay-opacity":"","overlay-gradient":""},"mobile":{"background-color":"","background-image":"","background-repeat":"repeat","background-position":"center center","background-size":"auto","background-attachment":"scroll","background-type":"","background-media":"","overlay-type":"","overlay-color":"","overlay-opacity":"","overlay-gradient":""}},"ast-content-background-meta":{"desktop":{"background-color":"var(--ast-global-color-5)","background-image":"","background-repeat":"repeat","background-position":"center center","background-size":"auto","background-attachment":"scroll","background-type":"","background-media":"","overlay-type":"","overlay-color":"","overlay-opacity":"","overlay-gradient":""},"tablet":{"background-color":"var(--ast-global-color-5)","background-image":"","background-repeat":"repeat","background-position":"center center","background-size":"auto","background-attachment":"scroll","background-type":"","background-media":"","overlay-type":"","overlay-color":"","overlay-opacity":"","overlay-gradient":""},"mobile":{"background-color":"var(--ast-global-color-5)","background-image":"","background-repeat":"repeat","background-position":"center center","background-size":"auto","background-attachment":"scroll","background-type":"","background-media":"","overlay-type":"","overlay-color":"","overlay-opacity":"","overlay-gradient":""}},"footnotes":""},"class_list":["post-2140","page","type-page","status-publish","has-post-thumbnail","hentry"],"yoast_head":"<!-- This site is optimized with the Yoast SEO plugin v27.2 - https:\/\/yoast.com\/product\/yoast-seo-wordpress\/ -->\n<title>Customs Clearance In Immingham - Customs Complete<\/title>\n<meta name=\"description\" content=\"The largest port by tonnage in the UK is the Port of Immingham. Read on to find out more about Customs Clearance in Immingham\" \/>\n<meta name=\"robots\" content=\"index, follow, max-snippet:-1, max-image-preview:large, max-video-preview:-1\" \/>\n<link rel=\"canonical\" href=\"https:\/\/customscomplete.com\/fr\/dedouanement-immingham\/\" \/>\n<meta property=\"og:locale\" content=\"fr_FR\" \/>\n<meta property=\"og:type\" content=\"article\" \/>\n<meta property=\"og:title\" content=\"Customs Clearance In Immingham - Customs Complete\" \/>\n<meta property=\"og:description\" content=\"The largest port by tonnage in the UK is the Port of Immingham. Read on to find out more about Customs Clearance in Immingham\" \/>\n<meta property=\"og:url\" content=\"https:\/\/customscomplete.com\/fr\/dedouanement-immingham\/\" \/>\n<meta property=\"og:site_name\" content=\"Customs Complete\" \/>\n<meta property=\"article:publisher\" content=\"https:\/\/www.facebook.com\/customscomplete\" \/>\n<meta property=\"og:image\" content=\"https:\/\/customscomplete.com\/wp-content\/uploads\/2023\/11\/dock-441990_1280.jpg\" \/>\n\t<meta property=\"og:image:width\" content=\"857\" \/>\n\t<meta property=\"og:image:height\" content=\"1280\" \/>\n\t<meta property=\"og:image:type\" content=\"image\/jpeg\" \/>\n<meta name=\"twitter:card\" content=\"summary_large_image\" \/>\n<meta name=\"twitter:label1\" content=\"Dur\u00e9e de lecture estim\u00e9e\" \/>\n\t<meta name=\"twitter:data1\" content=\"2 minutes\" \/>\n<script type=\"application\/ld+json\" class=\"yoast-schema-graph\">{\"@context\":\"https:\/\/schema.org\",\"@graph\":[{\"@type\":\"WebPage\",\"@id\":\"https:\/\/customscomplete.com\/customs-clearance-immingham\/\",\"url\":\"https:\/\/customscomplete.com\/customs-clearance-immingham\/\",\"name\":\"Customs Clearance In Immingham - Customs Complete\",\"isPartOf\":{\"@id\":\"https:\/\/customscomplete.com\/#website\"},\"primaryImageOfPage\":{\"@id\":\"https:\/\/customscomplete.com\/customs-clearance-immingham\/#primaryimage\"},\"image\":{\"@id\":\"https:\/\/customscomplete.com\/customs-clearance-immingham\/#primaryimage\"},\"thumbnailUrl\":\"https:\/\/customscomplete.com\/wp-content\/uploads\/2023\/11\/dock-441990_1280.jpg\",\"datePublished\":\"2023-11-23T13:00:28+00:00\",\"description\":\"The largest port by tonnage in the UK is the Port of Immingham. Read on to find out more about Customs Clearance in Immingham\",\"breadcrumb\":{\"@id\":\"https:\/\/customscomplete.com\/customs-clearance-immingham\/#breadcrumb\"},\"inLanguage\":\"fr-FR\",\"potentialAction\":[{\"@type\":\"ReadAction\",\"target\":[\"https:\/\/customscomplete.com\/customs-clearance-immingham\/\"]}]},{\"@type\":\"ImageObject\",\"inLanguage\":\"fr-FR\",\"@id\":\"https:\/\/customscomplete.com\/customs-clearance-immingham\/#primaryimage\",\"url\":\"https:\/\/customscomplete.com\/wp-content\/uploads\/2023\/11\/dock-441990_1280.jpg\",\"contentUrl\":\"https:\/\/customscomplete.com\/wp-content\/uploads\/2023\/11\/dock-441990_1280.jpg\",\"width\":857,\"height\":1280,\"caption\":\"Customs clearance Immingham\"},{\"@type\":\"BreadcrumbList\",\"@id\":\"https:\/\/customscomplete.com\/customs-clearance-immingham\/#breadcrumb\",\"itemListElement\":[{\"@type\":\"ListItem\",\"position\":1,\"name\":\"Home\",\"item\":\"https:\/\/customscomplete.com\/\"},{\"@type\":\"ListItem\",\"position\":2,\"name\":\"Customs Clearance In Immingham\"}]},{\"@type\":\"WebSite\",\"@id\":\"https:\/\/customscomplete.com\/#website\",\"url\":\"https:\/\/customscomplete.com\/\",\"name\":\"Customs Complete\",\"description\":\"Clearing The Way\",\"publisher\":{\"@id\":\"https:\/\/customscomplete.com\/#organization\"},\"potentialAction\":[{\"@type\":\"SearchAction\",\"target\":{\"@type\":\"EntryPoint\",\"urlTemplate\":\"https:\/\/customscomplete.com\/?s={search_term_string}\"},\"query-input\":{\"@type\":\"PropertyValueSpecification\",\"valueRequired\":true,\"valueName\":\"search_term_string\"}}],\"inLanguage\":\"fr-FR\"},{\"@type\":\"Organization\",\"@id\":\"https:\/\/customscomplete.com\/#organization\",\"name\":\"Customs Complete\",\"url\":\"https:\/\/customscomplete.com\/\",\"logo\":{\"@type\":\"ImageObject\",\"inLanguage\":\"fr-FR\",\"@id\":\"https:\/\/customscomplete.com\/#\/schema\/logo\/image\/\",\"url\":\"https:\/\/customscomplete.com\/wp-content\/uploads\/2021\/09\/Facebook-social-homepage.png\",\"contentUrl\":\"https:\/\/customscomplete.com\/wp-content\/uploads\/2021\/09\/Facebook-social-homepage.png\",\"width\":300,\"height\":200,\"caption\":\"Customs Complete\"},\"image\":{\"@id\":\"https:\/\/customscomplete.com\/#\/schema\/logo\/image\/\"},\"sameAs\":[\"https:\/\/www.facebook.com\/customscomplete\",\"https:\/\/www.linkedin.com\/company\/customs-complete\"]}]}<\/script>\n<!-- \/ Yoast SEO plugin. -->","yoast_head_json":{"title":"D\u00e9douanement \u00e0 Immingham - Customs Complete","description":"Le port d'Immingham est le plus grand port du Royaume-Uni en termes de tonnage. Pour en savoir plus sur le d\u00e9douanement \u00e0 Immingham, cliquez ici.","robots":{"index":"index","follow":"follow","max-snippet":"max-snippet:-1","max-image-preview":"max-image-preview:large","max-video-preview":"max-video-preview:-1"},"canonical":"https:\/\/customscomplete.com\/fr\/dedouanement-immingham\/","og_locale":"fr_FR","og_type":"article","og_title":"Customs Clearance In Immingham - Customs Complete","og_description":"The largest port by tonnage in the UK is the Port of Immingham. Read on to find out more about Customs Clearance in Immingham","og_url":"https:\/\/customscomplete.com\/fr\/dedouanement-immingham\/","og_site_name":"Customs Complete","article_publisher":"https:\/\/www.facebook.com\/customscomplete","og_image":[{"width":857,"height":1280,"url":"https:\/\/customscomplete.com\/wp-content\/uploads\/2023\/11\/dock-441990_1280.jpg","type":"image\/jpeg"}],"twitter_card":"summary_large_image","twitter_misc":{"Dur\u00e9e de lecture estim\u00e9e":"2 minutes"},"schema":{"@context":"https:\/\/schema.org","@graph":[{"@type":"WebPage","@id":"https:\/\/customscomplete.com\/customs-clearance-immingham\/","url":"https:\/\/customscomplete.com\/customs-clearance-immingham\/","name":"D\u00e9douanement \u00e0 Immingham - Customs Complete","isPartOf":{"@id":"https:\/\/customscomplete.com\/#website"},"primaryImageOfPage":{"@id":"https:\/\/customscomplete.com\/customs-clearance-immingham\/#primaryimage"},"image":{"@id":"https:\/\/customscomplete.com\/customs-clearance-immingham\/#primaryimage"},"thumbnailUrl":"https:\/\/customscomplete.com\/wp-content\/uploads\/2023\/11\/dock-441990_1280.jpg","datePublished":"2023-11-23T13:00:28+00:00","description":"Le port d'Immingham est le plus grand port du Royaume-Uni en termes de tonnage. Pour en savoir plus sur le d\u00e9douanement \u00e0 Immingham, cliquez ici.","breadcrumb":{"@id":"https:\/\/customscomplete.com\/customs-clearance-immingham\/#breadcrumb"},"inLanguage":"fr-FR","potentialAction":[{"@type":"ReadAction","target":["https:\/\/customscomplete.com\/customs-clearance-immingham\/"]}]},{"@type":"ImageObject","inLanguage":"fr-FR","@id":"https:\/\/customscomplete.com\/customs-clearance-immingham\/#primaryimage","url":"https:\/\/customscomplete.com\/wp-content\/uploads\/2023\/11\/dock-441990_1280.jpg","contentUrl":"https:\/\/customscomplete.com\/wp-content\/uploads\/2023\/11\/dock-441990_1280.jpg","width":857,"height":1280,"caption":"Customs clearance Immingham"},{"@type":"BreadcrumbList","@id":"https:\/\/customscomplete.com\/customs-clearance-immingham\/#breadcrumb","itemListElement":[{"@type":"ListItem","position":1,"name":"Home","item":"https:\/\/customscomplete.com\/"},{"@type":"ListItem","position":2,"name":"Customs Clearance In Immingham"}]},{"@type":"WebSite","@id":"https:\/\/customscomplete.com\/#website","url":"https:\/\/customscomplete.com\/","name":"Customs Complete","description":"Ouvrir la voie","publisher":{"@id":"https:\/\/customscomplete.com\/#organization"},"potentialAction":[{"@type":"SearchAction","target":{"@type":"EntryPoint","urlTemplate":"https:\/\/customscomplete.com\/?s={search_term_string}"},"query-input":{"@type":"PropertyValueSpecification","valueRequired":true,"valueName":"search_term_string"}}],"inLanguage":"fr-FR"},{"@type":"Organization","@id":"https:\/\/customscomplete.com\/#organization","name":"Customs Complete","url":"https:\/\/customscomplete.com\/","logo":{"@type":"ImageObject","inLanguage":"fr-FR","@id":"https:\/\/customscomplete.com\/#\/schema\/logo\/image\/","url":"https:\/\/customscomplete.com\/wp-content\/uploads\/2021\/09\/Facebook-social-homepage.png","contentUrl":"https:\/\/customscomplete.com\/wp-content\/uploads\/2021\/09\/Facebook-social-homepage.png","width":300,"height":200,"caption":"Customs Complete"},"image":{"@id":"https:\/\/customscomplete.com\/#\/schema\/logo\/image\/"},"sameAs":["https:\/\/www.facebook.com\/customscomplete","https:\/\/www.linkedin.com\/company\/customs-complete"]}]}},"_links":{"self":[{"href":"https:\/\/customscomplete.com\/fr\/wp-json\/wp\/v2\/pages\/2140","targetHints":{"allow":["GET"]}}],"collection":[{"href":"https:\/\/customscomplete.com\/fr\/wp-json\/wp\/v2\/pages"}],"about":[{"href":"https:\/\/customscomplete.com\/fr\/wp-json\/wp\/v2\/types\/page"}],"author":[{"embeddable":true,"href":"https:\/\/customscomplete.com\/fr\/wp-json\/wp\/v2\/users\/1"}],"replies":[{"embeddable":true,"href":"https:\/\/customscomplete.com\/fr\/wp-json\/wp\/v2\/comments?post=2140"}],"version-history":[{"count":2,"href":"https:\/\/customscomplete.com\/fr\/wp-json\/wp\/v2\/pages\/2140\/revisions"}],"predecessor-version":[{"id":5038,"href":"https:\/\/customscomplete.com\/fr\/wp-json\/wp\/v2\/pages\/2140\/revisions\/5038"}],"wp:featuredmedia":[{"embeddable":true,"href":"https:\/\/customscomplete.com\/fr\/wp-json\/wp\/v2\/media\/2142"}],"wp:attachment":[{"href":"https:\/\/customscomplete.com\/fr\/wp-json\/wp\/v2\/media?parent=2140"}],"curies":[{"name":"wp","href":"https:\/\/api.w.org\/{rel}","templated":true}]}}