{"id":2146,"date":"2023-11-27T14:07:00","date_gmt":"2023-11-27T14:07:00","guid":{"rendered":"https:\/\/customscomplete.com\/?page_id=2146"},"modified":"2023-11-14T15:45:35","modified_gmt":"2023-11-14T15:45:35","slug":"dedouanement-felixstowe","status":"publish","type":"page","link":"https:\/\/customscomplete.com\/fr\/customs-clearance-felixstowe\/","title":{"rendered":"D\u00e9douanement Felixstowe"},"content":{"rendered":"\n<p>The Port of Felixstowe is the UK\u2019s largest and busiest container port, as well as being one of the biggest in Europe. Located on the east coast, Felixstowe handles approximately 4 million TEUs and 2000 ships every year. The port boasts some of the deepest waters close to the open sea in Europe. This allows the port to cater to some of the largest ships in the world. Read on for more information about Customs Clearance in Felixstowe.<\/p>\n\n\n\n<p>Felixstowe is home to approximately 17 shipping lines that provide 33 distinct services, connecting with over 700 ports across the globe. Thanks to its unparalleled rail and road infrastructure, which connects the port to distribution centres in the Midlands and other parts of the UK, Felixstowe plays an essential role in ensuring the smooth flow of trade in the UK. This, in turn, yields substantial advantages for customers, the local community, and the broader industry.<\/p>\n\n\n\n<p>Due to the high volume of goods and people travelling through Felixstowe Port, the port authorities had to invest massively into its customs clearance procedures. This is crucial as an efficient customs clearance process means goods can be moved through the port quickly and seamlessly without delays or interruptions.<\/p>\n\n\n\n<figure class=\"wp-block-image size-large\"><img fetchpriority=\"high\" decoding=\"async\" width=\"1024\" height=\"768\" src=\"https:\/\/customscomplete.com\/wp-content\/uploads\/2023\/11\/Felixstowe-1-1024x768.jpg\" alt=\"customs clearance felixstowe\" class=\"wp-image-2220\" srcset=\"https:\/\/customscomplete.com\/wp-content\/uploads\/2023\/11\/Felixstowe-1-1024x768.jpg 1024w, https:\/\/customscomplete.com\/wp-content\/uploads\/2023\/11\/Felixstowe-1-300x225.jpg 300w, https:\/\/customscomplete.com\/wp-content\/uploads\/2023\/11\/Felixstowe-1-768x576.jpg 768w, https:\/\/customscomplete.com\/wp-content\/uploads\/2023\/11\/Felixstowe-1.jpg 1280w\" sizes=\"(max-width: 1024px) 100vw, 1024px\" \/><\/figure>\n\n\n\n<p><strong>Customs Clearance Procedures in Felixstowe Port<\/strong><\/p>\n\n\n\n<p>Like every other port in the world, the <a href=\"https:\/\/www.portoffelixstowe.co.uk\/\" target=\"_blank\" rel=\"noreferrer noopener\">Port of Felixstowe<\/a> places a massive emphasis on its customs clearance procedures. Importers and exporters must abide by customs rules and regulations and provide port authorities with certain information in order to allow goods to be brought in and out of the port.<\/p>\n\n\n\n<p>This information includes the value of goods being imported, their weight, their country of origin, their commodity codes, and their incoterms. This information can be found on several documents. These documents include commercial invoices, packing lists, bill of ladings, and airway bills. Shipments must be accurate to the information provided to customs authorities, if they are not goods can be inspected and even seized.<\/p>\n\n\n\n<p>Both goods due to be imported and exported must be accompanied by customs declarations. These declarations confirm the information shown in the documents from above. They also show whether any import duty must be paid for certain goods and also shows other information like time of arrival\/departure.<\/p>\n\n\n\n<p>Shipments travelling through Felixstowe Port are subject to inspections. Inspections can be documentary, physical and\/or identity checks. Port authorities carry out these checks in order to ensure that goods are matching their documentation and accompanied by accurate customs declarations.<\/p>\n\n\n\n<p>Many businesses partner with customs brokers in order to aid in achieving customs clearance for their goods. These specialists have extensive knowledge in this area and help reduce the likelihood of delays and in some cases fines due to lack of compliance.<\/p>\n\n\n\n<h4 class=\"wp-block-heading\">Find a Customs Agent to arrange Customs Clearance in Felixstowe?<\/h4>\n\n\n\n<p>It is recommended to contact a Customs Agent as soon as you have the details for your shipment. There are many Clearance Agents who offer similar services but it is important to choose an Agent who has the experience and knowledge to clear your goods. <\/p>\n\n\n\n<p><a href=\"https:\/\/customscomplete.com\/faq\/\"><mark style=\"background-color:rgba(0, 0, 0, 0)\" class=\"has-inline-color has-ast-global-color-0-color\">For more FAQ\u00b4s about Customs Clearance please click here<\/mark><\/a><\/p>\n\n\n\n<h3 class=\"wp-block-heading\">Contact Customs Complete<\/h3>\n\n\n<div class=\"wpforms-container wpforms-block wpforms-block-b4de45db-0eee-43ca-8ad0-9c17f5ec262b\" id=\"wpforms-90\"><form id=\"wpforms-form-90\" class=\"wpforms-validate wpforms-form\" data-formid=\"90\" method=\"post\" enctype=\"multipart\/form-data\" action=\"\/fr\/wp-json\/wp\/v2\/pages\/2146\" data-token=\"70b18c18b4b1821cbfdbcde28fcb848f\" data-token-time=\"1775402010\"><noscript class=\"wpforms-error-noscript\">Veuillez activer JavaScript dans votre navigateur pour remplir ce formulaire.<\/noscript><div class=\"wpforms-field-container\"><div id=\"wpforms-90-field_0-container\" class=\"wpforms-field wpforms-field-name\" data-field-id=\"0\"><label class=\"wpforms-field-label\" for=\"wpforms-90-field_0\">Name <span class=\"wpforms-required-label\">*<\/span><\/label><input type=\"text\" id=\"wpforms-90-field_0\" class=\"wpforms-field-medium wpforms-field-required\" name=\"wpforms[fields][0]\" required><div class=\"wpforms-field-description\">We do not process personal packages, small online orders, or consumer parcels.<\/div><\/div><div id=\"wpforms-90-field_4-container\" class=\"wpforms-field wpforms-field-text\" data-field-id=\"4\"><label class=\"wpforms-field-label\" for=\"wpforms-90-field_4\">Company <\/label><input type=\"text\" id=\"wpforms-90-field_4\" class=\"wpforms-field-medium\" name=\"wpforms[fields][4]\" ><\/div><div id=\"wpforms-90-field_1-container\" class=\"wpforms-field wpforms-field-email\" data-field-id=\"1\"><label class=\"wpforms-field-label\" for=\"wpforms-90-field_1\">Email <span class=\"wpforms-required-label\">*<\/span><\/label><input type=\"email\" id=\"wpforms-90-field_1\" class=\"wpforms-field-medium wpforms-field-required\" name=\"wpforms[fields][1]\" spellcheck=\"false\" required><\/div><div id=\"wpforms-90-field_5-container\" class=\"wpforms-field wpforms-field-text\" data-field-id=\"5\"><label class=\"wpforms-field-label\" for=\"wpforms-90-field_5\">Phone number<\/label><input type=\"text\" id=\"wpforms-90-field_5\" class=\"wpforms-field-medium\" name=\"wpforms[fields][5]\" ><\/div><div id=\"wpforms-90-field_7-container\" class=\"wpforms-field wpforms-field-checkbox\" data-field-id=\"7\"><label class=\"wpforms-field-label\">Which service(s) are you interested in:<\/label><ul id=\"wpforms-90-field_7\"><li class=\"choice-1 depth-1\"><input type=\"checkbox\" id=\"wpforms-90-field_7_1\" name=\"wpforms[fields][7][]\" value=\"Import Declaration\"  ><label class=\"wpforms-field-label-inline\" for=\"wpforms-90-field_7_1\">Import Declaration<\/label><\/li><li class=\"choice-2 depth-1\"><input type=\"checkbox\" id=\"wpforms-90-field_7_2\" name=\"wpforms[fields][7][]\" value=\"Export Declaration\"  ><label class=\"wpforms-field-label-inline\" for=\"wpforms-90-field_7_2\">Export Declaration<\/label><\/li><li class=\"choice-9 depth-1\"><input type=\"checkbox\" id=\"wpforms-90-field_7_9\" name=\"wpforms[fields][7][]\" value=\"CBAM\"  ><label class=\"wpforms-field-label-inline\" for=\"wpforms-90-field_7_9\">CBAM<\/label><\/li><li class=\"choice-3 depth-1\"><input type=\"checkbox\" id=\"wpforms-90-field_7_3\" name=\"wpforms[fields][7][]\" value=\"Transit Document\"  ><label class=\"wpforms-field-label-inline\" for=\"wpforms-90-field_7_3\">Transit Document<\/label><\/li><li class=\"choice-4 depth-1\"><input type=\"checkbox\" id=\"wpforms-90-field_7_4\" name=\"wpforms[fields][7][]\" value=\"Transfer of Residence (TOR)\"  ><label class=\"wpforms-field-label-inline\" for=\"wpforms-90-field_7_4\">Transfer of Residence (TOR)<\/label><\/li><li class=\"choice-5 depth-1\"><input type=\"checkbox\" id=\"wpforms-90-field_7_5\" name=\"wpforms[fields][7][]\" value=\"Security Declaration\"  ><label class=\"wpforms-field-label-inline\" for=\"wpforms-90-field_7_5\">Security Declaration<\/label><\/li><li class=\"choice-8 depth-1\"><input type=\"checkbox\" id=\"wpforms-90-field_7_8\" name=\"wpforms[fields][7][]\" value=\"Freight Shipping\"  ><label class=\"wpforms-field-label-inline\" for=\"wpforms-90-field_7_8\">Freight Shipping<\/label><\/li><li class=\"choice-6 depth-1\"><input type=\"checkbox\" id=\"wpforms-90-field_7_6\" name=\"wpforms[fields][7][]\" value=\"Logistics\"  ><label class=\"wpforms-field-label-inline\" for=\"wpforms-90-field_7_6\">Logistics<\/label><\/li><li class=\"choice-7 depth-1\"><input type=\"checkbox\" id=\"wpforms-90-field_7_7\" name=\"wpforms[fields][7][]\" value=\"Supply Chain\"  ><label class=\"wpforms-field-label-inline\" for=\"wpforms-90-field_7_7\">Supply Chain<\/label><\/li><\/ul><\/div><div id=\"wpforms-90-field_2-container\" class=\"wpforms-field wpforms-field-textarea\" data-field-id=\"2\"><label class=\"wpforms-field-label\" for=\"wpforms-90-field_2\">Additional Comments<\/label><textarea id=\"wpforms-90-field_2\" class=\"wpforms-field-medium\" name=\"wpforms[fields][2]\" ><\/textarea><\/div><\/div><!-- .wpforms-field-container --><div class=\"wpforms-recaptcha-container wpforms-is-recaptcha wpforms-is-recaptcha-type-invisible\" ><div class=\"g-recaptcha\" data-sitekey=\"6LdifI4fAAAAACNIvaJsAyYjc7SViYqtoKLgu6sY\" data-size=\"invisible\"><\/div><\/div><div class=\"wpforms-submit-container\" ><input type=\"hidden\" name=\"wpforms[id]\" value=\"90\"><input type=\"hidden\" name=\"page_title\" value=\"\"><input type=\"hidden\" name=\"page_url\" value=\"https:\/\/customscomplete.com\/fr\/wp-json\/wp\/v2\/pages\/2146\"><input type=\"hidden\" name=\"url_referer\" value=\"\"><button type=\"submit\" name=\"wpforms[submit]\" id=\"wpforms-submit-90\" class=\"wpforms-submit\" data-alt-text=\"Sending...\" data-submit-text=\"Submit\" aria-live=\"assertive\" value=\"wpforms-submit\">Submit<\/button><\/div><\/form><\/div>  <!-- .wpforms-container -->","protected":false},"excerpt":{"rendered":"<p>The Port of Felixstowe is the UK\u2019s largest and busiest container port, as well as being one of the biggest in Europe. Located on the east coast, Felixstowe handles approximately 4 million TEUs and 2000 ships every year. The port boasts some of the deepest waters close to the open [&hellip;]<\/p>\n","protected":false},"author":1,"featured_media":2221,"parent":0,"menu_order":0,"comment_status":"closed","ping_status":"closed","template":"","meta":{"om_disable_all_campaigns":false,"_monsterinsights_skip_tracking":false,"_monsterinsights_sitenote_active":false,"_monsterinsights_sitenote_note":"","_monsterinsights_sitenote_category":0,"site-sidebar-layout":"default","site-content-layout":"","ast-site-content-layout":"default","site-content-style":"default","site-sidebar-style":"default","ast-global-header-display":"","ast-banner-title-visibility":"","ast-main-header-display":"","ast-hfb-above-header-display":"","ast-hfb-below-header-display":"","ast-hfb-mobile-header-display":"","site-post-title":"","ast-breadcrumbs-content":"","ast-featured-img":"","footer-sml-layout":"","ast-disable-related-posts":"","theme-transparent-header-meta":"","adv-header-id-meta":"","stick-header-meta":"","header-above-stick-meta":"","header-main-stick-meta":"","header-below-stick-meta":"","astra-migrate-meta-layouts":"set","ast-page-background-enabled":"default","ast-page-background-meta":{"desktop":{"background-color":"","background-image":"","background-repeat":"repeat","background-position":"center center","background-size":"auto","background-attachment":"scroll","background-type":"","background-media":"","overlay-type":"","overlay-color":"","overlay-opacity":"","overlay-gradient":""},"tablet":{"background-color":"","background-image":"","background-repeat":"repeat","background-position":"center center","background-size":"auto","background-attachment":"scroll","background-type":"","background-media":"","overlay-type":"","overlay-color":"","overlay-opacity":"","overlay-gradient":""},"mobile":{"background-color":"","background-image":"","background-repeat":"repeat","background-position":"center center","background-size":"auto","background-attachment":"scroll","background-type":"","background-media":"","overlay-type":"","overlay-color":"","overlay-opacity":"","overlay-gradient":""}},"ast-content-background-meta":{"desktop":{"background-color":"var(--ast-global-color-5)","background-image":"","background-repeat":"repeat","background-position":"center center","background-size":"auto","background-attachment":"scroll","background-type":"","background-media":"","overlay-type":"","overlay-color":"","overlay-opacity":"","overlay-gradient":""},"tablet":{"background-color":"var(--ast-global-color-5)","background-image":"","background-repeat":"repeat","background-position":"center center","background-size":"auto","background-attachment":"scroll","background-type":"","background-media":"","overlay-type":"","overlay-color":"","overlay-opacity":"","overlay-gradient":""},"mobile":{"background-color":"var(--ast-global-color-5)","background-image":"","background-repeat":"repeat","background-position":"center center","background-size":"auto","background-attachment":"scroll","background-type":"","background-media":"","overlay-type":"","overlay-color":"","overlay-opacity":"","overlay-gradient":""}},"footnotes":""},"class_list":["post-2146","page","type-page","status-publish","has-post-thumbnail","hentry"],"yoast_head":"<!-- This site is optimized with the Yoast SEO plugin v27.2 - https:\/\/yoast.com\/product\/yoast-seo-wordpress\/ -->\n<title>Customs Clearance Felixstowe - Customs Complete<\/title>\n<meta name=\"description\" content=\"The Port of Felixstowe is the UK\u2019s largest and busiest container port. Read on for more information about Customs Clearance in Felixstowe.\" \/>\n<meta name=\"robots\" content=\"index, follow, max-snippet:-1, max-image-preview:large, max-video-preview:-1\" \/>\n<link rel=\"canonical\" href=\"https:\/\/customscomplete.com\/fr\/dedouanement-felixstowe\/\" \/>\n<meta property=\"og:locale\" content=\"fr_FR\" \/>\n<meta property=\"og:type\" content=\"article\" \/>\n<meta property=\"og:title\" content=\"Customs Clearance Felixstowe - Customs Complete\" \/>\n<meta property=\"og:description\" content=\"The Port of Felixstowe is the UK\u2019s largest and busiest container port. Read on for more information about Customs Clearance in Felixstowe.\" \/>\n<meta property=\"og:url\" content=\"https:\/\/customscomplete.com\/fr\/dedouanement-felixstowe\/\" \/>\n<meta property=\"og:site_name\" content=\"Customs Complete\" \/>\n<meta property=\"article:publisher\" content=\"https:\/\/www.facebook.com\/customscomplete\" \/>\n<meta property=\"og:image\" content=\"https:\/\/customscomplete.com\/wp-content\/uploads\/2023\/11\/Felixstowe-2.jpg\" \/>\n\t<meta property=\"og:image:width\" content=\"1280\" \/>\n\t<meta property=\"og:image:height\" content=\"853\" \/>\n\t<meta property=\"og:image:type\" content=\"image\/jpeg\" \/>\n<meta name=\"twitter:card\" content=\"summary_large_image\" \/>\n<meta name=\"twitter:label1\" content=\"Dur\u00e9e de lecture estim\u00e9e\" \/>\n\t<meta name=\"twitter:data1\" content=\"3 minutes\" \/>\n<script type=\"application\/ld+json\" class=\"yoast-schema-graph\">{\"@context\":\"https:\/\/schema.org\",\"@graph\":[{\"@type\":\"WebPage\",\"@id\":\"https:\/\/customscomplete.com\/customs-clearance-felixstowe\/\",\"url\":\"https:\/\/customscomplete.com\/customs-clearance-felixstowe\/\",\"name\":\"Customs Clearance Felixstowe - Customs Complete\",\"isPartOf\":{\"@id\":\"https:\/\/customscomplete.com\/#website\"},\"primaryImageOfPage\":{\"@id\":\"https:\/\/customscomplete.com\/customs-clearance-felixstowe\/#primaryimage\"},\"image\":{\"@id\":\"https:\/\/customscomplete.com\/customs-clearance-felixstowe\/#primaryimage\"},\"thumbnailUrl\":\"https:\/\/customscomplete.com\/wp-content\/uploads\/2023\/11\/Felixstowe-2.jpg\",\"datePublished\":\"2023-11-27T14:07:00+00:00\",\"description\":\"The Port of Felixstowe is the UK\u2019s largest and busiest container port. Read on for more information about Customs Clearance in Felixstowe.\",\"breadcrumb\":{\"@id\":\"https:\/\/customscomplete.com\/customs-clearance-felixstowe\/#breadcrumb\"},\"inLanguage\":\"fr-FR\",\"potentialAction\":[{\"@type\":\"ReadAction\",\"target\":[\"https:\/\/customscomplete.com\/customs-clearance-felixstowe\/\"]}]},{\"@type\":\"ImageObject\",\"inLanguage\":\"fr-FR\",\"@id\":\"https:\/\/customscomplete.com\/customs-clearance-felixstowe\/#primaryimage\",\"url\":\"https:\/\/customscomplete.com\/wp-content\/uploads\/2023\/11\/Felixstowe-2.jpg\",\"contentUrl\":\"https:\/\/customscomplete.com\/wp-content\/uploads\/2023\/11\/Felixstowe-2.jpg\",\"width\":1280,\"height\":853,\"caption\":\"Customs clearance felixstowe\"},{\"@type\":\"BreadcrumbList\",\"@id\":\"https:\/\/customscomplete.com\/customs-clearance-felixstowe\/#breadcrumb\",\"itemListElement\":[{\"@type\":\"ListItem\",\"position\":1,\"name\":\"Home\",\"item\":\"https:\/\/customscomplete.com\/\"},{\"@type\":\"ListItem\",\"position\":2,\"name\":\"Customs Clearance Felixstowe\"}]},{\"@type\":\"WebSite\",\"@id\":\"https:\/\/customscomplete.com\/#website\",\"url\":\"https:\/\/customscomplete.com\/\",\"name\":\"Customs Complete\",\"description\":\"Clearing The Way\",\"publisher\":{\"@id\":\"https:\/\/customscomplete.com\/#organization\"},\"potentialAction\":[{\"@type\":\"SearchAction\",\"target\":{\"@type\":\"EntryPoint\",\"urlTemplate\":\"https:\/\/customscomplete.com\/?s={search_term_string}\"},\"query-input\":{\"@type\":\"PropertyValueSpecification\",\"valueRequired\":true,\"valueName\":\"search_term_string\"}}],\"inLanguage\":\"fr-FR\"},{\"@type\":\"Organization\",\"@id\":\"https:\/\/customscomplete.com\/#organization\",\"name\":\"Customs Complete\",\"url\":\"https:\/\/customscomplete.com\/\",\"logo\":{\"@type\":\"ImageObject\",\"inLanguage\":\"fr-FR\",\"@id\":\"https:\/\/customscomplete.com\/#\/schema\/logo\/image\/\",\"url\":\"https:\/\/customscomplete.com\/wp-content\/uploads\/2021\/09\/Facebook-social-homepage.png\",\"contentUrl\":\"https:\/\/customscomplete.com\/wp-content\/uploads\/2021\/09\/Facebook-social-homepage.png\",\"width\":300,\"height\":200,\"caption\":\"Customs Complete\"},\"image\":{\"@id\":\"https:\/\/customscomplete.com\/#\/schema\/logo\/image\/\"},\"sameAs\":[\"https:\/\/www.facebook.com\/customscomplete\",\"https:\/\/www.linkedin.com\/company\/customs-complete\"]}]}<\/script>\n<!-- \/ Yoast SEO plugin. -->","yoast_head_json":{"title":"D\u00e9douanement Felixstowe - Customs Complete","description":"Le port de Felixstowe est le plus grand et le plus actif des ports \u00e0 conteneurs du Royaume-Uni. Lire la suite pour plus d'informations sur le d\u00e9douanement \u00e0 Felixstowe.","robots":{"index":"index","follow":"follow","max-snippet":"max-snippet:-1","max-image-preview":"max-image-preview:large","max-video-preview":"max-video-preview:-1"},"canonical":"https:\/\/customscomplete.com\/fr\/dedouanement-felixstowe\/","og_locale":"fr_FR","og_type":"article","og_title":"Customs Clearance Felixstowe - Customs Complete","og_description":"The Port of Felixstowe is the UK\u2019s largest and busiest container port. Read on for more information about Customs Clearance in Felixstowe.","og_url":"https:\/\/customscomplete.com\/fr\/dedouanement-felixstowe\/","og_site_name":"Customs Complete","article_publisher":"https:\/\/www.facebook.com\/customscomplete","og_image":[{"width":1280,"height":853,"url":"https:\/\/customscomplete.com\/wp-content\/uploads\/2023\/11\/Felixstowe-2.jpg","type":"image\/jpeg"}],"twitter_card":"summary_large_image","twitter_misc":{"Dur\u00e9e de lecture estim\u00e9e":"3 minutes"},"schema":{"@context":"https:\/\/schema.org","@graph":[{"@type":"WebPage","@id":"https:\/\/customscomplete.com\/customs-clearance-felixstowe\/","url":"https:\/\/customscomplete.com\/customs-clearance-felixstowe\/","name":"D\u00e9douanement Felixstowe - Customs Complete","isPartOf":{"@id":"https:\/\/customscomplete.com\/#website"},"primaryImageOfPage":{"@id":"https:\/\/customscomplete.com\/customs-clearance-felixstowe\/#primaryimage"},"image":{"@id":"https:\/\/customscomplete.com\/customs-clearance-felixstowe\/#primaryimage"},"thumbnailUrl":"https:\/\/customscomplete.com\/wp-content\/uploads\/2023\/11\/Felixstowe-2.jpg","datePublished":"2023-11-27T14:07:00+00:00","description":"Le port de Felixstowe est le plus grand et le plus actif des ports \u00e0 conteneurs du Royaume-Uni. Lire la suite pour plus d'informations sur le d\u00e9douanement \u00e0 Felixstowe.","breadcrumb":{"@id":"https:\/\/customscomplete.com\/customs-clearance-felixstowe\/#breadcrumb"},"inLanguage":"fr-FR","potentialAction":[{"@type":"ReadAction","target":["https:\/\/customscomplete.com\/customs-clearance-felixstowe\/"]}]},{"@type":"ImageObject","inLanguage":"fr-FR","@id":"https:\/\/customscomplete.com\/customs-clearance-felixstowe\/#primaryimage","url":"https:\/\/customscomplete.com\/wp-content\/uploads\/2023\/11\/Felixstowe-2.jpg","contentUrl":"https:\/\/customscomplete.com\/wp-content\/uploads\/2023\/11\/Felixstowe-2.jpg","width":1280,"height":853,"caption":"Customs clearance felixstowe"},{"@type":"BreadcrumbList","@id":"https:\/\/customscomplete.com\/customs-clearance-felixstowe\/#breadcrumb","itemListElement":[{"@type":"ListItem","position":1,"name":"Home","item":"https:\/\/customscomplete.com\/"},{"@type":"ListItem","position":2,"name":"Customs Clearance Felixstowe"}]},{"@type":"WebSite","@id":"https:\/\/customscomplete.com\/#website","url":"https:\/\/customscomplete.com\/","name":"Customs Complete","description":"Ouvrir la voie","publisher":{"@id":"https:\/\/customscomplete.com\/#organization"},"potentialAction":[{"@type":"SearchAction","target":{"@type":"EntryPoint","urlTemplate":"https:\/\/customscomplete.com\/?s={search_term_string}"},"query-input":{"@type":"PropertyValueSpecification","valueRequired":true,"valueName":"search_term_string"}}],"inLanguage":"fr-FR"},{"@type":"Organization","@id":"https:\/\/customscomplete.com\/#organization","name":"Customs Complete","url":"https:\/\/customscomplete.com\/","logo":{"@type":"ImageObject","inLanguage":"fr-FR","@id":"https:\/\/customscomplete.com\/#\/schema\/logo\/image\/","url":"https:\/\/customscomplete.com\/wp-content\/uploads\/2021\/09\/Facebook-social-homepage.png","contentUrl":"https:\/\/customscomplete.com\/wp-content\/uploads\/2021\/09\/Facebook-social-homepage.png","width":300,"height":200,"caption":"Customs Complete"},"image":{"@id":"https:\/\/customscomplete.com\/#\/schema\/logo\/image\/"},"sameAs":["https:\/\/www.facebook.com\/customscomplete","https:\/\/www.linkedin.com\/company\/customs-complete"]}]}},"_links":{"self":[{"href":"https:\/\/customscomplete.com\/fr\/wp-json\/wp\/v2\/pages\/2146","targetHints":{"allow":["GET"]}}],"collection":[{"href":"https:\/\/customscomplete.com\/fr\/wp-json\/wp\/v2\/pages"}],"about":[{"href":"https:\/\/customscomplete.com\/fr\/wp-json\/wp\/v2\/types\/page"}],"author":[{"embeddable":true,"href":"https:\/\/customscomplete.com\/fr\/wp-json\/wp\/v2\/users\/1"}],"replies":[{"embeddable":true,"href":"https:\/\/customscomplete.com\/fr\/wp-json\/wp\/v2\/comments?post=2146"}],"version-history":[{"count":3,"href":"https:\/\/customscomplete.com\/fr\/wp-json\/wp\/v2\/pages\/2146\/revisions"}],"predecessor-version":[{"id":2792,"href":"https:\/\/customscomplete.com\/fr\/wp-json\/wp\/v2\/pages\/2146\/revisions\/2792"}],"wp:featuredmedia":[{"embeddable":true,"href":"https:\/\/customscomplete.com\/fr\/wp-json\/wp\/v2\/media\/2221"}],"wp:attachment":[{"href":"https:\/\/customscomplete.com\/fr\/wp-json\/wp\/v2\/media?parent=2146"}],"curies":[{"name":"wp","href":"https:\/\/api.w.org\/{rel}","templated":true}]}}