{"id":2160,"date":"2023-11-14T16:17:03","date_gmt":"2023-11-14T16:17:03","guid":{"rendered":"https:\/\/customscomplete.com\/?page_id=2160"},"modified":"2023-11-14T16:17:04","modified_gmt":"2023-11-14T16:17:04","slug":"dedouanement-a-southampton","status":"publish","type":"page","link":"https:\/\/customscomplete.com\/fr\/customs-clearance-in-southampton\/","title":{"rendered":"D\u00e9douanement \u00e0 Southampton"},"content":{"rendered":"<p>Situ\u00e9 sur la c\u00f4te sud de l'Angleterre, le port de Southampton est l'un des plus actifs et des plus strat\u00e9giques du pays. Sa riche histoire, ses installations de pointe et ses proc\u00e9dures de d\u00e9douanement efficaces en font une porte d'entr\u00e9e essentielle pour le commerce et les \u00e9changes, ainsi qu'un point de d\u00e9part pour de nombreux voyageurs qui explorent le Royaume-Uni. Dans ce blog, nous allons explorer le port de Southampton et nous pencher sur ses proc\u00e9dures de d\u00e9douanement qui permettent aux marchandises de circuler sans encombre. Lisez la suite pour en savoir plus sur le d\u00e9douanement \u00e0 Southampton.<\/p>\n\n\n\n<p>L'avantage g\u00e9ographique du port de Southampton est la cl\u00e9 de son succ\u00e8s. Situ\u00e9 sur la c\u00f4te sud de l'Angleterre, il b\u00e9n\u00e9ficie d'une proximit\u00e9 imm\u00e9diate avec la Manche, ce qui en fait une connexion id\u00e9ale pour les marchandises voyageant entre le Royaume-Uni et l'Europe continentale. L'accessibilit\u00e9 du port aux principaux r\u00e9seaux de transport, notamment routier et ferroviaire, renforce encore son importance dans la cha\u00eene d'approvisionnement mondiale.<\/p>\n\n\n\n<figure class=\"wp-block-image size-large\"><img fetchpriority=\"high\" decoding=\"async\" width=\"1024\" height=\"768\" src=\"https:\/\/customscomplete.com\/wp-content\/uploads\/2023\/11\/Southampton-2-1024x768.jpg\" alt=\"d\u00e9douanement \u00e0 Southampton\" class=\"wp-image-2237\" srcset=\"https:\/\/customscomplete.com\/wp-content\/uploads\/2023\/11\/Southampton-2-1024x768.jpg 1024w, https:\/\/customscomplete.com\/wp-content\/uploads\/2023\/11\/Southampton-2-300x225.jpg 300w, https:\/\/customscomplete.com\/wp-content\/uploads\/2023\/11\/Southampton-2-768x576.jpg 768w, https:\/\/customscomplete.com\/wp-content\/uploads\/2023\/11\/Southampton-2.jpg 1280w\" sizes=\"(max-width: 1024px) 100vw, 1024px\" \/><\/figure>\n\n\n\n<p><strong>D\u00e9douanement dans le port de Southampton<\/strong><\/p>\n\n\n\n<p>D\u00e9douanement \u00e0 <a href=\"https:\/\/www.southamptonvts.co.uk\/\" target=\"_blank\" rel=\"noreferrer noopener\">Port de Southampton<\/a> est un processus m\u00e9ticuleusement r\u00e9glement\u00e9 qui garantit l'entr\u00e9e et la sortie l\u00e9gales des marchandises au Royaume-Uni. Plusieurs proc\u00e9dures de d\u00e9douanement ont lieu dans le port de Southampton.<\/p>\n\n\n\n<p>Les marchandises qui transitent par le port de Southampton doivent \u00eatre accompagn\u00e9es des documents appropri\u00e9s. Il peut s'agir de factures commerciales, de listes de colisage, de lettres de voiture, de lettres de transport a\u00e9rien et de d\u00e9clarations d'importation et d'exportation. Ces documents contiennent des informations n\u00e9cessaires au d\u00e9douanement. Valeur des marchandises, poids, pays d'origine, codes des marchandises et incoterms. \u00a0<\/p>\n\n\n\n<p>Les inspections et les contr\u00f4les constituent \u00e9galement un aspect tr\u00e8s important du d\u00e9douanement dans le port de Southampton. Les contr\u00f4les effectu\u00e9s par les autorit\u00e9s portuaires visent \u00e0 s'assurer que les marchandises sont import\u00e9es et export\u00e9es l\u00e9galement par le port. Ces contr\u00f4les sont physiques, documentaires et d'identification. La conformit\u00e9 avec les autorit\u00e9s portuaires est cruciale dans le processus, car le manque de conformit\u00e9 avec les autorit\u00e9s peut entra\u00eener des retards et, dans certains cas, des amendes importantes.<\/p>\n\n\n\n<p>Afin d'\u00e9viter ces complications, de nombreuses entreprises qui importent et exportent des marchandises via le port de Southampton font appel \u00e0 des courtiers en douane. Ces derniers peuvent mettre \u00e0 profit leur expertise pour garantir un passage sans encombre par le port de Southampton.<\/p>\n\n\n\n<h4 class=\"wp-block-heading\">Comment contacter un agent en douane pour organiser le d\u00e9douanement dans le port de Southampton ?<\/h4>\n\n\n\n<p>Il est recommand\u00e9 de prendre contact avec un agent en douane d\u00e8s que vous disposez des d\u00e9tails de votre exp\u00e9dition. Il existe de nombreux agents de d\u00e9douanement qui offrent des services similaires, mais il est important de choisir un agent qui poss\u00e8de l'exp\u00e9rience et les connaissances n\u00e9cessaires pour d\u00e9douaner vos marchandises. <\/p>\n\n\n\n<p><a href=\"https:\/\/customscomplete.com\/fr\/faq\/\"><mark style=\"background-color:rgba(0, 0, 0, 0)\" class=\"has-inline-color has-ast-global-color-0-color\">Pour plus de FAQ sur le d\u00e9douanement, veuillez cliquer ici.<\/mark><\/a><\/p>\n\n\n\n<h3 class=\"wp-block-heading\">Contact Customs Complete<\/h3>","protected":false},"excerpt":{"rendered":"<p>Situated on the south coast of England, Southampton Port is one of the country&#8217;s busiest and most strategically located ports. Its rich history, state-of-the-art facilities, and efficient customs clearance procedures make it a crucial gateway for trade and commerce, as well as a starting point for many travellers exploring the [&hellip;]<\/p>\n","protected":false},"author":1,"featured_media":2236,"parent":0,"menu_order":0,"comment_status":"closed","ping_status":"closed","template":"","meta":{"om_disable_all_campaigns":false,"_monsterinsights_skip_tracking":false,"_monsterinsights_sitenote_active":false,"_monsterinsights_sitenote_note":"","_monsterinsights_sitenote_category":0,"site-sidebar-layout":"default","site-content-layout":"","ast-site-content-layout":"default","site-content-style":"default","site-sidebar-style":"default","ast-global-header-display":"","ast-banner-title-visibility":"","ast-main-header-display":"","ast-hfb-above-header-display":"","ast-hfb-below-header-display":"","ast-hfb-mobile-header-display":"","site-post-title":"","ast-breadcrumbs-content":"","ast-featured-img":"","footer-sml-layout":"","ast-disable-related-posts":"","theme-transparent-header-meta":"","adv-header-id-meta":"","stick-header-meta":"","header-above-stick-meta":"","header-main-stick-meta":"","header-below-stick-meta":"","astra-migrate-meta-layouts":"set","ast-page-background-enabled":"default","ast-page-background-meta":{"desktop":{"background-color":"","background-image":"","background-repeat":"repeat","background-position":"center center","background-size":"auto","background-attachment":"scroll","background-type":"","background-media":"","overlay-type":"","overlay-color":"","overlay-opacity":"","overlay-gradient":""},"tablet":{"background-color":"","background-image":"","background-repeat":"repeat","background-position":"center center","background-size":"auto","background-attachment":"scroll","background-type":"","background-media":"","overlay-type":"","overlay-color":"","overlay-opacity":"","overlay-gradient":""},"mobile":{"background-color":"","background-image":"","background-repeat":"repeat","background-position":"center center","background-size":"auto","background-attachment":"scroll","background-type":"","background-media":"","overlay-type":"","overlay-color":"","overlay-opacity":"","overlay-gradient":""}},"ast-content-background-meta":{"desktop":{"background-color":"var(--ast-global-color-5)","background-image":"","background-repeat":"repeat","background-position":"center center","background-size":"auto","background-attachment":"scroll","background-type":"","background-media":"","overlay-type":"","overlay-color":"","overlay-opacity":"","overlay-gradient":""},"tablet":{"background-color":"var(--ast-global-color-5)","background-image":"","background-repeat":"repeat","background-position":"center center","background-size":"auto","background-attachment":"scroll","background-type":"","background-media":"","overlay-type":"","overlay-color":"","overlay-opacity":"","overlay-gradient":""},"mobile":{"background-color":"var(--ast-global-color-5)","background-image":"","background-repeat":"repeat","background-position":"center center","background-size":"auto","background-attachment":"scroll","background-type":"","background-media":"","overlay-type":"","overlay-color":"","overlay-opacity":"","overlay-gradient":""}},"footnotes":""},"class_list":["post-2160","page","type-page","status-publish","has-post-thumbnail","hentry"],"yoast_head":"<!-- This site is optimized with the Yoast SEO plugin v27.5 - https:\/\/yoast.com\/product\/yoast-seo-wordpress\/ -->\n<title>Customs Clearance In Southampton - Customs Complete<\/title>\n<meta name=\"description\" content=\"Southampton Port is one of the country&#039;s most strategically located ports. Click to find out more about Customs Clearance in Southampton.\" \/>\n<meta name=\"robots\" content=\"index, follow, max-snippet:-1, max-image-preview:large, max-video-preview:-1\" \/>\n<link rel=\"canonical\" href=\"https:\/\/customscomplete.com\/fr\/dedouanement-a-southampton\/\" \/>\n<meta property=\"og:locale\" content=\"fr_FR\" \/>\n<meta property=\"og:type\" content=\"article\" \/>\n<meta property=\"og:title\" content=\"Customs Clearance In Southampton - Customs Complete\" \/>\n<meta property=\"og:description\" content=\"Southampton Port is one of the country&#039;s most strategically located ports. Click to find out more about Customs Clearance in Southampton.\" \/>\n<meta property=\"og:url\" content=\"https:\/\/customscomplete.com\/fr\/dedouanement-a-southampton\/\" \/>\n<meta property=\"og:site_name\" content=\"Customs Complete\" \/>\n<meta property=\"article:publisher\" content=\"https:\/\/www.facebook.com\/customscomplete\" \/>\n<meta property=\"article:modified_time\" content=\"2023-11-14T16:17:04+00:00\" \/>\n<meta property=\"og:image\" content=\"https:\/\/customscomplete.com\/wp-content\/uploads\/2023\/11\/Southampton-1.jpg\" \/>\n\t<meta property=\"og:image:width\" content=\"1280\" \/>\n\t<meta property=\"og:image:height\" content=\"854\" \/>\n\t<meta property=\"og:image:type\" content=\"image\/jpeg\" \/>\n<meta name=\"twitter:card\" content=\"summary_large_image\" \/>\n<meta name=\"twitter:label1\" content=\"Dur\u00e9e de lecture estim\u00e9e\" \/>\n\t<meta name=\"twitter:data1\" content=\"2 minutes\" \/>\n<script type=\"application\/ld+json\" class=\"yoast-schema-graph\">{\"@context\":\"https:\\\/\\\/schema.org\",\"@graph\":[{\"@type\":\"WebPage\",\"@id\":\"https:\\\/\\\/customscomplete.com\\\/customs-clearance-in-southampton\\\/\",\"url\":\"https:\\\/\\\/customscomplete.com\\\/customs-clearance-in-southampton\\\/\",\"name\":\"Customs Clearance In Southampton - Customs Complete\",\"isPartOf\":{\"@id\":\"https:\\\/\\\/customscomplete.com\\\/#website\"},\"primaryImageOfPage\":{\"@id\":\"https:\\\/\\\/customscomplete.com\\\/customs-clearance-in-southampton\\\/#primaryimage\"},\"image\":{\"@id\":\"https:\\\/\\\/customscomplete.com\\\/customs-clearance-in-southampton\\\/#primaryimage\"},\"thumbnailUrl\":\"https:\\\/\\\/customscomplete.com\\\/wp-content\\\/uploads\\\/2023\\\/11\\\/Southampton-1.jpg\",\"datePublished\":\"2023-11-14T16:17:03+00:00\",\"dateModified\":\"2023-11-14T16:17:04+00:00\",\"description\":\"Southampton Port is one of the country's most strategically located ports. Click to find out more about Customs Clearance in Southampton.\",\"breadcrumb\":{\"@id\":\"https:\\\/\\\/customscomplete.com\\\/customs-clearance-in-southampton\\\/#breadcrumb\"},\"inLanguage\":\"fr-FR\",\"potentialAction\":[{\"@type\":\"ReadAction\",\"target\":[\"https:\\\/\\\/customscomplete.com\\\/customs-clearance-in-southampton\\\/\"]}]},{\"@type\":\"ImageObject\",\"inLanguage\":\"fr-FR\",\"@id\":\"https:\\\/\\\/customscomplete.com\\\/customs-clearance-in-southampton\\\/#primaryimage\",\"url\":\"https:\\\/\\\/customscomplete.com\\\/wp-content\\\/uploads\\\/2023\\\/11\\\/Southampton-1.jpg\",\"contentUrl\":\"https:\\\/\\\/customscomplete.com\\\/wp-content\\\/uploads\\\/2023\\\/11\\\/Southampton-1.jpg\",\"width\":1280,\"height\":854,\"caption\":\"Customs clearance in southampton port\"},{\"@type\":\"BreadcrumbList\",\"@id\":\"https:\\\/\\\/customscomplete.com\\\/customs-clearance-in-southampton\\\/#breadcrumb\",\"itemListElement\":[{\"@type\":\"ListItem\",\"position\":1,\"name\":\"Home\",\"item\":\"https:\\\/\\\/customscomplete.com\\\/\"},{\"@type\":\"ListItem\",\"position\":2,\"name\":\"Customs Clearance In Southampton\"}]},{\"@type\":\"WebSite\",\"@id\":\"https:\\\/\\\/customscomplete.com\\\/#website\",\"url\":\"https:\\\/\\\/customscomplete.com\\\/\",\"name\":\"Customs Complete\",\"description\":\"Clearing The Way\",\"publisher\":{\"@id\":\"https:\\\/\\\/customscomplete.com\\\/#organization\"},\"potentialAction\":[{\"@type\":\"SearchAction\",\"target\":{\"@type\":\"EntryPoint\",\"urlTemplate\":\"https:\\\/\\\/customscomplete.com\\\/?s={search_term_string}\"},\"query-input\":{\"@type\":\"PropertyValueSpecification\",\"valueRequired\":true,\"valueName\":\"search_term_string\"}}],\"inLanguage\":\"fr-FR\"},{\"@type\":\"Organization\",\"@id\":\"https:\\\/\\\/customscomplete.com\\\/#organization\",\"name\":\"Customs Complete\",\"url\":\"https:\\\/\\\/customscomplete.com\\\/\",\"logo\":{\"@type\":\"ImageObject\",\"inLanguage\":\"fr-FR\",\"@id\":\"https:\\\/\\\/customscomplete.com\\\/#\\\/schema\\\/logo\\\/image\\\/\",\"url\":\"https:\\\/\\\/customscomplete.com\\\/wp-content\\\/uploads\\\/2021\\\/09\\\/Facebook-social-homepage.png\",\"contentUrl\":\"https:\\\/\\\/customscomplete.com\\\/wp-content\\\/uploads\\\/2021\\\/09\\\/Facebook-social-homepage.png\",\"width\":300,\"height\":200,\"caption\":\"Customs Complete\"},\"image\":{\"@id\":\"https:\\\/\\\/customscomplete.com\\\/#\\\/schema\\\/logo\\\/image\\\/\"},\"sameAs\":[\"https:\\\/\\\/www.facebook.com\\\/customscomplete\",\"https:\\\/\\\/www.linkedin.com\\\/company\\\/customs-complete\"]}]}<\/script>\n<!-- \/ Yoast SEO plugin. -->","yoast_head_json":{"title":"D\u00e9douanement \u00e0 Southampton - Customs Complete","description":"Le port de Southampton est l'un des ports les plus strat\u00e9giques du pays. Cliquez pour en savoir plus sur le d\u00e9douanement \u00e0 Southampton.","robots":{"index":"index","follow":"follow","max-snippet":"max-snippet:-1","max-image-preview":"max-image-preview:large","max-video-preview":"max-video-preview:-1"},"canonical":"https:\/\/customscomplete.com\/fr\/dedouanement-a-southampton\/","og_locale":"fr_FR","og_type":"article","og_title":"Customs Clearance In Southampton - Customs Complete","og_description":"Southampton Port is one of the country's most strategically located ports. Click to find out more about Customs Clearance in Southampton.","og_url":"https:\/\/customscomplete.com\/fr\/dedouanement-a-southampton\/","og_site_name":"Customs Complete","article_publisher":"https:\/\/www.facebook.com\/customscomplete","article_modified_time":"2023-11-14T16:17:04+00:00","og_image":[{"width":1280,"height":854,"url":"https:\/\/customscomplete.com\/wp-content\/uploads\/2023\/11\/Southampton-1.jpg","type":"image\/jpeg"}],"twitter_card":"summary_large_image","twitter_misc":{"Dur\u00e9e de lecture estim\u00e9e":"2 minutes"},"schema":{"@context":"https:\/\/schema.org","@graph":[{"@type":"WebPage","@id":"https:\/\/customscomplete.com\/customs-clearance-in-southampton\/","url":"https:\/\/customscomplete.com\/customs-clearance-in-southampton\/","name":"D\u00e9douanement \u00e0 Southampton - Customs Complete","isPartOf":{"@id":"https:\/\/customscomplete.com\/#website"},"primaryImageOfPage":{"@id":"https:\/\/customscomplete.com\/customs-clearance-in-southampton\/#primaryimage"},"image":{"@id":"https:\/\/customscomplete.com\/customs-clearance-in-southampton\/#primaryimage"},"thumbnailUrl":"https:\/\/customscomplete.com\/wp-content\/uploads\/2023\/11\/Southampton-1.jpg","datePublished":"2023-11-14T16:17:03+00:00","dateModified":"2023-11-14T16:17:04+00:00","description":"Le port de Southampton est l'un des ports les plus strat\u00e9giques du pays. Cliquez pour en savoir plus sur le d\u00e9douanement \u00e0 Southampton.","breadcrumb":{"@id":"https:\/\/customscomplete.com\/customs-clearance-in-southampton\/#breadcrumb"},"inLanguage":"fr-FR","potentialAction":[{"@type":"ReadAction","target":["https:\/\/customscomplete.com\/customs-clearance-in-southampton\/"]}]},{"@type":"ImageObject","inLanguage":"fr-FR","@id":"https:\/\/customscomplete.com\/customs-clearance-in-southampton\/#primaryimage","url":"https:\/\/customscomplete.com\/wp-content\/uploads\/2023\/11\/Southampton-1.jpg","contentUrl":"https:\/\/customscomplete.com\/wp-content\/uploads\/2023\/11\/Southampton-1.jpg","width":1280,"height":854,"caption":"Customs clearance in southampton port"},{"@type":"BreadcrumbList","@id":"https:\/\/customscomplete.com\/customs-clearance-in-southampton\/#breadcrumb","itemListElement":[{"@type":"ListItem","position":1,"name":"Home","item":"https:\/\/customscomplete.com\/"},{"@type":"ListItem","position":2,"name":"Customs Clearance In Southampton"}]},{"@type":"WebSite","@id":"https:\/\/customscomplete.com\/#website","url":"https:\/\/customscomplete.com\/","name":"Customs Complete","description":"Ouvrir la voie","publisher":{"@id":"https:\/\/customscomplete.com\/#organization"},"potentialAction":[{"@type":"SearchAction","target":{"@type":"EntryPoint","urlTemplate":"https:\/\/customscomplete.com\/?s={search_term_string}"},"query-input":{"@type":"PropertyValueSpecification","valueRequired":true,"valueName":"search_term_string"}}],"inLanguage":"fr-FR"},{"@type":"Organization","@id":"https:\/\/customscomplete.com\/#organization","name":"Customs Complete","url":"https:\/\/customscomplete.com\/","logo":{"@type":"ImageObject","inLanguage":"fr-FR","@id":"https:\/\/customscomplete.com\/#\/schema\/logo\/image\/","url":"https:\/\/customscomplete.com\/wp-content\/uploads\/2021\/09\/Facebook-social-homepage.png","contentUrl":"https:\/\/customscomplete.com\/wp-content\/uploads\/2021\/09\/Facebook-social-homepage.png","width":300,"height":200,"caption":"Customs Complete"},"image":{"@id":"https:\/\/customscomplete.com\/#\/schema\/logo\/image\/"},"sameAs":["https:\/\/www.facebook.com\/customscomplete","https:\/\/www.linkedin.com\/company\/customs-complete"]}]}},"_links":{"self":[{"href":"https:\/\/customscomplete.com\/fr\/wp-json\/wp\/v2\/pages\/2160","targetHints":{"allow":["GET"]}}],"collection":[{"href":"https:\/\/customscomplete.com\/fr\/wp-json\/wp\/v2\/pages"}],"about":[{"href":"https:\/\/customscomplete.com\/fr\/wp-json\/wp\/v2\/types\/page"}],"author":[{"embeddable":true,"href":"https:\/\/customscomplete.com\/fr\/wp-json\/wp\/v2\/users\/1"}],"replies":[{"embeddable":true,"href":"https:\/\/customscomplete.com\/fr\/wp-json\/wp\/v2\/comments?post=2160"}],"version-history":[{"count":3,"href":"https:\/\/customscomplete.com\/fr\/wp-json\/wp\/v2\/pages\/2160\/revisions"}],"predecessor-version":[{"id":2884,"href":"https:\/\/customscomplete.com\/fr\/wp-json\/wp\/v2\/pages\/2160\/revisions\/2884"}],"wp:featuredmedia":[{"embeddable":true,"href":"https:\/\/customscomplete.com\/fr\/wp-json\/wp\/v2\/media\/2236"}],"wp:attachment":[{"href":"https:\/\/customscomplete.com\/fr\/wp-json\/wp\/v2\/media?parent=2160"}],"curies":[{"name":"wp","href":"https:\/\/api.w.org\/{rel}","templated":true}]}}